{"id":810,"date":"2016-04-08T10:34:50","date_gmt":"2016-04-08T08:34:50","guid":{"rendered":"http:\/\/joist.eu\/cms\/?page_id=810&#038;lang=bfr"},"modified":"2016-04-21T10:41:49","modified_gmt":"2016-04-21T08:41:49","slug":"disclaimer","status":"publish","type":"page","link":"https:\/\/joist.eu\/cms\/disclaimer\/?lang=bfr","title":{"rendered":"Disclaimer"},"content":{"rendered":"<h2 class=\"green\">Responsabilit\u00e9 pour le contenu<\/h2>\n<p>En tant que prestataire de services, nous sommes responsables selon \u00a7 7 1 TMG pour leurs propres contenus sur ces pages en vertu des lois g\u00e9n\u00e9rales. Selon \u00a7\u00a7 8 \u00e0 10 TMG, nous ne sommes pas tenus en tant que prestataire de services pour surveiller les informations transmises ou stock\u00e9es, ou pour enqu\u00eater sur les circonstances qui indiquent une activit\u00e9 ill\u00e9gale. Obligations pour supprimer ou bloquer l&#8217;utilisation de l&#8217;information en vertu des lois g\u00e9n\u00e9rales restent inchang\u00e9es. Toutefois, un passif correspondant est possible qu&#8217;\u00e0 partir de la date de la connaissance d&#8217;une infraction sp\u00e9cifique. D\u00e8s la notification de ces violations, nous allons supprimer le contenu imm\u00e9diatement.<\/p>\n<h2 class=\"green\">Responsabilit\u00e9 pour les liens<\/h2>\n<p>Notre site contient des liens vers des sites externes, sur lesquels nous avons aucun contr\u00f4le. Par cons\u00e9quent, nous ne pouvons accepter aucune responsabilit\u00e9 quant \u00e0 leur contenu. Le fournisseur ou l&#8217;exploitant est toujours responsable du contenu des pages li\u00e9es. Les sites li\u00e9s ont \u00e9t\u00e9 contr\u00f4l\u00e9s au moment de la liaison pour les \u00e9ventuelles violations du droit. Des contenus ill\u00e9gaux \u00e9taient au moment de la liaison. Un contr\u00f4le permanent des pages li\u00e9es est d\u00e9raisonnable sans indices concrets d&#8217;une violation. D\u00e8s la notification de violations, nous allons imm\u00e9diatement supprimer ces liens.<\/p>\n<h2 class=\"green\">Droit d&#8217;auteur<\/h2>\n<p>Le contenu et les travaux sur ces pages cr\u00e9\u00e9es par les exploitants du site sont soumises au droit d&#8217;auteur allemand. La copie, l&#8217;\u00e9dition, la distribution et toute forme d&#8217;exploitation en dehors des limites du droit d&#8217;auteur n\u00e9cessite l&#8217;autorisation \u00e9crite de l&#8217;auteur ou du cr\u00e9ateur. Les t\u00e9l\u00e9chargements et copies ne sont autoris\u00e9es que pour un usage priv\u00e9 et non commercial. Dans la mesure o\u00f9 le contenu ne soit pas cr\u00e9\u00e9 par l&#8217;op\u00e9rateur, le droit d&#8217;auteur de tiers. Les contributions de tiers sont marqu\u00e9s comme tels. Si vous toujours \u00eatre conscient de la violation du droit d&#8217;auteur, nous demandons un indice. D\u00e8s la notification de violations, nous allons supprimer le contenu imm\u00e9diatement.<\/p>\n","protected":false},"excerpt":{"rendered":"<p>Responsabilit\u00e9 pour le contenu En tant que prestataire de services, nous sommes responsables selon \u00a7 7 1 TMG pour leurs propres contenus sur ces pages en vertu des lois g\u00e9n\u00e9rales. Selon \u00a7\u00a7 8 \u00e0 10 TMG, nous ne sommes pas tenus en tant que prestataire de services pour surveiller les informations transmises ou stock\u00e9es, ou [&hellip;]<\/p>\n","protected":false},"author":2,"featured_media":0,"parent":0,"menu_order":0,"comment_status":"closed","ping_status":"closed","template":"","meta":{"_acf_changed":false,"footnotes":""},"class_list":["post-810","page","type-page","status-publish","hentry"],"acf":[],"yoast_head":"<!-- This site is optimized with the Yoast SEO plugin v24.0 - https:\/\/yoast.com\/wordpress\/plugins\/seo\/ -->\n<title>Disclaimer - Joist GmbH<\/title>\n<meta name=\"robots\" content=\"index, follow, max-snippet:-1, max-image-preview:large, max-video-preview:-1\" \/>\n<link rel=\"canonical\" href=\"https:\/\/joist.eu\/cms\/disclaimer\/\" \/>\n<meta property=\"og:locale\" content=\"de_DE\" \/>\n<meta property=\"og:type\" content=\"article\" \/>\n<meta property=\"og:title\" content=\"Disclaimer - Joist GmbH\" \/>\n<meta property=\"og:description\" content=\"Responsabilit\u00e9 pour le contenu En tant que prestataire de services, nous sommes responsables selon \u00a7 7 1 TMG pour leurs propres contenus sur ces pages en vertu des lois g\u00e9n\u00e9rales. Selon \u00a7\u00a7 8 \u00e0 10 TMG, nous ne sommes pas tenus en tant que prestataire de services pour surveiller les informations transmises ou stock\u00e9es, ou [&hellip;]\" \/>\n<meta property=\"og:url\" content=\"https:\/\/joist.eu\/cms\/disclaimer\/\" \/>\n<meta property=\"og:site_name\" content=\"Joist GmbH\" \/>\n<meta property=\"article:modified_time\" content=\"2016-04-21T08:41:49+00:00\" \/>\n<meta name=\"twitter:card\" content=\"summary_large_image\" \/>\n<meta name=\"twitter:label1\" content=\"Gesch\u00e4tzte Lesezeit\" \/>\n\t<meta name=\"twitter:data1\" content=\"2\u00a0Minuten\" \/>\n<script type=\"application\/ld+json\" class=\"yoast-schema-graph\">{\"@context\":\"https:\/\/schema.org\",\"@graph\":[{\"@type\":\"WebPage\",\"@id\":\"https:\/\/joist.eu\/cms\/disclaimer\/\",\"url\":\"https:\/\/joist.eu\/cms\/disclaimer\/\",\"name\":\"Disclaimer - Joist GmbH\",\"isPartOf\":{\"@id\":\"https:\/\/joist.eu\/cms\/#website\"},\"datePublished\":\"2016-04-08T08:34:50+00:00\",\"dateModified\":\"2016-04-21T08:41:49+00:00\",\"breadcrumb\":{\"@id\":\"https:\/\/joist.eu\/cms\/disclaimer\/#breadcrumb\"},\"inLanguage\":\"de\",\"potentialAction\":[{\"@type\":\"ReadAction\",\"target\":[\"https:\/\/joist.eu\/cms\/disclaimer\/\"]}]},{\"@type\":\"BreadcrumbList\",\"@id\":\"https:\/\/joist.eu\/cms\/disclaimer\/#breadcrumb\",\"itemListElement\":[{\"@type\":\"ListItem\",\"position\":1,\"name\":\"Home\",\"item\":\"https:\/\/joist.eu\/cms\/\"},{\"@type\":\"ListItem\",\"position\":2,\"name\":\"Disclaimer\"}]},{\"@type\":\"WebSite\",\"@id\":\"https:\/\/joist.eu\/cms\/#website\",\"url\":\"https:\/\/joist.eu\/cms\/\",\"name\":\"Joist GmbH\",\"description\":\"\",\"publisher\":{\"@id\":\"https:\/\/joist.eu\/cms\/#organization\"},\"potentialAction\":[{\"@type\":\"SearchAction\",\"target\":{\"@type\":\"EntryPoint\",\"urlTemplate\":\"https:\/\/joist.eu\/cms\/?s={search_term_string}\"},\"query-input\":{\"@type\":\"PropertyValueSpecification\",\"valueRequired\":true,\"valueName\":\"search_term_string\"}}],\"inLanguage\":\"de\"},{\"@type\":\"Organization\",\"@id\":\"https:\/\/joist.eu\/cms\/#organization\",\"name\":\"Joist GmbH\",\"url\":\"https:\/\/joist.eu\/cms\/\",\"logo\":{\"@type\":\"ImageObject\",\"inLanguage\":\"de\",\"@id\":\"https:\/\/joist.eu\/cms\/#\/schema\/logo\/image\/\",\"url\":\"https:\/\/joist.eu\/cms\/wp-content\/uploads\/2016\/03\/logo.png\",\"contentUrl\":\"https:\/\/joist.eu\/cms\/wp-content\/uploads\/2016\/03\/logo.png\",\"width\":226,\"height\":76,\"caption\":\"Joist GmbH\"},\"image\":{\"@id\":\"https:\/\/joist.eu\/cms\/#\/schema\/logo\/image\/\"}}]}<\/script>\n<!-- \/ Yoast SEO plugin. -->","yoast_head_json":{"title":"Disclaimer - Joist GmbH","robots":{"index":"index","follow":"follow","max-snippet":"max-snippet:-1","max-image-preview":"max-image-preview:large","max-video-preview":"max-video-preview:-1"},"canonical":"https:\/\/joist.eu\/cms\/disclaimer\/","og_locale":"de_DE","og_type":"article","og_title":"Disclaimer - Joist GmbH","og_description":"Responsabilit\u00e9 pour le contenu En tant que prestataire de services, nous sommes responsables selon \u00a7 7 1 TMG pour leurs propres contenus sur ces pages en vertu des lois g\u00e9n\u00e9rales. Selon \u00a7\u00a7 8 \u00e0 10 TMG, nous ne sommes pas tenus en tant que prestataire de services pour surveiller les informations transmises ou stock\u00e9es, ou [&hellip;]","og_url":"https:\/\/joist.eu\/cms\/disclaimer\/","og_site_name":"Joist GmbH","article_modified_time":"2016-04-21T08:41:49+00:00","twitter_card":"summary_large_image","twitter_misc":{"Gesch\u00e4tzte Lesezeit":"2\u00a0Minuten"},"schema":{"@context":"https:\/\/schema.org","@graph":[{"@type":"WebPage","@id":"https:\/\/joist.eu\/cms\/disclaimer\/","url":"https:\/\/joist.eu\/cms\/disclaimer\/","name":"Disclaimer - Joist GmbH","isPartOf":{"@id":"https:\/\/joist.eu\/cms\/#website"},"datePublished":"2016-04-08T08:34:50+00:00","dateModified":"2016-04-21T08:41:49+00:00","breadcrumb":{"@id":"https:\/\/joist.eu\/cms\/disclaimer\/#breadcrumb"},"inLanguage":"de","potentialAction":[{"@type":"ReadAction","target":["https:\/\/joist.eu\/cms\/disclaimer\/"]}]},{"@type":"BreadcrumbList","@id":"https:\/\/joist.eu\/cms\/disclaimer\/#breadcrumb","itemListElement":[{"@type":"ListItem","position":1,"name":"Home","item":"https:\/\/joist.eu\/cms\/"},{"@type":"ListItem","position":2,"name":"Disclaimer"}]},{"@type":"WebSite","@id":"https:\/\/joist.eu\/cms\/#website","url":"https:\/\/joist.eu\/cms\/","name":"Joist GmbH","description":"","publisher":{"@id":"https:\/\/joist.eu\/cms\/#organization"},"potentialAction":[{"@type":"SearchAction","target":{"@type":"EntryPoint","urlTemplate":"https:\/\/joist.eu\/cms\/?s={search_term_string}"},"query-input":{"@type":"PropertyValueSpecification","valueRequired":true,"valueName":"search_term_string"}}],"inLanguage":"de"},{"@type":"Organization","@id":"https:\/\/joist.eu\/cms\/#organization","name":"Joist GmbH","url":"https:\/\/joist.eu\/cms\/","logo":{"@type":"ImageObject","inLanguage":"de","@id":"https:\/\/joist.eu\/cms\/#\/schema\/logo\/image\/","url":"https:\/\/joist.eu\/cms\/wp-content\/uploads\/2016\/03\/logo.png","contentUrl":"https:\/\/joist.eu\/cms\/wp-content\/uploads\/2016\/03\/logo.png","width":226,"height":76,"caption":"Joist GmbH"},"image":{"@id":"https:\/\/joist.eu\/cms\/#\/schema\/logo\/image\/"}}]}},"_links":{"self":[{"href":"https:\/\/joist.eu\/cms\/wp-json\/wp\/v2\/pages\/810","targetHints":{"allow":["GET"]}}],"collection":[{"href":"https:\/\/joist.eu\/cms\/wp-json\/wp\/v2\/pages"}],"about":[{"href":"https:\/\/joist.eu\/cms\/wp-json\/wp\/v2\/types\/page"}],"author":[{"embeddable":true,"href":"https:\/\/joist.eu\/cms\/wp-json\/wp\/v2\/users\/2"}],"replies":[{"embeddable":true,"href":"https:\/\/joist.eu\/cms\/wp-json\/wp\/v2\/comments?post=810"}],"version-history":[{"count":0,"href":"https:\/\/joist.eu\/cms\/wp-json\/wp\/v2\/pages\/810\/revisions"}],"wp:attachment":[{"href":"https:\/\/joist.eu\/cms\/wp-json\/wp\/v2\/media?parent=810"}],"curies":[{"name":"wp","href":"https:\/\/api.w.org\/{rel}","templated":true}]}}