{"id":790,"date":"2016-04-08T10:09:44","date_gmt":"2016-04-08T08:09:44","guid":{"rendered":"http:\/\/joist.eu\/cms\/?page_id=790&#038;lang=bfr"},"modified":"2020-05-26T14:41:53","modified_gmt":"2020-05-26T12:41:53","slug":"geschichte","status":"publish","type":"page","link":"https:\/\/joist.eu\/cms\/geschichte\/?lang=bfr","title":{"rendered":"Historique de l&#8217;entreprise"},"content":{"rendered":"<h2 class=\"green\">Fond\u00e9e en 1972 en tant que soci\u00e9t\u00e9 M.Joist<\/h2>\n<p>En 1972, la M.Joist a \u00e9t\u00e9 fond\u00e9e par Cornelius et Marianne Joist comme grossiste de pi\u00e8ces de rechange d\u2019origine dans le domaine de la motoculture. Ils ont eu la vision d&#8217;agir comme interm\u00e9diaire entre les fabricants et les motoristes au sein de 100 km et faciliter ainsi pour les deux c\u00f4t\u00e9s le processus d&#8217;approvisionnement de pi\u00e8ces de rechange.<\/p>\n<h2 class=\"green\">Base de client\u00e8le croissante gr\u00e2ce \u00e0 une distribution exclusive<\/h2>\n<h2 class=\"green\"><img loading=\"lazy\" decoding=\"async\" class=\"alignright size-medium wp-image-597\" src=\"http:\/\/joist.eu\/cms\/wp-content\/uploads\/2016\/04\/joist_aussen_006-300x200.jpg\" alt=\"joist_aussen_006\" width=\"300\" height=\"200\" srcset=\"https:\/\/joist.eu\/cms\/wp-content\/uploads\/2016\/04\/joist_aussen_006-300x200.jpg 300w, https:\/\/joist.eu\/cms\/wp-content\/uploads\/2016\/04\/joist_aussen_006-768x512.jpg 768w, https:\/\/joist.eu\/cms\/wp-content\/uploads\/2016\/04\/joist_aussen_006-1024x682.jpg 1024w\" sizes=\"auto, (max-width: 300px) 100vw, 300px\" \/><\/h2>\n<p>La M.Joist a d\u00e9marr\u00e9 avec deux autres employ\u00e9s et la vente exclusive des fabricants Briggs &amp; Stratton, Toro et Tecna Motor (aujourd&#8217;hui Tecumseh) et \u00e9tait sous cette forme le premier distributeur grossiste sur le march\u00e9. Le stock ne se composait que de 7 \u00e9tag\u00e8res avec les pi\u00e8ces les plus courantes et les commandes ont \u00e9t\u00e9 effectu\u00e9es \u00e0 l\u2019aide des listes sous forme papier par t\u00e9lex. De plus en plus les motoristes voulaient utiliser ce service unique de Cornelius Joist et par cons\u00e9quent la base de client\u00e8le a augment\u00e9 rapidement, et malgr\u00e9 que la concurrence \u00e9merge brusquement, M.Joist augmentait r\u00e9guli\u00e8rement et peu apr\u00e8s conseillait ses clients dans toute l\u2019Allemagne en tant que leader.<\/p>\n<h2 class=\"green\">Tenir compte du progr\u00e8s technologiques<\/h2>\n<p>La recherche des pi\u00e8ces de rechange devenait beaucoup plus facile \u00e0 partir des ann\u00e9es 80, parce que les listes sous forme papier ont \u00e9t\u00e9 remplac\u00e9es par des microfiches et ainsi les clients ont \u00e9t\u00e9 conseill\u00e9s plus rapidement.<br \/>\nA partir des ann\u00e9es 90, la vente des produits a ensuite \u00e9t\u00e9 \u00e9largie gr\u00e2ce au fax et t\u00e9l\u00e9phone, de sorte que plusieurs employ\u00e9s \u00e9taient en permanence disponibles pour les clients. Cornelius Joist pensait d\u00e9j\u00e0 \u00e0 l&#8217;avenir, et par cons\u00e9quent initiait son fils Christian \u00e0 la direction de l&#8217;entreprise.<\/p>\n<h2 class=\"green\">Expansion europ\u00e9enne<\/h2>\n<p>En 2001, Christian Joist a pris la direction de la soci\u00e9t\u00e9, qui repr\u00e9sentait 30 fabricants \u00e0 cette \u00e9poque, et l\u2019a transform\u00e9 en Joist SARL. Il a \u00e9tendu la soci\u00e9t\u00e9 en 2004 vers l\u2019Autriche et a inaugur\u00e9 l&#8217;\u00e8re num\u00e9rique avec une boutique en ligne et respectivement une recherche fructueuse des pi\u00e8ces de rechange en 2006, et ainsi le processus de commande pour les motoristes a \u00e9t\u00e9 \u00e9norm\u00e9ment simplifi\u00e9. La soci\u00e9t\u00e9 Joist SARL s\u2019est de nouveau \u00e9largie en 2007 vers la Suisse et depuis 2014, la soci\u00e9t\u00e9 distribue ses produits au Luxembourg, en Belgique et aux Pays-Bas.<\/p>\n<h2 class=\"green\">Tradition et avenir<\/h2>\n<p>La Joist SARL. a aujourd&#8217;hui 60 employ\u00e9s, dont les premiers employ\u00e9s de l\u2019ann\u00e9e 1972 sont encore en activit\u00e9. La repr\u00e9sentation a d\u00e9sormais augment\u00e9 \u00e1 plus de 60 marques et il y a 1,8 millions d&#8217;articles dans l\u2019assortiment dont 100.000 articles sont disponibles en permanence. En pleine saison, jusqu&#8217;\u00e0 2.000 commandes sont exp\u00e9di\u00e9es chaque jour. La soci\u00e9t\u00e9 est unique en son genre avec sa vaste gamme et son personnel exp\u00e9riment\u00e9. Comme \u00e0 l\u2019\u00e9poque de Cornelius Joist, Christian Joist met l&#8217;accent sur la tradition, la coh\u00e9sion familiale et l&#8217;exp\u00e9rience de mani\u00e8re qu\u2019aussi la prochaine g\u00e9n\u00e9ration est d\u00e9j\u00e0 active dans l&#8217;entreprise familiale et que celle-ci subsiste \u00e0 l&#8217;avenir.<\/p>\n","protected":false},"excerpt":{"rendered":"<p>Fond\u00e9e en 1972 en tant que soci\u00e9t\u00e9 M.Joist En 1972, la M.Joist a \u00e9t\u00e9 fond\u00e9e par Cornelius et Marianne Joist comme grossiste de pi\u00e8ces de rechange d\u2019origine dans le domaine de la motoculture. Ils ont eu la vision d&#8217;agir comme interm\u00e9diaire entre les fabricants et les motoristes au sein de 100 km et faciliter ainsi [&hellip;]<\/p>\n","protected":false},"author":2,"featured_media":0,"parent":0,"menu_order":0,"comment_status":"closed","ping_status":"closed","template":"","meta":{"_acf_changed":false,"footnotes":""},"class_list":["post-790","page","type-page","status-publish","hentry"],"acf":[],"yoast_head":"<!-- This site is optimized with the Yoast SEO plugin v24.0 - https:\/\/yoast.com\/wordpress\/plugins\/seo\/ -->\n<title>Historique de l&#039;entreprise - Joist GmbH<\/title>\n<meta name=\"robots\" content=\"index, follow, max-snippet:-1, max-image-preview:large, max-video-preview:-1\" \/>\n<link rel=\"canonical\" href=\"https:\/\/joist.eu\/cms\/geschichte\/\" \/>\n<meta property=\"og:locale\" content=\"de_DE\" \/>\n<meta property=\"og:type\" content=\"article\" \/>\n<meta property=\"og:title\" content=\"Historique de l&#039;entreprise - Joist GmbH\" \/>\n<meta property=\"og:description\" content=\"Fond\u00e9e en 1972 en tant que soci\u00e9t\u00e9 M.Joist En 1972, la M.Joist a \u00e9t\u00e9 fond\u00e9e par Cornelius et Marianne Joist comme grossiste de pi\u00e8ces de rechange d\u2019origine dans le domaine de la motoculture. Ils ont eu la vision d&#8217;agir comme interm\u00e9diaire entre les fabricants et les motoristes au sein de 100 km et faciliter ainsi [&hellip;]\" \/>\n<meta property=\"og:url\" content=\"https:\/\/joist.eu\/cms\/geschichte\/\" \/>\n<meta property=\"og:site_name\" content=\"Joist GmbH\" \/>\n<meta property=\"article:modified_time\" content=\"2020-05-26T12:41:53+00:00\" \/>\n<meta property=\"og:image\" content=\"https:\/\/joist.eu\/cms\/wp-content\/uploads\/2016\/04\/joist_aussen_006.jpg\" \/>\n\t<meta property=\"og:image:width\" content=\"3370\" \/>\n\t<meta property=\"og:image:height\" content=\"2246\" \/>\n\t<meta property=\"og:image:type\" content=\"image\/jpeg\" \/>\n<meta name=\"twitter:card\" content=\"summary_large_image\" \/>\n<meta name=\"twitter:label1\" content=\"Gesch\u00e4tzte Lesezeit\" \/>\n\t<meta name=\"twitter:data1\" content=\"3\u00a0Minuten\" \/>\n<script type=\"application\/ld+json\" class=\"yoast-schema-graph\">{\"@context\":\"https:\/\/schema.org\",\"@graph\":[{\"@type\":\"WebPage\",\"@id\":\"https:\/\/joist.eu\/cms\/geschichte\/\",\"url\":\"https:\/\/joist.eu\/cms\/geschichte\/\",\"name\":\"Historique de l'entreprise - Joist GmbH\",\"isPartOf\":{\"@id\":\"https:\/\/joist.eu\/cms\/#website\"},\"primaryImageOfPage\":{\"@id\":\"https:\/\/joist.eu\/cms\/geschichte\/#primaryimage\"},\"image\":{\"@id\":\"https:\/\/joist.eu\/cms\/geschichte\/#primaryimage\"},\"thumbnailUrl\":\"http:\/\/joist.eu\/cms\/wp-content\/uploads\/2016\/04\/joist_aussen_006-300x200.jpg\",\"datePublished\":\"2016-04-08T08:09:44+00:00\",\"dateModified\":\"2020-05-26T12:41:53+00:00\",\"breadcrumb\":{\"@id\":\"https:\/\/joist.eu\/cms\/geschichte\/#breadcrumb\"},\"inLanguage\":\"de\",\"potentialAction\":[{\"@type\":\"ReadAction\",\"target\":[\"https:\/\/joist.eu\/cms\/geschichte\/\"]}]},{\"@type\":\"ImageObject\",\"inLanguage\":\"de\",\"@id\":\"https:\/\/joist.eu\/cms\/geschichte\/#primaryimage\",\"url\":\"http:\/\/joist.eu\/cms\/wp-content\/uploads\/2016\/04\/joist_aussen_006-300x200.jpg\",\"contentUrl\":\"http:\/\/joist.eu\/cms\/wp-content\/uploads\/2016\/04\/joist_aussen_006-300x200.jpg\"},{\"@type\":\"BreadcrumbList\",\"@id\":\"https:\/\/joist.eu\/cms\/geschichte\/#breadcrumb\",\"itemListElement\":[{\"@type\":\"ListItem\",\"position\":1,\"name\":\"Home\",\"item\":\"https:\/\/joist.eu\/cms\/\"},{\"@type\":\"ListItem\",\"position\":2,\"name\":\"Historique de l&#8217;entreprise\"}]},{\"@type\":\"WebSite\",\"@id\":\"https:\/\/joist.eu\/cms\/#website\",\"url\":\"https:\/\/joist.eu\/cms\/\",\"name\":\"Joist GmbH\",\"description\":\"\",\"publisher\":{\"@id\":\"https:\/\/joist.eu\/cms\/#organization\"},\"potentialAction\":[{\"@type\":\"SearchAction\",\"target\":{\"@type\":\"EntryPoint\",\"urlTemplate\":\"https:\/\/joist.eu\/cms\/?s={search_term_string}\"},\"query-input\":{\"@type\":\"PropertyValueSpecification\",\"valueRequired\":true,\"valueName\":\"search_term_string\"}}],\"inLanguage\":\"de\"},{\"@type\":\"Organization\",\"@id\":\"https:\/\/joist.eu\/cms\/#organization\",\"name\":\"Joist GmbH\",\"url\":\"https:\/\/joist.eu\/cms\/\",\"logo\":{\"@type\":\"ImageObject\",\"inLanguage\":\"de\",\"@id\":\"https:\/\/joist.eu\/cms\/#\/schema\/logo\/image\/\",\"url\":\"https:\/\/joist.eu\/cms\/wp-content\/uploads\/2016\/03\/logo.png\",\"contentUrl\":\"https:\/\/joist.eu\/cms\/wp-content\/uploads\/2016\/03\/logo.png\",\"width\":226,\"height\":76,\"caption\":\"Joist GmbH\"},\"image\":{\"@id\":\"https:\/\/joist.eu\/cms\/#\/schema\/logo\/image\/\"}}]}<\/script>\n<!-- \/ Yoast SEO plugin. -->","yoast_head_json":{"title":"Historique de l'entreprise - Joist GmbH","robots":{"index":"index","follow":"follow","max-snippet":"max-snippet:-1","max-image-preview":"max-image-preview:large","max-video-preview":"max-video-preview:-1"},"canonical":"https:\/\/joist.eu\/cms\/geschichte\/","og_locale":"de_DE","og_type":"article","og_title":"Historique de l'entreprise - Joist GmbH","og_description":"Fond\u00e9e en 1972 en tant que soci\u00e9t\u00e9 M.Joist En 1972, la M.Joist a \u00e9t\u00e9 fond\u00e9e par Cornelius et Marianne Joist comme grossiste de pi\u00e8ces de rechange d\u2019origine dans le domaine de la motoculture. Ils ont eu la vision d&#8217;agir comme interm\u00e9diaire entre les fabricants et les motoristes au sein de 100 km et faciliter ainsi [&hellip;]","og_url":"https:\/\/joist.eu\/cms\/geschichte\/","og_site_name":"Joist GmbH","article_modified_time":"2020-05-26T12:41:53+00:00","og_image":[{"width":3370,"height":2246,"url":"https:\/\/joist.eu\/cms\/wp-content\/uploads\/2016\/04\/joist_aussen_006.jpg","type":"image\/jpeg"}],"twitter_card":"summary_large_image","twitter_misc":{"Gesch\u00e4tzte Lesezeit":"3\u00a0Minuten"},"schema":{"@context":"https:\/\/schema.org","@graph":[{"@type":"WebPage","@id":"https:\/\/joist.eu\/cms\/geschichte\/","url":"https:\/\/joist.eu\/cms\/geschichte\/","name":"Historique de l'entreprise - Joist GmbH","isPartOf":{"@id":"https:\/\/joist.eu\/cms\/#website"},"primaryImageOfPage":{"@id":"https:\/\/joist.eu\/cms\/geschichte\/#primaryimage"},"image":{"@id":"https:\/\/joist.eu\/cms\/geschichte\/#primaryimage"},"thumbnailUrl":"http:\/\/joist.eu\/cms\/wp-content\/uploads\/2016\/04\/joist_aussen_006-300x200.jpg","datePublished":"2016-04-08T08:09:44+00:00","dateModified":"2020-05-26T12:41:53+00:00","breadcrumb":{"@id":"https:\/\/joist.eu\/cms\/geschichte\/#breadcrumb"},"inLanguage":"de","potentialAction":[{"@type":"ReadAction","target":["https:\/\/joist.eu\/cms\/geschichte\/"]}]},{"@type":"ImageObject","inLanguage":"de","@id":"https:\/\/joist.eu\/cms\/geschichte\/#primaryimage","url":"http:\/\/joist.eu\/cms\/wp-content\/uploads\/2016\/04\/joist_aussen_006-300x200.jpg","contentUrl":"http:\/\/joist.eu\/cms\/wp-content\/uploads\/2016\/04\/joist_aussen_006-300x200.jpg"},{"@type":"BreadcrumbList","@id":"https:\/\/joist.eu\/cms\/geschichte\/#breadcrumb","itemListElement":[{"@type":"ListItem","position":1,"name":"Home","item":"https:\/\/joist.eu\/cms\/"},{"@type":"ListItem","position":2,"name":"Historique de l&#8217;entreprise"}]},{"@type":"WebSite","@id":"https:\/\/joist.eu\/cms\/#website","url":"https:\/\/joist.eu\/cms\/","name":"Joist GmbH","description":"","publisher":{"@id":"https:\/\/joist.eu\/cms\/#organization"},"potentialAction":[{"@type":"SearchAction","target":{"@type":"EntryPoint","urlTemplate":"https:\/\/joist.eu\/cms\/?s={search_term_string}"},"query-input":{"@type":"PropertyValueSpecification","valueRequired":true,"valueName":"search_term_string"}}],"inLanguage":"de"},{"@type":"Organization","@id":"https:\/\/joist.eu\/cms\/#organization","name":"Joist GmbH","url":"https:\/\/joist.eu\/cms\/","logo":{"@type":"ImageObject","inLanguage":"de","@id":"https:\/\/joist.eu\/cms\/#\/schema\/logo\/image\/","url":"https:\/\/joist.eu\/cms\/wp-content\/uploads\/2016\/03\/logo.png","contentUrl":"https:\/\/joist.eu\/cms\/wp-content\/uploads\/2016\/03\/logo.png","width":226,"height":76,"caption":"Joist GmbH"},"image":{"@id":"https:\/\/joist.eu\/cms\/#\/schema\/logo\/image\/"}}]}},"_links":{"self":[{"href":"https:\/\/joist.eu\/cms\/wp-json\/wp\/v2\/pages\/790","targetHints":{"allow":["GET"]}}],"collection":[{"href":"https:\/\/joist.eu\/cms\/wp-json\/wp\/v2\/pages"}],"about":[{"href":"https:\/\/joist.eu\/cms\/wp-json\/wp\/v2\/types\/page"}],"author":[{"embeddable":true,"href":"https:\/\/joist.eu\/cms\/wp-json\/wp\/v2\/users\/2"}],"replies":[{"embeddable":true,"href":"https:\/\/joist.eu\/cms\/wp-json\/wp\/v2\/comments?post=790"}],"version-history":[{"count":0,"href":"https:\/\/joist.eu\/cms\/wp-json\/wp\/v2\/pages\/790\/revisions"}],"wp:attachment":[{"href":"https:\/\/joist.eu\/cms\/wp-json\/wp\/v2\/media?parent=790"}],"curies":[{"name":"wp","href":"https:\/\/api.w.org\/{rel}","templated":true}]}}