{"id":786,"date":"2016-04-08T10:07:39","date_gmt":"2016-04-08T08:07:39","guid":{"rendered":"http:\/\/joist.eu\/cms\/?page_id=786&#038;lang=bnl"},"modified":"2016-05-18T15:47:18","modified_gmt":"2016-05-18T13:47:18","slug":"unternehmenswerte","status":"publish","type":"page","link":"https:\/\/joist.eu\/cms\/unternehmenswerte\/?lang=bnl","title":{"rendered":"Bedrijfswaarden"},"content":{"rendered":"<h2 class=\"green\">Vertrouwen cre\u00ebren<img loading=\"lazy\" decoding=\"async\" class=\"wp-image-581 size-thumbnail alignleft\" src=\"http:\/\/joist.eu\/cms\/wp-content\/uploads\/2016\/04\/joist_aussen_003-150x150.jpg\" alt=\"joist_aussen_003\" width=\"150\" height=\"150\" \/><\/h2>\n<p>Wij zien onszelf niet alleen als leverancier, maar als een betrouwbare en deskundige partner voor onze klanten. Reeds Cornelius en Marianne Joist legden meer dan 40 jaar geleden bij de oprichting van de JOIST GmbH het fundament voor de persoonlijke relatie met onze klanten. De individuele aandacht en het persoonlijke contact vormen voor ons als bedrijf vandaag nog de basis voor een succesvolle en duurzame zakelijke relatie. <\/p>\n<h2 class=\"green\">Werknemers appreci\u00ebren<img loading=\"lazy\" decoding=\"async\" class=\"wp-image-583 size-thumbnail alignright\" src=\"http:\/\/joist.eu\/cms\/wp-content\/uploads\/2016\/04\/joist_lager_026-150x150.jpg\" alt=\"joist_lager_026\" width=\"150\" height=\"150\" \/><\/h2>\n<p>Onze medewerkers zijn ons belangrijkste kapitaal en dat is dan ook meteen \u00e9\u00e9n van onze prioriteiten bij de opleiding, promotie en de motivatie, namelijk om een prettige werkomgeving te cre\u00ebren. Een succesvolle arbeidsprestatie is alleen mogelijk vanuit tevredenheid en zelfactualisatie, daarom zijn onze medewerkers belangrijk voor ons en we betrekken ze graag bij de dagelijkse besluitvorming. Het afwijkende perspectief van individuen kan een nieuwe zienswijze openbaren en zo n\u00e8t de perfecte oplossing voor onze klant betekenen.<\/p>\n<h2 class=\"green\">Ervaring toepassen<img loading=\"lazy\" decoding=\"async\" class=\"wp-image-584 size-thumbnail alignleft\" src=\"http:\/\/joist.eu\/cms\/wp-content\/uploads\/2016\/04\/joist_lager_038-150x150.jpg\" alt=\"joist_lager_038\" width=\"150\" height=\"150\" \/><\/h2>\n<p>We willen op elk gewenst moment het beste advies leveren en onze klanten steeds de beste producten aanbieden. Daarom begrijpen we het als onze missie om voortdurend ons assortiment verder te ontwikkelen en uit te breiden. Door meer dan 40 jaar ervaring in de sector hebben we vele innovaties op het gebied van landschap- en tuiniertechniek voorbij zien komen en kunnen we onze klanten bij complexe uitdagingen zo een individueel advies op maat en aansluitend de meest geschikte producten aanbieden.<\/p>\n<p>&nbsp;<\/p>\n","protected":false},"excerpt":{"rendered":"<p>Vertrouwen cre\u00ebren Wij zien onszelf niet alleen als leverancier, maar als een betrouwbare en deskundige partner voor onze klanten. Reeds Cornelius en Marianne Joist legden meer dan 40 jaar geleden bij de oprichting van de JOIST GmbH het fundament voor de persoonlijke relatie met onze klanten. De individuele aandacht en het persoonlijke contact vormen voor [&hellip;]<\/p>\n","protected":false},"author":2,"featured_media":0,"parent":0,"menu_order":0,"comment_status":"closed","ping_status":"closed","template":"","meta":{"_acf_changed":false,"footnotes":""},"class_list":["post-786","page","type-page","status-publish","hentry"],"acf":[],"yoast_head":"<!-- This site is optimized with the Yoast SEO plugin v24.0 - https:\/\/yoast.com\/wordpress\/plugins\/seo\/ -->\n<title>Bedrijfswaarden - Joist GmbH<\/title>\n<meta name=\"robots\" content=\"index, follow, max-snippet:-1, max-image-preview:large, max-video-preview:-1\" \/>\n<link rel=\"canonical\" href=\"https:\/\/joist.eu\/cms\/unternehmenswerte\/\" \/>\n<meta property=\"og:locale\" content=\"de_DE\" \/>\n<meta property=\"og:type\" content=\"article\" \/>\n<meta property=\"og:title\" content=\"Bedrijfswaarden - Joist GmbH\" \/>\n<meta property=\"og:description\" content=\"Vertrouwen cre\u00ebren Wij zien onszelf niet alleen als leverancier, maar als een betrouwbare en deskundige partner voor onze klanten. Reeds Cornelius en Marianne Joist legden meer dan 40 jaar geleden bij de oprichting van de JOIST GmbH het fundament voor de persoonlijke relatie met onze klanten. De individuele aandacht en het persoonlijke contact vormen voor [&hellip;]\" \/>\n<meta property=\"og:url\" content=\"https:\/\/joist.eu\/cms\/unternehmenswerte\/\" \/>\n<meta property=\"og:site_name\" content=\"Joist GmbH\" \/>\n<meta property=\"article:modified_time\" content=\"2016-05-18T13:47:18+00:00\" \/>\n<meta property=\"og:image\" content=\"https:\/\/joist.eu\/cms\/wp-content\/uploads\/2016\/04\/joist_aussen_003.jpg\" \/>\n\t<meta property=\"og:image:width\" content=\"3370\" \/>\n\t<meta property=\"og:image:height\" content=\"2246\" \/>\n\t<meta property=\"og:image:type\" content=\"image\/jpeg\" \/>\n<meta name=\"twitter:card\" content=\"summary_large_image\" \/>\n<meta name=\"twitter:label1\" content=\"Gesch\u00e4tzte Lesezeit\" \/>\n\t<meta name=\"twitter:data1\" content=\"1\u00a0Minute\" \/>\n<script type=\"application\/ld+json\" class=\"yoast-schema-graph\">{\"@context\":\"https:\/\/schema.org\",\"@graph\":[{\"@type\":\"WebPage\",\"@id\":\"https:\/\/joist.eu\/cms\/unternehmenswerte\/\",\"url\":\"https:\/\/joist.eu\/cms\/unternehmenswerte\/\",\"name\":\"Bedrijfswaarden - Joist GmbH\",\"isPartOf\":{\"@id\":\"https:\/\/joist.eu\/cms\/#website\"},\"primaryImageOfPage\":{\"@id\":\"https:\/\/joist.eu\/cms\/unternehmenswerte\/#primaryimage\"},\"image\":{\"@id\":\"https:\/\/joist.eu\/cms\/unternehmenswerte\/#primaryimage\"},\"thumbnailUrl\":\"http:\/\/joist.eu\/cms\/wp-content\/uploads\/2016\/04\/joist_aussen_003-150x150.jpg\",\"datePublished\":\"2016-04-08T08:07:39+00:00\",\"dateModified\":\"2016-05-18T13:47:18+00:00\",\"breadcrumb\":{\"@id\":\"https:\/\/joist.eu\/cms\/unternehmenswerte\/#breadcrumb\"},\"inLanguage\":\"de\",\"potentialAction\":[{\"@type\":\"ReadAction\",\"target\":[\"https:\/\/joist.eu\/cms\/unternehmenswerte\/\"]}]},{\"@type\":\"ImageObject\",\"inLanguage\":\"de\",\"@id\":\"https:\/\/joist.eu\/cms\/unternehmenswerte\/#primaryimage\",\"url\":\"http:\/\/joist.eu\/cms\/wp-content\/uploads\/2016\/04\/joist_aussen_003-150x150.jpg\",\"contentUrl\":\"http:\/\/joist.eu\/cms\/wp-content\/uploads\/2016\/04\/joist_aussen_003-150x150.jpg\"},{\"@type\":\"BreadcrumbList\",\"@id\":\"https:\/\/joist.eu\/cms\/unternehmenswerte\/#breadcrumb\",\"itemListElement\":[{\"@type\":\"ListItem\",\"position\":1,\"name\":\"Home\",\"item\":\"https:\/\/joist.eu\/cms\/\"},{\"@type\":\"ListItem\",\"position\":2,\"name\":\"Bedrijfswaarden\"}]},{\"@type\":\"WebSite\",\"@id\":\"https:\/\/joist.eu\/cms\/#website\",\"url\":\"https:\/\/joist.eu\/cms\/\",\"name\":\"Joist GmbH\",\"description\":\"\",\"publisher\":{\"@id\":\"https:\/\/joist.eu\/cms\/#organization\"},\"potentialAction\":[{\"@type\":\"SearchAction\",\"target\":{\"@type\":\"EntryPoint\",\"urlTemplate\":\"https:\/\/joist.eu\/cms\/?s={search_term_string}\"},\"query-input\":{\"@type\":\"PropertyValueSpecification\",\"valueRequired\":true,\"valueName\":\"search_term_string\"}}],\"inLanguage\":\"de\"},{\"@type\":\"Organization\",\"@id\":\"https:\/\/joist.eu\/cms\/#organization\",\"name\":\"Joist GmbH\",\"url\":\"https:\/\/joist.eu\/cms\/\",\"logo\":{\"@type\":\"ImageObject\",\"inLanguage\":\"de\",\"@id\":\"https:\/\/joist.eu\/cms\/#\/schema\/logo\/image\/\",\"url\":\"https:\/\/joist.eu\/cms\/wp-content\/uploads\/2016\/03\/logo.png\",\"contentUrl\":\"https:\/\/joist.eu\/cms\/wp-content\/uploads\/2016\/03\/logo.png\",\"width\":226,\"height\":76,\"caption\":\"Joist GmbH\"},\"image\":{\"@id\":\"https:\/\/joist.eu\/cms\/#\/schema\/logo\/image\/\"}}]}<\/script>\n<!-- \/ Yoast SEO plugin. -->","yoast_head_json":{"title":"Bedrijfswaarden - Joist GmbH","robots":{"index":"index","follow":"follow","max-snippet":"max-snippet:-1","max-image-preview":"max-image-preview:large","max-video-preview":"max-video-preview:-1"},"canonical":"https:\/\/joist.eu\/cms\/unternehmenswerte\/","og_locale":"de_DE","og_type":"article","og_title":"Bedrijfswaarden - Joist GmbH","og_description":"Vertrouwen cre\u00ebren Wij zien onszelf niet alleen als leverancier, maar als een betrouwbare en deskundige partner voor onze klanten. Reeds Cornelius en Marianne Joist legden meer dan 40 jaar geleden bij de oprichting van de JOIST GmbH het fundament voor de persoonlijke relatie met onze klanten. De individuele aandacht en het persoonlijke contact vormen voor [&hellip;]","og_url":"https:\/\/joist.eu\/cms\/unternehmenswerte\/","og_site_name":"Joist GmbH","article_modified_time":"2016-05-18T13:47:18+00:00","og_image":[{"width":3370,"height":2246,"url":"https:\/\/joist.eu\/cms\/wp-content\/uploads\/2016\/04\/joist_aussen_003.jpg","type":"image\/jpeg"}],"twitter_card":"summary_large_image","twitter_misc":{"Gesch\u00e4tzte Lesezeit":"1\u00a0Minute"},"schema":{"@context":"https:\/\/schema.org","@graph":[{"@type":"WebPage","@id":"https:\/\/joist.eu\/cms\/unternehmenswerte\/","url":"https:\/\/joist.eu\/cms\/unternehmenswerte\/","name":"Bedrijfswaarden - Joist GmbH","isPartOf":{"@id":"https:\/\/joist.eu\/cms\/#website"},"primaryImageOfPage":{"@id":"https:\/\/joist.eu\/cms\/unternehmenswerte\/#primaryimage"},"image":{"@id":"https:\/\/joist.eu\/cms\/unternehmenswerte\/#primaryimage"},"thumbnailUrl":"http:\/\/joist.eu\/cms\/wp-content\/uploads\/2016\/04\/joist_aussen_003-150x150.jpg","datePublished":"2016-04-08T08:07:39+00:00","dateModified":"2016-05-18T13:47:18+00:00","breadcrumb":{"@id":"https:\/\/joist.eu\/cms\/unternehmenswerte\/#breadcrumb"},"inLanguage":"de","potentialAction":[{"@type":"ReadAction","target":["https:\/\/joist.eu\/cms\/unternehmenswerte\/"]}]},{"@type":"ImageObject","inLanguage":"de","@id":"https:\/\/joist.eu\/cms\/unternehmenswerte\/#primaryimage","url":"http:\/\/joist.eu\/cms\/wp-content\/uploads\/2016\/04\/joist_aussen_003-150x150.jpg","contentUrl":"http:\/\/joist.eu\/cms\/wp-content\/uploads\/2016\/04\/joist_aussen_003-150x150.jpg"},{"@type":"BreadcrumbList","@id":"https:\/\/joist.eu\/cms\/unternehmenswerte\/#breadcrumb","itemListElement":[{"@type":"ListItem","position":1,"name":"Home","item":"https:\/\/joist.eu\/cms\/"},{"@type":"ListItem","position":2,"name":"Bedrijfswaarden"}]},{"@type":"WebSite","@id":"https:\/\/joist.eu\/cms\/#website","url":"https:\/\/joist.eu\/cms\/","name":"Joist GmbH","description":"","publisher":{"@id":"https:\/\/joist.eu\/cms\/#organization"},"potentialAction":[{"@type":"SearchAction","target":{"@type":"EntryPoint","urlTemplate":"https:\/\/joist.eu\/cms\/?s={search_term_string}"},"query-input":{"@type":"PropertyValueSpecification","valueRequired":true,"valueName":"search_term_string"}}],"inLanguage":"de"},{"@type":"Organization","@id":"https:\/\/joist.eu\/cms\/#organization","name":"Joist GmbH","url":"https:\/\/joist.eu\/cms\/","logo":{"@type":"ImageObject","inLanguage":"de","@id":"https:\/\/joist.eu\/cms\/#\/schema\/logo\/image\/","url":"https:\/\/joist.eu\/cms\/wp-content\/uploads\/2016\/03\/logo.png","contentUrl":"https:\/\/joist.eu\/cms\/wp-content\/uploads\/2016\/03\/logo.png","width":226,"height":76,"caption":"Joist GmbH"},"image":{"@id":"https:\/\/joist.eu\/cms\/#\/schema\/logo\/image\/"}}]}},"_links":{"self":[{"href":"https:\/\/joist.eu\/cms\/wp-json\/wp\/v2\/pages\/786","targetHints":{"allow":["GET"]}}],"collection":[{"href":"https:\/\/joist.eu\/cms\/wp-json\/wp\/v2\/pages"}],"about":[{"href":"https:\/\/joist.eu\/cms\/wp-json\/wp\/v2\/types\/page"}],"author":[{"embeddable":true,"href":"https:\/\/joist.eu\/cms\/wp-json\/wp\/v2\/users\/2"}],"replies":[{"embeddable":true,"href":"https:\/\/joist.eu\/cms\/wp-json\/wp\/v2\/comments?post=786"}],"version-history":[{"count":0,"href":"https:\/\/joist.eu\/cms\/wp-json\/wp\/v2\/pages\/786\/revisions"}],"wp:attachment":[{"href":"https:\/\/joist.eu\/cms\/wp-json\/wp\/v2\/media?parent=786"}],"curies":[{"name":"wp","href":"https:\/\/api.w.org\/{rel}","templated":true}]}}