{"id":780,"date":"2016-04-08T10:04:50","date_gmt":"2016-04-08T08:04:50","guid":{"rendered":"http:\/\/joist.eu\/cms\/?page_id=780&#038;lang=fr"},"modified":"2016-05-13T16:32:41","modified_gmt":"2016-05-13T14:32:41","slug":"unternehmenswerte","status":"publish","type":"page","link":"https:\/\/joist.eu\/cms\/unternehmenswerte\/?lang=fr","title":{"rendered":"Valeurs d&#8217;entreprise"},"content":{"rendered":"<h2 class=\"green\">Cr\u00e9er la confiance<img loading=\"lazy\" decoding=\"async\" class=\"wp-image-581 size-thumbnail alignleft\" src=\"http:\/\/joist.eu\/cms\/wp-content\/uploads\/2016\/04\/joist_aussen_003-150x150.jpg\" alt=\"joist_aussen_003\" width=\"150\" height=\"150\" \/><\/h2>\n<p>Nous ne consid\u00e9rons pas seulement comme fournisseur, mais comme partenaire fiable et comp\u00e9tant de nos clients. Cornelius et Marianne Joist attachaient d\u00e9j\u00e0 grande importance \u00e0 des relations personnelles avec nos clients lors de la fondation de Joist SARL il y a plus de 40 ans. En tant qu\u2019entreprise, ce soin de la client\u00e8le individuelle et le contact personnel nous sert encore de base afin de cr\u00e9er et de maintenir d\u2019une mani\u00e8re durable des relations d\u2019affaire prosp\u00e8res.<\/p>\n<h2 class=\"green\">Valoriser les employ\u00e9s<img loading=\"lazy\" decoding=\"async\" class=\"wp-image-583 size-thumbnail alignright\" src=\"http:\/\/joist.eu\/cms\/wp-content\/uploads\/2016\/04\/joist_lager_026-150x150.jpg\" alt=\"joist_lager_026\" width=\"150\" height=\"150\" \/><\/h2>\n<p>Notre personnel est notre capital le plus important. C&#8217;est pourquoi nous mettons l\u2019accent sur la formation, l\u2019encouragement et la motivation afin de cr\u00e9er un environnement de travail agr\u00e9able. Un rendement de travail couronn\u00e9 de succ\u00e8s ne r\u00e9sulte que de la satisfaction et de l\u2019\u00e9panouissement personnel. L\u2019opinion de nos employ\u00e9s compte et ils sont int\u00e9gr\u00e9s aux processus de d\u00e9cision quotidien. Des diff\u00e9rents points de vue peuvent \u00e9largir le champ de vision et repr\u00e9senter la solution parfaite pour le client.<\/p>\n<h2 class=\"green\">Mettre en pratique nos exp\u00e9riences<img loading=\"lazy\" decoding=\"async\" class=\"wp-image-584 size-thumbnail alignleft\" src=\"http:\/\/joist.eu\/cms\/wp-content\/uploads\/2016\/04\/joist_lager_038-150x150.jpg\" alt=\"joist_lager_038\" width=\"150\" height=\"150\" \/><\/h2>\n<p>Notre volont\u00e9 est d\u2019assurer \u00e0 tout moment un conseil optimal et les meilleurs produits \u00e0 nos clients. C&#8217;est pourquoi nous avons pris \u00e0 t\u00e2che d\u2019agrandir de mani\u00e8re continue notre assortiment. Gr\u00e2ce \u00e0 40 ans d\u2019exp\u00e9rience dans la mati\u00e8re nous avons v\u00e9cu beaucoup d\u2019innovations dans les domaines de motoculture et jardinage et nous sommes en mesure, m\u00eame en cas d\u2019exigences complexes, de proposer un conseil individuel et appropri\u00e9 ainsi que des produits parfaitement adapt\u00e9s aux besoins de nos clients.<\/p>\n<p>&nbsp;<\/p>\n","protected":false},"excerpt":{"rendered":"<p>Cr\u00e9er la confiance Nous ne consid\u00e9rons pas seulement comme fournisseur, mais comme partenaire fiable et comp\u00e9tant de nos clients. Cornelius et Marianne Joist attachaient d\u00e9j\u00e0 grande importance \u00e0 des relations personnelles avec nos clients lors de la fondation de Joist SARL il y a plus de 40 ans. En tant qu\u2019entreprise, ce soin de la [&hellip;]<\/p>\n","protected":false},"author":2,"featured_media":0,"parent":0,"menu_order":0,"comment_status":"closed","ping_status":"closed","template":"","meta":{"_acf_changed":false,"footnotes":""},"class_list":["post-780","page","type-page","status-publish","hentry"],"acf":[],"yoast_head":"<!-- This site is optimized with the Yoast SEO plugin v24.0 - https:\/\/yoast.com\/wordpress\/plugins\/seo\/ -->\n<title>Valeurs d&#039;entreprise - Joist GmbH<\/title>\n<meta name=\"robots\" content=\"index, follow, max-snippet:-1, max-image-preview:large, max-video-preview:-1\" \/>\n<link rel=\"canonical\" href=\"https:\/\/joist.eu\/cms\/unternehmenswerte\/\" \/>\n<meta property=\"og:locale\" content=\"de_DE\" \/>\n<meta property=\"og:type\" content=\"article\" \/>\n<meta property=\"og:title\" content=\"Valeurs d&#039;entreprise - Joist GmbH\" \/>\n<meta property=\"og:description\" content=\"Cr\u00e9er la confiance Nous ne consid\u00e9rons pas seulement comme fournisseur, mais comme partenaire fiable et comp\u00e9tant de nos clients. Cornelius et Marianne Joist attachaient d\u00e9j\u00e0 grande importance \u00e0 des relations personnelles avec nos clients lors de la fondation de Joist SARL il y a plus de 40 ans. En tant qu\u2019entreprise, ce soin de la [&hellip;]\" \/>\n<meta property=\"og:url\" content=\"https:\/\/joist.eu\/cms\/unternehmenswerte\/\" \/>\n<meta property=\"og:site_name\" content=\"Joist GmbH\" \/>\n<meta property=\"article:modified_time\" content=\"2016-05-13T14:32:41+00:00\" \/>\n<meta property=\"og:image\" content=\"https:\/\/joist.eu\/cms\/wp-content\/uploads\/2016\/04\/joist_aussen_003.jpg\" \/>\n\t<meta property=\"og:image:width\" content=\"3370\" \/>\n\t<meta property=\"og:image:height\" content=\"2246\" \/>\n\t<meta property=\"og:image:type\" content=\"image\/jpeg\" \/>\n<meta name=\"twitter:card\" content=\"summary_large_image\" \/>\n<meta name=\"twitter:label1\" content=\"Gesch\u00e4tzte Lesezeit\" \/>\n\t<meta name=\"twitter:data1\" content=\"1\u00a0Minute\" \/>\n<script type=\"application\/ld+json\" class=\"yoast-schema-graph\">{\"@context\":\"https:\/\/schema.org\",\"@graph\":[{\"@type\":\"WebPage\",\"@id\":\"https:\/\/joist.eu\/cms\/unternehmenswerte\/\",\"url\":\"https:\/\/joist.eu\/cms\/unternehmenswerte\/\",\"name\":\"Valeurs d'entreprise - Joist GmbH\",\"isPartOf\":{\"@id\":\"https:\/\/joist.eu\/cms\/#website\"},\"primaryImageOfPage\":{\"@id\":\"https:\/\/joist.eu\/cms\/unternehmenswerte\/#primaryimage\"},\"image\":{\"@id\":\"https:\/\/joist.eu\/cms\/unternehmenswerte\/#primaryimage\"},\"thumbnailUrl\":\"http:\/\/joist.eu\/cms\/wp-content\/uploads\/2016\/04\/joist_aussen_003-150x150.jpg\",\"datePublished\":\"2016-04-08T08:04:50+00:00\",\"dateModified\":\"2016-05-13T14:32:41+00:00\",\"breadcrumb\":{\"@id\":\"https:\/\/joist.eu\/cms\/unternehmenswerte\/#breadcrumb\"},\"inLanguage\":\"de\",\"potentialAction\":[{\"@type\":\"ReadAction\",\"target\":[\"https:\/\/joist.eu\/cms\/unternehmenswerte\/\"]}]},{\"@type\":\"ImageObject\",\"inLanguage\":\"de\",\"@id\":\"https:\/\/joist.eu\/cms\/unternehmenswerte\/#primaryimage\",\"url\":\"http:\/\/joist.eu\/cms\/wp-content\/uploads\/2016\/04\/joist_aussen_003-150x150.jpg\",\"contentUrl\":\"http:\/\/joist.eu\/cms\/wp-content\/uploads\/2016\/04\/joist_aussen_003-150x150.jpg\"},{\"@type\":\"BreadcrumbList\",\"@id\":\"https:\/\/joist.eu\/cms\/unternehmenswerte\/#breadcrumb\",\"itemListElement\":[{\"@type\":\"ListItem\",\"position\":1,\"name\":\"Home\",\"item\":\"https:\/\/joist.eu\/cms\/\"},{\"@type\":\"ListItem\",\"position\":2,\"name\":\"Valeurs d&#8217;entreprise\"}]},{\"@type\":\"WebSite\",\"@id\":\"https:\/\/joist.eu\/cms\/#website\",\"url\":\"https:\/\/joist.eu\/cms\/\",\"name\":\"Joist GmbH\",\"description\":\"\",\"publisher\":{\"@id\":\"https:\/\/joist.eu\/cms\/#organization\"},\"potentialAction\":[{\"@type\":\"SearchAction\",\"target\":{\"@type\":\"EntryPoint\",\"urlTemplate\":\"https:\/\/joist.eu\/cms\/?s={search_term_string}\"},\"query-input\":{\"@type\":\"PropertyValueSpecification\",\"valueRequired\":true,\"valueName\":\"search_term_string\"}}],\"inLanguage\":\"de\"},{\"@type\":\"Organization\",\"@id\":\"https:\/\/joist.eu\/cms\/#organization\",\"name\":\"Joist GmbH\",\"url\":\"https:\/\/joist.eu\/cms\/\",\"logo\":{\"@type\":\"ImageObject\",\"inLanguage\":\"de\",\"@id\":\"https:\/\/joist.eu\/cms\/#\/schema\/logo\/image\/\",\"url\":\"https:\/\/joist.eu\/cms\/wp-content\/uploads\/2016\/03\/logo.png\",\"contentUrl\":\"https:\/\/joist.eu\/cms\/wp-content\/uploads\/2016\/03\/logo.png\",\"width\":226,\"height\":76,\"caption\":\"Joist GmbH\"},\"image\":{\"@id\":\"https:\/\/joist.eu\/cms\/#\/schema\/logo\/image\/\"}}]}<\/script>\n<!-- \/ Yoast SEO plugin. -->","yoast_head_json":{"title":"Valeurs d'entreprise - Joist GmbH","robots":{"index":"index","follow":"follow","max-snippet":"max-snippet:-1","max-image-preview":"max-image-preview:large","max-video-preview":"max-video-preview:-1"},"canonical":"https:\/\/joist.eu\/cms\/unternehmenswerte\/","og_locale":"de_DE","og_type":"article","og_title":"Valeurs d'entreprise - Joist GmbH","og_description":"Cr\u00e9er la confiance Nous ne consid\u00e9rons pas seulement comme fournisseur, mais comme partenaire fiable et comp\u00e9tant de nos clients. Cornelius et Marianne Joist attachaient d\u00e9j\u00e0 grande importance \u00e0 des relations personnelles avec nos clients lors de la fondation de Joist SARL il y a plus de 40 ans. En tant qu\u2019entreprise, ce soin de la [&hellip;]","og_url":"https:\/\/joist.eu\/cms\/unternehmenswerte\/","og_site_name":"Joist GmbH","article_modified_time":"2016-05-13T14:32:41+00:00","og_image":[{"width":3370,"height":2246,"url":"https:\/\/joist.eu\/cms\/wp-content\/uploads\/2016\/04\/joist_aussen_003.jpg","type":"image\/jpeg"}],"twitter_card":"summary_large_image","twitter_misc":{"Gesch\u00e4tzte Lesezeit":"1\u00a0Minute"},"schema":{"@context":"https:\/\/schema.org","@graph":[{"@type":"WebPage","@id":"https:\/\/joist.eu\/cms\/unternehmenswerte\/","url":"https:\/\/joist.eu\/cms\/unternehmenswerte\/","name":"Valeurs d'entreprise - Joist GmbH","isPartOf":{"@id":"https:\/\/joist.eu\/cms\/#website"},"primaryImageOfPage":{"@id":"https:\/\/joist.eu\/cms\/unternehmenswerte\/#primaryimage"},"image":{"@id":"https:\/\/joist.eu\/cms\/unternehmenswerte\/#primaryimage"},"thumbnailUrl":"http:\/\/joist.eu\/cms\/wp-content\/uploads\/2016\/04\/joist_aussen_003-150x150.jpg","datePublished":"2016-04-08T08:04:50+00:00","dateModified":"2016-05-13T14:32:41+00:00","breadcrumb":{"@id":"https:\/\/joist.eu\/cms\/unternehmenswerte\/#breadcrumb"},"inLanguage":"de","potentialAction":[{"@type":"ReadAction","target":["https:\/\/joist.eu\/cms\/unternehmenswerte\/"]}]},{"@type":"ImageObject","inLanguage":"de","@id":"https:\/\/joist.eu\/cms\/unternehmenswerte\/#primaryimage","url":"http:\/\/joist.eu\/cms\/wp-content\/uploads\/2016\/04\/joist_aussen_003-150x150.jpg","contentUrl":"http:\/\/joist.eu\/cms\/wp-content\/uploads\/2016\/04\/joist_aussen_003-150x150.jpg"},{"@type":"BreadcrumbList","@id":"https:\/\/joist.eu\/cms\/unternehmenswerte\/#breadcrumb","itemListElement":[{"@type":"ListItem","position":1,"name":"Home","item":"https:\/\/joist.eu\/cms\/"},{"@type":"ListItem","position":2,"name":"Valeurs d&#8217;entreprise"}]},{"@type":"WebSite","@id":"https:\/\/joist.eu\/cms\/#website","url":"https:\/\/joist.eu\/cms\/","name":"Joist GmbH","description":"","publisher":{"@id":"https:\/\/joist.eu\/cms\/#organization"},"potentialAction":[{"@type":"SearchAction","target":{"@type":"EntryPoint","urlTemplate":"https:\/\/joist.eu\/cms\/?s={search_term_string}"},"query-input":{"@type":"PropertyValueSpecification","valueRequired":true,"valueName":"search_term_string"}}],"inLanguage":"de"},{"@type":"Organization","@id":"https:\/\/joist.eu\/cms\/#organization","name":"Joist GmbH","url":"https:\/\/joist.eu\/cms\/","logo":{"@type":"ImageObject","inLanguage":"de","@id":"https:\/\/joist.eu\/cms\/#\/schema\/logo\/image\/","url":"https:\/\/joist.eu\/cms\/wp-content\/uploads\/2016\/03\/logo.png","contentUrl":"https:\/\/joist.eu\/cms\/wp-content\/uploads\/2016\/03\/logo.png","width":226,"height":76,"caption":"Joist GmbH"},"image":{"@id":"https:\/\/joist.eu\/cms\/#\/schema\/logo\/image\/"}}]}},"_links":{"self":[{"href":"https:\/\/joist.eu\/cms\/wp-json\/wp\/v2\/pages\/780","targetHints":{"allow":["GET"]}}],"collection":[{"href":"https:\/\/joist.eu\/cms\/wp-json\/wp\/v2\/pages"}],"about":[{"href":"https:\/\/joist.eu\/cms\/wp-json\/wp\/v2\/types\/page"}],"author":[{"embeddable":true,"href":"https:\/\/joist.eu\/cms\/wp-json\/wp\/v2\/users\/2"}],"replies":[{"embeddable":true,"href":"https:\/\/joist.eu\/cms\/wp-json\/wp\/v2\/comments?post=780"}],"version-history":[{"count":0,"href":"https:\/\/joist.eu\/cms\/wp-json\/wp\/v2\/pages\/780\/revisions"}],"wp:attachment":[{"href":"https:\/\/joist.eu\/cms\/wp-json\/wp\/v2\/media?parent=780"}],"curies":[{"name":"wp","href":"https:\/\/api.w.org\/{rel}","templated":true}]}}