{"id":774,"date":"2016-04-08T10:00:42","date_gmt":"2016-04-08T08:00:42","guid":{"rendered":"http:\/\/joist.eu\/cms\/?page_id=774&#038;lang=bfr"},"modified":"2016-05-13T16:35:11","modified_gmt":"2016-05-13T14:35:11","slug":"unternehmensvision","status":"publish","type":"page","link":"https:\/\/joist.eu\/cms\/unternehmensvision\/?lang=bfr","title":{"rendered":"Vision de l&#8217;entreprise"},"content":{"rendered":"<h2 class=\"green\">Le processus de commande<img loading=\"lazy\" decoding=\"async\" class=\"alignright wp-image-592 size-medium\" src=\"http:\/\/joist.eu\/cms\/wp-content\/uploads\/2016\/04\/joist_aussen_004-300x200.jpg\" alt=\"joist_aussen_004\" width=\"300\" height=\"200\" srcset=\"https:\/\/joist.eu\/cms\/wp-content\/uploads\/2016\/04\/joist_aussen_004-300x200.jpg 300w, https:\/\/joist.eu\/cms\/wp-content\/uploads\/2016\/04\/joist_aussen_004-768x512.jpg 768w, https:\/\/joist.eu\/cms\/wp-content\/uploads\/2016\/04\/joist_aussen_004-1024x682.jpg 1024w\" sizes=\"auto, (max-width: 300px) 100vw, 300px\" \/><\/h2>\n<p>Avoir le temps est bien rare dans la vie des affaires. Nous allons donc optimiser le processus de commande pour nos clients et l\u2019adapter aux innovations digitales. Le plus simple et plus vite se d\u00e9roule celui-ci, plus de temps peuvent nos clients consacrer \u00e0 leur gestion d\u2019affaires quotidienne.<\/p>\n<h2 class=\"green\">L\u2019assortiment<\/h2>\n<p>A des intervalles de temps r\u00e9guliers, il y a de nouveaux produits sur le march\u00e9. Nous voulons \u00e9largir notre gamme constamment afin de fournir \u00e0 nos clients de nouveaux groupes de produits. Toujours avec des offres \u00e0 jours, c\u2019est notre objectif.<\/p>\n<h2 class=\"green\">Pr\u00e9sent au niveau international<\/h2>\n<p>Nouveaux pays et nouveaux march\u00e9s. L\u2019\u00e9largissement de notre entreprise aux pays voisins europ\u00e9ens s\u2019est d\u00e9roul\u00e9 d\u00e9j\u00e0 avec succ\u00e8s, mais notre intention \u00e0 long terme est de s\u2019\u00e9tablir comme marque ne pas seulement sur le plan europ\u00e9en, mais aussi international.<\/p>\n","protected":false},"excerpt":{"rendered":"<p>Le processus de commande Avoir le temps est bien rare dans la vie des affaires. Nous allons donc optimiser le processus de commande pour nos clients et l\u2019adapter aux innovations digitales. Le plus simple et plus vite se d\u00e9roule celui-ci, plus de temps peuvent nos clients consacrer \u00e0 leur gestion d\u2019affaires quotidienne. L\u2019assortiment A des [&hellip;]<\/p>\n","protected":false},"author":2,"featured_media":0,"parent":0,"menu_order":0,"comment_status":"closed","ping_status":"closed","template":"","meta":{"_acf_changed":false,"footnotes":""},"class_list":["post-774","page","type-page","status-publish","hentry"],"acf":[],"yoast_head":"<!-- This site is optimized with the Yoast SEO plugin v24.0 - https:\/\/yoast.com\/wordpress\/plugins\/seo\/ -->\n<title>Vision de l&#039;entreprise - Joist GmbH<\/title>\n<meta name=\"robots\" content=\"index, follow, max-snippet:-1, max-image-preview:large, max-video-preview:-1\" \/>\n<link rel=\"canonical\" href=\"https:\/\/joist.eu\/cms\/unternehmensvision\/\" \/>\n<meta property=\"og:locale\" content=\"de_DE\" \/>\n<meta property=\"og:type\" content=\"article\" \/>\n<meta property=\"og:title\" content=\"Vision de l&#039;entreprise - Joist GmbH\" \/>\n<meta property=\"og:description\" content=\"Le processus de commande Avoir le temps est bien rare dans la vie des affaires. Nous allons donc optimiser le processus de commande pour nos clients et l\u2019adapter aux innovations digitales. Le plus simple et plus vite se d\u00e9roule celui-ci, plus de temps peuvent nos clients consacrer \u00e0 leur gestion d\u2019affaires quotidienne. L\u2019assortiment A des [&hellip;]\" \/>\n<meta property=\"og:url\" content=\"https:\/\/joist.eu\/cms\/unternehmensvision\/\" \/>\n<meta property=\"og:site_name\" content=\"Joist GmbH\" \/>\n<meta property=\"article:modified_time\" content=\"2016-05-13T14:35:11+00:00\" \/>\n<meta property=\"og:image\" content=\"https:\/\/joist.eu\/cms\/wp-content\/uploads\/2016\/04\/joist_aussen_004.jpg\" \/>\n\t<meta property=\"og:image:width\" content=\"3370\" \/>\n\t<meta property=\"og:image:height\" content=\"2246\" \/>\n\t<meta property=\"og:image:type\" content=\"image\/jpeg\" \/>\n<meta name=\"twitter:card\" content=\"summary_large_image\" \/>\n<meta name=\"twitter:label1\" content=\"Gesch\u00e4tzte Lesezeit\" \/>\n\t<meta name=\"twitter:data1\" content=\"1\u00a0Minute\" \/>\n<script type=\"application\/ld+json\" class=\"yoast-schema-graph\">{\"@context\":\"https:\/\/schema.org\",\"@graph\":[{\"@type\":\"WebPage\",\"@id\":\"https:\/\/joist.eu\/cms\/unternehmensvision\/\",\"url\":\"https:\/\/joist.eu\/cms\/unternehmensvision\/\",\"name\":\"Vision de l'entreprise - Joist GmbH\",\"isPartOf\":{\"@id\":\"https:\/\/joist.eu\/cms\/#website\"},\"primaryImageOfPage\":{\"@id\":\"https:\/\/joist.eu\/cms\/unternehmensvision\/#primaryimage\"},\"image\":{\"@id\":\"https:\/\/joist.eu\/cms\/unternehmensvision\/#primaryimage\"},\"thumbnailUrl\":\"http:\/\/joist.eu\/cms\/wp-content\/uploads\/2016\/04\/joist_aussen_004-300x200.jpg\",\"datePublished\":\"2016-04-08T08:00:42+00:00\",\"dateModified\":\"2016-05-13T14:35:11+00:00\",\"breadcrumb\":{\"@id\":\"https:\/\/joist.eu\/cms\/unternehmensvision\/#breadcrumb\"},\"inLanguage\":\"de\",\"potentialAction\":[{\"@type\":\"ReadAction\",\"target\":[\"https:\/\/joist.eu\/cms\/unternehmensvision\/\"]}]},{\"@type\":\"ImageObject\",\"inLanguage\":\"de\",\"@id\":\"https:\/\/joist.eu\/cms\/unternehmensvision\/#primaryimage\",\"url\":\"http:\/\/joist.eu\/cms\/wp-content\/uploads\/2016\/04\/joist_aussen_004-300x200.jpg\",\"contentUrl\":\"http:\/\/joist.eu\/cms\/wp-content\/uploads\/2016\/04\/joist_aussen_004-300x200.jpg\"},{\"@type\":\"BreadcrumbList\",\"@id\":\"https:\/\/joist.eu\/cms\/unternehmensvision\/#breadcrumb\",\"itemListElement\":[{\"@type\":\"ListItem\",\"position\":1,\"name\":\"Home\",\"item\":\"https:\/\/joist.eu\/cms\/\"},{\"@type\":\"ListItem\",\"position\":2,\"name\":\"Vision de l&#8217;entreprise\"}]},{\"@type\":\"WebSite\",\"@id\":\"https:\/\/joist.eu\/cms\/#website\",\"url\":\"https:\/\/joist.eu\/cms\/\",\"name\":\"Joist GmbH\",\"description\":\"\",\"publisher\":{\"@id\":\"https:\/\/joist.eu\/cms\/#organization\"},\"potentialAction\":[{\"@type\":\"SearchAction\",\"target\":{\"@type\":\"EntryPoint\",\"urlTemplate\":\"https:\/\/joist.eu\/cms\/?s={search_term_string}\"},\"query-input\":{\"@type\":\"PropertyValueSpecification\",\"valueRequired\":true,\"valueName\":\"search_term_string\"}}],\"inLanguage\":\"de\"},{\"@type\":\"Organization\",\"@id\":\"https:\/\/joist.eu\/cms\/#organization\",\"name\":\"Joist GmbH\",\"url\":\"https:\/\/joist.eu\/cms\/\",\"logo\":{\"@type\":\"ImageObject\",\"inLanguage\":\"de\",\"@id\":\"https:\/\/joist.eu\/cms\/#\/schema\/logo\/image\/\",\"url\":\"https:\/\/joist.eu\/cms\/wp-content\/uploads\/2016\/03\/logo.png\",\"contentUrl\":\"https:\/\/joist.eu\/cms\/wp-content\/uploads\/2016\/03\/logo.png\",\"width\":226,\"height\":76,\"caption\":\"Joist GmbH\"},\"image\":{\"@id\":\"https:\/\/joist.eu\/cms\/#\/schema\/logo\/image\/\"}}]}<\/script>\n<!-- \/ Yoast SEO plugin. -->","yoast_head_json":{"title":"Vision de l'entreprise - Joist GmbH","robots":{"index":"index","follow":"follow","max-snippet":"max-snippet:-1","max-image-preview":"max-image-preview:large","max-video-preview":"max-video-preview:-1"},"canonical":"https:\/\/joist.eu\/cms\/unternehmensvision\/","og_locale":"de_DE","og_type":"article","og_title":"Vision de l'entreprise - Joist GmbH","og_description":"Le processus de commande Avoir le temps est bien rare dans la vie des affaires. Nous allons donc optimiser le processus de commande pour nos clients et l\u2019adapter aux innovations digitales. Le plus simple et plus vite se d\u00e9roule celui-ci, plus de temps peuvent nos clients consacrer \u00e0 leur gestion d\u2019affaires quotidienne. L\u2019assortiment A des [&hellip;]","og_url":"https:\/\/joist.eu\/cms\/unternehmensvision\/","og_site_name":"Joist GmbH","article_modified_time":"2016-05-13T14:35:11+00:00","og_image":[{"width":3370,"height":2246,"url":"https:\/\/joist.eu\/cms\/wp-content\/uploads\/2016\/04\/joist_aussen_004.jpg","type":"image\/jpeg"}],"twitter_card":"summary_large_image","twitter_misc":{"Gesch\u00e4tzte Lesezeit":"1\u00a0Minute"},"schema":{"@context":"https:\/\/schema.org","@graph":[{"@type":"WebPage","@id":"https:\/\/joist.eu\/cms\/unternehmensvision\/","url":"https:\/\/joist.eu\/cms\/unternehmensvision\/","name":"Vision de l'entreprise - Joist GmbH","isPartOf":{"@id":"https:\/\/joist.eu\/cms\/#website"},"primaryImageOfPage":{"@id":"https:\/\/joist.eu\/cms\/unternehmensvision\/#primaryimage"},"image":{"@id":"https:\/\/joist.eu\/cms\/unternehmensvision\/#primaryimage"},"thumbnailUrl":"http:\/\/joist.eu\/cms\/wp-content\/uploads\/2016\/04\/joist_aussen_004-300x200.jpg","datePublished":"2016-04-08T08:00:42+00:00","dateModified":"2016-05-13T14:35:11+00:00","breadcrumb":{"@id":"https:\/\/joist.eu\/cms\/unternehmensvision\/#breadcrumb"},"inLanguage":"de","potentialAction":[{"@type":"ReadAction","target":["https:\/\/joist.eu\/cms\/unternehmensvision\/"]}]},{"@type":"ImageObject","inLanguage":"de","@id":"https:\/\/joist.eu\/cms\/unternehmensvision\/#primaryimage","url":"http:\/\/joist.eu\/cms\/wp-content\/uploads\/2016\/04\/joist_aussen_004-300x200.jpg","contentUrl":"http:\/\/joist.eu\/cms\/wp-content\/uploads\/2016\/04\/joist_aussen_004-300x200.jpg"},{"@type":"BreadcrumbList","@id":"https:\/\/joist.eu\/cms\/unternehmensvision\/#breadcrumb","itemListElement":[{"@type":"ListItem","position":1,"name":"Home","item":"https:\/\/joist.eu\/cms\/"},{"@type":"ListItem","position":2,"name":"Vision de l&#8217;entreprise"}]},{"@type":"WebSite","@id":"https:\/\/joist.eu\/cms\/#website","url":"https:\/\/joist.eu\/cms\/","name":"Joist GmbH","description":"","publisher":{"@id":"https:\/\/joist.eu\/cms\/#organization"},"potentialAction":[{"@type":"SearchAction","target":{"@type":"EntryPoint","urlTemplate":"https:\/\/joist.eu\/cms\/?s={search_term_string}"},"query-input":{"@type":"PropertyValueSpecification","valueRequired":true,"valueName":"search_term_string"}}],"inLanguage":"de"},{"@type":"Organization","@id":"https:\/\/joist.eu\/cms\/#organization","name":"Joist GmbH","url":"https:\/\/joist.eu\/cms\/","logo":{"@type":"ImageObject","inLanguage":"de","@id":"https:\/\/joist.eu\/cms\/#\/schema\/logo\/image\/","url":"https:\/\/joist.eu\/cms\/wp-content\/uploads\/2016\/03\/logo.png","contentUrl":"https:\/\/joist.eu\/cms\/wp-content\/uploads\/2016\/03\/logo.png","width":226,"height":76,"caption":"Joist GmbH"},"image":{"@id":"https:\/\/joist.eu\/cms\/#\/schema\/logo\/image\/"}}]}},"_links":{"self":[{"href":"https:\/\/joist.eu\/cms\/wp-json\/wp\/v2\/pages\/774","targetHints":{"allow":["GET"]}}],"collection":[{"href":"https:\/\/joist.eu\/cms\/wp-json\/wp\/v2\/pages"}],"about":[{"href":"https:\/\/joist.eu\/cms\/wp-json\/wp\/v2\/types\/page"}],"author":[{"embeddable":true,"href":"https:\/\/joist.eu\/cms\/wp-json\/wp\/v2\/users\/2"}],"replies":[{"embeddable":true,"href":"https:\/\/joist.eu\/cms\/wp-json\/wp\/v2\/comments?post=774"}],"version-history":[{"count":0,"href":"https:\/\/joist.eu\/cms\/wp-json\/wp\/v2\/pages\/774\/revisions"}],"wp:attachment":[{"href":"https:\/\/joist.eu\/cms\/wp-json\/wp\/v2\/media?parent=774"}],"curies":[{"name":"wp","href":"https:\/\/api.w.org\/{rel}","templated":true}]}}