{"id":766,"date":"2016-04-08T09:55:28","date_gmt":"2016-04-08T07:55:28","guid":{"rendered":"http:\/\/joist.eu\/cms\/?page_id=766&#038;lang=bnl"},"modified":"2016-05-18T16:30:13","modified_gmt":"2016-05-18T14:30:13","slug":"stellenangebote","status":"publish","type":"page","link":"https:\/\/joist.eu\/cms\/stellenangebote\/?lang=bnl","title":{"rendered":"Vacatures"},"content":{"rendered":"<p>Helaas hebben we geen vacatures op dit moment.<\/p>\n<h2 class=\"green\">Wij kijken altijd uit naar je sollicitatie<\/h2>\n<p>Stuur je sollicitatie naar:<br \/>\nJOIST GmbH<br \/>\nGesch\u00e4ftsf\u00fchrung<br \/>\nFrauenbergerstra\u00dfe 170<br \/>\n53879 Euskirchen<br \/>\nDuitsland<\/p>\n","protected":false},"excerpt":{"rendered":"<p>Helaas hebben we geen vacatures op dit moment. Wij kijken altijd uit naar je sollicitatie Stuur je sollicitatie naar: JOIST GmbH Gesch\u00e4ftsf\u00fchrung Frauenbergerstra\u00dfe 170 53879 Euskirchen Duitsland<\/p>\n","protected":false},"author":2,"featured_media":0,"parent":0,"menu_order":0,"comment_status":"closed","ping_status":"closed","template":"","meta":{"_acf_changed":false,"footnotes":""},"class_list":["post-766","page","type-page","status-publish","hentry"],"acf":[],"yoast_head":"<!-- This site is optimized with the Yoast SEO plugin v24.0 - https:\/\/yoast.com\/wordpress\/plugins\/seo\/ -->\n<title>Vacatures - Joist GmbH<\/title>\n<meta name=\"robots\" content=\"index, follow, max-snippet:-1, max-image-preview:large, max-video-preview:-1\" \/>\n<link rel=\"canonical\" href=\"https:\/\/joist.eu\/cms\/stellenangebote\/\" \/>\n<meta property=\"og:locale\" content=\"de_DE\" \/>\n<meta property=\"og:type\" content=\"article\" \/>\n<meta property=\"og:title\" content=\"Vacatures - Joist GmbH\" \/>\n<meta property=\"og:description\" content=\"Helaas hebben we geen vacatures op dit moment. Wij kijken altijd uit naar je sollicitatie Stuur je sollicitatie naar: JOIST GmbH Gesch\u00e4ftsf\u00fchrung Frauenbergerstra\u00dfe 170 53879 Euskirchen Duitsland\" \/>\n<meta property=\"og:url\" content=\"https:\/\/joist.eu\/cms\/stellenangebote\/\" \/>\n<meta property=\"og:site_name\" content=\"Joist GmbH\" \/>\n<meta property=\"article:modified_time\" content=\"2016-05-18T14:30:13+00:00\" \/>\n<meta name=\"twitter:card\" content=\"summary_large_image\" \/>\n<script type=\"application\/ld+json\" class=\"yoast-schema-graph\">{\"@context\":\"https:\/\/schema.org\",\"@graph\":[{\"@type\":\"WebPage\",\"@id\":\"https:\/\/joist.eu\/cms\/stellenangebote\/\",\"url\":\"https:\/\/joist.eu\/cms\/stellenangebote\/\",\"name\":\"Vacatures - Joist GmbH\",\"isPartOf\":{\"@id\":\"https:\/\/joist.eu\/cms\/#website\"},\"datePublished\":\"2016-04-08T07:55:28+00:00\",\"dateModified\":\"2016-05-18T14:30:13+00:00\",\"breadcrumb\":{\"@id\":\"https:\/\/joist.eu\/cms\/stellenangebote\/#breadcrumb\"},\"inLanguage\":\"de\",\"potentialAction\":[{\"@type\":\"ReadAction\",\"target\":[\"https:\/\/joist.eu\/cms\/stellenangebote\/\"]}]},{\"@type\":\"BreadcrumbList\",\"@id\":\"https:\/\/joist.eu\/cms\/stellenangebote\/#breadcrumb\",\"itemListElement\":[{\"@type\":\"ListItem\",\"position\":1,\"name\":\"Home\",\"item\":\"https:\/\/joist.eu\/cms\/\"},{\"@type\":\"ListItem\",\"position\":2,\"name\":\"Vacatures\"}]},{\"@type\":\"WebSite\",\"@id\":\"https:\/\/joist.eu\/cms\/#website\",\"url\":\"https:\/\/joist.eu\/cms\/\",\"name\":\"Joist GmbH\",\"description\":\"\",\"publisher\":{\"@id\":\"https:\/\/joist.eu\/cms\/#organization\"},\"potentialAction\":[{\"@type\":\"SearchAction\",\"target\":{\"@type\":\"EntryPoint\",\"urlTemplate\":\"https:\/\/joist.eu\/cms\/?s={search_term_string}\"},\"query-input\":{\"@type\":\"PropertyValueSpecification\",\"valueRequired\":true,\"valueName\":\"search_term_string\"}}],\"inLanguage\":\"de\"},{\"@type\":\"Organization\",\"@id\":\"https:\/\/joist.eu\/cms\/#organization\",\"name\":\"Joist GmbH\",\"url\":\"https:\/\/joist.eu\/cms\/\",\"logo\":{\"@type\":\"ImageObject\",\"inLanguage\":\"de\",\"@id\":\"https:\/\/joist.eu\/cms\/#\/schema\/logo\/image\/\",\"url\":\"https:\/\/joist.eu\/cms\/wp-content\/uploads\/2016\/03\/logo.png\",\"contentUrl\":\"https:\/\/joist.eu\/cms\/wp-content\/uploads\/2016\/03\/logo.png\",\"width\":226,\"height\":76,\"caption\":\"Joist GmbH\"},\"image\":{\"@id\":\"https:\/\/joist.eu\/cms\/#\/schema\/logo\/image\/\"}}]}<\/script>\n<!-- \/ Yoast SEO plugin. -->","yoast_head_json":{"title":"Vacatures - Joist GmbH","robots":{"index":"index","follow":"follow","max-snippet":"max-snippet:-1","max-image-preview":"max-image-preview:large","max-video-preview":"max-video-preview:-1"},"canonical":"https:\/\/joist.eu\/cms\/stellenangebote\/","og_locale":"de_DE","og_type":"article","og_title":"Vacatures - Joist GmbH","og_description":"Helaas hebben we geen vacatures op dit moment. Wij kijken altijd uit naar je sollicitatie Stuur je sollicitatie naar: JOIST GmbH Gesch\u00e4ftsf\u00fchrung Frauenbergerstra\u00dfe 170 53879 Euskirchen Duitsland","og_url":"https:\/\/joist.eu\/cms\/stellenangebote\/","og_site_name":"Joist GmbH","article_modified_time":"2016-05-18T14:30:13+00:00","twitter_card":"summary_large_image","schema":{"@context":"https:\/\/schema.org","@graph":[{"@type":"WebPage","@id":"https:\/\/joist.eu\/cms\/stellenangebote\/","url":"https:\/\/joist.eu\/cms\/stellenangebote\/","name":"Vacatures - Joist GmbH","isPartOf":{"@id":"https:\/\/joist.eu\/cms\/#website"},"datePublished":"2016-04-08T07:55:28+00:00","dateModified":"2016-05-18T14:30:13+00:00","breadcrumb":{"@id":"https:\/\/joist.eu\/cms\/stellenangebote\/#breadcrumb"},"inLanguage":"de","potentialAction":[{"@type":"ReadAction","target":["https:\/\/joist.eu\/cms\/stellenangebote\/"]}]},{"@type":"BreadcrumbList","@id":"https:\/\/joist.eu\/cms\/stellenangebote\/#breadcrumb","itemListElement":[{"@type":"ListItem","position":1,"name":"Home","item":"https:\/\/joist.eu\/cms\/"},{"@type":"ListItem","position":2,"name":"Vacatures"}]},{"@type":"WebSite","@id":"https:\/\/joist.eu\/cms\/#website","url":"https:\/\/joist.eu\/cms\/","name":"Joist GmbH","description":"","publisher":{"@id":"https:\/\/joist.eu\/cms\/#organization"},"potentialAction":[{"@type":"SearchAction","target":{"@type":"EntryPoint","urlTemplate":"https:\/\/joist.eu\/cms\/?s={search_term_string}"},"query-input":{"@type":"PropertyValueSpecification","valueRequired":true,"valueName":"search_term_string"}}],"inLanguage":"de"},{"@type":"Organization","@id":"https:\/\/joist.eu\/cms\/#organization","name":"Joist GmbH","url":"https:\/\/joist.eu\/cms\/","logo":{"@type":"ImageObject","inLanguage":"de","@id":"https:\/\/joist.eu\/cms\/#\/schema\/logo\/image\/","url":"https:\/\/joist.eu\/cms\/wp-content\/uploads\/2016\/03\/logo.png","contentUrl":"https:\/\/joist.eu\/cms\/wp-content\/uploads\/2016\/03\/logo.png","width":226,"height":76,"caption":"Joist GmbH"},"image":{"@id":"https:\/\/joist.eu\/cms\/#\/schema\/logo\/image\/"}}]}},"_links":{"self":[{"href":"https:\/\/joist.eu\/cms\/wp-json\/wp\/v2\/pages\/766","targetHints":{"allow":["GET"]}}],"collection":[{"href":"https:\/\/joist.eu\/cms\/wp-json\/wp\/v2\/pages"}],"about":[{"href":"https:\/\/joist.eu\/cms\/wp-json\/wp\/v2\/types\/page"}],"author":[{"embeddable":true,"href":"https:\/\/joist.eu\/cms\/wp-json\/wp\/v2\/users\/2"}],"replies":[{"embeddable":true,"href":"https:\/\/joist.eu\/cms\/wp-json\/wp\/v2\/comments?post=766"}],"version-history":[{"count":0,"href":"https:\/\/joist.eu\/cms\/wp-json\/wp\/v2\/pages\/766\/revisions"}],"wp:attachment":[{"href":"https:\/\/joist.eu\/cms\/wp-json\/wp\/v2\/media?parent=766"}],"curies":[{"name":"wp","href":"https:\/\/api.w.org\/{rel}","templated":true}]}}