{"id":708,"date":"2016-04-07T17:30:09","date_gmt":"2016-04-07T15:30:09","guid":{"rendered":"http:\/\/joist.eu\/cms\/?page_id=708&#038;lang=fr"},"modified":"2020-05-26T14:29:52","modified_gmt":"2020-05-26T12:29:52","slug":"joist-serviceteam","status":"publish","type":"page","link":"https:\/\/joist.eu\/cms\/joist-serviceteam\/?lang=fr","title":{"rendered":"JOIST-Serviceteam"},"content":{"rendered":"<p><img loading=\"lazy\" decoding=\"async\" class=\"size-medium wp-image-1565 alignright\" src=\"http:\/\/joist.eu\/cms\/wp-content\/uploads\/2016\/04\/joist_vertrieb_107-300x200.jpg\" alt=\"joist_vertrieb_107\" width=\"300\" height=\"200\" srcset=\"https:\/\/joist.eu\/cms\/wp-content\/uploads\/2016\/04\/joist_vertrieb_107-300x200.jpg 300w, https:\/\/joist.eu\/cms\/wp-content\/uploads\/2016\/04\/joist_vertrieb_107-768x512.jpg 768w, https:\/\/joist.eu\/cms\/wp-content\/uploads\/2016\/04\/joist_vertrieb_107-1024x683.jpg 1024w\" sizes=\"auto, (max-width: 300px) 100vw, 300px\" \/>Une disponibilit\u00e9 maximale de notre assortiment nous sert de base d\u2019un bon service. Avec 100.000 articles de plus de 60 fabricants de marques en stock, nous sommes l&#8217;un des plus grands fournisseurs du commerce sp\u00e9cialis\u00e9 pour des pi\u00e8ces de rechange d&#8217;origine sur le march\u00e9 europ\u00e9en. Notre \u00e9quipe de service vous conseillera avec une expertise technique et des ann\u00e9es d&#8217;exp\u00e9rience. Evidemment nous vous soutenons avec notre savoir-faire.<\/p>\n<p>&nbsp;<\/p>\n<h2 class=\"green\">Vos commandes sont trait\u00e9es chez nous rapidement et de mani\u00e8re fiable.<\/h2>\n<p style=\"padding-left: 30px;\">Vous\u2026<br \/>\n\u2026avez des questions concernant notre boutique?<br \/>\n\u2026avez besoin d\u2019un \u00e9clat\u00e9 de pi\u00e8ces de rechange?<br \/>\n\u2026voulez passer une commande?<\/p>\n<p>&nbsp;<\/p>\n<h2 class=\"green\">Contactez notre \u00e9quipe de service!<\/h2>\n<p style=\"padding-left: 30px;\">Lundi au vendredi<br \/>\nDe 08h00 \u2013 17h30<br \/>\nT\u00e9l\u00e9phone +49 (0) 2251 106 106<\/p>\n","protected":false},"excerpt":{"rendered":"<p>Une disponibilit\u00e9 maximale de notre assortiment nous sert de base d\u2019un bon service. Avec 100.000 articles de plus de 60 fabricants de marques en stock, nous sommes l&#8217;un des plus grands fournisseurs du commerce sp\u00e9cialis\u00e9 pour des pi\u00e8ces de rechange d&#8217;origine sur le march\u00e9 europ\u00e9en. Notre \u00e9quipe de service vous conseillera avec une expertise technique [&hellip;]<\/p>\n","protected":false},"author":2,"featured_media":0,"parent":0,"menu_order":0,"comment_status":"closed","ping_status":"closed","template":"page-abteilung.php","meta":{"_acf_changed":false,"footnotes":""},"class_list":["post-708","page","type-page","status-publish","hentry"],"acf":[],"yoast_head":"<!-- This site is optimized with the Yoast SEO plugin v24.0 - https:\/\/yoast.com\/wordpress\/plugins\/seo\/ -->\n<title>JOIST-Serviceteam - Joist GmbH<\/title>\n<meta name=\"robots\" content=\"index, follow, max-snippet:-1, max-image-preview:large, max-video-preview:-1\" \/>\n<link rel=\"canonical\" href=\"https:\/\/joist.eu\/cms\/joist-serviceteam\/\" \/>\n<meta property=\"og:locale\" content=\"de_DE\" \/>\n<meta property=\"og:type\" content=\"article\" \/>\n<meta property=\"og:title\" content=\"JOIST-Serviceteam - Joist GmbH\" \/>\n<meta property=\"og:description\" content=\"Une disponibilit\u00e9 maximale de notre assortiment nous sert de base d\u2019un bon service. Avec 100.000 articles de plus de 60 fabricants de marques en stock, nous sommes l&#8217;un des plus grands fournisseurs du commerce sp\u00e9cialis\u00e9 pour des pi\u00e8ces de rechange d&#8217;origine sur le march\u00e9 europ\u00e9en. Notre \u00e9quipe de service vous conseillera avec une expertise technique [&hellip;]\" \/>\n<meta property=\"og:url\" content=\"https:\/\/joist.eu\/cms\/joist-serviceteam\/\" \/>\n<meta property=\"og:site_name\" content=\"Joist GmbH\" \/>\n<meta property=\"article:modified_time\" content=\"2020-05-26T12:29:52+00:00\" \/>\n<meta property=\"og:image\" content=\"https:\/\/joist.eu\/cms\/wp-content\/uploads\/2016\/04\/joist_vertrieb_107-1024x683.jpg\" \/>\n\t<meta property=\"og:image:width\" content=\"1024\" \/>\n\t<meta property=\"og:image:height\" content=\"683\" \/>\n\t<meta property=\"og:image:type\" content=\"image\/jpeg\" \/>\n<meta name=\"twitter:card\" content=\"summary_large_image\" \/>\n<meta name=\"twitter:label1\" content=\"Gesch\u00e4tzte Lesezeit\" \/>\n\t<meta name=\"twitter:data1\" content=\"1\u00a0Minute\" \/>\n<script type=\"application\/ld+json\" class=\"yoast-schema-graph\">{\"@context\":\"https:\/\/schema.org\",\"@graph\":[{\"@type\":\"WebPage\",\"@id\":\"https:\/\/joist.eu\/cms\/joist-serviceteam\/\",\"url\":\"https:\/\/joist.eu\/cms\/joist-serviceteam\/\",\"name\":\"JOIST-Serviceteam - Joist GmbH\",\"isPartOf\":{\"@id\":\"https:\/\/joist.eu\/cms\/#website\"},\"primaryImageOfPage\":{\"@id\":\"https:\/\/joist.eu\/cms\/joist-serviceteam\/#primaryimage\"},\"image\":{\"@id\":\"https:\/\/joist.eu\/cms\/joist-serviceteam\/#primaryimage\"},\"thumbnailUrl\":\"http:\/\/joist.eu\/cms\/wp-content\/uploads\/2016\/04\/joist_vertrieb_107-300x200.jpg\",\"datePublished\":\"2016-04-07T15:30:09+00:00\",\"dateModified\":\"2020-05-26T12:29:52+00:00\",\"breadcrumb\":{\"@id\":\"https:\/\/joist.eu\/cms\/joist-serviceteam\/#breadcrumb\"},\"inLanguage\":\"de\",\"potentialAction\":[{\"@type\":\"ReadAction\",\"target\":[\"https:\/\/joist.eu\/cms\/joist-serviceteam\/\"]}]},{\"@type\":\"ImageObject\",\"inLanguage\":\"de\",\"@id\":\"https:\/\/joist.eu\/cms\/joist-serviceteam\/#primaryimage\",\"url\":\"http:\/\/joist.eu\/cms\/wp-content\/uploads\/2016\/04\/joist_vertrieb_107-300x200.jpg\",\"contentUrl\":\"http:\/\/joist.eu\/cms\/wp-content\/uploads\/2016\/04\/joist_vertrieb_107-300x200.jpg\"},{\"@type\":\"BreadcrumbList\",\"@id\":\"https:\/\/joist.eu\/cms\/joist-serviceteam\/#breadcrumb\",\"itemListElement\":[{\"@type\":\"ListItem\",\"position\":1,\"name\":\"Home\",\"item\":\"https:\/\/joist.eu\/cms\/\"},{\"@type\":\"ListItem\",\"position\":2,\"name\":\"JOIST-Serviceteam\"}]},{\"@type\":\"WebSite\",\"@id\":\"https:\/\/joist.eu\/cms\/#website\",\"url\":\"https:\/\/joist.eu\/cms\/\",\"name\":\"Joist GmbH\",\"description\":\"\",\"publisher\":{\"@id\":\"https:\/\/joist.eu\/cms\/#organization\"},\"potentialAction\":[{\"@type\":\"SearchAction\",\"target\":{\"@type\":\"EntryPoint\",\"urlTemplate\":\"https:\/\/joist.eu\/cms\/?s={search_term_string}\"},\"query-input\":{\"@type\":\"PropertyValueSpecification\",\"valueRequired\":true,\"valueName\":\"search_term_string\"}}],\"inLanguage\":\"de\"},{\"@type\":\"Organization\",\"@id\":\"https:\/\/joist.eu\/cms\/#organization\",\"name\":\"Joist GmbH\",\"url\":\"https:\/\/joist.eu\/cms\/\",\"logo\":{\"@type\":\"ImageObject\",\"inLanguage\":\"de\",\"@id\":\"https:\/\/joist.eu\/cms\/#\/schema\/logo\/image\/\",\"url\":\"https:\/\/joist.eu\/cms\/wp-content\/uploads\/2016\/03\/logo.png\",\"contentUrl\":\"https:\/\/joist.eu\/cms\/wp-content\/uploads\/2016\/03\/logo.png\",\"width\":226,\"height\":76,\"caption\":\"Joist GmbH\"},\"image\":{\"@id\":\"https:\/\/joist.eu\/cms\/#\/schema\/logo\/image\/\"}}]}<\/script>\n<!-- \/ Yoast SEO plugin. -->","yoast_head_json":{"title":"JOIST-Serviceteam - Joist GmbH","robots":{"index":"index","follow":"follow","max-snippet":"max-snippet:-1","max-image-preview":"max-image-preview:large","max-video-preview":"max-video-preview:-1"},"canonical":"https:\/\/joist.eu\/cms\/joist-serviceteam\/","og_locale":"de_DE","og_type":"article","og_title":"JOIST-Serviceteam - Joist GmbH","og_description":"Une disponibilit\u00e9 maximale de notre assortiment nous sert de base d\u2019un bon service. Avec 100.000 articles de plus de 60 fabricants de marques en stock, nous sommes l&#8217;un des plus grands fournisseurs du commerce sp\u00e9cialis\u00e9 pour des pi\u00e8ces de rechange d&#8217;origine sur le march\u00e9 europ\u00e9en. Notre \u00e9quipe de service vous conseillera avec une expertise technique [&hellip;]","og_url":"https:\/\/joist.eu\/cms\/joist-serviceteam\/","og_site_name":"Joist GmbH","article_modified_time":"2020-05-26T12:29:52+00:00","og_image":[{"width":1024,"height":683,"url":"https:\/\/joist.eu\/cms\/wp-content\/uploads\/2016\/04\/joist_vertrieb_107-1024x683.jpg","type":"image\/jpeg"}],"twitter_card":"summary_large_image","twitter_misc":{"Gesch\u00e4tzte Lesezeit":"1\u00a0Minute"},"schema":{"@context":"https:\/\/schema.org","@graph":[{"@type":"WebPage","@id":"https:\/\/joist.eu\/cms\/joist-serviceteam\/","url":"https:\/\/joist.eu\/cms\/joist-serviceteam\/","name":"JOIST-Serviceteam - Joist GmbH","isPartOf":{"@id":"https:\/\/joist.eu\/cms\/#website"},"primaryImageOfPage":{"@id":"https:\/\/joist.eu\/cms\/joist-serviceteam\/#primaryimage"},"image":{"@id":"https:\/\/joist.eu\/cms\/joist-serviceteam\/#primaryimage"},"thumbnailUrl":"http:\/\/joist.eu\/cms\/wp-content\/uploads\/2016\/04\/joist_vertrieb_107-300x200.jpg","datePublished":"2016-04-07T15:30:09+00:00","dateModified":"2020-05-26T12:29:52+00:00","breadcrumb":{"@id":"https:\/\/joist.eu\/cms\/joist-serviceteam\/#breadcrumb"},"inLanguage":"de","potentialAction":[{"@type":"ReadAction","target":["https:\/\/joist.eu\/cms\/joist-serviceteam\/"]}]},{"@type":"ImageObject","inLanguage":"de","@id":"https:\/\/joist.eu\/cms\/joist-serviceteam\/#primaryimage","url":"http:\/\/joist.eu\/cms\/wp-content\/uploads\/2016\/04\/joist_vertrieb_107-300x200.jpg","contentUrl":"http:\/\/joist.eu\/cms\/wp-content\/uploads\/2016\/04\/joist_vertrieb_107-300x200.jpg"},{"@type":"BreadcrumbList","@id":"https:\/\/joist.eu\/cms\/joist-serviceteam\/#breadcrumb","itemListElement":[{"@type":"ListItem","position":1,"name":"Home","item":"https:\/\/joist.eu\/cms\/"},{"@type":"ListItem","position":2,"name":"JOIST-Serviceteam"}]},{"@type":"WebSite","@id":"https:\/\/joist.eu\/cms\/#website","url":"https:\/\/joist.eu\/cms\/","name":"Joist GmbH","description":"","publisher":{"@id":"https:\/\/joist.eu\/cms\/#organization"},"potentialAction":[{"@type":"SearchAction","target":{"@type":"EntryPoint","urlTemplate":"https:\/\/joist.eu\/cms\/?s={search_term_string}"},"query-input":{"@type":"PropertyValueSpecification","valueRequired":true,"valueName":"search_term_string"}}],"inLanguage":"de"},{"@type":"Organization","@id":"https:\/\/joist.eu\/cms\/#organization","name":"Joist GmbH","url":"https:\/\/joist.eu\/cms\/","logo":{"@type":"ImageObject","inLanguage":"de","@id":"https:\/\/joist.eu\/cms\/#\/schema\/logo\/image\/","url":"https:\/\/joist.eu\/cms\/wp-content\/uploads\/2016\/03\/logo.png","contentUrl":"https:\/\/joist.eu\/cms\/wp-content\/uploads\/2016\/03\/logo.png","width":226,"height":76,"caption":"Joist GmbH"},"image":{"@id":"https:\/\/joist.eu\/cms\/#\/schema\/logo\/image\/"}}]}},"_links":{"self":[{"href":"https:\/\/joist.eu\/cms\/wp-json\/wp\/v2\/pages\/708","targetHints":{"allow":["GET"]}}],"collection":[{"href":"https:\/\/joist.eu\/cms\/wp-json\/wp\/v2\/pages"}],"about":[{"href":"https:\/\/joist.eu\/cms\/wp-json\/wp\/v2\/types\/page"}],"author":[{"embeddable":true,"href":"https:\/\/joist.eu\/cms\/wp-json\/wp\/v2\/users\/2"}],"replies":[{"embeddable":true,"href":"https:\/\/joist.eu\/cms\/wp-json\/wp\/v2\/comments?post=708"}],"version-history":[{"count":0,"href":"https:\/\/joist.eu\/cms\/wp-json\/wp\/v2\/pages\/708\/revisions"}],"wp:attachment":[{"href":"https:\/\/joist.eu\/cms\/wp-json\/wp\/v2\/media?parent=708"}],"curies":[{"name":"wp","href":"https:\/\/api.w.org\/{rel}","templated":true}]}}