{"id":700,"date":"2016-04-07T17:02:38","date_gmt":"2016-04-07T15:02:38","guid":{"rendered":"http:\/\/joist.eu\/cms\/?page_id=700&#038;lang=fr"},"modified":"2020-05-26T13:13:50","modified_gmt":"2020-05-26T11:13:50","slug":"buchhaltung","status":"publish","type":"page","link":"https:\/\/joist.eu\/cms\/buchhaltung\/?lang=fr","title":{"rendered":"Comptabilit\u00e9"},"content":{"rendered":"<h2 class=\"green\"><img loading=\"lazy\" decoding=\"async\" class=\"alignright size-medium wp-image-1630\" src=\"http:\/\/joist.eu\/cms\/wp-content\/uploads\/2016\/04\/joist_still_115-300x200.jpg\" alt=\"joist_still_115\" width=\"300\" height=\"200\" srcset=\"https:\/\/joist.eu\/cms\/wp-content\/uploads\/2016\/04\/joist_still_115-300x200.jpg 300w, https:\/\/joist.eu\/cms\/wp-content\/uploads\/2016\/04\/joist_still_115-768x512.jpg 768w, https:\/\/joist.eu\/cms\/wp-content\/uploads\/2016\/04\/joist_still_115-1024x683.jpg 1024w\" sizes=\"auto, (max-width: 300px) 100vw, 300px\" \/><\/h2>\n<h2 class=\"green\">JOIST &#8211; Votre partenaire<\/h2>\n<p>La relation de confiance et la protection de vos donn\u00e9es personnelles est un imp\u00e9ratif absolu pour nous. Madame Lennartz et Madame Heske sont vos interlocutrices comp\u00e9tentes pour tout ce qui a trait \u00e0 vos paiement. Elles vous aident pour les op\u00e9rations de r\u00e9glements, factures et cr\u00e9dits.<\/p>\n<h2 class=\"green\">Votre ligne directe avec notre comptabilit\u00e9:<\/h2>\n<p>T\u00e9l\u00e9phone: +49 (0) 2251 106 130<\/p>\n","protected":false},"excerpt":{"rendered":"<p>JOIST &#8211; Votre partenaire La relation de confiance et la protection de vos donn\u00e9es personnelles est un imp\u00e9ratif absolu pour nous. Madame Lennartz et Madame Heske sont vos interlocutrices comp\u00e9tentes pour tout ce qui a trait \u00e0 vos paiement. Elles vous aident pour les op\u00e9rations de r\u00e9glements, factures et cr\u00e9dits. Votre ligne directe avec notre [&hellip;]<\/p>\n","protected":false},"author":2,"featured_media":0,"parent":0,"menu_order":0,"comment_status":"closed","ping_status":"closed","template":"","meta":{"_acf_changed":false,"footnotes":""},"class_list":["post-700","page","type-page","status-publish","hentry"],"acf":[],"yoast_head":"<!-- This site is optimized with the Yoast SEO plugin v24.0 - https:\/\/yoast.com\/wordpress\/plugins\/seo\/ -->\n<title>Comptabilit\u00e9 - Joist GmbH<\/title>\n<meta name=\"robots\" content=\"index, follow, max-snippet:-1, max-image-preview:large, max-video-preview:-1\" \/>\n<link rel=\"canonical\" href=\"https:\/\/joist.eu\/cms\/buchhaltung\/\" \/>\n<meta property=\"og:locale\" content=\"de_DE\" \/>\n<meta property=\"og:type\" content=\"article\" \/>\n<meta property=\"og:title\" content=\"Comptabilit\u00e9 - Joist GmbH\" \/>\n<meta property=\"og:description\" content=\"JOIST &#8211; Votre partenaire La relation de confiance et la protection de vos donn\u00e9es personnelles est un imp\u00e9ratif absolu pour nous. Madame Lennartz et Madame Heske sont vos interlocutrices comp\u00e9tentes pour tout ce qui a trait \u00e0 vos paiement. Elles vous aident pour les op\u00e9rations de r\u00e9glements, factures et cr\u00e9dits. Votre ligne directe avec notre [&hellip;]\" \/>\n<meta property=\"og:url\" content=\"https:\/\/joist.eu\/cms\/buchhaltung\/\" \/>\n<meta property=\"og:site_name\" content=\"Joist GmbH\" \/>\n<meta property=\"article:modified_time\" content=\"2020-05-26T11:13:50+00:00\" \/>\n<meta property=\"og:image\" content=\"https:\/\/joist.eu\/cms\/wp-content\/uploads\/2016\/04\/joist_still_115-1024x683.jpg\" \/>\n\t<meta property=\"og:image:width\" content=\"1024\" \/>\n\t<meta property=\"og:image:height\" content=\"683\" \/>\n\t<meta property=\"og:image:type\" content=\"image\/jpeg\" \/>\n<meta name=\"twitter:card\" content=\"summary_large_image\" \/>\n<script type=\"application\/ld+json\" class=\"yoast-schema-graph\">{\"@context\":\"https:\/\/schema.org\",\"@graph\":[{\"@type\":\"WebPage\",\"@id\":\"https:\/\/joist.eu\/cms\/buchhaltung\/\",\"url\":\"https:\/\/joist.eu\/cms\/buchhaltung\/\",\"name\":\"Comptabilit\u00e9 - Joist GmbH\",\"isPartOf\":{\"@id\":\"https:\/\/joist.eu\/cms\/#website\"},\"primaryImageOfPage\":{\"@id\":\"https:\/\/joist.eu\/cms\/buchhaltung\/#primaryimage\"},\"image\":{\"@id\":\"https:\/\/joist.eu\/cms\/buchhaltung\/#primaryimage\"},\"thumbnailUrl\":\"http:\/\/joist.eu\/cms\/wp-content\/uploads\/2016\/04\/joist_still_115-300x200.jpg\",\"datePublished\":\"2016-04-07T15:02:38+00:00\",\"dateModified\":\"2020-05-26T11:13:50+00:00\",\"breadcrumb\":{\"@id\":\"https:\/\/joist.eu\/cms\/buchhaltung\/#breadcrumb\"},\"inLanguage\":\"de\",\"potentialAction\":[{\"@type\":\"ReadAction\",\"target\":[\"https:\/\/joist.eu\/cms\/buchhaltung\/\"]}]},{\"@type\":\"ImageObject\",\"inLanguage\":\"de\",\"@id\":\"https:\/\/joist.eu\/cms\/buchhaltung\/#primaryimage\",\"url\":\"http:\/\/joist.eu\/cms\/wp-content\/uploads\/2016\/04\/joist_still_115-300x200.jpg\",\"contentUrl\":\"http:\/\/joist.eu\/cms\/wp-content\/uploads\/2016\/04\/joist_still_115-300x200.jpg\"},{\"@type\":\"BreadcrumbList\",\"@id\":\"https:\/\/joist.eu\/cms\/buchhaltung\/#breadcrumb\",\"itemListElement\":[{\"@type\":\"ListItem\",\"position\":1,\"name\":\"Home\",\"item\":\"https:\/\/joist.eu\/cms\/\"},{\"@type\":\"ListItem\",\"position\":2,\"name\":\"Comptabilit\u00e9\"}]},{\"@type\":\"WebSite\",\"@id\":\"https:\/\/joist.eu\/cms\/#website\",\"url\":\"https:\/\/joist.eu\/cms\/\",\"name\":\"Joist GmbH\",\"description\":\"\",\"publisher\":{\"@id\":\"https:\/\/joist.eu\/cms\/#organization\"},\"potentialAction\":[{\"@type\":\"SearchAction\",\"target\":{\"@type\":\"EntryPoint\",\"urlTemplate\":\"https:\/\/joist.eu\/cms\/?s={search_term_string}\"},\"query-input\":{\"@type\":\"PropertyValueSpecification\",\"valueRequired\":true,\"valueName\":\"search_term_string\"}}],\"inLanguage\":\"de\"},{\"@type\":\"Organization\",\"@id\":\"https:\/\/joist.eu\/cms\/#organization\",\"name\":\"Joist GmbH\",\"url\":\"https:\/\/joist.eu\/cms\/\",\"logo\":{\"@type\":\"ImageObject\",\"inLanguage\":\"de\",\"@id\":\"https:\/\/joist.eu\/cms\/#\/schema\/logo\/image\/\",\"url\":\"https:\/\/joist.eu\/cms\/wp-content\/uploads\/2016\/03\/logo.png\",\"contentUrl\":\"https:\/\/joist.eu\/cms\/wp-content\/uploads\/2016\/03\/logo.png\",\"width\":226,\"height\":76,\"caption\":\"Joist GmbH\"},\"image\":{\"@id\":\"https:\/\/joist.eu\/cms\/#\/schema\/logo\/image\/\"}}]}<\/script>\n<!-- \/ Yoast SEO plugin. -->","yoast_head_json":{"title":"Comptabilit\u00e9 - Joist GmbH","robots":{"index":"index","follow":"follow","max-snippet":"max-snippet:-1","max-image-preview":"max-image-preview:large","max-video-preview":"max-video-preview:-1"},"canonical":"https:\/\/joist.eu\/cms\/buchhaltung\/","og_locale":"de_DE","og_type":"article","og_title":"Comptabilit\u00e9 - Joist GmbH","og_description":"JOIST &#8211; Votre partenaire La relation de confiance et la protection de vos donn\u00e9es personnelles est un imp\u00e9ratif absolu pour nous. Madame Lennartz et Madame Heske sont vos interlocutrices comp\u00e9tentes pour tout ce qui a trait \u00e0 vos paiement. Elles vous aident pour les op\u00e9rations de r\u00e9glements, factures et cr\u00e9dits. Votre ligne directe avec notre [&hellip;]","og_url":"https:\/\/joist.eu\/cms\/buchhaltung\/","og_site_name":"Joist GmbH","article_modified_time":"2020-05-26T11:13:50+00:00","og_image":[{"width":1024,"height":683,"url":"https:\/\/joist.eu\/cms\/wp-content\/uploads\/2016\/04\/joist_still_115-1024x683.jpg","type":"image\/jpeg"}],"twitter_card":"summary_large_image","schema":{"@context":"https:\/\/schema.org","@graph":[{"@type":"WebPage","@id":"https:\/\/joist.eu\/cms\/buchhaltung\/","url":"https:\/\/joist.eu\/cms\/buchhaltung\/","name":"Comptabilit\u00e9 - Joist GmbH","isPartOf":{"@id":"https:\/\/joist.eu\/cms\/#website"},"primaryImageOfPage":{"@id":"https:\/\/joist.eu\/cms\/buchhaltung\/#primaryimage"},"image":{"@id":"https:\/\/joist.eu\/cms\/buchhaltung\/#primaryimage"},"thumbnailUrl":"http:\/\/joist.eu\/cms\/wp-content\/uploads\/2016\/04\/joist_still_115-300x200.jpg","datePublished":"2016-04-07T15:02:38+00:00","dateModified":"2020-05-26T11:13:50+00:00","breadcrumb":{"@id":"https:\/\/joist.eu\/cms\/buchhaltung\/#breadcrumb"},"inLanguage":"de","potentialAction":[{"@type":"ReadAction","target":["https:\/\/joist.eu\/cms\/buchhaltung\/"]}]},{"@type":"ImageObject","inLanguage":"de","@id":"https:\/\/joist.eu\/cms\/buchhaltung\/#primaryimage","url":"http:\/\/joist.eu\/cms\/wp-content\/uploads\/2016\/04\/joist_still_115-300x200.jpg","contentUrl":"http:\/\/joist.eu\/cms\/wp-content\/uploads\/2016\/04\/joist_still_115-300x200.jpg"},{"@type":"BreadcrumbList","@id":"https:\/\/joist.eu\/cms\/buchhaltung\/#breadcrumb","itemListElement":[{"@type":"ListItem","position":1,"name":"Home","item":"https:\/\/joist.eu\/cms\/"},{"@type":"ListItem","position":2,"name":"Comptabilit\u00e9"}]},{"@type":"WebSite","@id":"https:\/\/joist.eu\/cms\/#website","url":"https:\/\/joist.eu\/cms\/","name":"Joist GmbH","description":"","publisher":{"@id":"https:\/\/joist.eu\/cms\/#organization"},"potentialAction":[{"@type":"SearchAction","target":{"@type":"EntryPoint","urlTemplate":"https:\/\/joist.eu\/cms\/?s={search_term_string}"},"query-input":{"@type":"PropertyValueSpecification","valueRequired":true,"valueName":"search_term_string"}}],"inLanguage":"de"},{"@type":"Organization","@id":"https:\/\/joist.eu\/cms\/#organization","name":"Joist GmbH","url":"https:\/\/joist.eu\/cms\/","logo":{"@type":"ImageObject","inLanguage":"de","@id":"https:\/\/joist.eu\/cms\/#\/schema\/logo\/image\/","url":"https:\/\/joist.eu\/cms\/wp-content\/uploads\/2016\/03\/logo.png","contentUrl":"https:\/\/joist.eu\/cms\/wp-content\/uploads\/2016\/03\/logo.png","width":226,"height":76,"caption":"Joist GmbH"},"image":{"@id":"https:\/\/joist.eu\/cms\/#\/schema\/logo\/image\/"}}]}},"_links":{"self":[{"href":"https:\/\/joist.eu\/cms\/wp-json\/wp\/v2\/pages\/700","targetHints":{"allow":["GET"]}}],"collection":[{"href":"https:\/\/joist.eu\/cms\/wp-json\/wp\/v2\/pages"}],"about":[{"href":"https:\/\/joist.eu\/cms\/wp-json\/wp\/v2\/types\/page"}],"author":[{"embeddable":true,"href":"https:\/\/joist.eu\/cms\/wp-json\/wp\/v2\/users\/2"}],"replies":[{"embeddable":true,"href":"https:\/\/joist.eu\/cms\/wp-json\/wp\/v2\/comments?post=700"}],"version-history":[{"count":0,"href":"https:\/\/joist.eu\/cms\/wp-json\/wp\/v2\/pages\/700\/revisions"}],"wp:attachment":[{"href":"https:\/\/joist.eu\/cms\/wp-json\/wp\/v2\/media?parent=700"}],"curies":[{"name":"wp","href":"https:\/\/api.w.org\/{rel}","templated":true}]}}