{"id":606,"date":"2016-04-07T12:52:10","date_gmt":"2016-04-07T10:52:10","guid":{"rendered":"http:\/\/joist.eu\/cms\/?page_id=606&#038;lang=bfr"},"modified":"2016-05-13T16:52:15","modified_gmt":"2016-05-13T14:52:15","slug":"ueber-uns","status":"publish","type":"page","link":"https:\/\/joist.eu\/cms\/ueber-uns\/?lang=bfr","title":{"rendered":"Qui sommes nous"},"content":{"rendered":"<h2 class=\"green\">Depuis plus de 40 ans JOIST vend avec succ\u00e8s des pi\u00e8ces de rechange d&#8217;origine et des moteurs.<br \/>\n<img loading=\"lazy\" decoding=\"async\" class=\"alignleft size-medium wp-image-468\" src=\"http:\/\/joist.eu\/cms\/wp-content\/uploads\/2016\/04\/joist_aussen_002-300x200.jpg\" alt=\"joist_aussen_002\" width=\"300\" height=\"200\" srcset=\"https:\/\/joist.eu\/cms\/wp-content\/uploads\/2016\/04\/joist_aussen_002-300x200.jpg 300w, https:\/\/joist.eu\/cms\/wp-content\/uploads\/2016\/04\/joist_aussen_002-768x512.jpg 768w, https:\/\/joist.eu\/cms\/wp-content\/uploads\/2016\/04\/joist_aussen_002-1024x682.jpg 1024w\" sizes=\"auto, (max-width: 300px) 100vw, 300px\" \/><\/h2>\n<p>Nous savons ce qui motive nos clients et quels sont les d\u00e9veloppements de produits les plus actuels sur le march\u00e9.<br \/>\nEtant un des leaders des fournisseurs du commerce sp\u00e9cialis\u00e9 en Europe, nous soutenons nos clients avec des solutions individuelles et nous garantissons la qualit\u00e9 de chaque article que nous distribuons.<\/p>\n<h2 class=\"green\">Nous mettons l&#8217;accent sur le service, la rapidit\u00e9 et la fiabilit\u00e9.<\/h2>\n<p>Notre personnel qualifi\u00e9 et exp\u00e9riment\u00e9 vous conseille professionnellement au-del\u00e0 des produits individuels. En liaison avec notre grande capacit\u00e9 de stockage et l&#8217;infrastructure moderne nous garantissons toujours une livraison fiable, rapide et dans les meilleures d\u00e9lais.<\/p>\n","protected":false},"excerpt":{"rendered":"<p>Depuis plus de 40 ans JOIST vend avec succ\u00e8s des pi\u00e8ces de rechange d&#8217;origine et des moteurs. Nous savons ce qui motive nos clients et quels sont les d\u00e9veloppements de produits les plus actuels sur le march\u00e9. Etant un des leaders des fournisseurs du commerce sp\u00e9cialis\u00e9 en Europe, nous soutenons nos clients avec des solutions [&hellip;]<\/p>\n","protected":false},"author":2,"featured_media":0,"parent":0,"menu_order":0,"comment_status":"closed","ping_status":"closed","template":"","meta":{"_acf_changed":false,"footnotes":""},"class_list":["post-606","page","type-page","status-publish","hentry"],"acf":[],"yoast_head":"<!-- This site is optimized with the Yoast SEO plugin v24.0 - https:\/\/yoast.com\/wordpress\/plugins\/seo\/ -->\n<title>Qui sommes nous - Joist GmbH<\/title>\n<meta name=\"robots\" content=\"index, follow, max-snippet:-1, max-image-preview:large, max-video-preview:-1\" \/>\n<link rel=\"canonical\" href=\"https:\/\/joist.eu\/cms\/ueber-uns\/\" \/>\n<meta property=\"og:locale\" content=\"de_DE\" \/>\n<meta property=\"og:type\" content=\"article\" \/>\n<meta property=\"og:title\" content=\"Qui sommes nous - Joist GmbH\" \/>\n<meta property=\"og:description\" content=\"Depuis plus de 40 ans JOIST vend avec succ\u00e8s des pi\u00e8ces de rechange d&#8217;origine et des moteurs. Nous savons ce qui motive nos clients et quels sont les d\u00e9veloppements de produits les plus actuels sur le march\u00e9. Etant un des leaders des fournisseurs du commerce sp\u00e9cialis\u00e9 en Europe, nous soutenons nos clients avec des solutions [&hellip;]\" \/>\n<meta property=\"og:url\" content=\"https:\/\/joist.eu\/cms\/ueber-uns\/\" \/>\n<meta property=\"og:site_name\" content=\"Joist GmbH\" \/>\n<meta property=\"article:modified_time\" content=\"2016-05-13T14:52:15+00:00\" \/>\n<meta property=\"og:image\" content=\"https:\/\/joist.eu\/cms\/wp-content\/uploads\/2016\/04\/joist_aussen_002.jpg\" \/>\n\t<meta property=\"og:image:width\" content=\"3370\" \/>\n\t<meta property=\"og:image:height\" content=\"2246\" \/>\n\t<meta property=\"og:image:type\" content=\"image\/jpeg\" \/>\n<meta name=\"twitter:card\" content=\"summary_large_image\" \/>\n<meta name=\"twitter:label1\" content=\"Gesch\u00e4tzte Lesezeit\" \/>\n\t<meta name=\"twitter:data1\" content=\"1\u00a0Minute\" \/>\n<script type=\"application\/ld+json\" class=\"yoast-schema-graph\">{\"@context\":\"https:\/\/schema.org\",\"@graph\":[{\"@type\":\"WebPage\",\"@id\":\"https:\/\/joist.eu\/cms\/ueber-uns\/\",\"url\":\"https:\/\/joist.eu\/cms\/ueber-uns\/\",\"name\":\"Qui sommes nous - Joist GmbH\",\"isPartOf\":{\"@id\":\"https:\/\/joist.eu\/cms\/#website\"},\"primaryImageOfPage\":{\"@id\":\"https:\/\/joist.eu\/cms\/ueber-uns\/#primaryimage\"},\"image\":{\"@id\":\"https:\/\/joist.eu\/cms\/ueber-uns\/#primaryimage\"},\"thumbnailUrl\":\"http:\/\/joist.eu\/cms\/wp-content\/uploads\/2016\/04\/joist_aussen_002-300x200.jpg\",\"datePublished\":\"2016-04-07T10:52:10+00:00\",\"dateModified\":\"2016-05-13T14:52:15+00:00\",\"breadcrumb\":{\"@id\":\"https:\/\/joist.eu\/cms\/ueber-uns\/#breadcrumb\"},\"inLanguage\":\"de\",\"potentialAction\":[{\"@type\":\"ReadAction\",\"target\":[\"https:\/\/joist.eu\/cms\/ueber-uns\/\"]}]},{\"@type\":\"ImageObject\",\"inLanguage\":\"de\",\"@id\":\"https:\/\/joist.eu\/cms\/ueber-uns\/#primaryimage\",\"url\":\"http:\/\/joist.eu\/cms\/wp-content\/uploads\/2016\/04\/joist_aussen_002-300x200.jpg\",\"contentUrl\":\"http:\/\/joist.eu\/cms\/wp-content\/uploads\/2016\/04\/joist_aussen_002-300x200.jpg\"},{\"@type\":\"BreadcrumbList\",\"@id\":\"https:\/\/joist.eu\/cms\/ueber-uns\/#breadcrumb\",\"itemListElement\":[{\"@type\":\"ListItem\",\"position\":1,\"name\":\"Home\",\"item\":\"https:\/\/joist.eu\/cms\/\"},{\"@type\":\"ListItem\",\"position\":2,\"name\":\"Qui sommes nous\"}]},{\"@type\":\"WebSite\",\"@id\":\"https:\/\/joist.eu\/cms\/#website\",\"url\":\"https:\/\/joist.eu\/cms\/\",\"name\":\"Joist GmbH\",\"description\":\"\",\"publisher\":{\"@id\":\"https:\/\/joist.eu\/cms\/#organization\"},\"potentialAction\":[{\"@type\":\"SearchAction\",\"target\":{\"@type\":\"EntryPoint\",\"urlTemplate\":\"https:\/\/joist.eu\/cms\/?s={search_term_string}\"},\"query-input\":{\"@type\":\"PropertyValueSpecification\",\"valueRequired\":true,\"valueName\":\"search_term_string\"}}],\"inLanguage\":\"de\"},{\"@type\":\"Organization\",\"@id\":\"https:\/\/joist.eu\/cms\/#organization\",\"name\":\"Joist GmbH\",\"url\":\"https:\/\/joist.eu\/cms\/\",\"logo\":{\"@type\":\"ImageObject\",\"inLanguage\":\"de\",\"@id\":\"https:\/\/joist.eu\/cms\/#\/schema\/logo\/image\/\",\"url\":\"https:\/\/joist.eu\/cms\/wp-content\/uploads\/2016\/03\/logo.png\",\"contentUrl\":\"https:\/\/joist.eu\/cms\/wp-content\/uploads\/2016\/03\/logo.png\",\"width\":226,\"height\":76,\"caption\":\"Joist GmbH\"},\"image\":{\"@id\":\"https:\/\/joist.eu\/cms\/#\/schema\/logo\/image\/\"}}]}<\/script>\n<!-- \/ Yoast SEO plugin. -->","yoast_head_json":{"title":"Qui sommes nous - Joist GmbH","robots":{"index":"index","follow":"follow","max-snippet":"max-snippet:-1","max-image-preview":"max-image-preview:large","max-video-preview":"max-video-preview:-1"},"canonical":"https:\/\/joist.eu\/cms\/ueber-uns\/","og_locale":"de_DE","og_type":"article","og_title":"Qui sommes nous - Joist GmbH","og_description":"Depuis plus de 40 ans JOIST vend avec succ\u00e8s des pi\u00e8ces de rechange d&#8217;origine et des moteurs. Nous savons ce qui motive nos clients et quels sont les d\u00e9veloppements de produits les plus actuels sur le march\u00e9. Etant un des leaders des fournisseurs du commerce sp\u00e9cialis\u00e9 en Europe, nous soutenons nos clients avec des solutions [&hellip;]","og_url":"https:\/\/joist.eu\/cms\/ueber-uns\/","og_site_name":"Joist GmbH","article_modified_time":"2016-05-13T14:52:15+00:00","og_image":[{"width":3370,"height":2246,"url":"https:\/\/joist.eu\/cms\/wp-content\/uploads\/2016\/04\/joist_aussen_002.jpg","type":"image\/jpeg"}],"twitter_card":"summary_large_image","twitter_misc":{"Gesch\u00e4tzte Lesezeit":"1\u00a0Minute"},"schema":{"@context":"https:\/\/schema.org","@graph":[{"@type":"WebPage","@id":"https:\/\/joist.eu\/cms\/ueber-uns\/","url":"https:\/\/joist.eu\/cms\/ueber-uns\/","name":"Qui sommes nous - Joist GmbH","isPartOf":{"@id":"https:\/\/joist.eu\/cms\/#website"},"primaryImageOfPage":{"@id":"https:\/\/joist.eu\/cms\/ueber-uns\/#primaryimage"},"image":{"@id":"https:\/\/joist.eu\/cms\/ueber-uns\/#primaryimage"},"thumbnailUrl":"http:\/\/joist.eu\/cms\/wp-content\/uploads\/2016\/04\/joist_aussen_002-300x200.jpg","datePublished":"2016-04-07T10:52:10+00:00","dateModified":"2016-05-13T14:52:15+00:00","breadcrumb":{"@id":"https:\/\/joist.eu\/cms\/ueber-uns\/#breadcrumb"},"inLanguage":"de","potentialAction":[{"@type":"ReadAction","target":["https:\/\/joist.eu\/cms\/ueber-uns\/"]}]},{"@type":"ImageObject","inLanguage":"de","@id":"https:\/\/joist.eu\/cms\/ueber-uns\/#primaryimage","url":"http:\/\/joist.eu\/cms\/wp-content\/uploads\/2016\/04\/joist_aussen_002-300x200.jpg","contentUrl":"http:\/\/joist.eu\/cms\/wp-content\/uploads\/2016\/04\/joist_aussen_002-300x200.jpg"},{"@type":"BreadcrumbList","@id":"https:\/\/joist.eu\/cms\/ueber-uns\/#breadcrumb","itemListElement":[{"@type":"ListItem","position":1,"name":"Home","item":"https:\/\/joist.eu\/cms\/"},{"@type":"ListItem","position":2,"name":"Qui sommes nous"}]},{"@type":"WebSite","@id":"https:\/\/joist.eu\/cms\/#website","url":"https:\/\/joist.eu\/cms\/","name":"Joist GmbH","description":"","publisher":{"@id":"https:\/\/joist.eu\/cms\/#organization"},"potentialAction":[{"@type":"SearchAction","target":{"@type":"EntryPoint","urlTemplate":"https:\/\/joist.eu\/cms\/?s={search_term_string}"},"query-input":{"@type":"PropertyValueSpecification","valueRequired":true,"valueName":"search_term_string"}}],"inLanguage":"de"},{"@type":"Organization","@id":"https:\/\/joist.eu\/cms\/#organization","name":"Joist GmbH","url":"https:\/\/joist.eu\/cms\/","logo":{"@type":"ImageObject","inLanguage":"de","@id":"https:\/\/joist.eu\/cms\/#\/schema\/logo\/image\/","url":"https:\/\/joist.eu\/cms\/wp-content\/uploads\/2016\/03\/logo.png","contentUrl":"https:\/\/joist.eu\/cms\/wp-content\/uploads\/2016\/03\/logo.png","width":226,"height":76,"caption":"Joist GmbH"},"image":{"@id":"https:\/\/joist.eu\/cms\/#\/schema\/logo\/image\/"}}]}},"_links":{"self":[{"href":"https:\/\/joist.eu\/cms\/wp-json\/wp\/v2\/pages\/606","targetHints":{"allow":["GET"]}}],"collection":[{"href":"https:\/\/joist.eu\/cms\/wp-json\/wp\/v2\/pages"}],"about":[{"href":"https:\/\/joist.eu\/cms\/wp-json\/wp\/v2\/types\/page"}],"author":[{"embeddable":true,"href":"https:\/\/joist.eu\/cms\/wp-json\/wp\/v2\/users\/2"}],"replies":[{"embeddable":true,"href":"https:\/\/joist.eu\/cms\/wp-json\/wp\/v2\/comments?post=606"}],"version-history":[{"count":0,"href":"https:\/\/joist.eu\/cms\/wp-json\/wp\/v2\/pages\/606\/revisions"}],"wp:attachment":[{"href":"https:\/\/joist.eu\/cms\/wp-json\/wp\/v2\/media?parent=606"}],"curies":[{"name":"wp","href":"https:\/\/api.w.org\/{rel}","templated":true}]}}