{"id":567,"date":"2016-04-07T11:30:50","date_gmt":"2016-04-07T09:30:50","guid":{"rendered":"http:\/\/joist.eu\/cms\/?page_id=567&#038;lang=fr"},"modified":"2023-11-20T13:15:53","modified_gmt":"2023-11-20T12:15:53","slug":"kundenbetreuung","status":"publish","type":"page","link":"https:\/\/joist.eu\/cms\/kundenbetreuung\/?lang=fr","title":{"rendered":"Service \u00e0 la client\u00e8le &#038; Retour"},"content":{"rendered":"<h2 class=\"green\"><img loading=\"lazy\" decoding=\"async\" class=\"alignright size-medium wp-image-561\" src=\"http:\/\/joist.eu\/cms\/wp-content\/uploads\/2016\/04\/joist_lager_021-300x200.jpg\" alt=\"joist_lager_021\" width=\"300\" height=\"200\" srcset=\"https:\/\/joist.eu\/cms\/wp-content\/uploads\/2016\/04\/joist_lager_021-300x200.jpg 300w, https:\/\/joist.eu\/cms\/wp-content\/uploads\/2016\/04\/joist_lager_021-768x512.jpg 768w, https:\/\/joist.eu\/cms\/wp-content\/uploads\/2016\/04\/joist_lager_021-1024x682.jpg 1024w\" sizes=\"auto, (max-width: 300px) 100vw, 300px\" \/><\/h2>\n<h2 class=\"green\">Qualit\u00e9 oblige<\/h2>\n<p>La qualit\u00e9 des produits et la s\u00e9curit\u00e9 de nos clients sont toujours notre priorit\u00e9. Si un article que vous avez achet\u00e9 chez nous dans la p\u00e9riode de garantie montre des d\u00e9fauts, contactez notre \u00e9quipe de service, svp. &#8211; nous clarifions \u00e7a pour vous.<\/p>\n<h2 class=\"green\">Avez-vous des questions concernant votre commande ou vous avez un retour \u00e0 d\u00e9clarer?<\/h2>\n<p>Diff\u00e9rentes demandes \u2013 diff\u00e9rentes questions. Mais l\u2019important ici &#8211; que vous obtenez une solution rapide et facile. Mme Vieth resteront \u00e0 votre disposition pour toutes questions concernant commande, r\u00e9clamation ou retour.<\/p>\n<p>Vous avez un probl\u00e8me avec votre commande? Nous nous chargeons de la reprise et \u2013 le cas \u00e9ch\u00e9ant \u2013 du remplacement &#8211; Fid\u00e8le \u00e0 notre devise: vite. fiable. fort.<\/p>\n<h2 class=\"green\">Proc\u00e9dure d\u2019enl\u00e8vement des marchandises:<\/h2>\n<p style=\"padding-left: 30px;\">Veuillez remplir et nous envoyer le formulaire de demande de retour pour v\u00e9rification et validation.<\/p>\n<p style=\"padding-left: 30px;\">La marchandise \u00e0 retourner et la demande de retour approuv\u00e9 (RMA) doivent \u00eatre emball\u00e9es.<\/p>\n<p style=\"padding-left: 30px;\">Un courrier s\u2019occupe de l\u2019enl\u00e8vement le jour ouvrable suivant chez vous.<\/p>\n<h2 class=\"green\">Nos Lignes directes au service client\u00e8le:<\/h2>\n<p>T\u00e9l\u00e9phone: +49 (0) 2251 106 1410 &amp; 106 1411<br \/>\nFax: +49 (0) 2251 106 1413<br \/>\nE-Mail: service@joist.de<\/p>\n","protected":false},"excerpt":{"rendered":"<p>Qualit\u00e9 oblige La qualit\u00e9 des produits et la s\u00e9curit\u00e9 de nos clients sont toujours notre priorit\u00e9. Si un article que vous avez achet\u00e9 chez nous dans la p\u00e9riode de garantie montre des d\u00e9fauts, contactez notre \u00e9quipe de service, svp. &#8211; nous clarifions \u00e7a pour vous. Avez-vous des questions concernant votre commande ou vous avez un [&hellip;]<\/p>\n","protected":false},"author":2,"featured_media":0,"parent":0,"menu_order":0,"comment_status":"closed","ping_status":"closed","template":"","meta":{"_acf_changed":false,"footnotes":""},"class_list":["post-567","page","type-page","status-publish","hentry"],"acf":[],"yoast_head":"<!-- This site is optimized with the Yoast SEO plugin v24.0 - https:\/\/yoast.com\/wordpress\/plugins\/seo\/ -->\n<title>Service \u00e0 la client\u00e8le &amp; Retour - Joist GmbH<\/title>\n<meta name=\"robots\" content=\"index, follow, max-snippet:-1, max-image-preview:large, max-video-preview:-1\" \/>\n<link rel=\"canonical\" href=\"https:\/\/joist.eu\/cms\/kundenbetreuung\/\" \/>\n<meta property=\"og:locale\" content=\"de_DE\" \/>\n<meta property=\"og:type\" content=\"article\" \/>\n<meta property=\"og:title\" content=\"Service \u00e0 la client\u00e8le &amp; Retour - Joist GmbH\" \/>\n<meta property=\"og:description\" content=\"Qualit\u00e9 oblige La qualit\u00e9 des produits et la s\u00e9curit\u00e9 de nos clients sont toujours notre priorit\u00e9. Si un article que vous avez achet\u00e9 chez nous dans la p\u00e9riode de garantie montre des d\u00e9fauts, contactez notre \u00e9quipe de service, svp. &#8211; nous clarifions \u00e7a pour vous. Avez-vous des questions concernant votre commande ou vous avez un [&hellip;]\" \/>\n<meta property=\"og:url\" content=\"https:\/\/joist.eu\/cms\/kundenbetreuung\/\" \/>\n<meta property=\"og:site_name\" content=\"Joist GmbH\" \/>\n<meta property=\"article:modified_time\" content=\"2023-11-20T12:15:53+00:00\" \/>\n<meta property=\"og:image\" content=\"https:\/\/joist.eu\/cms\/wp-content\/uploads\/2016\/04\/joist_lager_021.jpg\" \/>\n\t<meta property=\"og:image:width\" content=\"3370\" \/>\n\t<meta property=\"og:image:height\" content=\"2246\" \/>\n\t<meta property=\"og:image:type\" content=\"image\/jpeg\" \/>\n<meta name=\"twitter:card\" content=\"summary_large_image\" \/>\n<meta name=\"twitter:label1\" content=\"Gesch\u00e4tzte Lesezeit\" \/>\n\t<meta name=\"twitter:data1\" content=\"1\u00a0Minute\" \/>\n<script type=\"application\/ld+json\" class=\"yoast-schema-graph\">{\"@context\":\"https:\/\/schema.org\",\"@graph\":[{\"@type\":\"WebPage\",\"@id\":\"https:\/\/joist.eu\/cms\/kundenbetreuung\/\",\"url\":\"https:\/\/joist.eu\/cms\/kundenbetreuung\/\",\"name\":\"Service \u00e0 la client\u00e8le & Retour - Joist GmbH\",\"isPartOf\":{\"@id\":\"https:\/\/joist.eu\/cms\/#website\"},\"primaryImageOfPage\":{\"@id\":\"https:\/\/joist.eu\/cms\/kundenbetreuung\/#primaryimage\"},\"image\":{\"@id\":\"https:\/\/joist.eu\/cms\/kundenbetreuung\/#primaryimage\"},\"thumbnailUrl\":\"http:\/\/joist.eu\/cms\/wp-content\/uploads\/2016\/04\/joist_lager_021-300x200.jpg\",\"datePublished\":\"2016-04-07T09:30:50+00:00\",\"dateModified\":\"2023-11-20T12:15:53+00:00\",\"breadcrumb\":{\"@id\":\"https:\/\/joist.eu\/cms\/kundenbetreuung\/#breadcrumb\"},\"inLanguage\":\"de\",\"potentialAction\":[{\"@type\":\"ReadAction\",\"target\":[\"https:\/\/joist.eu\/cms\/kundenbetreuung\/\"]}]},{\"@type\":\"ImageObject\",\"inLanguage\":\"de\",\"@id\":\"https:\/\/joist.eu\/cms\/kundenbetreuung\/#primaryimage\",\"url\":\"http:\/\/joist.eu\/cms\/wp-content\/uploads\/2016\/04\/joist_lager_021-300x200.jpg\",\"contentUrl\":\"http:\/\/joist.eu\/cms\/wp-content\/uploads\/2016\/04\/joist_lager_021-300x200.jpg\"},{\"@type\":\"BreadcrumbList\",\"@id\":\"https:\/\/joist.eu\/cms\/kundenbetreuung\/#breadcrumb\",\"itemListElement\":[{\"@type\":\"ListItem\",\"position\":1,\"name\":\"Home\",\"item\":\"https:\/\/joist.eu\/cms\/\"},{\"@type\":\"ListItem\",\"position\":2,\"name\":\"Service \u00e0 la client\u00e8le &#038; Retour\"}]},{\"@type\":\"WebSite\",\"@id\":\"https:\/\/joist.eu\/cms\/#website\",\"url\":\"https:\/\/joist.eu\/cms\/\",\"name\":\"Joist GmbH\",\"description\":\"\",\"publisher\":{\"@id\":\"https:\/\/joist.eu\/cms\/#organization\"},\"potentialAction\":[{\"@type\":\"SearchAction\",\"target\":{\"@type\":\"EntryPoint\",\"urlTemplate\":\"https:\/\/joist.eu\/cms\/?s={search_term_string}\"},\"query-input\":{\"@type\":\"PropertyValueSpecification\",\"valueRequired\":true,\"valueName\":\"search_term_string\"}}],\"inLanguage\":\"de\"},{\"@type\":\"Organization\",\"@id\":\"https:\/\/joist.eu\/cms\/#organization\",\"name\":\"Joist GmbH\",\"url\":\"https:\/\/joist.eu\/cms\/\",\"logo\":{\"@type\":\"ImageObject\",\"inLanguage\":\"de\",\"@id\":\"https:\/\/joist.eu\/cms\/#\/schema\/logo\/image\/\",\"url\":\"https:\/\/joist.eu\/cms\/wp-content\/uploads\/2016\/03\/logo.png\",\"contentUrl\":\"https:\/\/joist.eu\/cms\/wp-content\/uploads\/2016\/03\/logo.png\",\"width\":226,\"height\":76,\"caption\":\"Joist GmbH\"},\"image\":{\"@id\":\"https:\/\/joist.eu\/cms\/#\/schema\/logo\/image\/\"}}]}<\/script>\n<!-- \/ Yoast SEO plugin. -->","yoast_head_json":{"title":"Service \u00e0 la client\u00e8le & Retour - Joist GmbH","robots":{"index":"index","follow":"follow","max-snippet":"max-snippet:-1","max-image-preview":"max-image-preview:large","max-video-preview":"max-video-preview:-1"},"canonical":"https:\/\/joist.eu\/cms\/kundenbetreuung\/","og_locale":"de_DE","og_type":"article","og_title":"Service \u00e0 la client\u00e8le & Retour - Joist GmbH","og_description":"Qualit\u00e9 oblige La qualit\u00e9 des produits et la s\u00e9curit\u00e9 de nos clients sont toujours notre priorit\u00e9. Si un article que vous avez achet\u00e9 chez nous dans la p\u00e9riode de garantie montre des d\u00e9fauts, contactez notre \u00e9quipe de service, svp. &#8211; nous clarifions \u00e7a pour vous. Avez-vous des questions concernant votre commande ou vous avez un [&hellip;]","og_url":"https:\/\/joist.eu\/cms\/kundenbetreuung\/","og_site_name":"Joist GmbH","article_modified_time":"2023-11-20T12:15:53+00:00","og_image":[{"width":3370,"height":2246,"url":"https:\/\/joist.eu\/cms\/wp-content\/uploads\/2016\/04\/joist_lager_021.jpg","type":"image\/jpeg"}],"twitter_card":"summary_large_image","twitter_misc":{"Gesch\u00e4tzte Lesezeit":"1\u00a0Minute"},"schema":{"@context":"https:\/\/schema.org","@graph":[{"@type":"WebPage","@id":"https:\/\/joist.eu\/cms\/kundenbetreuung\/","url":"https:\/\/joist.eu\/cms\/kundenbetreuung\/","name":"Service \u00e0 la client\u00e8le & Retour - Joist GmbH","isPartOf":{"@id":"https:\/\/joist.eu\/cms\/#website"},"primaryImageOfPage":{"@id":"https:\/\/joist.eu\/cms\/kundenbetreuung\/#primaryimage"},"image":{"@id":"https:\/\/joist.eu\/cms\/kundenbetreuung\/#primaryimage"},"thumbnailUrl":"http:\/\/joist.eu\/cms\/wp-content\/uploads\/2016\/04\/joist_lager_021-300x200.jpg","datePublished":"2016-04-07T09:30:50+00:00","dateModified":"2023-11-20T12:15:53+00:00","breadcrumb":{"@id":"https:\/\/joist.eu\/cms\/kundenbetreuung\/#breadcrumb"},"inLanguage":"de","potentialAction":[{"@type":"ReadAction","target":["https:\/\/joist.eu\/cms\/kundenbetreuung\/"]}]},{"@type":"ImageObject","inLanguage":"de","@id":"https:\/\/joist.eu\/cms\/kundenbetreuung\/#primaryimage","url":"http:\/\/joist.eu\/cms\/wp-content\/uploads\/2016\/04\/joist_lager_021-300x200.jpg","contentUrl":"http:\/\/joist.eu\/cms\/wp-content\/uploads\/2016\/04\/joist_lager_021-300x200.jpg"},{"@type":"BreadcrumbList","@id":"https:\/\/joist.eu\/cms\/kundenbetreuung\/#breadcrumb","itemListElement":[{"@type":"ListItem","position":1,"name":"Home","item":"https:\/\/joist.eu\/cms\/"},{"@type":"ListItem","position":2,"name":"Service \u00e0 la client\u00e8le &#038; Retour"}]},{"@type":"WebSite","@id":"https:\/\/joist.eu\/cms\/#website","url":"https:\/\/joist.eu\/cms\/","name":"Joist GmbH","description":"","publisher":{"@id":"https:\/\/joist.eu\/cms\/#organization"},"potentialAction":[{"@type":"SearchAction","target":{"@type":"EntryPoint","urlTemplate":"https:\/\/joist.eu\/cms\/?s={search_term_string}"},"query-input":{"@type":"PropertyValueSpecification","valueRequired":true,"valueName":"search_term_string"}}],"inLanguage":"de"},{"@type":"Organization","@id":"https:\/\/joist.eu\/cms\/#organization","name":"Joist GmbH","url":"https:\/\/joist.eu\/cms\/","logo":{"@type":"ImageObject","inLanguage":"de","@id":"https:\/\/joist.eu\/cms\/#\/schema\/logo\/image\/","url":"https:\/\/joist.eu\/cms\/wp-content\/uploads\/2016\/03\/logo.png","contentUrl":"https:\/\/joist.eu\/cms\/wp-content\/uploads\/2016\/03\/logo.png","width":226,"height":76,"caption":"Joist GmbH"},"image":{"@id":"https:\/\/joist.eu\/cms\/#\/schema\/logo\/image\/"}}]}},"_links":{"self":[{"href":"https:\/\/joist.eu\/cms\/wp-json\/wp\/v2\/pages\/567","targetHints":{"allow":["GET"]}}],"collection":[{"href":"https:\/\/joist.eu\/cms\/wp-json\/wp\/v2\/pages"}],"about":[{"href":"https:\/\/joist.eu\/cms\/wp-json\/wp\/v2\/types\/page"}],"author":[{"embeddable":true,"href":"https:\/\/joist.eu\/cms\/wp-json\/wp\/v2\/users\/2"}],"replies":[{"embeddable":true,"href":"https:\/\/joist.eu\/cms\/wp-json\/wp\/v2\/comments?post=567"}],"version-history":[{"count":0,"href":"https:\/\/joist.eu\/cms\/wp-json\/wp\/v2\/pages\/567\/revisions"}],"wp:attachment":[{"href":"https:\/\/joist.eu\/cms\/wp-json\/wp\/v2\/media?parent=567"}],"curies":[{"name":"wp","href":"https:\/\/api.w.org\/{rel}","templated":true}]}}