{"id":555,"date":"2016-04-07T10:43:04","date_gmt":"2016-04-07T08:43:04","guid":{"rendered":"http:\/\/joist.eu\/cms\/?page_id=555&#038;lang=bfr"},"modified":"2019-01-14T14:25:18","modified_gmt":"2019-01-14T13:25:18","slug":"werkstatt-schulung","status":"publish","type":"page","link":"https:\/\/joist.eu\/cms\/werkstatt-schulung\/?lang=bfr","title":{"rendered":"Atelier &#038; Formations"},"content":{"rendered":"<h2 class=\"green\"><img loading=\"lazy\" decoding=\"async\" class=\" wp-image-438 alignright\" src=\"http:\/\/joist.eu\/cms\/wp-content\/uploads\/2016\/04\/joist_werkstatt_065-300x200.jpg\" alt=\"joist_werkstatt_065\" width=\"463\" height=\"309\" srcset=\"https:\/\/joist.eu\/cms\/wp-content\/uploads\/2016\/04\/joist_werkstatt_065-300x200.jpg 300w, https:\/\/joist.eu\/cms\/wp-content\/uploads\/2016\/04\/joist_werkstatt_065-768x512.jpg 768w, https:\/\/joist.eu\/cms\/wp-content\/uploads\/2016\/04\/joist_werkstatt_065-1024x682.jpg 1024w\" sizes=\"auto, (max-width: 463px) 100vw, 463px\" \/><\/h2>\n<h2 class=\"green\">Plus de 40 ans d&#8217;exp\u00e9rience!<\/h2>\n<p>Depuis plus de 40 ans, JOIST s\u2019occupe de pi\u00e8ces de rechange pour \u00e9quipements de jardin et motoculture ainsi que la sylviculture. Briggs &amp; Stratton, Honda, Kawasaki, Oregon, &#8230; &#8211; nos techniciens du service apr\u00e8s-vente sont toujours \u00e0 jour. Cela vous permet, comme pour votre client\u00e8le de tirer parti de la derni\u00e8re expertise et des ann\u00e9es d&#8217;exp\u00e9rience. Dans nos ateliers, nous nous occupons de la garantie ou effectuons des r\u00e9parations compl\u00e8tes du moteur sur demande.<\/p>\n<h2 class=\"green\">Sur rendez-vous et en dehors de l&#8217;atelier, nous vous transmettons \u00e9galement nos connaissances.<\/h2>\n<p>En hiver, nous vous proposons une s\u00e9lection de formations pratiques dans diff\u00e9rents domaines. Nous ne vous entra\u00eenons pas seulement \u00e0 Euskirchen, mais aussi dans tout le pays et pr\u00e8s de chez vous. D\u00e9couvrez et demandez notre programme de formation par t\u00e9l\u00e9phone.<\/p>\n<p>&nbsp;<\/p>\n","protected":false},"excerpt":{"rendered":"<p>Plus de 40 ans d&#8217;exp\u00e9rience! Depuis plus de 40 ans, JOIST s\u2019occupe de pi\u00e8ces de rechange pour \u00e9quipements de jardin et motoculture ainsi que la sylviculture. Briggs &amp; Stratton, Honda, Kawasaki, Oregon, &#8230; &#8211; nos techniciens du service apr\u00e8s-vente sont toujours \u00e0 jour. Cela vous permet, comme pour votre client\u00e8le de tirer parti de la [&hellip;]<\/p>\n","protected":false},"author":2,"featured_media":0,"parent":0,"menu_order":0,"comment_status":"closed","ping_status":"closed","template":"","meta":{"_acf_changed":false,"footnotes":""},"class_list":["post-555","page","type-page","status-publish","hentry"],"acf":[],"yoast_head":"<!-- This site is optimized with the Yoast SEO plugin v24.0 - https:\/\/yoast.com\/wordpress\/plugins\/seo\/ -->\n<title>Atelier &amp; Formations - Joist GmbH<\/title>\n<meta name=\"robots\" content=\"index, follow, max-snippet:-1, max-image-preview:large, max-video-preview:-1\" \/>\n<link rel=\"canonical\" href=\"https:\/\/joist.eu\/cms\/werkstatt-schulung\/\" \/>\n<meta property=\"og:locale\" content=\"de_DE\" \/>\n<meta property=\"og:type\" content=\"article\" \/>\n<meta property=\"og:title\" content=\"Atelier &amp; Formations - Joist GmbH\" \/>\n<meta property=\"og:description\" content=\"Plus de 40 ans d&#8217;exp\u00e9rience! Depuis plus de 40 ans, JOIST s\u2019occupe de pi\u00e8ces de rechange pour \u00e9quipements de jardin et motoculture ainsi que la sylviculture. Briggs &amp; Stratton, Honda, Kawasaki, Oregon, &#8230; &#8211; nos techniciens du service apr\u00e8s-vente sont toujours \u00e0 jour. Cela vous permet, comme pour votre client\u00e8le de tirer parti de la [&hellip;]\" \/>\n<meta property=\"og:url\" content=\"https:\/\/joist.eu\/cms\/werkstatt-schulung\/\" \/>\n<meta property=\"og:site_name\" content=\"Joist GmbH\" \/>\n<meta property=\"article:modified_time\" content=\"2019-01-14T13:25:18+00:00\" \/>\n<meta property=\"og:image\" content=\"https:\/\/joist.eu\/cms\/wp-content\/uploads\/2016\/04\/joist_werkstatt_065.jpg\" \/>\n\t<meta property=\"og:image:width\" content=\"3370\" \/>\n\t<meta property=\"og:image:height\" content=\"2246\" \/>\n\t<meta property=\"og:image:type\" content=\"image\/jpeg\" \/>\n<meta name=\"twitter:card\" content=\"summary_large_image\" \/>\n<meta name=\"twitter:label1\" content=\"Gesch\u00e4tzte Lesezeit\" \/>\n\t<meta name=\"twitter:data1\" content=\"1\u00a0Minute\" \/>\n<script type=\"application\/ld+json\" class=\"yoast-schema-graph\">{\"@context\":\"https:\/\/schema.org\",\"@graph\":[{\"@type\":\"WebPage\",\"@id\":\"https:\/\/joist.eu\/cms\/werkstatt-schulung\/\",\"url\":\"https:\/\/joist.eu\/cms\/werkstatt-schulung\/\",\"name\":\"Atelier & Formations - Joist GmbH\",\"isPartOf\":{\"@id\":\"https:\/\/joist.eu\/cms\/#website\"},\"primaryImageOfPage\":{\"@id\":\"https:\/\/joist.eu\/cms\/werkstatt-schulung\/#primaryimage\"},\"image\":{\"@id\":\"https:\/\/joist.eu\/cms\/werkstatt-schulung\/#primaryimage\"},\"thumbnailUrl\":\"http:\/\/joist.eu\/cms\/wp-content\/uploads\/2016\/04\/joist_werkstatt_065-300x200.jpg\",\"datePublished\":\"2016-04-07T08:43:04+00:00\",\"dateModified\":\"2019-01-14T13:25:18+00:00\",\"breadcrumb\":{\"@id\":\"https:\/\/joist.eu\/cms\/werkstatt-schulung\/#breadcrumb\"},\"inLanguage\":\"de\",\"potentialAction\":[{\"@type\":\"ReadAction\",\"target\":[\"https:\/\/joist.eu\/cms\/werkstatt-schulung\/\"]}]},{\"@type\":\"ImageObject\",\"inLanguage\":\"de\",\"@id\":\"https:\/\/joist.eu\/cms\/werkstatt-schulung\/#primaryimage\",\"url\":\"http:\/\/joist.eu\/cms\/wp-content\/uploads\/2016\/04\/joist_werkstatt_065-300x200.jpg\",\"contentUrl\":\"http:\/\/joist.eu\/cms\/wp-content\/uploads\/2016\/04\/joist_werkstatt_065-300x200.jpg\"},{\"@type\":\"BreadcrumbList\",\"@id\":\"https:\/\/joist.eu\/cms\/werkstatt-schulung\/#breadcrumb\",\"itemListElement\":[{\"@type\":\"ListItem\",\"position\":1,\"name\":\"Home\",\"item\":\"https:\/\/joist.eu\/cms\/\"},{\"@type\":\"ListItem\",\"position\":2,\"name\":\"Atelier &#038; Formations\"}]},{\"@type\":\"WebSite\",\"@id\":\"https:\/\/joist.eu\/cms\/#website\",\"url\":\"https:\/\/joist.eu\/cms\/\",\"name\":\"Joist GmbH\",\"description\":\"\",\"publisher\":{\"@id\":\"https:\/\/joist.eu\/cms\/#organization\"},\"potentialAction\":[{\"@type\":\"SearchAction\",\"target\":{\"@type\":\"EntryPoint\",\"urlTemplate\":\"https:\/\/joist.eu\/cms\/?s={search_term_string}\"},\"query-input\":{\"@type\":\"PropertyValueSpecification\",\"valueRequired\":true,\"valueName\":\"search_term_string\"}}],\"inLanguage\":\"de\"},{\"@type\":\"Organization\",\"@id\":\"https:\/\/joist.eu\/cms\/#organization\",\"name\":\"Joist GmbH\",\"url\":\"https:\/\/joist.eu\/cms\/\",\"logo\":{\"@type\":\"ImageObject\",\"inLanguage\":\"de\",\"@id\":\"https:\/\/joist.eu\/cms\/#\/schema\/logo\/image\/\",\"url\":\"https:\/\/joist.eu\/cms\/wp-content\/uploads\/2016\/03\/logo.png\",\"contentUrl\":\"https:\/\/joist.eu\/cms\/wp-content\/uploads\/2016\/03\/logo.png\",\"width\":226,\"height\":76,\"caption\":\"Joist GmbH\"},\"image\":{\"@id\":\"https:\/\/joist.eu\/cms\/#\/schema\/logo\/image\/\"}}]}<\/script>\n<!-- \/ Yoast SEO plugin. -->","yoast_head_json":{"title":"Atelier & Formations - Joist GmbH","robots":{"index":"index","follow":"follow","max-snippet":"max-snippet:-1","max-image-preview":"max-image-preview:large","max-video-preview":"max-video-preview:-1"},"canonical":"https:\/\/joist.eu\/cms\/werkstatt-schulung\/","og_locale":"de_DE","og_type":"article","og_title":"Atelier & Formations - Joist GmbH","og_description":"Plus de 40 ans d&#8217;exp\u00e9rience! Depuis plus de 40 ans, JOIST s\u2019occupe de pi\u00e8ces de rechange pour \u00e9quipements de jardin et motoculture ainsi que la sylviculture. Briggs &amp; Stratton, Honda, Kawasaki, Oregon, &#8230; &#8211; nos techniciens du service apr\u00e8s-vente sont toujours \u00e0 jour. Cela vous permet, comme pour votre client\u00e8le de tirer parti de la [&hellip;]","og_url":"https:\/\/joist.eu\/cms\/werkstatt-schulung\/","og_site_name":"Joist GmbH","article_modified_time":"2019-01-14T13:25:18+00:00","og_image":[{"width":3370,"height":2246,"url":"https:\/\/joist.eu\/cms\/wp-content\/uploads\/2016\/04\/joist_werkstatt_065.jpg","type":"image\/jpeg"}],"twitter_card":"summary_large_image","twitter_misc":{"Gesch\u00e4tzte Lesezeit":"1\u00a0Minute"},"schema":{"@context":"https:\/\/schema.org","@graph":[{"@type":"WebPage","@id":"https:\/\/joist.eu\/cms\/werkstatt-schulung\/","url":"https:\/\/joist.eu\/cms\/werkstatt-schulung\/","name":"Atelier & Formations - Joist GmbH","isPartOf":{"@id":"https:\/\/joist.eu\/cms\/#website"},"primaryImageOfPage":{"@id":"https:\/\/joist.eu\/cms\/werkstatt-schulung\/#primaryimage"},"image":{"@id":"https:\/\/joist.eu\/cms\/werkstatt-schulung\/#primaryimage"},"thumbnailUrl":"http:\/\/joist.eu\/cms\/wp-content\/uploads\/2016\/04\/joist_werkstatt_065-300x200.jpg","datePublished":"2016-04-07T08:43:04+00:00","dateModified":"2019-01-14T13:25:18+00:00","breadcrumb":{"@id":"https:\/\/joist.eu\/cms\/werkstatt-schulung\/#breadcrumb"},"inLanguage":"de","potentialAction":[{"@type":"ReadAction","target":["https:\/\/joist.eu\/cms\/werkstatt-schulung\/"]}]},{"@type":"ImageObject","inLanguage":"de","@id":"https:\/\/joist.eu\/cms\/werkstatt-schulung\/#primaryimage","url":"http:\/\/joist.eu\/cms\/wp-content\/uploads\/2016\/04\/joist_werkstatt_065-300x200.jpg","contentUrl":"http:\/\/joist.eu\/cms\/wp-content\/uploads\/2016\/04\/joist_werkstatt_065-300x200.jpg"},{"@type":"BreadcrumbList","@id":"https:\/\/joist.eu\/cms\/werkstatt-schulung\/#breadcrumb","itemListElement":[{"@type":"ListItem","position":1,"name":"Home","item":"https:\/\/joist.eu\/cms\/"},{"@type":"ListItem","position":2,"name":"Atelier &#038; Formations"}]},{"@type":"WebSite","@id":"https:\/\/joist.eu\/cms\/#website","url":"https:\/\/joist.eu\/cms\/","name":"Joist GmbH","description":"","publisher":{"@id":"https:\/\/joist.eu\/cms\/#organization"},"potentialAction":[{"@type":"SearchAction","target":{"@type":"EntryPoint","urlTemplate":"https:\/\/joist.eu\/cms\/?s={search_term_string}"},"query-input":{"@type":"PropertyValueSpecification","valueRequired":true,"valueName":"search_term_string"}}],"inLanguage":"de"},{"@type":"Organization","@id":"https:\/\/joist.eu\/cms\/#organization","name":"Joist GmbH","url":"https:\/\/joist.eu\/cms\/","logo":{"@type":"ImageObject","inLanguage":"de","@id":"https:\/\/joist.eu\/cms\/#\/schema\/logo\/image\/","url":"https:\/\/joist.eu\/cms\/wp-content\/uploads\/2016\/03\/logo.png","contentUrl":"https:\/\/joist.eu\/cms\/wp-content\/uploads\/2016\/03\/logo.png","width":226,"height":76,"caption":"Joist GmbH"},"image":{"@id":"https:\/\/joist.eu\/cms\/#\/schema\/logo\/image\/"}}]}},"_links":{"self":[{"href":"https:\/\/joist.eu\/cms\/wp-json\/wp\/v2\/pages\/555","targetHints":{"allow":["GET"]}}],"collection":[{"href":"https:\/\/joist.eu\/cms\/wp-json\/wp\/v2\/pages"}],"about":[{"href":"https:\/\/joist.eu\/cms\/wp-json\/wp\/v2\/types\/page"}],"author":[{"embeddable":true,"href":"https:\/\/joist.eu\/cms\/wp-json\/wp\/v2\/users\/2"}],"replies":[{"embeddable":true,"href":"https:\/\/joist.eu\/cms\/wp-json\/wp\/v2\/comments?post=555"}],"version-history":[{"count":0,"href":"https:\/\/joist.eu\/cms\/wp-json\/wp\/v2\/pages\/555\/revisions"}],"wp:attachment":[{"href":"https:\/\/joist.eu\/cms\/wp-json\/wp\/v2\/media?parent=555"}],"curies":[{"name":"wp","href":"https:\/\/api.w.org\/{rel}","templated":true}]}}