{"id":4714,"date":"2020-01-31T16:37:15","date_gmt":"2020-01-31T15:37:15","guid":{"rendered":"https:\/\/joist.eu\/cms?page_id=4714"},"modified":"2023-08-22T08:21:12","modified_gmt":"2023-08-22T06:21:12","slug":"warenwirtschaftssysteme","status":"publish","type":"page","link":"https:\/\/joist.eu\/cms\/warenwirtschaftssysteme\/","title":{"rendered":"Warenwirtschaftssysteme"},"content":{"rendered":"<p><strong>Ihre Warenwirtschaft &#8211; F\u00fcr Sie der k\u00fcrzeste Weg direkt zu JOIST!<\/strong><\/p>\n<p><!--more--><\/p>\n<h2 class=\"green\"><img loading=\"lazy\" decoding=\"async\" class=\" wp-image-537 alignleft\" src=\"http:\/\/joist.eu\/cms\/wp-content\/uploads\/2016\/04\/joist_vertrieb_054-300x200.jpg\" alt=\"joist_vertrieb_054\" width=\"286\" height=\"191\" srcset=\"https:\/\/joist.eu\/cms\/wp-content\/uploads\/2016\/04\/joist_vertrieb_054-300x200.jpg 300w, https:\/\/joist.eu\/cms\/wp-content\/uploads\/2016\/04\/joist_vertrieb_054-768x512.jpg 768w, https:\/\/joist.eu\/cms\/wp-content\/uploads\/2016\/04\/joist_vertrieb_054-1024x682.jpg 1024w\" sizes=\"auto, (max-width: 286px) 100vw, 286px\" \/><\/h2>\n<p>Sie verwenden Software von Orbis, SEWIGA oder COS?<br \/>\nDann ist es f\u00fcr Sie noch einfacher, bei JOIST zu bestellen.<br \/>\nWenn Sie in Ihrer Warenwirtschaft (WWS) die JOIST-Preisinformationen verwenden, werden alle Preis- und Rabatttabellen sowie die Daten zu Artikeln automatisch in Ihrem WWS dargestellt.<\/p>\n<p>Au\u00dferdem lassen sich Bestellungen aus Ihrem WWS bequem \u00fcber die extra f\u00fcr diesen Zweck bereitgestellte Schnittstelle in den JOIST-Onlineshop hochladen oder sogar direkt versenden. Interessiert?<\/p>\n<p>Sprechen Sie uns einfach an! <a href=\"mailto:info@joist.eu\">info@joist.eu<\/a><\/p>\n<p><strong>Hier finden Sie die Online-Angebote unserer Partner:<\/strong><\/p>\n<table style=\"width: 626px; height: 480px;\">\n<tbody>\n<tr style=\"height: 100px;\">\n<td style=\"width: 100.833px; height: 80px; text-align: left; vertical-align: bottom;\"><a href=\"https:\/\/www.sewiga.de\/\"><img loading=\"lazy\" decoding=\"async\" class=\"alignleft\" src=\"https:\/\/joist.eu\/cms\/wp-content\/uploads\/2019\/07\/sewiga.png\" alt=\"\" width=\"210\" height=\"100\" \/><\/a><\/td>\n<td style=\"width: 195.683px; height: 80px;\"><\/td>\n<td style=\"width: 307.483px; height: 80px;\"><\/td>\n<\/tr>\n<tr style=\"height: 80px;\">\n<td style=\"width: 616px; text-align: left; vertical-align: top; height: 76px;\" colspan=\"3\"><strong>SEWIGA Software-Team GmbH<br \/>\n<\/strong>Software f\u00fcr Handels-und Reparaturbetriebe.<br \/>\nWir verkaufen nicht einfach Software, wir bieten L\u00f6sungen.<\/td>\n<\/tr>\n<tr style=\"height: 100px;\">\n<td style=\"width: 100.833px; text-align: left; vertical-align: bottom; height: 96px;\"><a href=\"https:\/\/www.orswin.de\/\"><img loading=\"lazy\" decoding=\"async\" class=\"alignleft\" src=\"https:\/\/joist.eu\/cms\/wp-content\/uploads\/2019\/07\/orbis-gmbh.png\" alt=\"\" width=\"200\" height=\"100\" \/><\/a><\/td>\n<td style=\"width: 195.683px; height: 96px;\"><\/td>\n<td style=\"width: 307.483px; height: 96px;\"><\/td>\n<\/tr>\n<tr style=\"height: 80px;\">\n<td style=\"width: 616px; text-align: left; vertical-align: top; height: 76px;\" colspan=\"3\"><strong>orbis software gmbh<br \/>\n<\/strong>Managen Sie Ihren Maschinen-Vertrieb mit nur einer Software<br \/>\nAktuelle Preisdaten von \u00fcber 100 Herstellern<\/td>\n<\/tr>\n<tr style=\"height: 68px;\">\n<td style=\"width: 100.833px; text-align: left; vertical-align: bottom; height: 64px;\"><a href=\"https:\/\/www.cos-software.de\/\"><img loading=\"lazy\" decoding=\"async\" class=\"alignleft\" src=\"https:\/\/joist.eu\/cms\/wp-content\/uploads\/2019\/07\/COS.png\" alt=\"\" width=\"323\" height=\"100\" \/><\/a><\/td>\n<td style=\"width: 195.683px; height: 64px;\"><\/td>\n<td style=\"width: 307.483px; height: 64px;\"><\/td>\n<\/tr>\n<tr style=\"height: 80px;\">\n<td style=\"width: 616px; text-align: left; vertical-align: top; height: 72px;\" colspan=\"3\"><strong>C.O.S SOFTWARE GMBH<br \/>\n<\/strong>F\u00dcR HANDEL UND WERKSTATT<strong><br \/>\n<\/strong>Software auf Ihr Unternemen zugeschnitten<\/td>\n<\/tr>\n<\/tbody>\n<\/table>\n<p><!--?php header (\"Location:http:\/\/joist.eu\/cms\/aktuelles-termine\"); ?--><\/p>\n","protected":false},"excerpt":{"rendered":"<p>Ihre Warenwirtschaft &#8211; F\u00fcr Sie der k\u00fcrzeste Weg direkt zu JOIST!<\/p>\n","protected":false},"author":11,"featured_media":0,"parent":0,"menu_order":0,"comment_status":"closed","ping_status":"closed","template":"","meta":{"_acf_changed":false,"footnotes":""},"class_list":["post-4714","page","type-page","status-publish","hentry"],"acf":[],"yoast_head":"<!-- This site is optimized with the Yoast SEO plugin v24.0 - https:\/\/yoast.com\/wordpress\/plugins\/seo\/ -->\n<title>Warenwirtschaftssysteme - Joist GmbH<\/title>\n<meta name=\"robots\" content=\"index, follow, max-snippet:-1, max-image-preview:large, max-video-preview:-1\" \/>\n<link rel=\"canonical\" href=\"https:\/\/joist.eu\/cms\/warenwirtschaftssysteme\/\" \/>\n<meta property=\"og:locale\" content=\"de_DE\" \/>\n<meta property=\"og:type\" content=\"article\" \/>\n<meta property=\"og:title\" content=\"Warenwirtschaftssysteme - Joist GmbH\" \/>\n<meta property=\"og:description\" content=\"Ihre Warenwirtschaft &#8211; F\u00fcr Sie der k\u00fcrzeste Weg direkt zu JOIST!\" \/>\n<meta property=\"og:url\" content=\"https:\/\/joist.eu\/cms\/warenwirtschaftssysteme\/\" \/>\n<meta property=\"og:site_name\" content=\"Joist GmbH\" \/>\n<meta property=\"article:modified_time\" content=\"2023-08-22T06:21:12+00:00\" \/>\n<meta property=\"og:image\" content=\"https:\/\/joist.eu\/cms\/wp-content\/uploads\/2016\/04\/joist_vertrieb_054.jpg\" \/>\n\t<meta property=\"og:image:width\" content=\"3370\" \/>\n\t<meta property=\"og:image:height\" content=\"2246\" \/>\n\t<meta property=\"og:image:type\" content=\"image\/jpeg\" \/>\n<meta name=\"twitter:card\" content=\"summary_large_image\" \/>\n<meta name=\"twitter:label1\" content=\"Gesch\u00e4tzte Lesezeit\" \/>\n\t<meta name=\"twitter:data1\" content=\"1\u00a0Minute\" \/>\n<script type=\"application\/ld+json\" class=\"yoast-schema-graph\">{\"@context\":\"https:\/\/schema.org\",\"@graph\":[{\"@type\":\"WebPage\",\"@id\":\"https:\/\/joist.eu\/cms\/warenwirtschaftssysteme\/\",\"url\":\"https:\/\/joist.eu\/cms\/warenwirtschaftssysteme\/\",\"name\":\"Warenwirtschaftssysteme - Joist GmbH\",\"isPartOf\":{\"@id\":\"https:\/\/joist.eu\/cms\/#website\"},\"primaryImageOfPage\":{\"@id\":\"https:\/\/joist.eu\/cms\/warenwirtschaftssysteme\/#primaryimage\"},\"image\":{\"@id\":\"https:\/\/joist.eu\/cms\/warenwirtschaftssysteme\/#primaryimage\"},\"thumbnailUrl\":\"http:\/\/joist.eu\/cms\/wp-content\/uploads\/2016\/04\/joist_vertrieb_054-300x200.jpg\",\"datePublished\":\"2020-01-31T15:37:15+00:00\",\"dateModified\":\"2023-08-22T06:21:12+00:00\",\"breadcrumb\":{\"@id\":\"https:\/\/joist.eu\/cms\/warenwirtschaftssysteme\/#breadcrumb\"},\"inLanguage\":\"de\",\"potentialAction\":[{\"@type\":\"ReadAction\",\"target\":[\"https:\/\/joist.eu\/cms\/warenwirtschaftssysteme\/\"]}]},{\"@type\":\"ImageObject\",\"inLanguage\":\"de\",\"@id\":\"https:\/\/joist.eu\/cms\/warenwirtschaftssysteme\/#primaryimage\",\"url\":\"http:\/\/joist.eu\/cms\/wp-content\/uploads\/2016\/04\/joist_vertrieb_054-300x200.jpg\",\"contentUrl\":\"http:\/\/joist.eu\/cms\/wp-content\/uploads\/2016\/04\/joist_vertrieb_054-300x200.jpg\"},{\"@type\":\"BreadcrumbList\",\"@id\":\"https:\/\/joist.eu\/cms\/warenwirtschaftssysteme\/#breadcrumb\",\"itemListElement\":[{\"@type\":\"ListItem\",\"position\":1,\"name\":\"Home\",\"item\":\"https:\/\/joist.eu\/cms\/\"},{\"@type\":\"ListItem\",\"position\":2,\"name\":\"Warenwirtschaftssysteme\"}]},{\"@type\":\"WebSite\",\"@id\":\"https:\/\/joist.eu\/cms\/#website\",\"url\":\"https:\/\/joist.eu\/cms\/\",\"name\":\"Joist GmbH\",\"description\":\"\",\"publisher\":{\"@id\":\"https:\/\/joist.eu\/cms\/#organization\"},\"potentialAction\":[{\"@type\":\"SearchAction\",\"target\":{\"@type\":\"EntryPoint\",\"urlTemplate\":\"https:\/\/joist.eu\/cms\/?s={search_term_string}\"},\"query-input\":{\"@type\":\"PropertyValueSpecification\",\"valueRequired\":true,\"valueName\":\"search_term_string\"}}],\"inLanguage\":\"de\"},{\"@type\":\"Organization\",\"@id\":\"https:\/\/joist.eu\/cms\/#organization\",\"name\":\"Joist GmbH\",\"url\":\"https:\/\/joist.eu\/cms\/\",\"logo\":{\"@type\":\"ImageObject\",\"inLanguage\":\"de\",\"@id\":\"https:\/\/joist.eu\/cms\/#\/schema\/logo\/image\/\",\"url\":\"https:\/\/joist.eu\/cms\/wp-content\/uploads\/2016\/03\/logo.png\",\"contentUrl\":\"https:\/\/joist.eu\/cms\/wp-content\/uploads\/2016\/03\/logo.png\",\"width\":226,\"height\":76,\"caption\":\"Joist GmbH\"},\"image\":{\"@id\":\"https:\/\/joist.eu\/cms\/#\/schema\/logo\/image\/\"}}]}<\/script>\n<!-- \/ Yoast SEO plugin. -->","yoast_head_json":{"title":"Warenwirtschaftssysteme - Joist GmbH","robots":{"index":"index","follow":"follow","max-snippet":"max-snippet:-1","max-image-preview":"max-image-preview:large","max-video-preview":"max-video-preview:-1"},"canonical":"https:\/\/joist.eu\/cms\/warenwirtschaftssysteme\/","og_locale":"de_DE","og_type":"article","og_title":"Warenwirtschaftssysteme - Joist GmbH","og_description":"Ihre Warenwirtschaft &#8211; F\u00fcr Sie der k\u00fcrzeste Weg direkt zu JOIST!","og_url":"https:\/\/joist.eu\/cms\/warenwirtschaftssysteme\/","og_site_name":"Joist GmbH","article_modified_time":"2023-08-22T06:21:12+00:00","og_image":[{"width":3370,"height":2246,"url":"https:\/\/joist.eu\/cms\/wp-content\/uploads\/2016\/04\/joist_vertrieb_054.jpg","type":"image\/jpeg"}],"twitter_card":"summary_large_image","twitter_misc":{"Gesch\u00e4tzte Lesezeit":"1\u00a0Minute"},"schema":{"@context":"https:\/\/schema.org","@graph":[{"@type":"WebPage","@id":"https:\/\/joist.eu\/cms\/warenwirtschaftssysteme\/","url":"https:\/\/joist.eu\/cms\/warenwirtschaftssysteme\/","name":"Warenwirtschaftssysteme - Joist GmbH","isPartOf":{"@id":"https:\/\/joist.eu\/cms\/#website"},"primaryImageOfPage":{"@id":"https:\/\/joist.eu\/cms\/warenwirtschaftssysteme\/#primaryimage"},"image":{"@id":"https:\/\/joist.eu\/cms\/warenwirtschaftssysteme\/#primaryimage"},"thumbnailUrl":"http:\/\/joist.eu\/cms\/wp-content\/uploads\/2016\/04\/joist_vertrieb_054-300x200.jpg","datePublished":"2020-01-31T15:37:15+00:00","dateModified":"2023-08-22T06:21:12+00:00","breadcrumb":{"@id":"https:\/\/joist.eu\/cms\/warenwirtschaftssysteme\/#breadcrumb"},"inLanguage":"de","potentialAction":[{"@type":"ReadAction","target":["https:\/\/joist.eu\/cms\/warenwirtschaftssysteme\/"]}]},{"@type":"ImageObject","inLanguage":"de","@id":"https:\/\/joist.eu\/cms\/warenwirtschaftssysteme\/#primaryimage","url":"http:\/\/joist.eu\/cms\/wp-content\/uploads\/2016\/04\/joist_vertrieb_054-300x200.jpg","contentUrl":"http:\/\/joist.eu\/cms\/wp-content\/uploads\/2016\/04\/joist_vertrieb_054-300x200.jpg"},{"@type":"BreadcrumbList","@id":"https:\/\/joist.eu\/cms\/warenwirtschaftssysteme\/#breadcrumb","itemListElement":[{"@type":"ListItem","position":1,"name":"Home","item":"https:\/\/joist.eu\/cms\/"},{"@type":"ListItem","position":2,"name":"Warenwirtschaftssysteme"}]},{"@type":"WebSite","@id":"https:\/\/joist.eu\/cms\/#website","url":"https:\/\/joist.eu\/cms\/","name":"Joist GmbH","description":"","publisher":{"@id":"https:\/\/joist.eu\/cms\/#organization"},"potentialAction":[{"@type":"SearchAction","target":{"@type":"EntryPoint","urlTemplate":"https:\/\/joist.eu\/cms\/?s={search_term_string}"},"query-input":{"@type":"PropertyValueSpecification","valueRequired":true,"valueName":"search_term_string"}}],"inLanguage":"de"},{"@type":"Organization","@id":"https:\/\/joist.eu\/cms\/#organization","name":"Joist GmbH","url":"https:\/\/joist.eu\/cms\/","logo":{"@type":"ImageObject","inLanguage":"de","@id":"https:\/\/joist.eu\/cms\/#\/schema\/logo\/image\/","url":"https:\/\/joist.eu\/cms\/wp-content\/uploads\/2016\/03\/logo.png","contentUrl":"https:\/\/joist.eu\/cms\/wp-content\/uploads\/2016\/03\/logo.png","width":226,"height":76,"caption":"Joist GmbH"},"image":{"@id":"https:\/\/joist.eu\/cms\/#\/schema\/logo\/image\/"}}]}},"_links":{"self":[{"href":"https:\/\/joist.eu\/cms\/wp-json\/wp\/v2\/pages\/4714","targetHints":{"allow":["GET"]}}],"collection":[{"href":"https:\/\/joist.eu\/cms\/wp-json\/wp\/v2\/pages"}],"about":[{"href":"https:\/\/joist.eu\/cms\/wp-json\/wp\/v2\/types\/page"}],"author":[{"embeddable":true,"href":"https:\/\/joist.eu\/cms\/wp-json\/wp\/v2\/users\/11"}],"replies":[{"embeddable":true,"href":"https:\/\/joist.eu\/cms\/wp-json\/wp\/v2\/comments?post=4714"}],"version-history":[{"count":0,"href":"https:\/\/joist.eu\/cms\/wp-json\/wp\/v2\/pages\/4714\/revisions"}],"wp:attachment":[{"href":"https:\/\/joist.eu\/cms\/wp-json\/wp\/v2\/media?parent=4714"}],"curies":[{"name":"wp","href":"https:\/\/api.w.org\/{rel}","templated":true}]}}