{"id":402,"date":"2016-04-04T17:00:58","date_gmt":"2016-04-04T15:00:58","guid":{"rendered":"http:\/\/joist.eu\/?page_id=402"},"modified":"2024-04-17T16:18:59","modified_gmt":"2024-04-17T14:18:59","slug":"geschichte","status":"publish","type":"page","link":"https:\/\/joist.eu\/cms\/geschichte\/","title":{"rendered":"Geschichte der JOIST GmbH"},"content":{"rendered":"<h2 class=\"green\">1972 als M.Joist gegr\u00fcndet<\/h2>\n<h2 class=\"green\"><img loading=\"lazy\" decoding=\"async\" class=\"wp-image-597 size-medium alignright\" src=\"http:\/\/joist.eu\/cms\/wp-content\/uploads\/2016\/04\/joist_aussen_006-300x200.jpg\" alt=\"joist_aussen_006\" width=\"300\" height=\"200\" srcset=\"https:\/\/joist.eu\/cms\/wp-content\/uploads\/2016\/04\/joist_aussen_006-300x200.jpg 300w, https:\/\/joist.eu\/cms\/wp-content\/uploads\/2016\/04\/joist_aussen_006-768x512.jpg 768w, https:\/\/joist.eu\/cms\/wp-content\/uploads\/2016\/04\/joist_aussen_006-1024x682.jpg 1024w\" sizes=\"auto, (max-width: 300px) 100vw, 300px\" \/><\/h2>\n<p>Im Jahr 1972 wurde das Einzelunternehmen M.Joist\u00a0von Cornelius und Marianne Joist als<br \/>\nOriginal Ersatzteil Gro\u00dfhandel f\u00fcr Landschafts- und Gartentechnik gegr\u00fcndet. Sie hatten die Vision,<br \/>\nals Zwischenh\u00e4ndler f\u00fcr die Hersteller und Motoristen im Umkreis von 100km zu fungieren und<br \/>\nsomit beiden Seiten den Beschaffungsvorgang von Ersatzteilen zu erleichtern.<\/p>\n<h2 class=\"green\">Wachsender Kundenstamm durch Exklusivvertrieb<\/h2>\n<p>Die M.Joist GmbH startete mit zwei weiteren Mitarbeitern und dem Exklusivvertrieb der Hersteller<br \/>\nBriggs &amp; Stratton, Toro und Tecna Motor (heute Tecumseh) und war in dieser Form der erste Gro\u00df-<br \/>\nh\u00e4ndler auf dem Markt. Das Lager bestand aus nur 7 Regalen mit den g\u00e4ngigsten Teilen und Bestellungen wurden von Papierlisten mit dem Telex Fernschreiber get\u00e4tigt. Immer mehr Motoristen<br \/>\nwollten diesen einzigartigen Service von Cornelius Joist nutzen und somit vergr\u00f6\u00dferte sich der<br \/>\nKundenstamm schnell, so dass die M.Joist GmbH trotz pl\u00f6tzlich auftauchender Konkurrenz stetig<br \/>\nweiter wuchs und bald auch deutschlandweit seine Kunden als Marktf\u00fchrer betreute.<\/p>\n<h2 class=\"green\">Dem technologischen Fortschritt Rechnung getragen<\/h2>\n<p>Die Ersatzteilsuche gestaltete sich ab den 80er Jahren wesentlich einfacher, da die Papierlisten durch<br \/>\nMicrofiche ersetzt wurden und somit die Kunden schneller beraten werden konnten. Ab den 90er Jahren<br \/>\nwurde dann der Vertrieb per Fax und Telefon weiter ausgebaut, so dass mehrere Mitarbeiter durchgehend<br \/>\nf\u00fcr die Kunden erreichbar waren. Cornelius Joist dachte bereits an die Zukunft, so dass er bereits fr\u00fch<br \/>\nseinen Sohn Christian an das Gesch\u00e4ft heranf\u00fchrte.<\/p>\n<h2 class=\"green\">Expansion nach Europa<\/h2>\n<p>Im Jahr 2001 \u00fcbernahm Christian Joist, mit zu dieser Zeit der Vertretung f\u00fcr 30 Herstellern, das<br \/>\nUnternehmen und firmierte es in die Joist GmbH um. Er expandierte mit dem Unternehmen 2004 nach<br \/>\n\u00d6sterreich und l\u00e4utete das digitale Zeitalter mit einem Webshop und dazugeh\u00f6riger Ersatzteilsuche im<br \/>\nJahr 2006 ein, wodurch der Bestellvorgang f\u00fcr die Motoristen enorm erleichtert wurde.<br \/>\nDie Joist GmbH expandierte 2007 weiter in die Schweiz und seit dem Jahr 2014 vertreibt das Unternehmen<br \/>\nseine Artikel auch in Luxemburg, Belgien und den Niederlanden. Das Sortiment wurde im Jahr 2011 noch<br \/>\num den Bereich Fahrzeugtechnik erweitert.<\/p>\n<h2 class=\"green\">Tradition &amp; Zukunft<\/h2>\n<p>Die Joist GmbH hat heute 60 Mitarbeiter, von denen die ersten Mitarbeiter aus dem Jahr 1972 immer noch<br \/>\nbesch\u00e4ftigt sind. Die Vertretung ist mittlerweile auf \u00fcber 60 Marken gewachsen und es sind 1,8 Millionen<br \/>\nArtikel im Sortiment, von denen 90.000 Artikel dauerhaft auf Lager sind. In der Hochsaison werden t\u00e4glich<br \/>\nbis zu 2000 Bestellungen verschickt. Somit ist das Unternehmen mit seinem umfangreichen Sortiment und<br \/>\nden erfahrenen Mitarbeitern einzigartig. Wie seinerzeit Cornelius Joist, so legt auch Christian Joist Wert<br \/>\nauf Tradition, Familienzusammengeh\u00f6rigkeit und Erfahrung. Damit dies auch zuk\u00fcnftig so bleibt, ist mit<br \/>\nAlexander Joist nun bereits die n\u00e4chste Generation im Familienunternehmen t\u00e4tig.<\/p>\n","protected":false},"excerpt":{"rendered":"<p>1972 als M.Joist gegr\u00fcndet Im Jahr 1972 wurde das Einzelunternehmen M.Joist\u00a0von Cornelius und Marianne Joist als Original Ersatzteil Gro\u00dfhandel f\u00fcr Landschafts- und Gartentechnik gegr\u00fcndet. Sie hatten die Vision, als Zwischenh\u00e4ndler f\u00fcr die Hersteller und Motoristen im Umkreis von 100km zu fungieren und somit beiden Seiten den Beschaffungsvorgang von Ersatzteilen zu erleichtern. Wachsender Kundenstamm durch Exklusivvertrieb [&hellip;]<\/p>\n","protected":false},"author":2,"featured_media":0,"parent":0,"menu_order":0,"comment_status":"closed","ping_status":"closed","template":"","meta":{"_acf_changed":false,"footnotes":""},"class_list":["post-402","page","type-page","status-publish","hentry"],"acf":[],"yoast_head":"<!-- This site is optimized with the Yoast SEO plugin v24.0 - https:\/\/yoast.com\/wordpress\/plugins\/seo\/ -->\n<title>Geschichte der JOIST GmbH - Joist GmbH<\/title>\n<meta name=\"robots\" content=\"index, follow, max-snippet:-1, max-image-preview:large, max-video-preview:-1\" \/>\n<link rel=\"canonical\" href=\"https:\/\/joist.eu\/cms\/geschichte\/\" \/>\n<meta property=\"og:locale\" content=\"de_DE\" \/>\n<meta property=\"og:type\" content=\"article\" \/>\n<meta property=\"og:title\" content=\"Geschichte der JOIST GmbH - Joist GmbH\" \/>\n<meta property=\"og:description\" content=\"1972 als M.Joist gegr\u00fcndet Im Jahr 1972 wurde das Einzelunternehmen M.Joist\u00a0von Cornelius und Marianne Joist als Original Ersatzteil Gro\u00dfhandel f\u00fcr Landschafts- und Gartentechnik gegr\u00fcndet. Sie hatten die Vision, als Zwischenh\u00e4ndler f\u00fcr die Hersteller und Motoristen im Umkreis von 100km zu fungieren und somit beiden Seiten den Beschaffungsvorgang von Ersatzteilen zu erleichtern. Wachsender Kundenstamm durch Exklusivvertrieb [&hellip;]\" \/>\n<meta property=\"og:url\" content=\"https:\/\/joist.eu\/cms\/geschichte\/\" \/>\n<meta property=\"og:site_name\" content=\"Joist GmbH\" \/>\n<meta property=\"article:modified_time\" content=\"2024-04-17T14:18:59+00:00\" \/>\n<meta property=\"og:image\" content=\"https:\/\/joist.eu\/cms\/wp-content\/uploads\/2016\/04\/joist_aussen_006.jpg\" \/>\n\t<meta property=\"og:image:width\" content=\"3370\" \/>\n\t<meta property=\"og:image:height\" content=\"2246\" \/>\n\t<meta property=\"og:image:type\" content=\"image\/jpeg\" \/>\n<meta name=\"twitter:card\" content=\"summary_large_image\" \/>\n<meta name=\"twitter:label1\" content=\"Gesch\u00e4tzte Lesezeit\" \/>\n\t<meta name=\"twitter:data1\" content=\"2\u00a0Minuten\" \/>\n<script type=\"application\/ld+json\" class=\"yoast-schema-graph\">{\"@context\":\"https:\/\/schema.org\",\"@graph\":[{\"@type\":\"WebPage\",\"@id\":\"https:\/\/joist.eu\/cms\/geschichte\/\",\"url\":\"https:\/\/joist.eu\/cms\/geschichte\/\",\"name\":\"Geschichte der JOIST GmbH - Joist GmbH\",\"isPartOf\":{\"@id\":\"https:\/\/joist.eu\/cms\/#website\"},\"primaryImageOfPage\":{\"@id\":\"https:\/\/joist.eu\/cms\/geschichte\/#primaryimage\"},\"image\":{\"@id\":\"https:\/\/joist.eu\/cms\/geschichte\/#primaryimage\"},\"thumbnailUrl\":\"http:\/\/joist.eu\/cms\/wp-content\/uploads\/2016\/04\/joist_aussen_006-300x200.jpg\",\"datePublished\":\"2016-04-04T15:00:58+00:00\",\"dateModified\":\"2024-04-17T14:18:59+00:00\",\"breadcrumb\":{\"@id\":\"https:\/\/joist.eu\/cms\/geschichte\/#breadcrumb\"},\"inLanguage\":\"de\",\"potentialAction\":[{\"@type\":\"ReadAction\",\"target\":[\"https:\/\/joist.eu\/cms\/geschichte\/\"]}]},{\"@type\":\"ImageObject\",\"inLanguage\":\"de\",\"@id\":\"https:\/\/joist.eu\/cms\/geschichte\/#primaryimage\",\"url\":\"http:\/\/joist.eu\/cms\/wp-content\/uploads\/2016\/04\/joist_aussen_006-300x200.jpg\",\"contentUrl\":\"http:\/\/joist.eu\/cms\/wp-content\/uploads\/2016\/04\/joist_aussen_006-300x200.jpg\"},{\"@type\":\"BreadcrumbList\",\"@id\":\"https:\/\/joist.eu\/cms\/geschichte\/#breadcrumb\",\"itemListElement\":[{\"@type\":\"ListItem\",\"position\":1,\"name\":\"Home\",\"item\":\"https:\/\/joist.eu\/cms\/\"},{\"@type\":\"ListItem\",\"position\":2,\"name\":\"Geschichte der JOIST GmbH\"}]},{\"@type\":\"WebSite\",\"@id\":\"https:\/\/joist.eu\/cms\/#website\",\"url\":\"https:\/\/joist.eu\/cms\/\",\"name\":\"Joist GmbH\",\"description\":\"\",\"publisher\":{\"@id\":\"https:\/\/joist.eu\/cms\/#organization\"},\"potentialAction\":[{\"@type\":\"SearchAction\",\"target\":{\"@type\":\"EntryPoint\",\"urlTemplate\":\"https:\/\/joist.eu\/cms\/?s={search_term_string}\"},\"query-input\":{\"@type\":\"PropertyValueSpecification\",\"valueRequired\":true,\"valueName\":\"search_term_string\"}}],\"inLanguage\":\"de\"},{\"@type\":\"Organization\",\"@id\":\"https:\/\/joist.eu\/cms\/#organization\",\"name\":\"Joist GmbH\",\"url\":\"https:\/\/joist.eu\/cms\/\",\"logo\":{\"@type\":\"ImageObject\",\"inLanguage\":\"de\",\"@id\":\"https:\/\/joist.eu\/cms\/#\/schema\/logo\/image\/\",\"url\":\"https:\/\/joist.eu\/cms\/wp-content\/uploads\/2016\/03\/logo.png\",\"contentUrl\":\"https:\/\/joist.eu\/cms\/wp-content\/uploads\/2016\/03\/logo.png\",\"width\":226,\"height\":76,\"caption\":\"Joist GmbH\"},\"image\":{\"@id\":\"https:\/\/joist.eu\/cms\/#\/schema\/logo\/image\/\"}}]}<\/script>\n<!-- \/ Yoast SEO plugin. -->","yoast_head_json":{"title":"Geschichte der JOIST GmbH - Joist GmbH","robots":{"index":"index","follow":"follow","max-snippet":"max-snippet:-1","max-image-preview":"max-image-preview:large","max-video-preview":"max-video-preview:-1"},"canonical":"https:\/\/joist.eu\/cms\/geschichte\/","og_locale":"de_DE","og_type":"article","og_title":"Geschichte der JOIST GmbH - Joist GmbH","og_description":"1972 als M.Joist gegr\u00fcndet Im Jahr 1972 wurde das Einzelunternehmen M.Joist\u00a0von Cornelius und Marianne Joist als Original Ersatzteil Gro\u00dfhandel f\u00fcr Landschafts- und Gartentechnik gegr\u00fcndet. Sie hatten die Vision, als Zwischenh\u00e4ndler f\u00fcr die Hersteller und Motoristen im Umkreis von 100km zu fungieren und somit beiden Seiten den Beschaffungsvorgang von Ersatzteilen zu erleichtern. Wachsender Kundenstamm durch Exklusivvertrieb [&hellip;]","og_url":"https:\/\/joist.eu\/cms\/geschichte\/","og_site_name":"Joist GmbH","article_modified_time":"2024-04-17T14:18:59+00:00","og_image":[{"width":3370,"height":2246,"url":"https:\/\/joist.eu\/cms\/wp-content\/uploads\/2016\/04\/joist_aussen_006.jpg","type":"image\/jpeg"}],"twitter_card":"summary_large_image","twitter_misc":{"Gesch\u00e4tzte Lesezeit":"2\u00a0Minuten"},"schema":{"@context":"https:\/\/schema.org","@graph":[{"@type":"WebPage","@id":"https:\/\/joist.eu\/cms\/geschichte\/","url":"https:\/\/joist.eu\/cms\/geschichte\/","name":"Geschichte der JOIST GmbH - Joist GmbH","isPartOf":{"@id":"https:\/\/joist.eu\/cms\/#website"},"primaryImageOfPage":{"@id":"https:\/\/joist.eu\/cms\/geschichte\/#primaryimage"},"image":{"@id":"https:\/\/joist.eu\/cms\/geschichte\/#primaryimage"},"thumbnailUrl":"http:\/\/joist.eu\/cms\/wp-content\/uploads\/2016\/04\/joist_aussen_006-300x200.jpg","datePublished":"2016-04-04T15:00:58+00:00","dateModified":"2024-04-17T14:18:59+00:00","breadcrumb":{"@id":"https:\/\/joist.eu\/cms\/geschichte\/#breadcrumb"},"inLanguage":"de","potentialAction":[{"@type":"ReadAction","target":["https:\/\/joist.eu\/cms\/geschichte\/"]}]},{"@type":"ImageObject","inLanguage":"de","@id":"https:\/\/joist.eu\/cms\/geschichte\/#primaryimage","url":"http:\/\/joist.eu\/cms\/wp-content\/uploads\/2016\/04\/joist_aussen_006-300x200.jpg","contentUrl":"http:\/\/joist.eu\/cms\/wp-content\/uploads\/2016\/04\/joist_aussen_006-300x200.jpg"},{"@type":"BreadcrumbList","@id":"https:\/\/joist.eu\/cms\/geschichte\/#breadcrumb","itemListElement":[{"@type":"ListItem","position":1,"name":"Home","item":"https:\/\/joist.eu\/cms\/"},{"@type":"ListItem","position":2,"name":"Geschichte der JOIST GmbH"}]},{"@type":"WebSite","@id":"https:\/\/joist.eu\/cms\/#website","url":"https:\/\/joist.eu\/cms\/","name":"Joist GmbH","description":"","publisher":{"@id":"https:\/\/joist.eu\/cms\/#organization"},"potentialAction":[{"@type":"SearchAction","target":{"@type":"EntryPoint","urlTemplate":"https:\/\/joist.eu\/cms\/?s={search_term_string}"},"query-input":{"@type":"PropertyValueSpecification","valueRequired":true,"valueName":"search_term_string"}}],"inLanguage":"de"},{"@type":"Organization","@id":"https:\/\/joist.eu\/cms\/#organization","name":"Joist GmbH","url":"https:\/\/joist.eu\/cms\/","logo":{"@type":"ImageObject","inLanguage":"de","@id":"https:\/\/joist.eu\/cms\/#\/schema\/logo\/image\/","url":"https:\/\/joist.eu\/cms\/wp-content\/uploads\/2016\/03\/logo.png","contentUrl":"https:\/\/joist.eu\/cms\/wp-content\/uploads\/2016\/03\/logo.png","width":226,"height":76,"caption":"Joist GmbH"},"image":{"@id":"https:\/\/joist.eu\/cms\/#\/schema\/logo\/image\/"}}]}},"_links":{"self":[{"href":"https:\/\/joist.eu\/cms\/wp-json\/wp\/v2\/pages\/402","targetHints":{"allow":["GET"]}}],"collection":[{"href":"https:\/\/joist.eu\/cms\/wp-json\/wp\/v2\/pages"}],"about":[{"href":"https:\/\/joist.eu\/cms\/wp-json\/wp\/v2\/types\/page"}],"author":[{"embeddable":true,"href":"https:\/\/joist.eu\/cms\/wp-json\/wp\/v2\/users\/2"}],"replies":[{"embeddable":true,"href":"https:\/\/joist.eu\/cms\/wp-json\/wp\/v2\/comments?post=402"}],"version-history":[{"count":0,"href":"https:\/\/joist.eu\/cms\/wp-json\/wp\/v2\/pages\/402\/revisions"}],"wp:attachment":[{"href":"https:\/\/joist.eu\/cms\/wp-json\/wp\/v2\/media?parent=402"}],"curies":[{"name":"wp","href":"https:\/\/api.w.org\/{rel}","templated":true}]}}