{"id":386,"date":"2016-04-04T16:06:37","date_gmt":"2016-04-04T14:06:37","guid":{"rendered":"http:\/\/joist.eu\/?page_id=386"},"modified":"2016-04-27T12:56:51","modified_gmt":"2016-04-27T10:56:51","slug":"ueber-uns","status":"publish","type":"page","link":"https:\/\/joist.eu\/cms\/ueber-uns\/","title":{"rendered":"\u00dcber uns"},"content":{"rendered":"<h2 class=\"green\"><img loading=\"lazy\" decoding=\"async\" class=\"alignright wp-image-468 size-medium\" title=\"Joist Aussenansicht\" src=\"http:\/\/joist.eu\/cms\/wp-content\/uploads\/2016\/04\/joist_aussen_002-300x200.jpg\" alt=\"Joist Aussenansicht\" width=\"300\" height=\"200\" srcset=\"https:\/\/joist.eu\/cms\/wp-content\/uploads\/2016\/04\/joist_aussen_002-300x200.jpg 300w, https:\/\/joist.eu\/cms\/wp-content\/uploads\/2016\/04\/joist_aussen_002-768x512.jpg 768w, https:\/\/joist.eu\/cms\/wp-content\/uploads\/2016\/04\/joist_aussen_002-1024x682.jpg 1024w\" sizes=\"auto, (max-width: 300px) 100vw, 300px\" \/><\/h2>\n<h2 class=\"green\">JOIST ist seit mehr als 40 Jahren mit dem Verkauf von Originalersatzteilen und Motoren erfolgreich.<\/h2>\n<p>Wir wissen was unsere Kunden bewegt und welche neuesten Produktentwicklungen es am Markt gibt. Als einer der europaweit f\u00fchrenden Fachhandelslieferanten unterst\u00fctzen wir unsere Kunden mit individuellen L\u00f6sungen und garantieren die hohe Qualit\u00e4t eines jeden Artikels, den wir vertreiben.<\/p>\n<h2 class=\"green\">Wir setzen auf Service, Geschwindigkeit und Zuverl\u00e4ssigkeit.<\/h2>\n<p>Unsere qualifizierten und erfahrenen Mitarbeiter beraten sie fachgerecht \u00fcber die einzelnen Produkte hinaus. Verbunden mit unserer hohen Lagerkapazit\u00e4t und der modernen Infrastruktur garantieren wir immer eine zuverl\u00e4ssige, schnelle und termingerechte Warenauslieferung.<\/p>\n","protected":false},"excerpt":{"rendered":"<p>JOIST ist seit mehr als 40 Jahren mit dem Verkauf von Originalersatzteilen und Motoren erfolgreich. Wir wissen was unsere Kunden bewegt und welche neuesten Produktentwicklungen es am Markt gibt. Als einer der europaweit f\u00fchrenden Fachhandelslieferanten unterst\u00fctzen wir unsere Kunden mit individuellen L\u00f6sungen und garantieren die hohe Qualit\u00e4t eines jeden Artikels, den wir vertreiben. Wir setzen [&hellip;]<\/p>\n","protected":false},"author":2,"featured_media":0,"parent":0,"menu_order":0,"comment_status":"closed","ping_status":"closed","template":"","meta":{"_acf_changed":false,"footnotes":""},"class_list":["post-386","page","type-page","status-publish","hentry"],"acf":[],"yoast_head":"<!-- This site is optimized with the Yoast SEO plugin v24.0 - https:\/\/yoast.com\/wordpress\/plugins\/seo\/ -->\n<title>\u00dcber uns - Joist GmbH<\/title>\n<meta name=\"description\" content=\"JOIST ist seit mehr als 40 Jahren mit dem Verkauf von Originalersatzteilen und Motoren erfolgreich. Wir wissen was unsere Kunden bewegt und welche neuesten\" \/>\n<meta name=\"robots\" content=\"index, follow, max-snippet:-1, max-image-preview:large, max-video-preview:-1\" \/>\n<link rel=\"canonical\" href=\"https:\/\/joist.eu\/cms\/ueber-uns\/\" \/>\n<meta property=\"og:locale\" content=\"de_DE\" \/>\n<meta property=\"og:type\" content=\"article\" \/>\n<meta property=\"og:title\" content=\"\u00dcber uns - Joist GmbH\" \/>\n<meta property=\"og:description\" content=\"JOIST ist seit mehr als 40 Jahren mit dem Verkauf von Originalersatzteilen und Motoren erfolgreich. Wir wissen was unsere Kunden bewegt und welche neuesten\" \/>\n<meta property=\"og:url\" content=\"https:\/\/joist.eu\/cms\/ueber-uns\/\" \/>\n<meta property=\"og:site_name\" content=\"Joist GmbH\" \/>\n<meta property=\"article:modified_time\" content=\"2016-04-27T10:56:51+00:00\" \/>\n<meta property=\"og:image\" content=\"https:\/\/joist.eu\/cms\/wp-content\/uploads\/2016\/04\/joist_aussen_002.jpg\" \/>\n\t<meta property=\"og:image:width\" content=\"3370\" \/>\n\t<meta property=\"og:image:height\" content=\"2246\" \/>\n\t<meta property=\"og:image:type\" content=\"image\/jpeg\" \/>\n<meta name=\"twitter:card\" content=\"summary_large_image\" \/>\n<script type=\"application\/ld+json\" class=\"yoast-schema-graph\">{\"@context\":\"https:\/\/schema.org\",\"@graph\":[{\"@type\":\"WebPage\",\"@id\":\"https:\/\/joist.eu\/cms\/ueber-uns\/\",\"url\":\"https:\/\/joist.eu\/cms\/ueber-uns\/\",\"name\":\"\u00dcber uns - Joist GmbH\",\"isPartOf\":{\"@id\":\"https:\/\/joist.eu\/cms\/#website\"},\"primaryImageOfPage\":{\"@id\":\"https:\/\/joist.eu\/cms\/ueber-uns\/#primaryimage\"},\"image\":{\"@id\":\"https:\/\/joist.eu\/cms\/ueber-uns\/#primaryimage\"},\"thumbnailUrl\":\"http:\/\/joist.eu\/cms\/wp-content\/uploads\/2016\/04\/joist_aussen_002-300x200.jpg\",\"datePublished\":\"2016-04-04T14:06:37+00:00\",\"dateModified\":\"2016-04-27T10:56:51+00:00\",\"description\":\"JOIST ist seit mehr als 40 Jahren mit dem Verkauf von Originalersatzteilen und Motoren erfolgreich. Wir wissen was unsere Kunden bewegt und welche neuesten\",\"breadcrumb\":{\"@id\":\"https:\/\/joist.eu\/cms\/ueber-uns\/#breadcrumb\"},\"inLanguage\":\"de\",\"potentialAction\":[{\"@type\":\"ReadAction\",\"target\":[\"https:\/\/joist.eu\/cms\/ueber-uns\/\"]}]},{\"@type\":\"ImageObject\",\"inLanguage\":\"de\",\"@id\":\"https:\/\/joist.eu\/cms\/ueber-uns\/#primaryimage\",\"url\":\"http:\/\/joist.eu\/cms\/wp-content\/uploads\/2016\/04\/joist_aussen_002-300x200.jpg\",\"contentUrl\":\"http:\/\/joist.eu\/cms\/wp-content\/uploads\/2016\/04\/joist_aussen_002-300x200.jpg\"},{\"@type\":\"BreadcrumbList\",\"@id\":\"https:\/\/joist.eu\/cms\/ueber-uns\/#breadcrumb\",\"itemListElement\":[{\"@type\":\"ListItem\",\"position\":1,\"name\":\"Home\",\"item\":\"https:\/\/joist.eu\/cms\/\"},{\"@type\":\"ListItem\",\"position\":2,\"name\":\"\u00dcber uns\"}]},{\"@type\":\"WebSite\",\"@id\":\"https:\/\/joist.eu\/cms\/#website\",\"url\":\"https:\/\/joist.eu\/cms\/\",\"name\":\"Joist GmbH\",\"description\":\"\",\"publisher\":{\"@id\":\"https:\/\/joist.eu\/cms\/#organization\"},\"potentialAction\":[{\"@type\":\"SearchAction\",\"target\":{\"@type\":\"EntryPoint\",\"urlTemplate\":\"https:\/\/joist.eu\/cms\/?s={search_term_string}\"},\"query-input\":{\"@type\":\"PropertyValueSpecification\",\"valueRequired\":true,\"valueName\":\"search_term_string\"}}],\"inLanguage\":\"de\"},{\"@type\":\"Organization\",\"@id\":\"https:\/\/joist.eu\/cms\/#organization\",\"name\":\"Joist GmbH\",\"url\":\"https:\/\/joist.eu\/cms\/\",\"logo\":{\"@type\":\"ImageObject\",\"inLanguage\":\"de\",\"@id\":\"https:\/\/joist.eu\/cms\/#\/schema\/logo\/image\/\",\"url\":\"https:\/\/joist.eu\/cms\/wp-content\/uploads\/2016\/03\/logo.png\",\"contentUrl\":\"https:\/\/joist.eu\/cms\/wp-content\/uploads\/2016\/03\/logo.png\",\"width\":226,\"height\":76,\"caption\":\"Joist GmbH\"},\"image\":{\"@id\":\"https:\/\/joist.eu\/cms\/#\/schema\/logo\/image\/\"}}]}<\/script>\n<!-- \/ Yoast SEO plugin. -->","yoast_head_json":{"title":"\u00dcber uns - Joist GmbH","description":"JOIST ist seit mehr als 40 Jahren mit dem Verkauf von Originalersatzteilen und Motoren erfolgreich. Wir wissen was unsere Kunden bewegt und welche neuesten","robots":{"index":"index","follow":"follow","max-snippet":"max-snippet:-1","max-image-preview":"max-image-preview:large","max-video-preview":"max-video-preview:-1"},"canonical":"https:\/\/joist.eu\/cms\/ueber-uns\/","og_locale":"de_DE","og_type":"article","og_title":"\u00dcber uns - Joist GmbH","og_description":"JOIST ist seit mehr als 40 Jahren mit dem Verkauf von Originalersatzteilen und Motoren erfolgreich. Wir wissen was unsere Kunden bewegt und welche neuesten","og_url":"https:\/\/joist.eu\/cms\/ueber-uns\/","og_site_name":"Joist GmbH","article_modified_time":"2016-04-27T10:56:51+00:00","og_image":[{"width":3370,"height":2246,"url":"https:\/\/joist.eu\/cms\/wp-content\/uploads\/2016\/04\/joist_aussen_002.jpg","type":"image\/jpeg"}],"twitter_card":"summary_large_image","schema":{"@context":"https:\/\/schema.org","@graph":[{"@type":"WebPage","@id":"https:\/\/joist.eu\/cms\/ueber-uns\/","url":"https:\/\/joist.eu\/cms\/ueber-uns\/","name":"\u00dcber uns - Joist GmbH","isPartOf":{"@id":"https:\/\/joist.eu\/cms\/#website"},"primaryImageOfPage":{"@id":"https:\/\/joist.eu\/cms\/ueber-uns\/#primaryimage"},"image":{"@id":"https:\/\/joist.eu\/cms\/ueber-uns\/#primaryimage"},"thumbnailUrl":"http:\/\/joist.eu\/cms\/wp-content\/uploads\/2016\/04\/joist_aussen_002-300x200.jpg","datePublished":"2016-04-04T14:06:37+00:00","dateModified":"2016-04-27T10:56:51+00:00","description":"JOIST ist seit mehr als 40 Jahren mit dem Verkauf von Originalersatzteilen und Motoren erfolgreich. Wir wissen was unsere Kunden bewegt und welche neuesten","breadcrumb":{"@id":"https:\/\/joist.eu\/cms\/ueber-uns\/#breadcrumb"},"inLanguage":"de","potentialAction":[{"@type":"ReadAction","target":["https:\/\/joist.eu\/cms\/ueber-uns\/"]}]},{"@type":"ImageObject","inLanguage":"de","@id":"https:\/\/joist.eu\/cms\/ueber-uns\/#primaryimage","url":"http:\/\/joist.eu\/cms\/wp-content\/uploads\/2016\/04\/joist_aussen_002-300x200.jpg","contentUrl":"http:\/\/joist.eu\/cms\/wp-content\/uploads\/2016\/04\/joist_aussen_002-300x200.jpg"},{"@type":"BreadcrumbList","@id":"https:\/\/joist.eu\/cms\/ueber-uns\/#breadcrumb","itemListElement":[{"@type":"ListItem","position":1,"name":"Home","item":"https:\/\/joist.eu\/cms\/"},{"@type":"ListItem","position":2,"name":"\u00dcber uns"}]},{"@type":"WebSite","@id":"https:\/\/joist.eu\/cms\/#website","url":"https:\/\/joist.eu\/cms\/","name":"Joist GmbH","description":"","publisher":{"@id":"https:\/\/joist.eu\/cms\/#organization"},"potentialAction":[{"@type":"SearchAction","target":{"@type":"EntryPoint","urlTemplate":"https:\/\/joist.eu\/cms\/?s={search_term_string}"},"query-input":{"@type":"PropertyValueSpecification","valueRequired":true,"valueName":"search_term_string"}}],"inLanguage":"de"},{"@type":"Organization","@id":"https:\/\/joist.eu\/cms\/#organization","name":"Joist GmbH","url":"https:\/\/joist.eu\/cms\/","logo":{"@type":"ImageObject","inLanguage":"de","@id":"https:\/\/joist.eu\/cms\/#\/schema\/logo\/image\/","url":"https:\/\/joist.eu\/cms\/wp-content\/uploads\/2016\/03\/logo.png","contentUrl":"https:\/\/joist.eu\/cms\/wp-content\/uploads\/2016\/03\/logo.png","width":226,"height":76,"caption":"Joist GmbH"},"image":{"@id":"https:\/\/joist.eu\/cms\/#\/schema\/logo\/image\/"}}]}},"_links":{"self":[{"href":"https:\/\/joist.eu\/cms\/wp-json\/wp\/v2\/pages\/386","targetHints":{"allow":["GET"]}}],"collection":[{"href":"https:\/\/joist.eu\/cms\/wp-json\/wp\/v2\/pages"}],"about":[{"href":"https:\/\/joist.eu\/cms\/wp-json\/wp\/v2\/types\/page"}],"author":[{"embeddable":true,"href":"https:\/\/joist.eu\/cms\/wp-json\/wp\/v2\/users\/2"}],"replies":[{"embeddable":true,"href":"https:\/\/joist.eu\/cms\/wp-json\/wp\/v2\/comments?post=386"}],"version-history":[{"count":0,"href":"https:\/\/joist.eu\/cms\/wp-json\/wp\/v2\/pages\/386\/revisions"}],"wp:attachment":[{"href":"https:\/\/joist.eu\/cms\/wp-json\/wp\/v2\/media?parent=386"}],"curies":[{"name":"wp","href":"https:\/\/api.w.org\/{rel}","templated":true}]}}