{"id":383,"date":"2016-04-04T15:39:57","date_gmt":"2016-04-04T13:39:57","guid":{"rendered":"http:\/\/joist.eu\/?page_id=383"},"modified":"2020-05-26T12:45:49","modified_gmt":"2020-05-26T10:45:49","slug":"werkstatt-schulung","status":"publish","type":"page","link":"https:\/\/joist.eu\/cms\/werkstatt-schulung\/","title":{"rendered":"Werkstatt &#038; Schulung"},"content":{"rendered":"<h2 class=\"green\">\u00dcber 40 Jahre Erfahrung<\/h2>\n<h2 class=\"green\"><img loading=\"lazy\" decoding=\"async\" class=\"wp-image-438 size-medium alignright\" src=\"https:\/\/joist.eu\/cms\/wp-content\/uploads\/2016\/04\/joist_werkstatt_065-300x200.jpg\" alt=\"joist_werkstatt_065\" width=\"300\" height=\"200\" srcset=\"https:\/\/joist.eu\/cms\/wp-content\/uploads\/2016\/04\/joist_werkstatt_065-300x200.jpg 300w, https:\/\/joist.eu\/cms\/wp-content\/uploads\/2016\/04\/joist_werkstatt_065-768x512.jpg 768w, https:\/\/joist.eu\/cms\/wp-content\/uploads\/2016\/04\/joist_werkstatt_065-1024x682.jpg 1024w\" sizes=\"auto, (max-width: 300px) 100vw, 300px\" \/><\/h2>\n<p>Seit \u00fcber 40 Jahren besch\u00e4ftigten wir uns bei JOIST mit Ersatzteilen f\u00fcr Garten- und Motorger\u00e4te.<br \/>\nOb Briggs &amp; Stratton, Honda oder Oregon \u2013 unsere Servicetechniker sind immer auf dem neuesten<br \/>\nStand. So k\u00f6nnen Sie f\u00fcr Ihre Kunden auf aktuellstes Fachwissen und jahrelange Erfahrung zur\u00fcck-<br \/>\ngreifen. Wir \u00fcbernehmen in der Werkstatt f\u00fcr Sie die Garantieabwicklung oder f\u00fchren auf Wunsch<br \/>\nkomplette Motorenreparaturen durch.<\/p>\n<h2 class=\"green\">Auch ausserhalb der Werkstatt geben wir<br \/>\nunser Wissen gerne an Sie weiter<\/h2>\n<p>Insbesondere in den Wintermonaten bieten wir Ihnen eine Auswahl an praxisnahen Trainings in<br \/>\nunterschiedlichsten Bereichen an. Wir schulen nicht nur in Euskirchen, sondern auch bundesweit<br \/>\nan einem Ort in Ihrer N\u00e4he.<\/p>\n<p>Informieren Sie sich telefonisch \u00fcber unser Schulungsprogramm.<\/p>\n","protected":false},"excerpt":{"rendered":"<p>\u00dcber 40 Jahre Erfahrung Seit \u00fcber 40 Jahren besch\u00e4ftigten wir uns bei JOIST mit Ersatzteilen f\u00fcr Garten- und Motorger\u00e4te. Ob Briggs &amp; Stratton, Honda oder Oregon \u2013 unsere Servicetechniker sind immer auf dem neuesten Stand. So k\u00f6nnen Sie f\u00fcr Ihre Kunden auf aktuellstes Fachwissen und jahrelange Erfahrung zur\u00fcck- greifen. Wir \u00fcbernehmen in der Werkstatt f\u00fcr [&hellip;]<\/p>\n","protected":false},"author":2,"featured_media":0,"parent":0,"menu_order":0,"comment_status":"closed","ping_status":"closed","template":"","meta":{"_acf_changed":false,"footnotes":""},"class_list":["post-383","page","type-page","status-publish","hentry"],"acf":[],"yoast_head":"<!-- This site is optimized with the Yoast SEO plugin v24.0 - https:\/\/yoast.com\/wordpress\/plugins\/seo\/ -->\n<title>Werkstatt &amp; Schulung - Joist GmbH<\/title>\n<meta name=\"robots\" content=\"index, follow, max-snippet:-1, max-image-preview:large, max-video-preview:-1\" \/>\n<link rel=\"canonical\" href=\"https:\/\/joist.eu\/cms\/werkstatt-schulung\/\" \/>\n<meta property=\"og:locale\" content=\"de_DE\" \/>\n<meta property=\"og:type\" content=\"article\" \/>\n<meta property=\"og:title\" content=\"Werkstatt &amp; Schulung - Joist GmbH\" \/>\n<meta property=\"og:description\" content=\"\u00dcber 40 Jahre Erfahrung Seit \u00fcber 40 Jahren besch\u00e4ftigten wir uns bei JOIST mit Ersatzteilen f\u00fcr Garten- und Motorger\u00e4te. Ob Briggs &amp; Stratton, Honda oder Oregon \u2013 unsere Servicetechniker sind immer auf dem neuesten Stand. So k\u00f6nnen Sie f\u00fcr Ihre Kunden auf aktuellstes Fachwissen und jahrelange Erfahrung zur\u00fcck- greifen. Wir \u00fcbernehmen in der Werkstatt f\u00fcr [&hellip;]\" \/>\n<meta property=\"og:url\" content=\"https:\/\/joist.eu\/cms\/werkstatt-schulung\/\" \/>\n<meta property=\"og:site_name\" content=\"Joist GmbH\" \/>\n<meta property=\"article:modified_time\" content=\"2020-05-26T10:45:49+00:00\" \/>\n<meta property=\"og:image\" content=\"https:\/\/joist.eu\/cms\/wp-content\/uploads\/2016\/04\/joist_werkstatt_065.jpg\" \/>\n\t<meta property=\"og:image:width\" content=\"3370\" \/>\n\t<meta property=\"og:image:height\" content=\"2246\" \/>\n\t<meta property=\"og:image:type\" content=\"image\/jpeg\" \/>\n<meta name=\"twitter:card\" content=\"summary_large_image\" \/>\n<meta name=\"twitter:label1\" content=\"Gesch\u00e4tzte Lesezeit\" \/>\n\t<meta name=\"twitter:data1\" content=\"1\u00a0Minute\" \/>\n<script type=\"application\/ld+json\" class=\"yoast-schema-graph\">{\"@context\":\"https:\/\/schema.org\",\"@graph\":[{\"@type\":\"WebPage\",\"@id\":\"https:\/\/joist.eu\/cms\/werkstatt-schulung\/\",\"url\":\"https:\/\/joist.eu\/cms\/werkstatt-schulung\/\",\"name\":\"Werkstatt & Schulung - Joist GmbH\",\"isPartOf\":{\"@id\":\"https:\/\/joist.eu\/cms\/#website\"},\"primaryImageOfPage\":{\"@id\":\"https:\/\/joist.eu\/cms\/werkstatt-schulung\/#primaryimage\"},\"image\":{\"@id\":\"https:\/\/joist.eu\/cms\/werkstatt-schulung\/#primaryimage\"},\"thumbnailUrl\":\"https:\/\/joist.eu\/cms\/wp-content\/uploads\/2016\/04\/joist_werkstatt_065-300x200.jpg\",\"datePublished\":\"2016-04-04T13:39:57+00:00\",\"dateModified\":\"2020-05-26T10:45:49+00:00\",\"breadcrumb\":{\"@id\":\"https:\/\/joist.eu\/cms\/werkstatt-schulung\/#breadcrumb\"},\"inLanguage\":\"de\",\"potentialAction\":[{\"@type\":\"ReadAction\",\"target\":[\"https:\/\/joist.eu\/cms\/werkstatt-schulung\/\"]}]},{\"@type\":\"ImageObject\",\"inLanguage\":\"de\",\"@id\":\"https:\/\/joist.eu\/cms\/werkstatt-schulung\/#primaryimage\",\"url\":\"https:\/\/joist.eu\/cms\/wp-content\/uploads\/2016\/04\/joist_werkstatt_065.jpg\",\"contentUrl\":\"https:\/\/joist.eu\/cms\/wp-content\/uploads\/2016\/04\/joist_werkstatt_065.jpg\",\"width\":3370,\"height\":2246},{\"@type\":\"BreadcrumbList\",\"@id\":\"https:\/\/joist.eu\/cms\/werkstatt-schulung\/#breadcrumb\",\"itemListElement\":[{\"@type\":\"ListItem\",\"position\":1,\"name\":\"Home\",\"item\":\"https:\/\/joist.eu\/cms\/\"},{\"@type\":\"ListItem\",\"position\":2,\"name\":\"Werkstatt &#038; Schulung\"}]},{\"@type\":\"WebSite\",\"@id\":\"https:\/\/joist.eu\/cms\/#website\",\"url\":\"https:\/\/joist.eu\/cms\/\",\"name\":\"Joist GmbH\",\"description\":\"\",\"publisher\":{\"@id\":\"https:\/\/joist.eu\/cms\/#organization\"},\"potentialAction\":[{\"@type\":\"SearchAction\",\"target\":{\"@type\":\"EntryPoint\",\"urlTemplate\":\"https:\/\/joist.eu\/cms\/?s={search_term_string}\"},\"query-input\":{\"@type\":\"PropertyValueSpecification\",\"valueRequired\":true,\"valueName\":\"search_term_string\"}}],\"inLanguage\":\"de\"},{\"@type\":\"Organization\",\"@id\":\"https:\/\/joist.eu\/cms\/#organization\",\"name\":\"Joist GmbH\",\"url\":\"https:\/\/joist.eu\/cms\/\",\"logo\":{\"@type\":\"ImageObject\",\"inLanguage\":\"de\",\"@id\":\"https:\/\/joist.eu\/cms\/#\/schema\/logo\/image\/\",\"url\":\"https:\/\/joist.eu\/cms\/wp-content\/uploads\/2016\/03\/logo.png\",\"contentUrl\":\"https:\/\/joist.eu\/cms\/wp-content\/uploads\/2016\/03\/logo.png\",\"width\":226,\"height\":76,\"caption\":\"Joist GmbH\"},\"image\":{\"@id\":\"https:\/\/joist.eu\/cms\/#\/schema\/logo\/image\/\"}}]}<\/script>\n<!-- \/ Yoast SEO plugin. -->","yoast_head_json":{"title":"Werkstatt & Schulung - Joist GmbH","robots":{"index":"index","follow":"follow","max-snippet":"max-snippet:-1","max-image-preview":"max-image-preview:large","max-video-preview":"max-video-preview:-1"},"canonical":"https:\/\/joist.eu\/cms\/werkstatt-schulung\/","og_locale":"de_DE","og_type":"article","og_title":"Werkstatt & Schulung - Joist GmbH","og_description":"\u00dcber 40 Jahre Erfahrung Seit \u00fcber 40 Jahren besch\u00e4ftigten wir uns bei JOIST mit Ersatzteilen f\u00fcr Garten- und Motorger\u00e4te. Ob Briggs &amp; Stratton, Honda oder Oregon \u2013 unsere Servicetechniker sind immer auf dem neuesten Stand. So k\u00f6nnen Sie f\u00fcr Ihre Kunden auf aktuellstes Fachwissen und jahrelange Erfahrung zur\u00fcck- greifen. Wir \u00fcbernehmen in der Werkstatt f\u00fcr [&hellip;]","og_url":"https:\/\/joist.eu\/cms\/werkstatt-schulung\/","og_site_name":"Joist GmbH","article_modified_time":"2020-05-26T10:45:49+00:00","og_image":[{"width":3370,"height":2246,"url":"https:\/\/joist.eu\/cms\/wp-content\/uploads\/2016\/04\/joist_werkstatt_065.jpg","type":"image\/jpeg"}],"twitter_card":"summary_large_image","twitter_misc":{"Gesch\u00e4tzte Lesezeit":"1\u00a0Minute"},"schema":{"@context":"https:\/\/schema.org","@graph":[{"@type":"WebPage","@id":"https:\/\/joist.eu\/cms\/werkstatt-schulung\/","url":"https:\/\/joist.eu\/cms\/werkstatt-schulung\/","name":"Werkstatt & Schulung - Joist GmbH","isPartOf":{"@id":"https:\/\/joist.eu\/cms\/#website"},"primaryImageOfPage":{"@id":"https:\/\/joist.eu\/cms\/werkstatt-schulung\/#primaryimage"},"image":{"@id":"https:\/\/joist.eu\/cms\/werkstatt-schulung\/#primaryimage"},"thumbnailUrl":"https:\/\/joist.eu\/cms\/wp-content\/uploads\/2016\/04\/joist_werkstatt_065-300x200.jpg","datePublished":"2016-04-04T13:39:57+00:00","dateModified":"2020-05-26T10:45:49+00:00","breadcrumb":{"@id":"https:\/\/joist.eu\/cms\/werkstatt-schulung\/#breadcrumb"},"inLanguage":"de","potentialAction":[{"@type":"ReadAction","target":["https:\/\/joist.eu\/cms\/werkstatt-schulung\/"]}]},{"@type":"ImageObject","inLanguage":"de","@id":"https:\/\/joist.eu\/cms\/werkstatt-schulung\/#primaryimage","url":"https:\/\/joist.eu\/cms\/wp-content\/uploads\/2016\/04\/joist_werkstatt_065.jpg","contentUrl":"https:\/\/joist.eu\/cms\/wp-content\/uploads\/2016\/04\/joist_werkstatt_065.jpg","width":3370,"height":2246},{"@type":"BreadcrumbList","@id":"https:\/\/joist.eu\/cms\/werkstatt-schulung\/#breadcrumb","itemListElement":[{"@type":"ListItem","position":1,"name":"Home","item":"https:\/\/joist.eu\/cms\/"},{"@type":"ListItem","position":2,"name":"Werkstatt &#038; Schulung"}]},{"@type":"WebSite","@id":"https:\/\/joist.eu\/cms\/#website","url":"https:\/\/joist.eu\/cms\/","name":"Joist GmbH","description":"","publisher":{"@id":"https:\/\/joist.eu\/cms\/#organization"},"potentialAction":[{"@type":"SearchAction","target":{"@type":"EntryPoint","urlTemplate":"https:\/\/joist.eu\/cms\/?s={search_term_string}"},"query-input":{"@type":"PropertyValueSpecification","valueRequired":true,"valueName":"search_term_string"}}],"inLanguage":"de"},{"@type":"Organization","@id":"https:\/\/joist.eu\/cms\/#organization","name":"Joist GmbH","url":"https:\/\/joist.eu\/cms\/","logo":{"@type":"ImageObject","inLanguage":"de","@id":"https:\/\/joist.eu\/cms\/#\/schema\/logo\/image\/","url":"https:\/\/joist.eu\/cms\/wp-content\/uploads\/2016\/03\/logo.png","contentUrl":"https:\/\/joist.eu\/cms\/wp-content\/uploads\/2016\/03\/logo.png","width":226,"height":76,"caption":"Joist GmbH"},"image":{"@id":"https:\/\/joist.eu\/cms\/#\/schema\/logo\/image\/"}}]}},"_links":{"self":[{"href":"https:\/\/joist.eu\/cms\/wp-json\/wp\/v2\/pages\/383","targetHints":{"allow":["GET"]}}],"collection":[{"href":"https:\/\/joist.eu\/cms\/wp-json\/wp\/v2\/pages"}],"about":[{"href":"https:\/\/joist.eu\/cms\/wp-json\/wp\/v2\/types\/page"}],"author":[{"embeddable":true,"href":"https:\/\/joist.eu\/cms\/wp-json\/wp\/v2\/users\/2"}],"replies":[{"embeddable":true,"href":"https:\/\/joist.eu\/cms\/wp-json\/wp\/v2\/comments?post=383"}],"version-history":[{"count":0,"href":"https:\/\/joist.eu\/cms\/wp-json\/wp\/v2\/pages\/383\/revisions"}],"wp:attachment":[{"href":"https:\/\/joist.eu\/cms\/wp-json\/wp\/v2\/media?parent=383"}],"curies":[{"name":"wp","href":"https:\/\/api.w.org\/{rel}","templated":true}]}}