{"id":378,"date":"2016-04-04T15:30:51","date_gmt":"2016-04-04T13:30:51","guid":{"rendered":"http:\/\/joist.eu\/?page_id=378"},"modified":"2023-04-18T11:11:29","modified_gmt":"2023-04-18T09:11:29","slug":"buchhaltung","status":"publish","type":"page","link":"https:\/\/joist.eu\/cms\/buchhaltung\/","title":{"rendered":"Buchhaltung"},"content":{"rendered":"<h2 class=\"green\"><img loading=\"lazy\" decoding=\"async\" class=\"size-medium wp-image-1630 alignright\" src=\"http:\/\/joist.eu\/cms\/wp-content\/uploads\/2016\/04\/joist_still_115-300x200.jpg\" alt=\"joist_still_115\" width=\"300\" height=\"200\" srcset=\"https:\/\/joist.eu\/cms\/wp-content\/uploads\/2016\/04\/joist_still_115-300x200.jpg 300w, https:\/\/joist.eu\/cms\/wp-content\/uploads\/2016\/04\/joist_still_115-768x512.jpg 768w, https:\/\/joist.eu\/cms\/wp-content\/uploads\/2016\/04\/joist_still_115-1024x683.jpg 1024w\" sizes=\"auto, (max-width: 300px) 100vw, 300px\" \/><\/h2>\n<h2 class=\"green\">JOIST &#8211; Ihr Partner<\/h2>\n<p>JOIST versteht sich als Partner des Kunden. Deshalb ist ein vertrauensvoller Umgang mit Ihnen und Ihren pers\u00f6nlichen Daten ein absolutes Muss f\u00fcr uns. F\u00fcr alles, was mit Zahlung zu tun hat, sind Frau Lennartz und Frau Eversheim Ihre kompetenten Ansprechpartnerinnen. Sie helfen Ihnen bei allen Fragen<br \/>\nzu Zahlungsvorg\u00e4ngen, Rechnungen und Gutschriften.<\/p>\n<h2 class=\"green\">Ihr direkter Kontakt zur Buchhaltung:<\/h2>\n<p>Telefon:<strong> +49 (0) 2251 106 130<br \/>\n<\/strong>E-Mail:<strong> buchhaltung@joist.de<\/strong><\/p>\n","protected":false},"excerpt":{"rendered":"<p>JOIST &#8211; Ihr Partner JOIST versteht sich als Partner des Kunden. Deshalb ist ein vertrauensvoller Umgang mit Ihnen und Ihren pers\u00f6nlichen Daten ein absolutes Muss f\u00fcr uns. F\u00fcr alles, was mit Zahlung zu tun hat, sind Frau Lennartz und Frau Eversheim Ihre kompetenten Ansprechpartnerinnen. Sie helfen Ihnen bei allen Fragen zu Zahlungsvorg\u00e4ngen, Rechnungen und Gutschriften. [&hellip;]<\/p>\n","protected":false},"author":2,"featured_media":0,"parent":0,"menu_order":0,"comment_status":"closed","ping_status":"closed","template":"","meta":{"_acf_changed":false,"footnotes":""},"class_list":["post-378","page","type-page","status-publish","hentry"],"acf":[],"yoast_head":"<!-- This site is optimized with the Yoast SEO plugin v24.0 - https:\/\/yoast.com\/wordpress\/plugins\/seo\/ -->\n<title>Buchhaltung - Joist GmbH<\/title>\n<meta name=\"robots\" content=\"index, follow, max-snippet:-1, max-image-preview:large, max-video-preview:-1\" \/>\n<link rel=\"canonical\" href=\"https:\/\/joist.eu\/cms\/buchhaltung\/\" \/>\n<meta property=\"og:locale\" content=\"de_DE\" \/>\n<meta property=\"og:type\" content=\"article\" \/>\n<meta property=\"og:title\" content=\"Buchhaltung - Joist GmbH\" \/>\n<meta property=\"og:description\" content=\"JOIST &#8211; Ihr Partner JOIST versteht sich als Partner des Kunden. Deshalb ist ein vertrauensvoller Umgang mit Ihnen und Ihren pers\u00f6nlichen Daten ein absolutes Muss f\u00fcr uns. F\u00fcr alles, was mit Zahlung zu tun hat, sind Frau Lennartz und Frau Eversheim Ihre kompetenten Ansprechpartnerinnen. Sie helfen Ihnen bei allen Fragen zu Zahlungsvorg\u00e4ngen, Rechnungen und Gutschriften. [&hellip;]\" \/>\n<meta property=\"og:url\" content=\"https:\/\/joist.eu\/cms\/buchhaltung\/\" \/>\n<meta property=\"og:site_name\" content=\"Joist GmbH\" \/>\n<meta property=\"article:modified_time\" content=\"2023-04-18T09:11:29+00:00\" \/>\n<meta property=\"og:image\" content=\"https:\/\/joist.eu\/cms\/wp-content\/uploads\/2016\/04\/joist_still_115-1024x683.jpg\" \/>\n\t<meta property=\"og:image:width\" content=\"1024\" \/>\n\t<meta property=\"og:image:height\" content=\"683\" \/>\n\t<meta property=\"og:image:type\" content=\"image\/jpeg\" \/>\n<meta name=\"twitter:card\" content=\"summary_large_image\" \/>\n<script type=\"application\/ld+json\" class=\"yoast-schema-graph\">{\"@context\":\"https:\/\/schema.org\",\"@graph\":[{\"@type\":\"WebPage\",\"@id\":\"https:\/\/joist.eu\/cms\/buchhaltung\/\",\"url\":\"https:\/\/joist.eu\/cms\/buchhaltung\/\",\"name\":\"Buchhaltung - Joist GmbH\",\"isPartOf\":{\"@id\":\"https:\/\/joist.eu\/cms\/#website\"},\"primaryImageOfPage\":{\"@id\":\"https:\/\/joist.eu\/cms\/buchhaltung\/#primaryimage\"},\"image\":{\"@id\":\"https:\/\/joist.eu\/cms\/buchhaltung\/#primaryimage\"},\"thumbnailUrl\":\"http:\/\/joist.eu\/cms\/wp-content\/uploads\/2016\/04\/joist_still_115-300x200.jpg\",\"datePublished\":\"2016-04-04T13:30:51+00:00\",\"dateModified\":\"2023-04-18T09:11:29+00:00\",\"breadcrumb\":{\"@id\":\"https:\/\/joist.eu\/cms\/buchhaltung\/#breadcrumb\"},\"inLanguage\":\"de\",\"potentialAction\":[{\"@type\":\"ReadAction\",\"target\":[\"https:\/\/joist.eu\/cms\/buchhaltung\/\"]}]},{\"@type\":\"ImageObject\",\"inLanguage\":\"de\",\"@id\":\"https:\/\/joist.eu\/cms\/buchhaltung\/#primaryimage\",\"url\":\"http:\/\/joist.eu\/cms\/wp-content\/uploads\/2016\/04\/joist_still_115-300x200.jpg\",\"contentUrl\":\"http:\/\/joist.eu\/cms\/wp-content\/uploads\/2016\/04\/joist_still_115-300x200.jpg\"},{\"@type\":\"BreadcrumbList\",\"@id\":\"https:\/\/joist.eu\/cms\/buchhaltung\/#breadcrumb\",\"itemListElement\":[{\"@type\":\"ListItem\",\"position\":1,\"name\":\"Home\",\"item\":\"https:\/\/joist.eu\/cms\/\"},{\"@type\":\"ListItem\",\"position\":2,\"name\":\"Buchhaltung\"}]},{\"@type\":\"WebSite\",\"@id\":\"https:\/\/joist.eu\/cms\/#website\",\"url\":\"https:\/\/joist.eu\/cms\/\",\"name\":\"Joist GmbH\",\"description\":\"\",\"publisher\":{\"@id\":\"https:\/\/joist.eu\/cms\/#organization\"},\"potentialAction\":[{\"@type\":\"SearchAction\",\"target\":{\"@type\":\"EntryPoint\",\"urlTemplate\":\"https:\/\/joist.eu\/cms\/?s={search_term_string}\"},\"query-input\":{\"@type\":\"PropertyValueSpecification\",\"valueRequired\":true,\"valueName\":\"search_term_string\"}}],\"inLanguage\":\"de\"},{\"@type\":\"Organization\",\"@id\":\"https:\/\/joist.eu\/cms\/#organization\",\"name\":\"Joist GmbH\",\"url\":\"https:\/\/joist.eu\/cms\/\",\"logo\":{\"@type\":\"ImageObject\",\"inLanguage\":\"de\",\"@id\":\"https:\/\/joist.eu\/cms\/#\/schema\/logo\/image\/\",\"url\":\"https:\/\/joist.eu\/cms\/wp-content\/uploads\/2016\/03\/logo.png\",\"contentUrl\":\"https:\/\/joist.eu\/cms\/wp-content\/uploads\/2016\/03\/logo.png\",\"width\":226,\"height\":76,\"caption\":\"Joist GmbH\"},\"image\":{\"@id\":\"https:\/\/joist.eu\/cms\/#\/schema\/logo\/image\/\"}}]}<\/script>\n<!-- \/ Yoast SEO plugin. -->","yoast_head_json":{"title":"Buchhaltung - Joist GmbH","robots":{"index":"index","follow":"follow","max-snippet":"max-snippet:-1","max-image-preview":"max-image-preview:large","max-video-preview":"max-video-preview:-1"},"canonical":"https:\/\/joist.eu\/cms\/buchhaltung\/","og_locale":"de_DE","og_type":"article","og_title":"Buchhaltung - Joist GmbH","og_description":"JOIST &#8211; Ihr Partner JOIST versteht sich als Partner des Kunden. Deshalb ist ein vertrauensvoller Umgang mit Ihnen und Ihren pers\u00f6nlichen Daten ein absolutes Muss f\u00fcr uns. F\u00fcr alles, was mit Zahlung zu tun hat, sind Frau Lennartz und Frau Eversheim Ihre kompetenten Ansprechpartnerinnen. Sie helfen Ihnen bei allen Fragen zu Zahlungsvorg\u00e4ngen, Rechnungen und Gutschriften. [&hellip;]","og_url":"https:\/\/joist.eu\/cms\/buchhaltung\/","og_site_name":"Joist GmbH","article_modified_time":"2023-04-18T09:11:29+00:00","og_image":[{"width":1024,"height":683,"url":"https:\/\/joist.eu\/cms\/wp-content\/uploads\/2016\/04\/joist_still_115-1024x683.jpg","type":"image\/jpeg"}],"twitter_card":"summary_large_image","schema":{"@context":"https:\/\/schema.org","@graph":[{"@type":"WebPage","@id":"https:\/\/joist.eu\/cms\/buchhaltung\/","url":"https:\/\/joist.eu\/cms\/buchhaltung\/","name":"Buchhaltung - Joist GmbH","isPartOf":{"@id":"https:\/\/joist.eu\/cms\/#website"},"primaryImageOfPage":{"@id":"https:\/\/joist.eu\/cms\/buchhaltung\/#primaryimage"},"image":{"@id":"https:\/\/joist.eu\/cms\/buchhaltung\/#primaryimage"},"thumbnailUrl":"http:\/\/joist.eu\/cms\/wp-content\/uploads\/2016\/04\/joist_still_115-300x200.jpg","datePublished":"2016-04-04T13:30:51+00:00","dateModified":"2023-04-18T09:11:29+00:00","breadcrumb":{"@id":"https:\/\/joist.eu\/cms\/buchhaltung\/#breadcrumb"},"inLanguage":"de","potentialAction":[{"@type":"ReadAction","target":["https:\/\/joist.eu\/cms\/buchhaltung\/"]}]},{"@type":"ImageObject","inLanguage":"de","@id":"https:\/\/joist.eu\/cms\/buchhaltung\/#primaryimage","url":"http:\/\/joist.eu\/cms\/wp-content\/uploads\/2016\/04\/joist_still_115-300x200.jpg","contentUrl":"http:\/\/joist.eu\/cms\/wp-content\/uploads\/2016\/04\/joist_still_115-300x200.jpg"},{"@type":"BreadcrumbList","@id":"https:\/\/joist.eu\/cms\/buchhaltung\/#breadcrumb","itemListElement":[{"@type":"ListItem","position":1,"name":"Home","item":"https:\/\/joist.eu\/cms\/"},{"@type":"ListItem","position":2,"name":"Buchhaltung"}]},{"@type":"WebSite","@id":"https:\/\/joist.eu\/cms\/#website","url":"https:\/\/joist.eu\/cms\/","name":"Joist GmbH","description":"","publisher":{"@id":"https:\/\/joist.eu\/cms\/#organization"},"potentialAction":[{"@type":"SearchAction","target":{"@type":"EntryPoint","urlTemplate":"https:\/\/joist.eu\/cms\/?s={search_term_string}"},"query-input":{"@type":"PropertyValueSpecification","valueRequired":true,"valueName":"search_term_string"}}],"inLanguage":"de"},{"@type":"Organization","@id":"https:\/\/joist.eu\/cms\/#organization","name":"Joist GmbH","url":"https:\/\/joist.eu\/cms\/","logo":{"@type":"ImageObject","inLanguage":"de","@id":"https:\/\/joist.eu\/cms\/#\/schema\/logo\/image\/","url":"https:\/\/joist.eu\/cms\/wp-content\/uploads\/2016\/03\/logo.png","contentUrl":"https:\/\/joist.eu\/cms\/wp-content\/uploads\/2016\/03\/logo.png","width":226,"height":76,"caption":"Joist GmbH"},"image":{"@id":"https:\/\/joist.eu\/cms\/#\/schema\/logo\/image\/"}}]}},"_links":{"self":[{"href":"https:\/\/joist.eu\/cms\/wp-json\/wp\/v2\/pages\/378","targetHints":{"allow":["GET"]}}],"collection":[{"href":"https:\/\/joist.eu\/cms\/wp-json\/wp\/v2\/pages"}],"about":[{"href":"https:\/\/joist.eu\/cms\/wp-json\/wp\/v2\/types\/page"}],"author":[{"embeddable":true,"href":"https:\/\/joist.eu\/cms\/wp-json\/wp\/v2\/users\/2"}],"replies":[{"embeddable":true,"href":"https:\/\/joist.eu\/cms\/wp-json\/wp\/v2\/comments?post=378"}],"version-history":[{"count":0,"href":"https:\/\/joist.eu\/cms\/wp-json\/wp\/v2\/pages\/378\/revisions"}],"wp:attachment":[{"href":"https:\/\/joist.eu\/cms\/wp-json\/wp\/v2\/media?parent=378"}],"curies":[{"name":"wp","href":"https:\/\/api.w.org\/{rel}","templated":true}]}}