{"id":376,"date":"2016-04-04T15:27:46","date_gmt":"2016-04-04T13:27:46","guid":{"rendered":"http:\/\/joist.eu\/?page_id=376"},"modified":"2021-01-26T13:41:55","modified_gmt":"2021-01-26T12:41:55","slug":"lager-versand","status":"publish","type":"page","link":"https:\/\/joist.eu\/cms\/lager-versand\/","title":{"rendered":"Lager &#038; Versand"},"content":{"rendered":"<h2 class=\"green\"><img loading=\"lazy\" decoding=\"async\" class=\"alignleft size-thumbnail wp-image-630\" src=\"http:\/\/joist.eu\/cms\/wp-content\/uploads\/2016\/04\/joist_lager_041-150x150.jpg\" alt=\"joist_lager_041\" width=\"150\" height=\"150\" \/>Lieferung innerhalb eines Werktages<\/h2>\n<p style=\"padding-right: 170px;\">Damit Sie Ihre Ware innerhalb eines Werktages \u2013 im Idealfall innerhalb weniger Stunden \u2013 zuverl\u00e4ssig in den H\u00e4nden halten, setzt JOIST auf ein optimiertes Lager- und Versandsystem.<br \/>\nSobald Ihr Auftrag eingeht, werden die von Ihnen bestellten Artikel von unseren Mitarbeitern im<br \/>\nLager zusammengestellt, kontrolliert und dann durch eine integrierte Verpackungsstra\u00dfe f\u00fcr den Versand vorbereitet. Sollte ein Teil einmal nicht vorr\u00e4tig sein \u2013\u00a0 wir besorgen es schnellstens!<\/p>\n<h2 class=\"green\"><img loading=\"lazy\" decoding=\"async\" class=\"size-thumbnail wp-image-632 alignright\" src=\"http:\/\/joist.eu\/cms\/wp-content\/uploads\/2016\/04\/joist_lager_045-150x150.jpg\" alt=\"joist_lager_045\" width=\"150\" height=\"150\" \/><\/h2>\n<h2 class=\"green\" style=\"padding-left: 170px;\">Profis arbeiten mit Profis zusammen<\/h2>\n<p style=\"padding-left: 170px;\">trans-o-flex, nox-Nachtexpress, DHL und Schenker sind unsere professionellen Partner im Bereich Logistik. Gemeinsam garantieren wir einen schnellen und sicheren Transport Ihrer Bestellung von uns zu Ihnen.<\/p>\n<p>&nbsp;<\/p>\n","protected":false},"excerpt":{"rendered":"<p>Lieferung innerhalb eines Werktages Damit Sie Ihre Ware innerhalb eines Werktages \u2013 im Idealfall innerhalb weniger Stunden \u2013 zuverl\u00e4ssig in den H\u00e4nden halten, setzt JOIST auf ein optimiertes Lager- und Versandsystem. Sobald Ihr Auftrag eingeht, werden die von Ihnen bestellten Artikel von unseren Mitarbeitern im Lager zusammengestellt, kontrolliert und dann durch eine integrierte Verpackungsstra\u00dfe f\u00fcr [&hellip;]<\/p>\n","protected":false},"author":2,"featured_media":0,"parent":0,"menu_order":0,"comment_status":"closed","ping_status":"closed","template":"","meta":{"_acf_changed":false,"footnotes":""},"class_list":["post-376","page","type-page","status-publish","hentry"],"acf":[],"yoast_head":"<!-- This site is optimized with the Yoast SEO plugin v24.0 - https:\/\/yoast.com\/wordpress\/plugins\/seo\/ -->\n<title>Lager &amp; Versand - Joist GmbH<\/title>\n<meta name=\"robots\" content=\"index, follow, max-snippet:-1, max-image-preview:large, max-video-preview:-1\" \/>\n<link rel=\"canonical\" href=\"https:\/\/joist.eu\/cms\/lager-versand\/\" \/>\n<meta property=\"og:locale\" content=\"de_DE\" \/>\n<meta property=\"og:type\" content=\"article\" \/>\n<meta property=\"og:title\" content=\"Lager &amp; Versand - Joist GmbH\" \/>\n<meta property=\"og:description\" content=\"Lieferung innerhalb eines Werktages Damit Sie Ihre Ware innerhalb eines Werktages \u2013 im Idealfall innerhalb weniger Stunden \u2013 zuverl\u00e4ssig in den H\u00e4nden halten, setzt JOIST auf ein optimiertes Lager- und Versandsystem. Sobald Ihr Auftrag eingeht, werden die von Ihnen bestellten Artikel von unseren Mitarbeitern im Lager zusammengestellt, kontrolliert und dann durch eine integrierte Verpackungsstra\u00dfe f\u00fcr [&hellip;]\" \/>\n<meta property=\"og:url\" content=\"https:\/\/joist.eu\/cms\/lager-versand\/\" \/>\n<meta property=\"og:site_name\" content=\"Joist GmbH\" \/>\n<meta property=\"article:modified_time\" content=\"2021-01-26T12:41:55+00:00\" \/>\n<meta property=\"og:image\" content=\"http:\/\/joist.eu\/cms\/wp-content\/uploads\/2016\/04\/joist_lager_041-150x150.jpg\" \/>\n<meta name=\"twitter:card\" content=\"summary_large_image\" \/>\n<meta name=\"twitter:label1\" content=\"Gesch\u00e4tzte Lesezeit\" \/>\n\t<meta name=\"twitter:data1\" content=\"1\u00a0Minute\" \/>\n<script type=\"application\/ld+json\" class=\"yoast-schema-graph\">{\"@context\":\"https:\/\/schema.org\",\"@graph\":[{\"@type\":\"WebPage\",\"@id\":\"https:\/\/joist.eu\/cms\/lager-versand\/\",\"url\":\"https:\/\/joist.eu\/cms\/lager-versand\/\",\"name\":\"Lager & Versand - Joist GmbH\",\"isPartOf\":{\"@id\":\"https:\/\/joist.eu\/cms\/#website\"},\"primaryImageOfPage\":{\"@id\":\"https:\/\/joist.eu\/cms\/lager-versand\/#primaryimage\"},\"image\":{\"@id\":\"https:\/\/joist.eu\/cms\/lager-versand\/#primaryimage\"},\"thumbnailUrl\":\"http:\/\/joist.eu\/cms\/wp-content\/uploads\/2016\/04\/joist_lager_041-150x150.jpg\",\"datePublished\":\"2016-04-04T13:27:46+00:00\",\"dateModified\":\"2021-01-26T12:41:55+00:00\",\"breadcrumb\":{\"@id\":\"https:\/\/joist.eu\/cms\/lager-versand\/#breadcrumb\"},\"inLanguage\":\"de\",\"potentialAction\":[{\"@type\":\"ReadAction\",\"target\":[\"https:\/\/joist.eu\/cms\/lager-versand\/\"]}]},{\"@type\":\"ImageObject\",\"inLanguage\":\"de\",\"@id\":\"https:\/\/joist.eu\/cms\/lager-versand\/#primaryimage\",\"url\":\"http:\/\/joist.eu\/cms\/wp-content\/uploads\/2016\/04\/joist_lager_041-150x150.jpg\",\"contentUrl\":\"http:\/\/joist.eu\/cms\/wp-content\/uploads\/2016\/04\/joist_lager_041-150x150.jpg\"},{\"@type\":\"BreadcrumbList\",\"@id\":\"https:\/\/joist.eu\/cms\/lager-versand\/#breadcrumb\",\"itemListElement\":[{\"@type\":\"ListItem\",\"position\":1,\"name\":\"Home\",\"item\":\"https:\/\/joist.eu\/cms\/\"},{\"@type\":\"ListItem\",\"position\":2,\"name\":\"Lager &#038; Versand\"}]},{\"@type\":\"WebSite\",\"@id\":\"https:\/\/joist.eu\/cms\/#website\",\"url\":\"https:\/\/joist.eu\/cms\/\",\"name\":\"Joist GmbH\",\"description\":\"\",\"publisher\":{\"@id\":\"https:\/\/joist.eu\/cms\/#organization\"},\"potentialAction\":[{\"@type\":\"SearchAction\",\"target\":{\"@type\":\"EntryPoint\",\"urlTemplate\":\"https:\/\/joist.eu\/cms\/?s={search_term_string}\"},\"query-input\":{\"@type\":\"PropertyValueSpecification\",\"valueRequired\":true,\"valueName\":\"search_term_string\"}}],\"inLanguage\":\"de\"},{\"@type\":\"Organization\",\"@id\":\"https:\/\/joist.eu\/cms\/#organization\",\"name\":\"Joist GmbH\",\"url\":\"https:\/\/joist.eu\/cms\/\",\"logo\":{\"@type\":\"ImageObject\",\"inLanguage\":\"de\",\"@id\":\"https:\/\/joist.eu\/cms\/#\/schema\/logo\/image\/\",\"url\":\"https:\/\/joist.eu\/cms\/wp-content\/uploads\/2016\/03\/logo.png\",\"contentUrl\":\"https:\/\/joist.eu\/cms\/wp-content\/uploads\/2016\/03\/logo.png\",\"width\":226,\"height\":76,\"caption\":\"Joist GmbH\"},\"image\":{\"@id\":\"https:\/\/joist.eu\/cms\/#\/schema\/logo\/image\/\"}}]}<\/script>\n<!-- \/ Yoast SEO plugin. -->","yoast_head_json":{"title":"Lager & Versand - Joist GmbH","robots":{"index":"index","follow":"follow","max-snippet":"max-snippet:-1","max-image-preview":"max-image-preview:large","max-video-preview":"max-video-preview:-1"},"canonical":"https:\/\/joist.eu\/cms\/lager-versand\/","og_locale":"de_DE","og_type":"article","og_title":"Lager & Versand - Joist GmbH","og_description":"Lieferung innerhalb eines Werktages Damit Sie Ihre Ware innerhalb eines Werktages \u2013 im Idealfall innerhalb weniger Stunden \u2013 zuverl\u00e4ssig in den H\u00e4nden halten, setzt JOIST auf ein optimiertes Lager- und Versandsystem. Sobald Ihr Auftrag eingeht, werden die von Ihnen bestellten Artikel von unseren Mitarbeitern im Lager zusammengestellt, kontrolliert und dann durch eine integrierte Verpackungsstra\u00dfe f\u00fcr [&hellip;]","og_url":"https:\/\/joist.eu\/cms\/lager-versand\/","og_site_name":"Joist GmbH","article_modified_time":"2021-01-26T12:41:55+00:00","og_image":[{"url":"http:\/\/joist.eu\/cms\/wp-content\/uploads\/2016\/04\/joist_lager_041-150x150.jpg","type":"","width":"","height":""}],"twitter_card":"summary_large_image","twitter_misc":{"Gesch\u00e4tzte Lesezeit":"1\u00a0Minute"},"schema":{"@context":"https:\/\/schema.org","@graph":[{"@type":"WebPage","@id":"https:\/\/joist.eu\/cms\/lager-versand\/","url":"https:\/\/joist.eu\/cms\/lager-versand\/","name":"Lager & Versand - Joist GmbH","isPartOf":{"@id":"https:\/\/joist.eu\/cms\/#website"},"primaryImageOfPage":{"@id":"https:\/\/joist.eu\/cms\/lager-versand\/#primaryimage"},"image":{"@id":"https:\/\/joist.eu\/cms\/lager-versand\/#primaryimage"},"thumbnailUrl":"http:\/\/joist.eu\/cms\/wp-content\/uploads\/2016\/04\/joist_lager_041-150x150.jpg","datePublished":"2016-04-04T13:27:46+00:00","dateModified":"2021-01-26T12:41:55+00:00","breadcrumb":{"@id":"https:\/\/joist.eu\/cms\/lager-versand\/#breadcrumb"},"inLanguage":"de","potentialAction":[{"@type":"ReadAction","target":["https:\/\/joist.eu\/cms\/lager-versand\/"]}]},{"@type":"ImageObject","inLanguage":"de","@id":"https:\/\/joist.eu\/cms\/lager-versand\/#primaryimage","url":"http:\/\/joist.eu\/cms\/wp-content\/uploads\/2016\/04\/joist_lager_041-150x150.jpg","contentUrl":"http:\/\/joist.eu\/cms\/wp-content\/uploads\/2016\/04\/joist_lager_041-150x150.jpg"},{"@type":"BreadcrumbList","@id":"https:\/\/joist.eu\/cms\/lager-versand\/#breadcrumb","itemListElement":[{"@type":"ListItem","position":1,"name":"Home","item":"https:\/\/joist.eu\/cms\/"},{"@type":"ListItem","position":2,"name":"Lager &#038; Versand"}]},{"@type":"WebSite","@id":"https:\/\/joist.eu\/cms\/#website","url":"https:\/\/joist.eu\/cms\/","name":"Joist GmbH","description":"","publisher":{"@id":"https:\/\/joist.eu\/cms\/#organization"},"potentialAction":[{"@type":"SearchAction","target":{"@type":"EntryPoint","urlTemplate":"https:\/\/joist.eu\/cms\/?s={search_term_string}"},"query-input":{"@type":"PropertyValueSpecification","valueRequired":true,"valueName":"search_term_string"}}],"inLanguage":"de"},{"@type":"Organization","@id":"https:\/\/joist.eu\/cms\/#organization","name":"Joist GmbH","url":"https:\/\/joist.eu\/cms\/","logo":{"@type":"ImageObject","inLanguage":"de","@id":"https:\/\/joist.eu\/cms\/#\/schema\/logo\/image\/","url":"https:\/\/joist.eu\/cms\/wp-content\/uploads\/2016\/03\/logo.png","contentUrl":"https:\/\/joist.eu\/cms\/wp-content\/uploads\/2016\/03\/logo.png","width":226,"height":76,"caption":"Joist GmbH"},"image":{"@id":"https:\/\/joist.eu\/cms\/#\/schema\/logo\/image\/"}}]}},"_links":{"self":[{"href":"https:\/\/joist.eu\/cms\/wp-json\/wp\/v2\/pages\/376","targetHints":{"allow":["GET"]}}],"collection":[{"href":"https:\/\/joist.eu\/cms\/wp-json\/wp\/v2\/pages"}],"about":[{"href":"https:\/\/joist.eu\/cms\/wp-json\/wp\/v2\/types\/page"}],"author":[{"embeddable":true,"href":"https:\/\/joist.eu\/cms\/wp-json\/wp\/v2\/users\/2"}],"replies":[{"embeddable":true,"href":"https:\/\/joist.eu\/cms\/wp-json\/wp\/v2\/comments?post=376"}],"version-history":[{"count":0,"href":"https:\/\/joist.eu\/cms\/wp-json\/wp\/v2\/pages\/376\/revisions"}],"wp:attachment":[{"href":"https:\/\/joist.eu\/cms\/wp-json\/wp\/v2\/media?parent=376"}],"curies":[{"name":"wp","href":"https:\/\/api.w.org\/{rel}","templated":true}]}}