{"id":335,"date":"2016-04-04T14:11:33","date_gmt":"2016-04-04T12:11:33","guid":{"rendered":"http:\/\/joist.eu\/?page_id=335"},"modified":"2023-11-20T11:42:14","modified_gmt":"2023-11-20T10:42:14","slug":"kundenbetreuung","status":"publish","type":"page","link":"https:\/\/joist.eu\/cms\/kundenbetreuung\/","title":{"rendered":"Joist-Serviceteam"},"content":{"rendered":"<h2 class=\"green\">Der Qualit\u00e4t verpflichtet<\/h2>\n<h2 class=\"green\"><img decoding=\"async\" class=\"size-medium wp-image-561 alignright\" src=\"http:\/\/joist.eu\/cms\/wp-content\/uploads\/2016\/04\/joist_lager_021-300x200.jpg\" alt=\"joist_lager_021\" width=\"300\" height=\"auto\" srcset=\"https:\/\/joist.eu\/cms\/wp-content\/uploads\/2016\/04\/joist_lager_021-300x200.jpg 300w, https:\/\/joist.eu\/cms\/wp-content\/uploads\/2016\/04\/joist_lager_021-768x512.jpg 768w, https:\/\/joist.eu\/cms\/wp-content\/uploads\/2016\/04\/joist_lager_021-1024x682.jpg 1024w\" sizes=\"(max-width: 300px) 100vw, 300px\" \/><\/h2>\n<p>Die Qualit\u00e4t der Ware und die Sicherheit unserer Kunden stehen bei uns immer an erster Stelle. Sollte innerhalb der Garantiezeit an einem Artikel, den Sie bei uns erworben haben, M\u00e4ngel auftreten, wenden Sie sich an unser Serviceteam \u2013 wir kl\u00e4ren das f\u00fcr Sie.<\/p>\n<h2 class=\"green\">Sie haben Fragen zu Ihrer Bestellung oder m\u00f6chten eine R\u00fccksendung anmelden?<\/h2>\n<p>F\u00fcr R\u00fcckfragen gibt es ganz unterschiedliche Gr\u00fcnde. Wichtig ist aber eins dabei \u2013 dass Sie eine schnelle und unkomplizierte L\u00f6sung erhalten. Frau Vieth hilft Ihnen bei allen Fragen rund um Ihre Bestellung, Reklamation und R\u00fccksendung.<\/p>\n<p>Sollte Ihre Lieferung nicht in Ordnung sein, dann k\u00fcmmern wir uns um R\u00fccknahme und gegebenenfalls<br \/>\nNeuversand der ben\u00f6tigten Ware \u2013 Getreu unserem Motto: schnell.zuverl\u00e4ssig.gut.<\/p>\n<h2 class=\"green\">So funktioniert eine Retoure ganz einfach:<\/h2>\n<div style=\"padding-left: 20px;\">\n<p>\u2022 Sie f\u00fcllen einen Reklamationsantrag aus und senden uns diesen zur Pr\u00fcfung und Freigabe zu.<br \/>\n\u2022 Sie verpacken die angemeldete Ware zusammen mit dem genehmigten Reklamationsantrag.<br \/>\n\u2022 Ein Paketdienst holt am n\u00e4chsten Werktag die Ware bei Ihnen vor Ort ab.<\/p>\n<\/div>\n<h2 class=\"green\">Ihr direkter Kontakt zum Serviceteam:<\/h2>\n<p>Telefon: <strong>+49 (0) 2251 106 140<\/strong><br \/>\nFaxnummer: <strong>+49 (0) 2251 106 1413<br \/>\n<\/strong>E-Mail: <strong>service@joist.de<\/strong><\/p>\n","protected":false},"excerpt":{"rendered":"<p>Der Qualit\u00e4t verpflichtet Die Qualit\u00e4t der Ware und die Sicherheit unserer Kunden stehen bei uns immer an erster Stelle. Sollte innerhalb der Garantiezeit an einem Artikel, den Sie bei uns erworben haben, M\u00e4ngel auftreten, wenden Sie sich an unser Serviceteam \u2013 wir kl\u00e4ren das f\u00fcr Sie. Sie haben Fragen zu Ihrer Bestellung oder m\u00f6chten eine [&hellip;]<\/p>\n","protected":false},"author":2,"featured_media":0,"parent":0,"menu_order":0,"comment_status":"closed","ping_status":"closed","template":"","meta":{"_acf_changed":false,"footnotes":""},"class_list":["post-335","page","type-page","status-publish","hentry"],"acf":[],"yoast_head":"<!-- This site is optimized with the Yoast SEO plugin v24.0 - https:\/\/yoast.com\/wordpress\/plugins\/seo\/ -->\n<title>Joist-Serviceteam - Joist GmbH<\/title>\n<meta name=\"robots\" content=\"index, follow, max-snippet:-1, max-image-preview:large, max-video-preview:-1\" \/>\n<link rel=\"canonical\" href=\"https:\/\/joist.eu\/cms\/kundenbetreuung\/\" \/>\n<meta property=\"og:locale\" content=\"de_DE\" \/>\n<meta property=\"og:type\" content=\"article\" \/>\n<meta property=\"og:title\" content=\"Joist-Serviceteam - Joist GmbH\" \/>\n<meta property=\"og:description\" content=\"Der Qualit\u00e4t verpflichtet Die Qualit\u00e4t der Ware und die Sicherheit unserer Kunden stehen bei uns immer an erster Stelle. Sollte innerhalb der Garantiezeit an einem Artikel, den Sie bei uns erworben haben, M\u00e4ngel auftreten, wenden Sie sich an unser Serviceteam \u2013 wir kl\u00e4ren das f\u00fcr Sie. Sie haben Fragen zu Ihrer Bestellung oder m\u00f6chten eine [&hellip;]\" \/>\n<meta property=\"og:url\" content=\"https:\/\/joist.eu\/cms\/kundenbetreuung\/\" \/>\n<meta property=\"og:site_name\" content=\"Joist GmbH\" \/>\n<meta property=\"article:modified_time\" content=\"2023-11-20T10:42:14+00:00\" \/>\n<meta property=\"og:image\" content=\"http:\/\/joist.eu\/cms\/wp-content\/uploads\/2016\/04\/joist_lager_021-300x200.jpg\" \/>\n<meta name=\"twitter:card\" content=\"summary_large_image\" \/>\n<meta name=\"twitter:label1\" content=\"Gesch\u00e4tzte Lesezeit\" \/>\n\t<meta name=\"twitter:data1\" content=\"1\u00a0Minute\" \/>\n<script type=\"application\/ld+json\" class=\"yoast-schema-graph\">{\"@context\":\"https:\/\/schema.org\",\"@graph\":[{\"@type\":\"WebPage\",\"@id\":\"https:\/\/joist.eu\/cms\/kundenbetreuung\/\",\"url\":\"https:\/\/joist.eu\/cms\/kundenbetreuung\/\",\"name\":\"Joist-Serviceteam - Joist GmbH\",\"isPartOf\":{\"@id\":\"https:\/\/joist.eu\/cms\/#website\"},\"primaryImageOfPage\":{\"@id\":\"https:\/\/joist.eu\/cms\/kundenbetreuung\/#primaryimage\"},\"image\":{\"@id\":\"https:\/\/joist.eu\/cms\/kundenbetreuung\/#primaryimage\"},\"thumbnailUrl\":\"http:\/\/joist.eu\/cms\/wp-content\/uploads\/2016\/04\/joist_lager_021-300x200.jpg\",\"datePublished\":\"2016-04-04T12:11:33+00:00\",\"dateModified\":\"2023-11-20T10:42:14+00:00\",\"breadcrumb\":{\"@id\":\"https:\/\/joist.eu\/cms\/kundenbetreuung\/#breadcrumb\"},\"inLanguage\":\"de\",\"potentialAction\":[{\"@type\":\"ReadAction\",\"target\":[\"https:\/\/joist.eu\/cms\/kundenbetreuung\/\"]}]},{\"@type\":\"ImageObject\",\"inLanguage\":\"de\",\"@id\":\"https:\/\/joist.eu\/cms\/kundenbetreuung\/#primaryimage\",\"url\":\"http:\/\/joist.eu\/cms\/wp-content\/uploads\/2016\/04\/joist_lager_021-300x200.jpg\",\"contentUrl\":\"http:\/\/joist.eu\/cms\/wp-content\/uploads\/2016\/04\/joist_lager_021-300x200.jpg\"},{\"@type\":\"BreadcrumbList\",\"@id\":\"https:\/\/joist.eu\/cms\/kundenbetreuung\/#breadcrumb\",\"itemListElement\":[{\"@type\":\"ListItem\",\"position\":1,\"name\":\"Home\",\"item\":\"https:\/\/joist.eu\/cms\/\"},{\"@type\":\"ListItem\",\"position\":2,\"name\":\"Joist-Serviceteam\"}]},{\"@type\":\"WebSite\",\"@id\":\"https:\/\/joist.eu\/cms\/#website\",\"url\":\"https:\/\/joist.eu\/cms\/\",\"name\":\"Joist GmbH\",\"description\":\"\",\"publisher\":{\"@id\":\"https:\/\/joist.eu\/cms\/#organization\"},\"potentialAction\":[{\"@type\":\"SearchAction\",\"target\":{\"@type\":\"EntryPoint\",\"urlTemplate\":\"https:\/\/joist.eu\/cms\/?s={search_term_string}\"},\"query-input\":{\"@type\":\"PropertyValueSpecification\",\"valueRequired\":true,\"valueName\":\"search_term_string\"}}],\"inLanguage\":\"de\"},{\"@type\":\"Organization\",\"@id\":\"https:\/\/joist.eu\/cms\/#organization\",\"name\":\"Joist GmbH\",\"url\":\"https:\/\/joist.eu\/cms\/\",\"logo\":{\"@type\":\"ImageObject\",\"inLanguage\":\"de\",\"@id\":\"https:\/\/joist.eu\/cms\/#\/schema\/logo\/image\/\",\"url\":\"https:\/\/joist.eu\/cms\/wp-content\/uploads\/2016\/03\/logo.png\",\"contentUrl\":\"https:\/\/joist.eu\/cms\/wp-content\/uploads\/2016\/03\/logo.png\",\"width\":226,\"height\":76,\"caption\":\"Joist GmbH\"},\"image\":{\"@id\":\"https:\/\/joist.eu\/cms\/#\/schema\/logo\/image\/\"}}]}<\/script>\n<!-- \/ Yoast SEO plugin. -->","yoast_head_json":{"title":"Joist-Serviceteam - Joist GmbH","robots":{"index":"index","follow":"follow","max-snippet":"max-snippet:-1","max-image-preview":"max-image-preview:large","max-video-preview":"max-video-preview:-1"},"canonical":"https:\/\/joist.eu\/cms\/kundenbetreuung\/","og_locale":"de_DE","og_type":"article","og_title":"Joist-Serviceteam - Joist GmbH","og_description":"Der Qualit\u00e4t verpflichtet Die Qualit\u00e4t der Ware und die Sicherheit unserer Kunden stehen bei uns immer an erster Stelle. Sollte innerhalb der Garantiezeit an einem Artikel, den Sie bei uns erworben haben, M\u00e4ngel auftreten, wenden Sie sich an unser Serviceteam \u2013 wir kl\u00e4ren das f\u00fcr Sie. Sie haben Fragen zu Ihrer Bestellung oder m\u00f6chten eine [&hellip;]","og_url":"https:\/\/joist.eu\/cms\/kundenbetreuung\/","og_site_name":"Joist GmbH","article_modified_time":"2023-11-20T10:42:14+00:00","og_image":[{"url":"http:\/\/joist.eu\/cms\/wp-content\/uploads\/2016\/04\/joist_lager_021-300x200.jpg","type":"","width":"","height":""}],"twitter_card":"summary_large_image","twitter_misc":{"Gesch\u00e4tzte Lesezeit":"1\u00a0Minute"},"schema":{"@context":"https:\/\/schema.org","@graph":[{"@type":"WebPage","@id":"https:\/\/joist.eu\/cms\/kundenbetreuung\/","url":"https:\/\/joist.eu\/cms\/kundenbetreuung\/","name":"Joist-Serviceteam - Joist GmbH","isPartOf":{"@id":"https:\/\/joist.eu\/cms\/#website"},"primaryImageOfPage":{"@id":"https:\/\/joist.eu\/cms\/kundenbetreuung\/#primaryimage"},"image":{"@id":"https:\/\/joist.eu\/cms\/kundenbetreuung\/#primaryimage"},"thumbnailUrl":"http:\/\/joist.eu\/cms\/wp-content\/uploads\/2016\/04\/joist_lager_021-300x200.jpg","datePublished":"2016-04-04T12:11:33+00:00","dateModified":"2023-11-20T10:42:14+00:00","breadcrumb":{"@id":"https:\/\/joist.eu\/cms\/kundenbetreuung\/#breadcrumb"},"inLanguage":"de","potentialAction":[{"@type":"ReadAction","target":["https:\/\/joist.eu\/cms\/kundenbetreuung\/"]}]},{"@type":"ImageObject","inLanguage":"de","@id":"https:\/\/joist.eu\/cms\/kundenbetreuung\/#primaryimage","url":"http:\/\/joist.eu\/cms\/wp-content\/uploads\/2016\/04\/joist_lager_021-300x200.jpg","contentUrl":"http:\/\/joist.eu\/cms\/wp-content\/uploads\/2016\/04\/joist_lager_021-300x200.jpg"},{"@type":"BreadcrumbList","@id":"https:\/\/joist.eu\/cms\/kundenbetreuung\/#breadcrumb","itemListElement":[{"@type":"ListItem","position":1,"name":"Home","item":"https:\/\/joist.eu\/cms\/"},{"@type":"ListItem","position":2,"name":"Joist-Serviceteam"}]},{"@type":"WebSite","@id":"https:\/\/joist.eu\/cms\/#website","url":"https:\/\/joist.eu\/cms\/","name":"Joist GmbH","description":"","publisher":{"@id":"https:\/\/joist.eu\/cms\/#organization"},"potentialAction":[{"@type":"SearchAction","target":{"@type":"EntryPoint","urlTemplate":"https:\/\/joist.eu\/cms\/?s={search_term_string}"},"query-input":{"@type":"PropertyValueSpecification","valueRequired":true,"valueName":"search_term_string"}}],"inLanguage":"de"},{"@type":"Organization","@id":"https:\/\/joist.eu\/cms\/#organization","name":"Joist GmbH","url":"https:\/\/joist.eu\/cms\/","logo":{"@type":"ImageObject","inLanguage":"de","@id":"https:\/\/joist.eu\/cms\/#\/schema\/logo\/image\/","url":"https:\/\/joist.eu\/cms\/wp-content\/uploads\/2016\/03\/logo.png","contentUrl":"https:\/\/joist.eu\/cms\/wp-content\/uploads\/2016\/03\/logo.png","width":226,"height":76,"caption":"Joist GmbH"},"image":{"@id":"https:\/\/joist.eu\/cms\/#\/schema\/logo\/image\/"}}]}},"_links":{"self":[{"href":"https:\/\/joist.eu\/cms\/wp-json\/wp\/v2\/pages\/335","targetHints":{"allow":["GET"]}}],"collection":[{"href":"https:\/\/joist.eu\/cms\/wp-json\/wp\/v2\/pages"}],"about":[{"href":"https:\/\/joist.eu\/cms\/wp-json\/wp\/v2\/types\/page"}],"author":[{"embeddable":true,"href":"https:\/\/joist.eu\/cms\/wp-json\/wp\/v2\/users\/2"}],"replies":[{"embeddable":true,"href":"https:\/\/joist.eu\/cms\/wp-json\/wp\/v2\/comments?post=335"}],"version-history":[{"count":0,"href":"https:\/\/joist.eu\/cms\/wp-json\/wp\/v2\/pages\/335\/revisions"}],"wp:attachment":[{"href":"https:\/\/joist.eu\/cms\/wp-json\/wp\/v2\/media?parent=335"}],"curies":[{"name":"wp","href":"https:\/\/api.w.org\/{rel}","templated":true}]}}