{"id":294,"date":"2016-04-04T11:38:06","date_gmt":"2016-04-04T09:38:06","guid":{"rendered":"http:\/\/joist.eu\/?page_id=294"},"modified":"2019-12-06T11:57:49","modified_gmt":"2019-12-06T10:57:49","slug":"joist-originalteile","status":"publish","type":"page","link":"https:\/\/joist.eu\/cms\/joist-originalteile\/","title":{"rendered":"JOIST-Originalteile"},"content":{"rendered":"<h2 class=\"green\">JOIST Originalteile &#8211; Das Original ist GR\u00dcN!<img loading=\"lazy\" decoding=\"async\" class=\"alignright wp-image-3181\" style=\"border: solid #3C3C3C 1px\" src=\"https:\/\/joist.eu\/cms\/wp-content\/uploads\/2018\/10\/Joist_Originalteile_18_440oP.png\" alt=\"\" width=\"440\" height=\"266\"\/><\/h2>\n<p style=\"text-align: left;\">Alle Originalersatzteile sind in der Farbe Gr\u00fcn gekennzeichnet. So behalten<br \/>\nSie den \u00dcberblick und wissen: \u00bbdas Original ist GR\u00dcN\u00ab. Sie geben Ihnen die Sicherheit Ersatzteile zu verbauen, die keinerlei Einschr\u00e4nkungen in Funktionalit\u00e4t, oder Gew\u00e4hrleistung haben.<\/p>\n<p>&nbsp;<\/p>\n<p>&nbsp;<\/p>\n<p>&nbsp;<\/p>\n<p>&nbsp;<\/p>\n","protected":false},"excerpt":{"rendered":"<p>JOIST Originalteile &#8211; Das Original ist GR\u00dcN! Alle Originalersatzteile sind in der Farbe Gr\u00fcn gekennzeichnet. So behalten Sie den \u00dcberblick und wissen: \u00bbdas Original ist GR\u00dcN\u00ab. Sie geben Ihnen die Sicherheit Ersatzteile zu verbauen, die keinerlei Einschr\u00e4nkungen in Funktionalit\u00e4t, oder Gew\u00e4hrleistung haben. &nbsp; &nbsp; &nbsp; &nbsp;<\/p>\n","protected":false},"author":2,"featured_media":0,"parent":0,"menu_order":0,"comment_status":"closed","ping_status":"closed","template":"","meta":{"_acf_changed":false,"footnotes":""},"class_list":["post-294","page","type-page","status-publish","hentry"],"acf":[],"yoast_head":"<!-- This site is optimized with the Yoast SEO plugin v24.0 - https:\/\/yoast.com\/wordpress\/plugins\/seo\/ -->\n<title>JOIST-Originalteile - Joist GmbH<\/title>\n<meta name=\"robots\" content=\"index, follow, max-snippet:-1, max-image-preview:large, max-video-preview:-1\" \/>\n<link rel=\"canonical\" href=\"https:\/\/joist.eu\/cms\/joist-originalteile\/\" \/>\n<meta property=\"og:locale\" content=\"de_DE\" \/>\n<meta property=\"og:type\" content=\"article\" \/>\n<meta property=\"og:title\" content=\"JOIST-Originalteile - Joist GmbH\" \/>\n<meta property=\"og:description\" content=\"JOIST Originalteile &#8211; Das Original ist GR\u00dcN! Alle Originalersatzteile sind in der Farbe Gr\u00fcn gekennzeichnet. So behalten Sie den \u00dcberblick und wissen: \u00bbdas Original ist GR\u00dcN\u00ab. Sie geben Ihnen die Sicherheit Ersatzteile zu verbauen, die keinerlei Einschr\u00e4nkungen in Funktionalit\u00e4t, oder Gew\u00e4hrleistung haben. &nbsp; &nbsp; &nbsp; &nbsp;\" \/>\n<meta property=\"og:url\" content=\"https:\/\/joist.eu\/cms\/joist-originalteile\/\" \/>\n<meta property=\"og:site_name\" content=\"Joist GmbH\" \/>\n<meta property=\"article:modified_time\" content=\"2019-12-06T10:57:49+00:00\" \/>\n<meta property=\"og:image\" content=\"https:\/\/joist.eu\/cms\/wp-content\/uploads\/2018\/10\/Joist_Originalteile_18_440oP.png\" \/>\n<meta name=\"twitter:card\" content=\"summary_large_image\" \/>\n<script type=\"application\/ld+json\" class=\"yoast-schema-graph\">{\"@context\":\"https:\/\/schema.org\",\"@graph\":[{\"@type\":\"WebPage\",\"@id\":\"https:\/\/joist.eu\/cms\/joist-originalteile\/\",\"url\":\"https:\/\/joist.eu\/cms\/joist-originalteile\/\",\"name\":\"JOIST-Originalteile - Joist GmbH\",\"isPartOf\":{\"@id\":\"https:\/\/joist.eu\/cms\/#website\"},\"primaryImageOfPage\":{\"@id\":\"https:\/\/joist.eu\/cms\/joist-originalteile\/#primaryimage\"},\"image\":{\"@id\":\"https:\/\/joist.eu\/cms\/joist-originalteile\/#primaryimage\"},\"thumbnailUrl\":\"https:\/\/joist.eu\/cms\/wp-content\/uploads\/2018\/10\/Joist_Originalteile_18_440oP.png\",\"datePublished\":\"2016-04-04T09:38:06+00:00\",\"dateModified\":\"2019-12-06T10:57:49+00:00\",\"breadcrumb\":{\"@id\":\"https:\/\/joist.eu\/cms\/joist-originalteile\/#breadcrumb\"},\"inLanguage\":\"de\",\"potentialAction\":[{\"@type\":\"ReadAction\",\"target\":[\"https:\/\/joist.eu\/cms\/joist-originalteile\/\"]}]},{\"@type\":\"ImageObject\",\"inLanguage\":\"de\",\"@id\":\"https:\/\/joist.eu\/cms\/joist-originalteile\/#primaryimage\",\"url\":\"https:\/\/joist.eu\/cms\/wp-content\/uploads\/2018\/10\/Joist_Originalteile_18_440oP.png\",\"contentUrl\":\"https:\/\/joist.eu\/cms\/wp-content\/uploads\/2018\/10\/Joist_Originalteile_18_440oP.png\",\"width\":1024,\"height\":619},{\"@type\":\"BreadcrumbList\",\"@id\":\"https:\/\/joist.eu\/cms\/joist-originalteile\/#breadcrumb\",\"itemListElement\":[{\"@type\":\"ListItem\",\"position\":1,\"name\":\"Home\",\"item\":\"https:\/\/joist.eu\/cms\/\"},{\"@type\":\"ListItem\",\"position\":2,\"name\":\"JOIST-Originalteile\"}]},{\"@type\":\"WebSite\",\"@id\":\"https:\/\/joist.eu\/cms\/#website\",\"url\":\"https:\/\/joist.eu\/cms\/\",\"name\":\"Joist GmbH\",\"description\":\"\",\"publisher\":{\"@id\":\"https:\/\/joist.eu\/cms\/#organization\"},\"potentialAction\":[{\"@type\":\"SearchAction\",\"target\":{\"@type\":\"EntryPoint\",\"urlTemplate\":\"https:\/\/joist.eu\/cms\/?s={search_term_string}\"},\"query-input\":{\"@type\":\"PropertyValueSpecification\",\"valueRequired\":true,\"valueName\":\"search_term_string\"}}],\"inLanguage\":\"de\"},{\"@type\":\"Organization\",\"@id\":\"https:\/\/joist.eu\/cms\/#organization\",\"name\":\"Joist GmbH\",\"url\":\"https:\/\/joist.eu\/cms\/\",\"logo\":{\"@type\":\"ImageObject\",\"inLanguage\":\"de\",\"@id\":\"https:\/\/joist.eu\/cms\/#\/schema\/logo\/image\/\",\"url\":\"https:\/\/joist.eu\/cms\/wp-content\/uploads\/2016\/03\/logo.png\",\"contentUrl\":\"https:\/\/joist.eu\/cms\/wp-content\/uploads\/2016\/03\/logo.png\",\"width\":226,\"height\":76,\"caption\":\"Joist GmbH\"},\"image\":{\"@id\":\"https:\/\/joist.eu\/cms\/#\/schema\/logo\/image\/\"}}]}<\/script>\n<!-- \/ Yoast SEO plugin. -->","yoast_head_json":{"title":"JOIST-Originalteile - Joist GmbH","robots":{"index":"index","follow":"follow","max-snippet":"max-snippet:-1","max-image-preview":"max-image-preview:large","max-video-preview":"max-video-preview:-1"},"canonical":"https:\/\/joist.eu\/cms\/joist-originalteile\/","og_locale":"de_DE","og_type":"article","og_title":"JOIST-Originalteile - Joist GmbH","og_description":"JOIST Originalteile &#8211; Das Original ist GR\u00dcN! Alle Originalersatzteile sind in der Farbe Gr\u00fcn gekennzeichnet. So behalten Sie den \u00dcberblick und wissen: \u00bbdas Original ist GR\u00dcN\u00ab. Sie geben Ihnen die Sicherheit Ersatzteile zu verbauen, die keinerlei Einschr\u00e4nkungen in Funktionalit\u00e4t, oder Gew\u00e4hrleistung haben. &nbsp; &nbsp; &nbsp; &nbsp;","og_url":"https:\/\/joist.eu\/cms\/joist-originalteile\/","og_site_name":"Joist GmbH","article_modified_time":"2019-12-06T10:57:49+00:00","og_image":[{"url":"https:\/\/joist.eu\/cms\/wp-content\/uploads\/2018\/10\/Joist_Originalteile_18_440oP.png","type":"","width":"","height":""}],"twitter_card":"summary_large_image","schema":{"@context":"https:\/\/schema.org","@graph":[{"@type":"WebPage","@id":"https:\/\/joist.eu\/cms\/joist-originalteile\/","url":"https:\/\/joist.eu\/cms\/joist-originalteile\/","name":"JOIST-Originalteile - Joist GmbH","isPartOf":{"@id":"https:\/\/joist.eu\/cms\/#website"},"primaryImageOfPage":{"@id":"https:\/\/joist.eu\/cms\/joist-originalteile\/#primaryimage"},"image":{"@id":"https:\/\/joist.eu\/cms\/joist-originalteile\/#primaryimage"},"thumbnailUrl":"https:\/\/joist.eu\/cms\/wp-content\/uploads\/2018\/10\/Joist_Originalteile_18_440oP.png","datePublished":"2016-04-04T09:38:06+00:00","dateModified":"2019-12-06T10:57:49+00:00","breadcrumb":{"@id":"https:\/\/joist.eu\/cms\/joist-originalteile\/#breadcrumb"},"inLanguage":"de","potentialAction":[{"@type":"ReadAction","target":["https:\/\/joist.eu\/cms\/joist-originalteile\/"]}]},{"@type":"ImageObject","inLanguage":"de","@id":"https:\/\/joist.eu\/cms\/joist-originalteile\/#primaryimage","url":"https:\/\/joist.eu\/cms\/wp-content\/uploads\/2018\/10\/Joist_Originalteile_18_440oP.png","contentUrl":"https:\/\/joist.eu\/cms\/wp-content\/uploads\/2018\/10\/Joist_Originalteile_18_440oP.png","width":1024,"height":619},{"@type":"BreadcrumbList","@id":"https:\/\/joist.eu\/cms\/joist-originalteile\/#breadcrumb","itemListElement":[{"@type":"ListItem","position":1,"name":"Home","item":"https:\/\/joist.eu\/cms\/"},{"@type":"ListItem","position":2,"name":"JOIST-Originalteile"}]},{"@type":"WebSite","@id":"https:\/\/joist.eu\/cms\/#website","url":"https:\/\/joist.eu\/cms\/","name":"Joist GmbH","description":"","publisher":{"@id":"https:\/\/joist.eu\/cms\/#organization"},"potentialAction":[{"@type":"SearchAction","target":{"@type":"EntryPoint","urlTemplate":"https:\/\/joist.eu\/cms\/?s={search_term_string}"},"query-input":{"@type":"PropertyValueSpecification","valueRequired":true,"valueName":"search_term_string"}}],"inLanguage":"de"},{"@type":"Organization","@id":"https:\/\/joist.eu\/cms\/#organization","name":"Joist GmbH","url":"https:\/\/joist.eu\/cms\/","logo":{"@type":"ImageObject","inLanguage":"de","@id":"https:\/\/joist.eu\/cms\/#\/schema\/logo\/image\/","url":"https:\/\/joist.eu\/cms\/wp-content\/uploads\/2016\/03\/logo.png","contentUrl":"https:\/\/joist.eu\/cms\/wp-content\/uploads\/2016\/03\/logo.png","width":226,"height":76,"caption":"Joist GmbH"},"image":{"@id":"https:\/\/joist.eu\/cms\/#\/schema\/logo\/image\/"}}]}},"_links":{"self":[{"href":"https:\/\/joist.eu\/cms\/wp-json\/wp\/v2\/pages\/294","targetHints":{"allow":["GET"]}}],"collection":[{"href":"https:\/\/joist.eu\/cms\/wp-json\/wp\/v2\/pages"}],"about":[{"href":"https:\/\/joist.eu\/cms\/wp-json\/wp\/v2\/types\/page"}],"author":[{"embeddable":true,"href":"https:\/\/joist.eu\/cms\/wp-json\/wp\/v2\/users\/2"}],"replies":[{"embeddable":true,"href":"https:\/\/joist.eu\/cms\/wp-json\/wp\/v2\/comments?post=294"}],"version-history":[{"count":0,"href":"https:\/\/joist.eu\/cms\/wp-json\/wp\/v2\/pages\/294\/revisions"}],"wp:attachment":[{"href":"https:\/\/joist.eu\/cms\/wp-json\/wp\/v2\/media?parent=294"}],"curies":[{"name":"wp","href":"https:\/\/api.w.org\/{rel}","templated":true}]}}