{"id":245,"date":"2016-04-02T19:53:59","date_gmt":"2016-04-02T17:53:59","guid":{"rendered":"http:\/\/joist.eu\/?page_id=245"},"modified":"2019-12-06T13:25:34","modified_gmt":"2019-12-06T12:25:34","slug":"einkauf","status":"publish","type":"page","link":"https:\/\/joist.eu\/cms\/einkauf\/","title":{"rendered":"Einkauf"},"content":{"rendered":"<p><img loading=\"lazy\" decoding=\"async\" class=\"size-medium wp-image-610 alignleft\" src=\"http:\/\/joist.eu\/cms\/wp-content\/uploads\/2016\/04\/joist_aussen_015-300x200.jpg\" alt=\"joist_aussen_015\" width=\"300\" height=\"200\" srcset=\"https:\/\/joist.eu\/cms\/wp-content\/uploads\/2016\/04\/joist_aussen_015-300x200.jpg 300w, https:\/\/joist.eu\/cms\/wp-content\/uploads\/2016\/04\/joist_aussen_015-768x512.jpg 768w, https:\/\/joist.eu\/cms\/wp-content\/uploads\/2016\/04\/joist_aussen_015-1024x682.jpg 1024w\" sizes=\"auto, (max-width: 300px) 100vw, 300px\" \/><\/p>\n<h2 class=\"green\">SIE BRAUCHEN ES? WIR HABEN ES!<\/h2>\n<p style=\"padding-top: 5px\">Wir bieten Ihnen im JOIST Online-Shop ein Sortiment von \u00fcber 1,8 Millionen Originalersatzteilen und<br \/>\nMotoren. Damit eine maximale Anzahl von Artikeln f\u00fcr Sie st\u00e4ndig ab Lager verf\u00fcgbar ist, arbeiten die<br \/>\nMitarbeiter im Einkauf Hand in Hand mit unserer Lagerlogistik. Mit unserem intelligenten Lagersystem<br \/>\nwerden Mindestbest\u00e4nde bereits im Lager erkannt und dem Einkauf gemeldet. So wird st\u00e4ndig<br \/>\nbedarfsgerecht nachbestellt.<\/p>\n<p>&nbsp;<\/p>\n<p>&nbsp;<\/p>\n<p>&nbsp;<\/p>\n<p>&nbsp;<\/p>\n<p>&nbsp;<\/p>\n","protected":false},"excerpt":{"rendered":"<p>SIE BRAUCHEN ES? WIR HABEN ES! Wir bieten Ihnen im JOIST Online-Shop ein Sortiment von \u00fcber 1,8 Millionen Originalersatzteilen und Motoren. Damit eine maximale Anzahl von Artikeln f\u00fcr Sie st\u00e4ndig ab Lager verf\u00fcgbar ist, arbeiten die Mitarbeiter im Einkauf Hand in Hand mit unserer Lagerlogistik. Mit unserem intelligenten Lagersystem werden Mindestbest\u00e4nde bereits im Lager erkannt [&hellip;]<\/p>\n","protected":false},"author":1,"featured_media":0,"parent":0,"menu_order":0,"comment_status":"closed","ping_status":"closed","template":"page-abteilung.php","meta":{"_acf_changed":false,"footnotes":""},"class_list":["post-245","page","type-page","status-publish","hentry"],"acf":[],"yoast_head":"<!-- This site is optimized with the Yoast SEO plugin v24.0 - https:\/\/yoast.com\/wordpress\/plugins\/seo\/ -->\n<title>Einkauf - Joist GmbH<\/title>\n<meta name=\"robots\" content=\"index, follow, max-snippet:-1, max-image-preview:large, max-video-preview:-1\" \/>\n<link rel=\"canonical\" href=\"https:\/\/joist.eu\/cms\/einkauf\/\" \/>\n<meta property=\"og:locale\" content=\"de_DE\" \/>\n<meta property=\"og:type\" content=\"article\" \/>\n<meta property=\"og:title\" content=\"Einkauf - Joist GmbH\" \/>\n<meta property=\"og:description\" content=\"SIE BRAUCHEN ES? WIR HABEN ES! Wir bieten Ihnen im JOIST Online-Shop ein Sortiment von \u00fcber 1,8 Millionen Originalersatzteilen und Motoren. Damit eine maximale Anzahl von Artikeln f\u00fcr Sie st\u00e4ndig ab Lager verf\u00fcgbar ist, arbeiten die Mitarbeiter im Einkauf Hand in Hand mit unserer Lagerlogistik. Mit unserem intelligenten Lagersystem werden Mindestbest\u00e4nde bereits im Lager erkannt [&hellip;]\" \/>\n<meta property=\"og:url\" content=\"https:\/\/joist.eu\/cms\/einkauf\/\" \/>\n<meta property=\"og:site_name\" content=\"Joist GmbH\" \/>\n<meta property=\"article:modified_time\" content=\"2019-12-06T12:25:34+00:00\" \/>\n<meta property=\"og:image\" content=\"http:\/\/joist.eu\/cms\/wp-content\/uploads\/2016\/04\/joist_aussen_015-300x200.jpg\" \/>\n<meta name=\"twitter:card\" content=\"summary_large_image\" \/>\n<script type=\"application\/ld+json\" class=\"yoast-schema-graph\">{\"@context\":\"https:\/\/schema.org\",\"@graph\":[{\"@type\":\"WebPage\",\"@id\":\"https:\/\/joist.eu\/cms\/einkauf\/\",\"url\":\"https:\/\/joist.eu\/cms\/einkauf\/\",\"name\":\"Einkauf - Joist GmbH\",\"isPartOf\":{\"@id\":\"https:\/\/joist.eu\/cms\/#website\"},\"primaryImageOfPage\":{\"@id\":\"https:\/\/joist.eu\/cms\/einkauf\/#primaryimage\"},\"image\":{\"@id\":\"https:\/\/joist.eu\/cms\/einkauf\/#primaryimage\"},\"thumbnailUrl\":\"http:\/\/joist.eu\/cms\/wp-content\/uploads\/2016\/04\/joist_aussen_015-300x200.jpg\",\"datePublished\":\"2016-04-02T17:53:59+00:00\",\"dateModified\":\"2019-12-06T12:25:34+00:00\",\"breadcrumb\":{\"@id\":\"https:\/\/joist.eu\/cms\/einkauf\/#breadcrumb\"},\"inLanguage\":\"de\",\"potentialAction\":[{\"@type\":\"ReadAction\",\"target\":[\"https:\/\/joist.eu\/cms\/einkauf\/\"]}]},{\"@type\":\"ImageObject\",\"inLanguage\":\"de\",\"@id\":\"https:\/\/joist.eu\/cms\/einkauf\/#primaryimage\",\"url\":\"http:\/\/joist.eu\/cms\/wp-content\/uploads\/2016\/04\/joist_aussen_015-300x200.jpg\",\"contentUrl\":\"http:\/\/joist.eu\/cms\/wp-content\/uploads\/2016\/04\/joist_aussen_015-300x200.jpg\"},{\"@type\":\"BreadcrumbList\",\"@id\":\"https:\/\/joist.eu\/cms\/einkauf\/#breadcrumb\",\"itemListElement\":[{\"@type\":\"ListItem\",\"position\":1,\"name\":\"Home\",\"item\":\"https:\/\/joist.eu\/cms\/\"},{\"@type\":\"ListItem\",\"position\":2,\"name\":\"Einkauf\"}]},{\"@type\":\"WebSite\",\"@id\":\"https:\/\/joist.eu\/cms\/#website\",\"url\":\"https:\/\/joist.eu\/cms\/\",\"name\":\"Joist GmbH\",\"description\":\"\",\"publisher\":{\"@id\":\"https:\/\/joist.eu\/cms\/#organization\"},\"potentialAction\":[{\"@type\":\"SearchAction\",\"target\":{\"@type\":\"EntryPoint\",\"urlTemplate\":\"https:\/\/joist.eu\/cms\/?s={search_term_string}\"},\"query-input\":{\"@type\":\"PropertyValueSpecification\",\"valueRequired\":true,\"valueName\":\"search_term_string\"}}],\"inLanguage\":\"de\"},{\"@type\":\"Organization\",\"@id\":\"https:\/\/joist.eu\/cms\/#organization\",\"name\":\"Joist GmbH\",\"url\":\"https:\/\/joist.eu\/cms\/\",\"logo\":{\"@type\":\"ImageObject\",\"inLanguage\":\"de\",\"@id\":\"https:\/\/joist.eu\/cms\/#\/schema\/logo\/image\/\",\"url\":\"https:\/\/joist.eu\/cms\/wp-content\/uploads\/2016\/03\/logo.png\",\"contentUrl\":\"https:\/\/joist.eu\/cms\/wp-content\/uploads\/2016\/03\/logo.png\",\"width\":226,\"height\":76,\"caption\":\"Joist GmbH\"},\"image\":{\"@id\":\"https:\/\/joist.eu\/cms\/#\/schema\/logo\/image\/\"}}]}<\/script>\n<!-- \/ Yoast SEO plugin. -->","yoast_head_json":{"title":"Einkauf - Joist GmbH","robots":{"index":"index","follow":"follow","max-snippet":"max-snippet:-1","max-image-preview":"max-image-preview:large","max-video-preview":"max-video-preview:-1"},"canonical":"https:\/\/joist.eu\/cms\/einkauf\/","og_locale":"de_DE","og_type":"article","og_title":"Einkauf - Joist GmbH","og_description":"SIE BRAUCHEN ES? WIR HABEN ES! Wir bieten Ihnen im JOIST Online-Shop ein Sortiment von \u00fcber 1,8 Millionen Originalersatzteilen und Motoren. Damit eine maximale Anzahl von Artikeln f\u00fcr Sie st\u00e4ndig ab Lager verf\u00fcgbar ist, arbeiten die Mitarbeiter im Einkauf Hand in Hand mit unserer Lagerlogistik. Mit unserem intelligenten Lagersystem werden Mindestbest\u00e4nde bereits im Lager erkannt [&hellip;]","og_url":"https:\/\/joist.eu\/cms\/einkauf\/","og_site_name":"Joist GmbH","article_modified_time":"2019-12-06T12:25:34+00:00","og_image":[{"url":"http:\/\/joist.eu\/cms\/wp-content\/uploads\/2016\/04\/joist_aussen_015-300x200.jpg","type":"","width":"","height":""}],"twitter_card":"summary_large_image","schema":{"@context":"https:\/\/schema.org","@graph":[{"@type":"WebPage","@id":"https:\/\/joist.eu\/cms\/einkauf\/","url":"https:\/\/joist.eu\/cms\/einkauf\/","name":"Einkauf - Joist GmbH","isPartOf":{"@id":"https:\/\/joist.eu\/cms\/#website"},"primaryImageOfPage":{"@id":"https:\/\/joist.eu\/cms\/einkauf\/#primaryimage"},"image":{"@id":"https:\/\/joist.eu\/cms\/einkauf\/#primaryimage"},"thumbnailUrl":"http:\/\/joist.eu\/cms\/wp-content\/uploads\/2016\/04\/joist_aussen_015-300x200.jpg","datePublished":"2016-04-02T17:53:59+00:00","dateModified":"2019-12-06T12:25:34+00:00","breadcrumb":{"@id":"https:\/\/joist.eu\/cms\/einkauf\/#breadcrumb"},"inLanguage":"de","potentialAction":[{"@type":"ReadAction","target":["https:\/\/joist.eu\/cms\/einkauf\/"]}]},{"@type":"ImageObject","inLanguage":"de","@id":"https:\/\/joist.eu\/cms\/einkauf\/#primaryimage","url":"http:\/\/joist.eu\/cms\/wp-content\/uploads\/2016\/04\/joist_aussen_015-300x200.jpg","contentUrl":"http:\/\/joist.eu\/cms\/wp-content\/uploads\/2016\/04\/joist_aussen_015-300x200.jpg"},{"@type":"BreadcrumbList","@id":"https:\/\/joist.eu\/cms\/einkauf\/#breadcrumb","itemListElement":[{"@type":"ListItem","position":1,"name":"Home","item":"https:\/\/joist.eu\/cms\/"},{"@type":"ListItem","position":2,"name":"Einkauf"}]},{"@type":"WebSite","@id":"https:\/\/joist.eu\/cms\/#website","url":"https:\/\/joist.eu\/cms\/","name":"Joist GmbH","description":"","publisher":{"@id":"https:\/\/joist.eu\/cms\/#organization"},"potentialAction":[{"@type":"SearchAction","target":{"@type":"EntryPoint","urlTemplate":"https:\/\/joist.eu\/cms\/?s={search_term_string}"},"query-input":{"@type":"PropertyValueSpecification","valueRequired":true,"valueName":"search_term_string"}}],"inLanguage":"de"},{"@type":"Organization","@id":"https:\/\/joist.eu\/cms\/#organization","name":"Joist GmbH","url":"https:\/\/joist.eu\/cms\/","logo":{"@type":"ImageObject","inLanguage":"de","@id":"https:\/\/joist.eu\/cms\/#\/schema\/logo\/image\/","url":"https:\/\/joist.eu\/cms\/wp-content\/uploads\/2016\/03\/logo.png","contentUrl":"https:\/\/joist.eu\/cms\/wp-content\/uploads\/2016\/03\/logo.png","width":226,"height":76,"caption":"Joist GmbH"},"image":{"@id":"https:\/\/joist.eu\/cms\/#\/schema\/logo\/image\/"}}]}},"_links":{"self":[{"href":"https:\/\/joist.eu\/cms\/wp-json\/wp\/v2\/pages\/245","targetHints":{"allow":["GET"]}}],"collection":[{"href":"https:\/\/joist.eu\/cms\/wp-json\/wp\/v2\/pages"}],"about":[{"href":"https:\/\/joist.eu\/cms\/wp-json\/wp\/v2\/types\/page"}],"author":[{"embeddable":true,"href":"https:\/\/joist.eu\/cms\/wp-json\/wp\/v2\/users\/1"}],"replies":[{"embeddable":true,"href":"https:\/\/joist.eu\/cms\/wp-json\/wp\/v2\/comments?post=245"}],"version-history":[{"count":0,"href":"https:\/\/joist.eu\/cms\/wp-json\/wp\/v2\/pages\/245\/revisions"}],"wp:attachment":[{"href":"https:\/\/joist.eu\/cms\/wp-json\/wp\/v2\/media?parent=245"}],"curies":[{"name":"wp","href":"https:\/\/api.w.org\/{rel}","templated":true}]}}