
{"id":826,"date":"2016-04-08T10:47:32","date_gmt":"2016-04-08T08:47:32","guid":{"rendered":"http:\/\/joist.eu\/cms\/?page_id=826&#038;lang=fr"},"modified":"2016-04-13T15:24:05","modified_gmt":"2016-04-13T13:24:05","slug":"datenschutz","status":"publish","type":"page","link":"https:\/\/joist.eu\/ch\/datenschutz?lang=fr","title":{"rendered":"Politique de confidentialit\u00e9"},"content":{"rendered":"<h2 class=\"green\">Avec nous, vos donn\u00e9es sont en s\u00e9curit\u00e9<\/h2>\n<p>En r\u00e8gle g\u00e9n\u00e9rale, vous avez la possibilit\u00e9 d&#8217;utiliser notre site Web sans mentionner de donn\u00e9es personnelles  (p.e. nom, adresse et adresses \u00e9lectroniques ). Dans la mesure o\u00f9 elles sont collect\u00e9es sur notre site, elles proviennent toujours dans la mesure du possible d&#8217;un enregistrement volontaire. Ces donn\u00e9es ne sont pas transmises \u00e0 des tiers sauf accord expr\u00e8s de votre part.  Nous vous rappelons que la transmission de donn\u00e9es sur Internet (p. ex. lors de la communication par e-mail) peut pr\u00e9senter des lacunes au niveau de la s\u00e9curit\u00e9. Il n&#8217;est pas possible d&#8217;assurer une protection sans faille des donn\u00e9es contre l&#8217;acc\u00e8s par des tiers.<\/p>\n<p>Par la pr\u00e9sente, nous nous opposons express\u00e9ment \u00e0 l&#8217;utilisation par des tiers concernant des coordonn\u00e9es publi\u00e9es dans le cadre de l&#8217;obligation des mentions l\u00e9gales  pour envoyer des publicit\u00e9s et du mat\u00e9riel d&#8217;information sans accord ecplicite. Les exploitants du pr\u00e9sent site Web se r\u00e9servent express\u00e9ment le droit d\u2019 engager des d\u00e9marches judiciaires en cas d&#8217;envoi d&#8217;informations publicitaires non sollicit\u00e9es, par exemple  pourriels (spams).<\/p>\n","protected":false},"excerpt":{"rendered":"<p>Avec nous, vos donn\u00e9es sont en s\u00e9curit\u00e9 En r\u00e8gle g\u00e9n\u00e9rale, vous avez la possibilit\u00e9 d&#8217;utiliser notre site Web sans mentionner de donn\u00e9es personnelles (p.e. nom, adresse et adresses \u00e9lectroniques ). Dans la mesure o\u00f9 elles sont collect\u00e9es sur notre site, elles proviennent toujours dans la mesure du possible d&#8217;un enregistrement volontaire. Ces donn\u00e9es ne sont [&hellip;]<\/p>\n","protected":false},"author":2,"featured_media":0,"parent":0,"menu_order":0,"comment_status":"closed","ping_status":"closed","template":"","meta":{"_acf_changed":false,"footnotes":""},"class_list":["post-826","page","type-page","status-publish","hentry"],"acf":[],"yoast_head":"<!-- This site is optimized with the Yoast SEO plugin v24.0 - https:\/\/yoast.com\/wordpress\/plugins\/seo\/ -->\n<title>Politique de confidentialit\u00e9 - Joist Swiss GmbH<\/title>\n<meta name=\"robots\" content=\"index, follow, max-snippet:-1, max-image-preview:large, max-video-preview:-1\" \/>\n<link rel=\"canonical\" href=\"https:\/\/joist.eu\/ch\/datenschutz\" \/>\n<meta property=\"og:locale\" content=\"de_DE\" \/>\n<meta property=\"og:type\" content=\"article\" \/>\n<meta property=\"og:title\" content=\"Politique de confidentialit\u00e9 - Joist Swiss GmbH\" \/>\n<meta property=\"og:description\" content=\"Avec nous, vos donn\u00e9es sont en s\u00e9curit\u00e9 En r\u00e8gle g\u00e9n\u00e9rale, vous avez la possibilit\u00e9 d&#8217;utiliser notre site Web sans mentionner de donn\u00e9es personnelles (p.e. nom, adresse et adresses \u00e9lectroniques ). Dans la mesure o\u00f9 elles sont collect\u00e9es sur notre site, elles proviennent toujours dans la mesure du possible d&#8217;un enregistrement volontaire. Ces donn\u00e9es ne sont [&hellip;]\" \/>\n<meta property=\"og:url\" content=\"https:\/\/joist.eu\/ch\/datenschutz\" \/>\n<meta property=\"og:site_name\" content=\"Joist Swiss GmbH\" \/>\n<meta property=\"article:modified_time\" content=\"2016-04-13T13:24:05+00:00\" \/>\n<meta name=\"twitter:card\" content=\"summary_large_image\" \/>\n<meta name=\"twitter:label1\" content=\"Gesch\u00e4tzte Lesezeit\" \/>\n\t<meta name=\"twitter:data1\" content=\"1\u00a0Minute\" \/>\n<script type=\"application\/ld+json\" class=\"yoast-schema-graph\">{\"@context\":\"https:\/\/schema.org\",\"@graph\":[{\"@type\":\"WebPage\",\"@id\":\"https:\/\/joist.eu\/ch\/datenschutz\",\"url\":\"https:\/\/joist.eu\/ch\/datenschutz\",\"name\":\"Politique de confidentialit\u00e9 - Joist Swiss GmbH\",\"isPartOf\":{\"@id\":\"https:\/\/joist.eu\/ch\/#website\"},\"datePublished\":\"2016-04-08T08:47:32+00:00\",\"dateModified\":\"2016-04-13T13:24:05+00:00\",\"breadcrumb\":{\"@id\":\"https:\/\/joist.eu\/ch\/datenschutz#breadcrumb\"},\"inLanguage\":\"de\",\"potentialAction\":[{\"@type\":\"ReadAction\",\"target\":[\"https:\/\/joist.eu\/ch\/datenschutz\"]}]},{\"@type\":\"BreadcrumbList\",\"@id\":\"https:\/\/joist.eu\/ch\/datenschutz#breadcrumb\",\"itemListElement\":[{\"@type\":\"ListItem\",\"position\":1,\"name\":\"Home\",\"item\":\"https:\/\/joist.eu\/ch\"},{\"@type\":\"ListItem\",\"position\":2,\"name\":\"Politique de confidentialit\u00e9\"}]},{\"@type\":\"WebSite\",\"@id\":\"https:\/\/joist.eu\/ch\/#website\",\"url\":\"https:\/\/joist.eu\/ch\/\",\"name\":\"Joist Swiss GmbH\",\"description\":\"\",\"potentialAction\":[{\"@type\":\"SearchAction\",\"target\":{\"@type\":\"EntryPoint\",\"urlTemplate\":\"https:\/\/joist.eu\/ch\/?s={search_term_string}\"},\"query-input\":{\"@type\":\"PropertyValueSpecification\",\"valueRequired\":true,\"valueName\":\"search_term_string\"}}],\"inLanguage\":\"de\"}]}<\/script>\n<!-- \/ Yoast SEO plugin. -->","yoast_head_json":{"title":"Politique de confidentialit\u00e9 - Joist Swiss GmbH","robots":{"index":"index","follow":"follow","max-snippet":"max-snippet:-1","max-image-preview":"max-image-preview:large","max-video-preview":"max-video-preview:-1"},"canonical":"https:\/\/joist.eu\/ch\/datenschutz","og_locale":"de_DE","og_type":"article","og_title":"Politique de confidentialit\u00e9 - Joist Swiss GmbH","og_description":"Avec nous, vos donn\u00e9es sont en s\u00e9curit\u00e9 En r\u00e8gle g\u00e9n\u00e9rale, vous avez la possibilit\u00e9 d&#8217;utiliser notre site Web sans mentionner de donn\u00e9es personnelles (p.e. nom, adresse et adresses \u00e9lectroniques ). Dans la mesure o\u00f9 elles sont collect\u00e9es sur notre site, elles proviennent toujours dans la mesure du possible d&#8217;un enregistrement volontaire. Ces donn\u00e9es ne sont [&hellip;]","og_url":"https:\/\/joist.eu\/ch\/datenschutz","og_site_name":"Joist Swiss GmbH","article_modified_time":"2016-04-13T13:24:05+00:00","twitter_card":"summary_large_image","twitter_misc":{"Gesch\u00e4tzte Lesezeit":"1\u00a0Minute"},"schema":{"@context":"https:\/\/schema.org","@graph":[{"@type":"WebPage","@id":"https:\/\/joist.eu\/ch\/datenschutz","url":"https:\/\/joist.eu\/ch\/datenschutz","name":"Politique de confidentialit\u00e9 - Joist Swiss GmbH","isPartOf":{"@id":"https:\/\/joist.eu\/ch\/#website"},"datePublished":"2016-04-08T08:47:32+00:00","dateModified":"2016-04-13T13:24:05+00:00","breadcrumb":{"@id":"https:\/\/joist.eu\/ch\/datenschutz#breadcrumb"},"inLanguage":"de","potentialAction":[{"@type":"ReadAction","target":["https:\/\/joist.eu\/ch\/datenschutz"]}]},{"@type":"BreadcrumbList","@id":"https:\/\/joist.eu\/ch\/datenschutz#breadcrumb","itemListElement":[{"@type":"ListItem","position":1,"name":"Home","item":"https:\/\/joist.eu\/ch"},{"@type":"ListItem","position":2,"name":"Politique de confidentialit\u00e9"}]},{"@type":"WebSite","@id":"https:\/\/joist.eu\/ch\/#website","url":"https:\/\/joist.eu\/ch\/","name":"Joist Swiss GmbH","description":"","potentialAction":[{"@type":"SearchAction","target":{"@type":"EntryPoint","urlTemplate":"https:\/\/joist.eu\/ch\/?s={search_term_string}"},"query-input":{"@type":"PropertyValueSpecification","valueRequired":true,"valueName":"search_term_string"}}],"inLanguage":"de"}]}},"_links":{"self":[{"href":"https:\/\/joist.eu\/ch\/wp-json\/wp\/v2\/pages\/826","targetHints":{"allow":["GET"]}}],"collection":[{"href":"https:\/\/joist.eu\/ch\/wp-json\/wp\/v2\/pages"}],"about":[{"href":"https:\/\/joist.eu\/ch\/wp-json\/wp\/v2\/types\/page"}],"author":[{"embeddable":true,"href":"https:\/\/joist.eu\/ch\/wp-json\/wp\/v2\/users\/2"}],"replies":[{"embeddable":true,"href":"https:\/\/joist.eu\/ch\/wp-json\/wp\/v2\/comments?post=826"}],"version-history":[{"count":0,"href":"https:\/\/joist.eu\/ch\/wp-json\/wp\/v2\/pages\/826\/revisions"}],"wp:attachment":[{"href":"https:\/\/joist.eu\/ch\/wp-json\/wp\/v2\/media?parent=826"}],"curies":[{"name":"wp","href":"https:\/\/api.w.org\/{rel}","templated":true}]}}