
{"id":796,"date":"2016-04-08T10:26:14","date_gmt":"2016-04-08T08:26:14","guid":{"rendered":"http:\/\/joist.eu\/cms\/?page_id=796&#038;lang=en"},"modified":"2016-04-21T09:48:11","modified_gmt":"2016-04-21T07:48:11","slug":"agb","status":"publish","type":"page","link":"https:\/\/joist.eu\/ch\/agb?lang=en","title":{"rendered":"Terms &#038; Conditions of Sale"},"content":{"rendered":"<p><span class=\"\" lang=\"en\">\u00a0<\/span><\/p>\n<h2 class=\"green\">\u00a7 1 Scope<\/h2>\n<p>For all our <span class=\"\">products and services on<\/span> <span class=\"\">these<\/span> Conditions of Sale apply. This also applies to <span class=\"\">subsequent orders<\/span>, regardless of whether at the individual repeat business again expressly <span class=\"\">to these conditions<\/span> by reference. <span class=\"\">Deviating<\/span> conditions of the buyer are not <span class=\"\">part of the contract<\/span>, <span class=\"\">unless<\/span> <span class=\"\">they are expressly<\/span> <span class=\"\">acknowledged by us<\/span>; this also applies if we <span class=\"\">do not explicitly contradict<\/span> <span class=\"\">otherwise<\/span> <span class=\"\">conditions of purchase<\/span><span class=\"\">.<\/span><\/p>\n<p><span class=\"\" lang=\"en\">\u00a0<\/span><\/p>\n<h2 class=\"green\">\u00a7 2 Offer and conclusion of contract<\/h2>\n<p>Our offers are subject to confirmation, that is, they are merely the invitation for the client is to issue a corresponding order. A contract is only by our acceptance of the order. The assumption is made as soon as we brought the goods with the order confirmation and invoice for shipping based on the order; a declaration of acceptance <span class=\"\">is required<\/span> <span class=\"\">only when<\/span> written confirmation before dispatch. our bill <span class=\"\">and<\/span> <span class=\"\">the<\/span> additional protocol details are <span class=\"\">decisive for the content<\/span> and <span class=\"\">performance of the contract<\/span>.<\/p>\n<p><span class=\"\" lang=\"en\">\u00a0<\/span><\/p>\n<h2 class=\"green\">\u00a7 3 Prices<\/h2>\n<p>3.1 The calculation of our deliveries and services is based on our valid on the day derLieferung prices.<\/p>\n<p>3.2 <span class=\"\">All prices are<\/span> <span class=\"\">exclusive<\/span> packaging factory and excluding applicable VAT and any other government levies. Shipping costs are additional, unless it is agreed otherwise in writing. The packaging is charged at <span class=\"\">cost price<\/span>.<\/p>\n<h2 class=\"green\"><span id=\"result_box\" class=\"\" lang=\"en\"><span title=\"\u00a7 4 Zahlungsbedingungen \">\u00a7 4 Payment<\/span><\/span><\/h2>\n<p><span title=\"4.1 S\u00e4mtliche Zahlungen sind innerhalb von 30 Tagen ohne Abzug, netto Kasse f\u00e4llig.\">4.1 All payments are due within 30 days without discount, net cash. <\/span><span title=\"Nicht bare Zahlungen erfolgen lediglich erf\u00fcllungshalber.\">Not bare payments are subject to clearance. <\/span><span title=\"Wechsel werden nur nach vorheriger schriftlicher Vereinbarung entgegengenommen. \">Bills of exchange are accepted only after prior written agreement.<\/span><\/p>\n<p><span title=\"4.2 Bei Zahlungsverzug des K\u00e4ufers sind wir berechtigt, dem K\u00e4ufer f\u00fcr die Dauer des Verzuges pauschal Zinsen in H\u00f6he von 5 % \u00fcber dem jeweiligen Diskontsatz der Deutschen Bundesbank zu berechnen. \">4.2 If Purchaser is in default, we are entitled to charge the buyer for the duration of any default standard rate interest at the rate of 5% above the discount rate of the Deutsche Bundesbank.<\/span><\/p>\n<p><span title=\"4.3 Bei Eintritt von Tatsachen, die Zweifel an der Zahlungsf\u00e4higkeit oder -bereitschaft des K\u00e4ufers begr\u00fcnden (zB bei Nichteinl\u00f6sung eines Schecks oder Wechsels sowie bei einem Antrag auf Er\u00f6ffnung eines Konkurs- oder Vergleichsverfahrens \u00fcber das Verm\u00f6gen des K\u00e4ufers) und bei Zahlungsverzug des K\u00e4ufers, sind wir\">4.3 In the event of facts, the doubts about the solvency or willingness of the buyer reasons (eg in case of non payment of a check or bill of exchange as well as a request for the opening of bankruptcy or composition proceedings over the assets of the buyer) and the buyer&#8217;s payment, we are <\/span><span title=\"berechtigt, die Ausf\u00fchrung weiterer Leistungen und Lieferungen bis zur vollst\u00e4ndigen Vorauszahlung oder angemessener Sicherheitsleistungen zur\u00fcckzustellen.\">the right to defer the execution of other services and supplies until full payment in advance or reasonable security. <\/span><span title=\"Kommt der K\u00e4ufer einer entsprechenden Aufforderung nicht innerhalb einer angemessenen Frist nach, sind wir berechtigt, vondem Vertrag ganz oder teilweise zur\u00fcckzutreten.\">If the buyer fails to take appropriate within a reasonable period, we are entitled to withdraw vondem contract in whole or in part. <\/span><span title=\"Weitergehende Anspr\u00fcche bleiben vorenthalten. \">Further claims remain deprived.<\/span><\/p>\n<p><span title=\"4.4 Aufrechnungs- und Zur\u00fcckbehaltungsrechte stehen dem K\u00e4ufer nur zu, soweit seine Gegenanspr\u00fcche unbestritten oder rechtskr\u00e4ftig festgestellt sind.\">4.4 off and retention to the buyer only if his counterclaims are undisputed or legally.<\/span><\/p>\n<h2 class=\"green\"><span id=\"result_box\" class=\"\" lang=\"en\">\u00a7 5 Delivery and transfer of risk<\/span><\/h2>\n<p>5.1 All deliveries are made at the expense and risk of the buyer, even if the transport costs in individual cases are handled by us. The transportation costs are additional. <span class=\"\">If delivery is delayed<\/span> by circumstances for which the purchaser is responsible, then the risk is already <span class=\"\">with the display<\/span> <span class=\"\">of readiness for shipment<\/span> to the buyer. Meaningful Part deliveries are allowed.<\/p>\n<p><span id=\"result_box\" class=\"\" lang=\"en\">5.2 Shipping of performance information is correct to the best judgment based on the deliverer jeweilien round of orders. The details are to be regarded as approximate, unless additionally carried an explicit binding delivery commitment for a fixed date. For merchants the correct and timely <span class=\"\">delivery remains<\/span><span class=\"\">.<\/span><\/span><\/p>\n<p><span id=\"result_box\" class=\"\" lang=\"en\">5.3 Delivery and performance <span class=\"\">times shall be extended<\/span> to a reasonable extent if we are prevented from fulfilling our obligations by force majeure or other unforeseeable and extraordinary <span class=\"\">events that could<\/span> <span class=\"\">not be avoided<\/span> despite reasonable care. As events within the meaning of <span class=\"\">sentence 1<\/span> <span class=\"\">in particular<\/span> war, riots, strikes, lockouts, fire, flood, <span class=\"\">government measures<\/span>, general delivery bottlenecks and unforeseeable malfunctions <span class=\"\">even with<\/span> <span class=\"\">suppliers<\/span> apply. <span class=\"\">If the<\/span> delivery or performance time significantly exceeded <span class=\"\">and the financial interest<\/span> of the buyer on the power <span class=\"\">therefore be omitted<\/span>, <span class=\"\">so<\/span> <span class=\"\">the<\/span> buyer can withdraw <span class=\"\">in writing<\/span> <span class=\"\">after a reasonable<\/span> <span class=\"\">grace period<\/span> and written <span class=\"\">resignation<\/span> <span class=\"\">threat<\/span> from the contract. Further claims of the buyer are excluded.<\/span><\/p>\n<p><span id=\"result_box\" class=\"\" lang=\"en\">5.4 Compliance with delivery and performance date presupposes the fulfillment of contractual obligations and duties to cooperate by the purchaser. If the buyer defaults<span class=\"\">, the delivery time<\/span> <span class=\"\">is interrupted<\/span> <span class=\"\">and<\/span> extended by the period in which the purchaser is in default; further claims <span class=\"\">remain unaffected.<\/span><\/span><\/p>\n<h2 class=\"green\"><span id=\"result_box\" class=\"\" lang=\"en\">\u00a7 6 Acceptance deadlines, call orders<\/span><\/h2>\n<p><span class=\"\">If the buyer<\/span> get the goods or within a specified period to decrease, we are entitled to issue statements <span class=\"\">after the deadline<\/span>; However, we are free also to withdraw without warning. Although an order on call <span class=\"\">is carried out<\/span> <span class=\"\">and<\/span> <span class=\"\">agreed to a<\/span> demand period, we are entitled to deliver the goods after the expiry of 6 <span class=\"\">months of the issue<\/span> of our order confirmation or the contract. If the goods are ordered <span class=\"\">with a<\/span> call order is not completely removed within the agreed period, the <span class=\"\">call order<\/span> is <span class=\"\">invalid.<\/span> For the <span class=\"\">quantities already delivered<\/span> a recalculation <span class=\"\">can be done<\/span><span class=\"\">,<\/span> <span class=\"\">which<\/span> is based on the list price of each retrieved <span class=\"\">subset<\/span><span class=\"\">.<\/span><\/p>\n<h2 class=\"green\"><span id=\"result_box\" class=\"\" lang=\"en\"><span class=\"\">\u00a7<\/span> <span class=\"\">7<\/span> <span class=\"\">Packaging<\/span><\/span><\/h2>\n<p>To keep the delivery prices as stable as possible, <span class=\"\">our delivery<\/span> <span class=\"\">prices include<\/span> no cost dieErfassung and recovery of used packaging. The buyer is therefore <span class=\"\">recycle<\/span> used packaging <span class=\"\">independently and<\/span> on their own account; Cost burdens and bill cuts <span class=\"\">are not permitted.<\/span><\/p>\n<h2 class=\"green\"><span id=\"result_box\" class=\"\" lang=\"en\">\u00a7 8 Retention of title<\/span><\/h2>\n<p>8.1 Until full payment of all already past or only in the future from the business relationship with the buyer arising <span class=\"\">or<\/span> developing demands remain all goods delivered our property (&#8222;reserved goods&#8220;). For current accounts, the retained goods as security for the balance <span class=\"\">requirement<\/span><span class=\"\">.<\/span><\/p>\n<p><span id=\"result_box\" class=\"\" lang=\"en\">8.2 The buyer is obliged to ensure their proper and careful treatment of the goods. He is not entitled to pledge the reserved goods, to assign them as security, or burdening third parties with other rights. In case of seizure, third-party access, loss, damage and other circumstances that might affect our rights or the reserved goods, the buyer has to protect our property by force and to notify us immediately by handing over the necessary documents for an intervention<span class=\"\">.<\/span><\/span><\/p>\n<p><span id=\"result_box\" class=\"\" lang=\"en\">8.3 The purchaser is entitled until further notice to resell the goods in the ordinary course of business. The purchaser hereby assigns all claims and demands from the resale and processing of the goods conditional payment to us; We accept the assignment. The buyer is authorized until further notice to collect the assigned receivables. We will make use of the rights of withdrawal no use as long as the buyer meets his contractual obligations and no case of point. 8.4 is present. The buyer has the collected amounts kept separately until settlement of the secured claims and immediately surrendered to us as and when our claims are due. On request, the buyer has to give all necessary to collect the <span class=\"\">assigned claims<\/span>. We are entitled to disclose <span class=\"\">the assignment to<\/span> the debtors of the buyer<span class=\"\">.<\/span><\/span><\/p>\n<p><span id=\"result_box\" class=\"\" lang=\"en\">8.4 If the buyer is in default of payment or if facts one who have doubts about its solvency or Zaglungsbereitschaft justified (see. Para. 4.3), we shall be entitled at its discretion to take the reserved goods at any time to us. To this end, we are entitled to the buyer access to the premises during normal business hours. The costs of returning the buyer. <span class=\"\">The withdrawal<\/span> <span class=\"\">of the goods<\/span> shall only withdraw from the contract if we expressly declare this<span class=\"\">.<\/span><\/span><\/p>\n<p><span id=\"result_box\" class=\"\" lang=\"en\">8.5 If the value of our secured claims <span class=\"\">by more than<\/span> <span class=\"\">20<\/span>%, we are obliged to <span class=\"\">the buyer&#8217;s request<\/span> <span class=\"\">to release securities<\/span> <span class=\"\">at our discretion<\/span><span class=\"\">.<\/span><\/span><\/p>\n<p><span id=\"result_box\" class=\"\" lang=\"en\">8.6 In case of processing, combining, mixing or reduction of the reserved goods with other, not the buyer the goods belonging to, the difference resulting from this co-ownership is us in the new item <span class=\"\">in proportion to the<\/span> <span class=\"\">value of our reserved<\/span> <span class=\"\">goods to the other<\/span> goods at the time of <span class=\"\">processing<\/span>, <span class=\"\">combining, mixing or<\/span> <span class=\"\">mingling.<\/span><\/span><\/p>\n<h2 class=\"green\"><span id=\"result_box\" class=\"\" lang=\"en\">\u00a7 9 Production data, patterns, representations of properties<\/span><\/h2>\n<p>9.1 Unless otherwise agreed, product information, samples and patterns apply only as merely approximate product specification and quality description or as merely approximate samples of the goods ordered. Technical amendments and design <span class=\"\">changes to the<\/span> <span class=\"\">product<\/span> <span class=\"\">information in the catalog<\/span> are reserved.<\/p>\n<p>9.2 representations of properties <span class=\"\">within the meaning of<\/span> \u00a7 459 para. 2 BGB must be confirmed in writing by us as &#8222;<span class=\"\">guaranteed properties<\/span><span class=\"\">&#8222;<\/span><span class=\"\">.<\/span><\/p>\n<h2 class=\"green\"><span id=\"result_box\" class=\"\" lang=\"en\">\u00a7 10 Warranty<\/span><\/h2>\n<p><span id=\"result_box\" class=\"\" lang=\"en\">10.1 Any defects, damages and defects deviations are reported to us immediately in writing, namely: case of visible defects, etc. at the latest within 7 calendar days after delivery and other <span class=\"\">defects that<\/span> <span class=\"\">can not be discovered<\/span> <span class=\"\">within this period<\/span> <span class=\"\">even with careful<\/span> <span class=\"\">examination<\/span><span class=\"\">,<\/span> <span class=\"\">within no more than<\/span> 7 calendar days after discovery. <span class=\"\">Failing<\/span> <span class=\"\">a timely<\/span> <span class=\"\">notice of defect<\/span>, no claims against us may be derived from such <span class=\"\">deficiencies<\/span><span class=\"\">.<\/span><\/span><\/p>\n<p><span id=\"result_box\" class=\"\" lang=\"en\">10.2 In the event of a complaint, we reserve the right to inspect and test derbeanstandeten goods in the same state.<\/span><\/p>\n<p>10.3 In the event of a defective delivery or a missing guaranteed property, we reserve <span class=\"\">the right<\/span> to repair or replacement. The purchaser shall grant us the necessary and reasonable time and opportunity to carry out the repair and \/ <span class=\"\">or replacement.<\/span> Hitting the reasonable attempts at repair or replacement deliveries fail <span class=\"\">or are they<\/span> within a reasonable time is not possible or passes <span class=\"\">a<\/span> set of buyers reasonable extension without removing the failure, or <span class=\"\">the<\/span> <span class=\"\">removal of defects<\/span> by us culpably delays, the purchaser <span class=\"\">can demand either<\/span> rescission the contract (rescission) or reduction of the price <span class=\"\">(reduction)<\/span>.<\/p>\n<h2 class=\"green\"><span id=\"result_box\" class=\"\" lang=\"en\">\u00a7 11 Liability<\/span><\/h2>\n<p><span class=\"\">Claims for damages because<\/span> of us or our vicarious agents caused Infringements z. B. from <span class=\"\">default, impossibility<\/span><span class=\"\">,<\/span> default, breach of contractual duties (pVV), breach of obligations in contract negotiations (cic<span class=\"\">)<\/span>, <span class=\"\">tort<\/span> and tort exist only in the case gross negligence and intent. Liability for <span class=\"\">promised features<\/span>, and from the product liability law remains <span class=\"\">unrestricted<\/span><span class=\"\">.<\/span><\/p>\n<h2 class=\"green\"><span id=\"result_box\" class=\"\" lang=\"en\"><span class=\"\">\u00a7<\/span> <span class=\"\">12<\/span> <span class=\"\">Final provisions<\/span><\/span><\/h2>\n<p>12.1 Erf\u00fcllungsort for <span class=\"\">delivery and payment and<\/span> jurisdiction for both parties is <span class=\"\">Euskirchen<\/span>, <span class=\"\">unless the<\/span> <span class=\"\">buyer is a merchant<\/span>, a legal entity under public law or a public special fund. <span class=\"\">We<\/span> <span class=\"\">remain<\/span> entitled to the buyer to complete before another legally competent court<span class=\"\">.<\/span><\/p>\n<p><span id=\"result_box\" class=\"\" lang=\"en\">12.2 It is only the law of the Federal Republic of Germany. The application of the United Nations Convention on Contracts for the International Sale of Goods (CISG) and <span class=\"\">the application of the<\/span> Uniform Laws on the International Sale of Goods and on the conclusion <span class=\"\">of such<\/span> <span class=\"\">contracts of sale<\/span> <span class=\"\">is excluded<\/span><span class=\"\">.<\/span><\/span><\/p>\n<p><span id=\"result_box\" class=\"\" lang=\"en\">12.3 <span class=\"\">Changes and additions to<\/span> the agreements are not effective in writing; <span class=\"\">this also applies to<\/span> those rules.<\/span><\/p>\n<p><span id=\"result_box\" class=\"\" lang=\"en\">12.4 Should one or more of these provisions be or become invalid, or should the concluded on the basis of <span class=\"\">the contract<\/span> have a loophole, the validity of the remaining provisions <span class=\"\">shall remain unaffected.<\/span> The ineffective or missing agreement the parties will meet that <span class=\"\">regulation, which comes<\/span> the economic intention.<\/span><\/p>\n<p>&nbsp;<\/p>\n","protected":false},"excerpt":{"rendered":"<p>\u00a0 \u00a7 1 Scope For all our products and services on these Conditions of Sale apply. This also applies to subsequent orders, regardless of whether at the individual repeat business again expressly to these conditions by reference. Deviating conditions of the buyer are not part of the contract, unless they are expressly acknowledged by us; [&hellip;]<\/p>\n","protected":false},"author":2,"featured_media":0,"parent":0,"menu_order":0,"comment_status":"closed","ping_status":"closed","template":"","meta":{"_acf_changed":false,"footnotes":""},"class_list":["post-796","page","type-page","status-publish","hentry"],"acf":[],"yoast_head":"<!-- This site is optimized with the Yoast SEO plugin v24.0 - https:\/\/yoast.com\/wordpress\/plugins\/seo\/ -->\n<title>Terms &amp; Conditions of Sale - Joist Swiss GmbH<\/title>\n<meta name=\"robots\" content=\"index, follow, max-snippet:-1, max-image-preview:large, max-video-preview:-1\" \/>\n<link rel=\"canonical\" href=\"https:\/\/joist.eu\/ch\/agb\" \/>\n<meta property=\"og:locale\" content=\"de_DE\" \/>\n<meta property=\"og:type\" content=\"article\" \/>\n<meta property=\"og:title\" content=\"Terms &amp; Conditions of Sale - Joist Swiss GmbH\" \/>\n<meta property=\"og:description\" content=\"\u00a0 \u00a7 1 Scope For all our products and services on these Conditions of Sale apply. This also applies to subsequent orders, regardless of whether at the individual repeat business again expressly to these conditions by reference. Deviating conditions of the buyer are not part of the contract, unless they are expressly acknowledged by us; [&hellip;]\" \/>\n<meta property=\"og:url\" content=\"https:\/\/joist.eu\/ch\/agb\" \/>\n<meta property=\"og:site_name\" content=\"Joist Swiss GmbH\" \/>\n<meta property=\"article:modified_time\" content=\"2016-04-21T07:48:11+00:00\" \/>\n<meta name=\"twitter:card\" content=\"summary_large_image\" \/>\n<meta name=\"twitter:label1\" content=\"Gesch\u00e4tzte Lesezeit\" \/>\n\t<meta name=\"twitter:data1\" content=\"8\u00a0Minuten\" \/>\n<script type=\"application\/ld+json\" class=\"yoast-schema-graph\">{\"@context\":\"https:\/\/schema.org\",\"@graph\":[{\"@type\":\"WebPage\",\"@id\":\"https:\/\/joist.eu\/ch\/agb\",\"url\":\"https:\/\/joist.eu\/ch\/agb\",\"name\":\"Terms & Conditions of Sale - Joist Swiss GmbH\",\"isPartOf\":{\"@id\":\"https:\/\/joist.eu\/ch\/#website\"},\"datePublished\":\"2016-04-08T08:26:14+00:00\",\"dateModified\":\"2016-04-21T07:48:11+00:00\",\"breadcrumb\":{\"@id\":\"https:\/\/joist.eu\/ch\/agb#breadcrumb\"},\"inLanguage\":\"de\",\"potentialAction\":[{\"@type\":\"ReadAction\",\"target\":[\"https:\/\/joist.eu\/ch\/agb\"]}]},{\"@type\":\"BreadcrumbList\",\"@id\":\"https:\/\/joist.eu\/ch\/agb#breadcrumb\",\"itemListElement\":[{\"@type\":\"ListItem\",\"position\":1,\"name\":\"Home\",\"item\":\"https:\/\/joist.eu\/ch\"},{\"@type\":\"ListItem\",\"position\":2,\"name\":\"Terms &#038; Conditions of Sale\"}]},{\"@type\":\"WebSite\",\"@id\":\"https:\/\/joist.eu\/ch\/#website\",\"url\":\"https:\/\/joist.eu\/ch\/\",\"name\":\"Joist Swiss GmbH\",\"description\":\"\",\"potentialAction\":[{\"@type\":\"SearchAction\",\"target\":{\"@type\":\"EntryPoint\",\"urlTemplate\":\"https:\/\/joist.eu\/ch\/?s={search_term_string}\"},\"query-input\":{\"@type\":\"PropertyValueSpecification\",\"valueRequired\":true,\"valueName\":\"search_term_string\"}}],\"inLanguage\":\"de\"}]}<\/script>\n<!-- \/ Yoast SEO plugin. -->","yoast_head_json":{"title":"Terms & Conditions of Sale - Joist Swiss GmbH","robots":{"index":"index","follow":"follow","max-snippet":"max-snippet:-1","max-image-preview":"max-image-preview:large","max-video-preview":"max-video-preview:-1"},"canonical":"https:\/\/joist.eu\/ch\/agb","og_locale":"de_DE","og_type":"article","og_title":"Terms & Conditions of Sale - Joist Swiss GmbH","og_description":"\u00a0 \u00a7 1 Scope For all our products and services on these Conditions of Sale apply. This also applies to subsequent orders, regardless of whether at the individual repeat business again expressly to these conditions by reference. Deviating conditions of the buyer are not part of the contract, unless they are expressly acknowledged by us; [&hellip;]","og_url":"https:\/\/joist.eu\/ch\/agb","og_site_name":"Joist Swiss GmbH","article_modified_time":"2016-04-21T07:48:11+00:00","twitter_card":"summary_large_image","twitter_misc":{"Gesch\u00e4tzte Lesezeit":"8\u00a0Minuten"},"schema":{"@context":"https:\/\/schema.org","@graph":[{"@type":"WebPage","@id":"https:\/\/joist.eu\/ch\/agb","url":"https:\/\/joist.eu\/ch\/agb","name":"Terms & Conditions of Sale - Joist Swiss GmbH","isPartOf":{"@id":"https:\/\/joist.eu\/ch\/#website"},"datePublished":"2016-04-08T08:26:14+00:00","dateModified":"2016-04-21T07:48:11+00:00","breadcrumb":{"@id":"https:\/\/joist.eu\/ch\/agb#breadcrumb"},"inLanguage":"de","potentialAction":[{"@type":"ReadAction","target":["https:\/\/joist.eu\/ch\/agb"]}]},{"@type":"BreadcrumbList","@id":"https:\/\/joist.eu\/ch\/agb#breadcrumb","itemListElement":[{"@type":"ListItem","position":1,"name":"Home","item":"https:\/\/joist.eu\/ch"},{"@type":"ListItem","position":2,"name":"Terms &#038; Conditions of Sale"}]},{"@type":"WebSite","@id":"https:\/\/joist.eu\/ch\/#website","url":"https:\/\/joist.eu\/ch\/","name":"Joist Swiss GmbH","description":"","potentialAction":[{"@type":"SearchAction","target":{"@type":"EntryPoint","urlTemplate":"https:\/\/joist.eu\/ch\/?s={search_term_string}"},"query-input":{"@type":"PropertyValueSpecification","valueRequired":true,"valueName":"search_term_string"}}],"inLanguage":"de"}]}},"_links":{"self":[{"href":"https:\/\/joist.eu\/ch\/wp-json\/wp\/v2\/pages\/796","targetHints":{"allow":["GET"]}}],"collection":[{"href":"https:\/\/joist.eu\/ch\/wp-json\/wp\/v2\/pages"}],"about":[{"href":"https:\/\/joist.eu\/ch\/wp-json\/wp\/v2\/types\/page"}],"author":[{"embeddable":true,"href":"https:\/\/joist.eu\/ch\/wp-json\/wp\/v2\/users\/2"}],"replies":[{"embeddable":true,"href":"https:\/\/joist.eu\/ch\/wp-json\/wp\/v2\/comments?post=796"}],"version-history":[{"count":0,"href":"https:\/\/joist.eu\/ch\/wp-json\/wp\/v2\/pages\/796\/revisions"}],"wp:attachment":[{"href":"https:\/\/joist.eu\/ch\/wp-json\/wp\/v2\/media?parent=796"}],"curies":[{"name":"wp","href":"https:\/\/api.w.org\/{rel}","templated":true}]}}