
{"id":704,"date":"2016-04-07T17:17:48","date_gmt":"2016-04-07T15:17:48","guid":{"rendered":"http:\/\/joist.eu\/cms\/?page_id=704&#038;lang=fr"},"modified":"2016-06-01T16:57:09","modified_gmt":"2016-06-01T14:57:09","slug":"lager-versand","status":"publish","type":"page","link":"https:\/\/joist.eu\/ch\/lager-versand?lang=fr","title":{"rendered":"D\u00e9p\u00f4t &#038; Exp\u00e9dition"},"content":{"rendered":"<h2 class=\"green\"><img loading=\"lazy\" decoding=\"async\" class=\"alignleft wp-image-630 size-medium\" src=\"http:\/\/joist.eu\/ch\/wp-content\/uploads\/2016\/04\/joist_lager_041-300x200.jpg\" alt=\"joist_lager_041\" width=\"300\" height=\"200\" srcset=\"https:\/\/joist.eu\/ch\/wp-content\/uploads\/2016\/04\/joist_lager_041-300x200.jpg 300w, https:\/\/joist.eu\/ch\/wp-content\/uploads\/2016\/04\/joist_lager_041-768x512.jpg 768w, https:\/\/joist.eu\/ch\/wp-content\/uploads\/2016\/04\/joist_lager_041-1024x682.jpg 1024w\" sizes=\"auto, (max-width: 300px) 100vw, 300px\" \/>Les professionnels travaillent avec des professionnels<\/h2>\n<p>Pour que vous recevez votre marchandise dans un d\u00e9lai d&#8217;deux jour JOIST recourt \u00e0 un syst\u00e8me de stockage et d&#8217;exp\u00e9dition optimis\u00e9.<br \/>\nD\u00e8s que votre commande arrive, les articles command\u00e9s sont collect\u00e9s par nos employ\u00e9s dans l&#8217;entrep\u00f4t, inspect\u00e9s et pr\u00e9par\u00e9s par une ligne d&#8217;emballage int\u00e9gr\u00e9 pour l&#8217;exp\u00e9dition. Si une pi\u00e8ce est en rupture de stock &#8211; nous passons commande chez notre fournisseur le plus vite possible!<\/p>\n<p>&nbsp;<br \/>\n&nbsp;<\/p>\n","protected":false},"excerpt":{"rendered":"<p>Les professionnels travaillent avec des professionnels Pour que vous recevez votre marchandise dans un d\u00e9lai d&#8217;deux jour JOIST recourt \u00e0 un syst\u00e8me de stockage et d&#8217;exp\u00e9dition optimis\u00e9. D\u00e8s que votre commande arrive, les articles command\u00e9s sont collect\u00e9s par nos employ\u00e9s dans l&#8217;entrep\u00f4t, inspect\u00e9s et pr\u00e9par\u00e9s par une ligne d&#8217;emballage int\u00e9gr\u00e9 pour l&#8217;exp\u00e9dition. Si une pi\u00e8ce [&hellip;]<\/p>\n","protected":false},"author":2,"featured_media":0,"parent":0,"menu_order":0,"comment_status":"closed","ping_status":"closed","template":"","meta":{"_acf_changed":false,"footnotes":""},"class_list":["post-704","page","type-page","status-publish","hentry"],"acf":[],"yoast_head":"<!-- This site is optimized with the Yoast SEO plugin v24.0 - https:\/\/yoast.com\/wordpress\/plugins\/seo\/ -->\n<title>D\u00e9p\u00f4t &amp; Exp\u00e9dition - Joist Swiss GmbH<\/title>\n<meta name=\"robots\" content=\"index, follow, max-snippet:-1, max-image-preview:large, max-video-preview:-1\" \/>\n<link rel=\"canonical\" href=\"https:\/\/joist.eu\/ch\/lager-versand\" \/>\n<meta property=\"og:locale\" content=\"de_DE\" \/>\n<meta property=\"og:type\" content=\"article\" \/>\n<meta property=\"og:title\" content=\"D\u00e9p\u00f4t &amp; Exp\u00e9dition - Joist Swiss GmbH\" \/>\n<meta property=\"og:description\" content=\"Les professionnels travaillent avec des professionnels Pour que vous recevez votre marchandise dans un d\u00e9lai d&#8217;deux jour JOIST recourt \u00e0 un syst\u00e8me de stockage et d&#8217;exp\u00e9dition optimis\u00e9. D\u00e8s que votre commande arrive, les articles command\u00e9s sont collect\u00e9s par nos employ\u00e9s dans l&#8217;entrep\u00f4t, inspect\u00e9s et pr\u00e9par\u00e9s par une ligne d&#8217;emballage int\u00e9gr\u00e9 pour l&#8217;exp\u00e9dition. Si une pi\u00e8ce [&hellip;]\" \/>\n<meta property=\"og:url\" content=\"https:\/\/joist.eu\/ch\/lager-versand\" \/>\n<meta property=\"og:site_name\" content=\"Joist Swiss GmbH\" \/>\n<meta property=\"article:modified_time\" content=\"2016-06-01T14:57:09+00:00\" \/>\n<meta property=\"og:image\" content=\"https:\/\/joist.eu\/ch\/wp-content\/uploads\/2016\/04\/joist_lager_041.jpg\" \/>\n\t<meta property=\"og:image:width\" content=\"3370\" \/>\n\t<meta property=\"og:image:height\" content=\"2246\" \/>\n\t<meta property=\"og:image:type\" content=\"image\/jpeg\" \/>\n<meta name=\"twitter:card\" content=\"summary_large_image\" \/>\n<script type=\"application\/ld+json\" class=\"yoast-schema-graph\">{\"@context\":\"https:\/\/schema.org\",\"@graph\":[{\"@type\":\"WebPage\",\"@id\":\"https:\/\/joist.eu\/ch\/lager-versand\",\"url\":\"https:\/\/joist.eu\/ch\/lager-versand\",\"name\":\"D\u00e9p\u00f4t & Exp\u00e9dition - Joist Swiss GmbH\",\"isPartOf\":{\"@id\":\"https:\/\/joist.eu\/ch\/#website\"},\"primaryImageOfPage\":{\"@id\":\"https:\/\/joist.eu\/ch\/lager-versand#primaryimage\"},\"image\":{\"@id\":\"https:\/\/joist.eu\/ch\/lager-versand#primaryimage\"},\"thumbnailUrl\":\"http:\/\/joist.eu\/ch\/wp-content\/uploads\/2016\/04\/joist_lager_041-300x200.jpg\",\"datePublished\":\"2016-04-07T15:17:48+00:00\",\"dateModified\":\"2016-06-01T14:57:09+00:00\",\"breadcrumb\":{\"@id\":\"https:\/\/joist.eu\/ch\/lager-versand#breadcrumb\"},\"inLanguage\":\"de\",\"potentialAction\":[{\"@type\":\"ReadAction\",\"target\":[\"https:\/\/joist.eu\/ch\/lager-versand\"]}]},{\"@type\":\"ImageObject\",\"inLanguage\":\"de\",\"@id\":\"https:\/\/joist.eu\/ch\/lager-versand#primaryimage\",\"url\":\"http:\/\/joist.eu\/ch\/wp-content\/uploads\/2016\/04\/joist_lager_041-300x200.jpg\",\"contentUrl\":\"http:\/\/joist.eu\/ch\/wp-content\/uploads\/2016\/04\/joist_lager_041-300x200.jpg\"},{\"@type\":\"BreadcrumbList\",\"@id\":\"https:\/\/joist.eu\/ch\/lager-versand#breadcrumb\",\"itemListElement\":[{\"@type\":\"ListItem\",\"position\":1,\"name\":\"Home\",\"item\":\"https:\/\/joist.eu\/ch\"},{\"@type\":\"ListItem\",\"position\":2,\"name\":\"D\u00e9p\u00f4t &#038; Exp\u00e9dition\"}]},{\"@type\":\"WebSite\",\"@id\":\"https:\/\/joist.eu\/ch\/#website\",\"url\":\"https:\/\/joist.eu\/ch\/\",\"name\":\"Joist Swiss GmbH\",\"description\":\"\",\"potentialAction\":[{\"@type\":\"SearchAction\",\"target\":{\"@type\":\"EntryPoint\",\"urlTemplate\":\"https:\/\/joist.eu\/ch\/?s={search_term_string}\"},\"query-input\":{\"@type\":\"PropertyValueSpecification\",\"valueRequired\":true,\"valueName\":\"search_term_string\"}}],\"inLanguage\":\"de\"}]}<\/script>\n<!-- \/ Yoast SEO plugin. -->","yoast_head_json":{"title":"D\u00e9p\u00f4t & Exp\u00e9dition - Joist Swiss GmbH","robots":{"index":"index","follow":"follow","max-snippet":"max-snippet:-1","max-image-preview":"max-image-preview:large","max-video-preview":"max-video-preview:-1"},"canonical":"https:\/\/joist.eu\/ch\/lager-versand","og_locale":"de_DE","og_type":"article","og_title":"D\u00e9p\u00f4t & Exp\u00e9dition - Joist Swiss GmbH","og_description":"Les professionnels travaillent avec des professionnels Pour que vous recevez votre marchandise dans un d\u00e9lai d&#8217;deux jour JOIST recourt \u00e0 un syst\u00e8me de stockage et d&#8217;exp\u00e9dition optimis\u00e9. D\u00e8s que votre commande arrive, les articles command\u00e9s sont collect\u00e9s par nos employ\u00e9s dans l&#8217;entrep\u00f4t, inspect\u00e9s et pr\u00e9par\u00e9s par une ligne d&#8217;emballage int\u00e9gr\u00e9 pour l&#8217;exp\u00e9dition. Si une pi\u00e8ce [&hellip;]","og_url":"https:\/\/joist.eu\/ch\/lager-versand","og_site_name":"Joist Swiss GmbH","article_modified_time":"2016-06-01T14:57:09+00:00","og_image":[{"width":3370,"height":2246,"url":"https:\/\/joist.eu\/ch\/wp-content\/uploads\/2016\/04\/joist_lager_041.jpg","type":"image\/jpeg"}],"twitter_card":"summary_large_image","schema":{"@context":"https:\/\/schema.org","@graph":[{"@type":"WebPage","@id":"https:\/\/joist.eu\/ch\/lager-versand","url":"https:\/\/joist.eu\/ch\/lager-versand","name":"D\u00e9p\u00f4t & Exp\u00e9dition - Joist Swiss GmbH","isPartOf":{"@id":"https:\/\/joist.eu\/ch\/#website"},"primaryImageOfPage":{"@id":"https:\/\/joist.eu\/ch\/lager-versand#primaryimage"},"image":{"@id":"https:\/\/joist.eu\/ch\/lager-versand#primaryimage"},"thumbnailUrl":"http:\/\/joist.eu\/ch\/wp-content\/uploads\/2016\/04\/joist_lager_041-300x200.jpg","datePublished":"2016-04-07T15:17:48+00:00","dateModified":"2016-06-01T14:57:09+00:00","breadcrumb":{"@id":"https:\/\/joist.eu\/ch\/lager-versand#breadcrumb"},"inLanguage":"de","potentialAction":[{"@type":"ReadAction","target":["https:\/\/joist.eu\/ch\/lager-versand"]}]},{"@type":"ImageObject","inLanguage":"de","@id":"https:\/\/joist.eu\/ch\/lager-versand#primaryimage","url":"http:\/\/joist.eu\/ch\/wp-content\/uploads\/2016\/04\/joist_lager_041-300x200.jpg","contentUrl":"http:\/\/joist.eu\/ch\/wp-content\/uploads\/2016\/04\/joist_lager_041-300x200.jpg"},{"@type":"BreadcrumbList","@id":"https:\/\/joist.eu\/ch\/lager-versand#breadcrumb","itemListElement":[{"@type":"ListItem","position":1,"name":"Home","item":"https:\/\/joist.eu\/ch"},{"@type":"ListItem","position":2,"name":"D\u00e9p\u00f4t &#038; Exp\u00e9dition"}]},{"@type":"WebSite","@id":"https:\/\/joist.eu\/ch\/#website","url":"https:\/\/joist.eu\/ch\/","name":"Joist Swiss GmbH","description":"","potentialAction":[{"@type":"SearchAction","target":{"@type":"EntryPoint","urlTemplate":"https:\/\/joist.eu\/ch\/?s={search_term_string}"},"query-input":{"@type":"PropertyValueSpecification","valueRequired":true,"valueName":"search_term_string"}}],"inLanguage":"de"}]}},"_links":{"self":[{"href":"https:\/\/joist.eu\/ch\/wp-json\/wp\/v2\/pages\/704","targetHints":{"allow":["GET"]}}],"collection":[{"href":"https:\/\/joist.eu\/ch\/wp-json\/wp\/v2\/pages"}],"about":[{"href":"https:\/\/joist.eu\/ch\/wp-json\/wp\/v2\/types\/page"}],"author":[{"embeddable":true,"href":"https:\/\/joist.eu\/ch\/wp-json\/wp\/v2\/users\/2"}],"replies":[{"embeddable":true,"href":"https:\/\/joist.eu\/ch\/wp-json\/wp\/v2\/comments?post=704"}],"version-history":[{"count":0,"href":"https:\/\/joist.eu\/ch\/wp-json\/wp\/v2\/pages\/704\/revisions"}],"wp:attachment":[{"href":"https:\/\/joist.eu\/ch\/wp-json\/wp\/v2\/media?parent=704"}],"curies":[{"name":"wp","href":"https:\/\/api.w.org\/{rel}","templated":true}]}}