
{"id":686,"date":"2016-04-07T16:26:36","date_gmt":"2016-04-07T14:26:36","guid":{"rendered":"http:\/\/joist.eu\/cms\/?page_id=686&#038;lang=fr"},"modified":"2016-06-01T11:57:06","modified_gmt":"2016-06-01T09:57:06","slug":"versandinformationen","status":"publish","type":"page","link":"https:\/\/joist.eu\/ch\/versandinformationen?lang=fr","title":{"rendered":"Information de livraison"},"content":{"rendered":"<h2 class=\"green\"><img loading=\"lazy\" decoding=\"async\" class=\"alignright size-medium wp-image-528\" src=\"http:\/\/joist.eu\/cms\/wp-content\/uploads\/2016\/04\/joist_aussen_013-300x200.jpg\" alt=\"joist_aussen_013\" width=\"300\" height=\"200\" srcset=\"https:\/\/joist.eu\/ch\/wp-content\/uploads\/2016\/04\/joist_aussen_013-300x200.jpg 300w, https:\/\/joist.eu\/ch\/wp-content\/uploads\/2016\/04\/joist_aussen_013-768x512.jpg 768w, https:\/\/joist.eu\/ch\/wp-content\/uploads\/2016\/04\/joist_aussen_013-1024x682.jpg 1024w\" sizes=\"auto, (max-width: 300px) 100vw, 300px\" \/><\/h2>\n<h2 class=\"green\">Maintenant nous exp\u00e9dions encore plus rapidement et encore moins cher!<\/h2>\n<p>Logistique optimis\u00e9e &#8211; JOIST vous offre les modes de livraison les plus efficaces! Nous voulons vous offrir le meilleur SERVICE-JOIST de tous les temps. C\u2019est pourquoi nous optimisons r\u00e9guli\u00e8rement nos modes de livraison et nous gardons les frais d&#8217;exp\u00e9dition en vue.<\/p>\n<h2 class=\"green\">Exp\u00e9dition JOIST &#8211; Standard<\/h2>\n<p>Notre exp\u00e9dition standard s\u2019effectue par \u00ab UPS Express \u00bb. La livraison des colis s\u2019effectuera en deux jours ouvrables.<\/p>\n<h2 class=\"green\">Economiquement efficace &#8211; les meilleures frais d&#8217;exp\u00e9dition pour nos clients!<\/h2>\n<p>Que ce soit par t\u00e9l\u00e9phone ou en ligne: passez commande jusqu&#8217;\u00e0 17h30 et elle sera exp\u00e9di\u00e9e le jour m\u00eame!<\/p>\n","protected":false},"excerpt":{"rendered":"<p>Maintenant nous exp\u00e9dions encore plus rapidement et encore moins cher! Logistique optimis\u00e9e &#8211; JOIST vous offre les modes de livraison les plus efficaces! Nous voulons vous offrir le meilleur SERVICE-JOIST de tous les temps. C\u2019est pourquoi nous optimisons r\u00e9guli\u00e8rement nos modes de livraison et nous gardons les frais d&#8217;exp\u00e9dition en vue. Exp\u00e9dition JOIST &#8211; Standard [&hellip;]<\/p>\n","protected":false},"author":2,"featured_media":0,"parent":0,"menu_order":0,"comment_status":"closed","ping_status":"closed","template":"","meta":{"_acf_changed":false,"footnotes":""},"class_list":["post-686","page","type-page","status-publish","hentry"],"acf":[],"yoast_head":"<!-- This site is optimized with the Yoast SEO plugin v24.0 - https:\/\/yoast.com\/wordpress\/plugins\/seo\/ -->\n<title>Information de livraison - Joist Swiss GmbH<\/title>\n<meta name=\"robots\" content=\"index, follow, max-snippet:-1, max-image-preview:large, max-video-preview:-1\" \/>\n<link rel=\"canonical\" href=\"https:\/\/joist.eu\/ch\/versandinformationen\" \/>\n<meta property=\"og:locale\" content=\"de_DE\" \/>\n<meta property=\"og:type\" content=\"article\" \/>\n<meta property=\"og:title\" content=\"Information de livraison - Joist Swiss GmbH\" \/>\n<meta property=\"og:description\" content=\"Maintenant nous exp\u00e9dions encore plus rapidement et encore moins cher! Logistique optimis\u00e9e &#8211; JOIST vous offre les modes de livraison les plus efficaces! Nous voulons vous offrir le meilleur SERVICE-JOIST de tous les temps. C\u2019est pourquoi nous optimisons r\u00e9guli\u00e8rement nos modes de livraison et nous gardons les frais d&#8217;exp\u00e9dition en vue. Exp\u00e9dition JOIST &#8211; Standard [&hellip;]\" \/>\n<meta property=\"og:url\" content=\"https:\/\/joist.eu\/ch\/versandinformationen\" \/>\n<meta property=\"og:site_name\" content=\"Joist Swiss GmbH\" \/>\n<meta property=\"article:modified_time\" content=\"2016-06-01T09:57:06+00:00\" \/>\n<meta property=\"og:image\" content=\"https:\/\/joist.eu\/ch\/wp-content\/uploads\/2016\/04\/joist_aussen_013.jpg\" \/>\n\t<meta property=\"og:image:width\" content=\"3370\" \/>\n\t<meta property=\"og:image:height\" content=\"2246\" \/>\n\t<meta property=\"og:image:type\" content=\"image\/jpeg\" \/>\n<meta name=\"twitter:card\" content=\"summary_large_image\" \/>\n<meta name=\"twitter:label1\" content=\"Gesch\u00e4tzte Lesezeit\" \/>\n\t<meta name=\"twitter:data1\" content=\"1\u00a0Minute\" \/>\n<script type=\"application\/ld+json\" class=\"yoast-schema-graph\">{\"@context\":\"https:\/\/schema.org\",\"@graph\":[{\"@type\":\"WebPage\",\"@id\":\"https:\/\/joist.eu\/ch\/versandinformationen\",\"url\":\"https:\/\/joist.eu\/ch\/versandinformationen\",\"name\":\"Information de livraison - Joist Swiss GmbH\",\"isPartOf\":{\"@id\":\"https:\/\/joist.eu\/ch\/#website\"},\"primaryImageOfPage\":{\"@id\":\"https:\/\/joist.eu\/ch\/versandinformationen#primaryimage\"},\"image\":{\"@id\":\"https:\/\/joist.eu\/ch\/versandinformationen#primaryimage\"},\"thumbnailUrl\":\"http:\/\/joist.eu\/cms\/wp-content\/uploads\/2016\/04\/joist_aussen_013-300x200.jpg\",\"datePublished\":\"2016-04-07T14:26:36+00:00\",\"dateModified\":\"2016-06-01T09:57:06+00:00\",\"breadcrumb\":{\"@id\":\"https:\/\/joist.eu\/ch\/versandinformationen#breadcrumb\"},\"inLanguage\":\"de\",\"potentialAction\":[{\"@type\":\"ReadAction\",\"target\":[\"https:\/\/joist.eu\/ch\/versandinformationen\"]}]},{\"@type\":\"ImageObject\",\"inLanguage\":\"de\",\"@id\":\"https:\/\/joist.eu\/ch\/versandinformationen#primaryimage\",\"url\":\"http:\/\/joist.eu\/cms\/wp-content\/uploads\/2016\/04\/joist_aussen_013-300x200.jpg\",\"contentUrl\":\"http:\/\/joist.eu\/cms\/wp-content\/uploads\/2016\/04\/joist_aussen_013-300x200.jpg\"},{\"@type\":\"BreadcrumbList\",\"@id\":\"https:\/\/joist.eu\/ch\/versandinformationen#breadcrumb\",\"itemListElement\":[{\"@type\":\"ListItem\",\"position\":1,\"name\":\"Home\",\"item\":\"https:\/\/joist.eu\/ch\"},{\"@type\":\"ListItem\",\"position\":2,\"name\":\"Information de livraison\"}]},{\"@type\":\"WebSite\",\"@id\":\"https:\/\/joist.eu\/ch\/#website\",\"url\":\"https:\/\/joist.eu\/ch\/\",\"name\":\"Joist Swiss GmbH\",\"description\":\"\",\"potentialAction\":[{\"@type\":\"SearchAction\",\"target\":{\"@type\":\"EntryPoint\",\"urlTemplate\":\"https:\/\/joist.eu\/ch\/?s={search_term_string}\"},\"query-input\":{\"@type\":\"PropertyValueSpecification\",\"valueRequired\":true,\"valueName\":\"search_term_string\"}}],\"inLanguage\":\"de\"}]}<\/script>\n<!-- \/ Yoast SEO plugin. -->","yoast_head_json":{"title":"Information de livraison - Joist Swiss GmbH","robots":{"index":"index","follow":"follow","max-snippet":"max-snippet:-1","max-image-preview":"max-image-preview:large","max-video-preview":"max-video-preview:-1"},"canonical":"https:\/\/joist.eu\/ch\/versandinformationen","og_locale":"de_DE","og_type":"article","og_title":"Information de livraison - Joist Swiss GmbH","og_description":"Maintenant nous exp\u00e9dions encore plus rapidement et encore moins cher! Logistique optimis\u00e9e &#8211; JOIST vous offre les modes de livraison les plus efficaces! Nous voulons vous offrir le meilleur SERVICE-JOIST de tous les temps. C\u2019est pourquoi nous optimisons r\u00e9guli\u00e8rement nos modes de livraison et nous gardons les frais d&#8217;exp\u00e9dition en vue. Exp\u00e9dition JOIST &#8211; Standard [&hellip;]","og_url":"https:\/\/joist.eu\/ch\/versandinformationen","og_site_name":"Joist Swiss GmbH","article_modified_time":"2016-06-01T09:57:06+00:00","og_image":[{"width":3370,"height":2246,"url":"https:\/\/joist.eu\/ch\/wp-content\/uploads\/2016\/04\/joist_aussen_013.jpg","type":"image\/jpeg"}],"twitter_card":"summary_large_image","twitter_misc":{"Gesch\u00e4tzte Lesezeit":"1\u00a0Minute"},"schema":{"@context":"https:\/\/schema.org","@graph":[{"@type":"WebPage","@id":"https:\/\/joist.eu\/ch\/versandinformationen","url":"https:\/\/joist.eu\/ch\/versandinformationen","name":"Information de livraison - Joist Swiss GmbH","isPartOf":{"@id":"https:\/\/joist.eu\/ch\/#website"},"primaryImageOfPage":{"@id":"https:\/\/joist.eu\/ch\/versandinformationen#primaryimage"},"image":{"@id":"https:\/\/joist.eu\/ch\/versandinformationen#primaryimage"},"thumbnailUrl":"http:\/\/joist.eu\/cms\/wp-content\/uploads\/2016\/04\/joist_aussen_013-300x200.jpg","datePublished":"2016-04-07T14:26:36+00:00","dateModified":"2016-06-01T09:57:06+00:00","breadcrumb":{"@id":"https:\/\/joist.eu\/ch\/versandinformationen#breadcrumb"},"inLanguage":"de","potentialAction":[{"@type":"ReadAction","target":["https:\/\/joist.eu\/ch\/versandinformationen"]}]},{"@type":"ImageObject","inLanguage":"de","@id":"https:\/\/joist.eu\/ch\/versandinformationen#primaryimage","url":"http:\/\/joist.eu\/cms\/wp-content\/uploads\/2016\/04\/joist_aussen_013-300x200.jpg","contentUrl":"http:\/\/joist.eu\/cms\/wp-content\/uploads\/2016\/04\/joist_aussen_013-300x200.jpg"},{"@type":"BreadcrumbList","@id":"https:\/\/joist.eu\/ch\/versandinformationen#breadcrumb","itemListElement":[{"@type":"ListItem","position":1,"name":"Home","item":"https:\/\/joist.eu\/ch"},{"@type":"ListItem","position":2,"name":"Information de livraison"}]},{"@type":"WebSite","@id":"https:\/\/joist.eu\/ch\/#website","url":"https:\/\/joist.eu\/ch\/","name":"Joist Swiss GmbH","description":"","potentialAction":[{"@type":"SearchAction","target":{"@type":"EntryPoint","urlTemplate":"https:\/\/joist.eu\/ch\/?s={search_term_string}"},"query-input":{"@type":"PropertyValueSpecification","valueRequired":true,"valueName":"search_term_string"}}],"inLanguage":"de"}]}},"_links":{"self":[{"href":"https:\/\/joist.eu\/ch\/wp-json\/wp\/v2\/pages\/686","targetHints":{"allow":["GET"]}}],"collection":[{"href":"https:\/\/joist.eu\/ch\/wp-json\/wp\/v2\/pages"}],"about":[{"href":"https:\/\/joist.eu\/ch\/wp-json\/wp\/v2\/types\/page"}],"author":[{"embeddable":true,"href":"https:\/\/joist.eu\/ch\/wp-json\/wp\/v2\/users\/2"}],"replies":[{"embeddable":true,"href":"https:\/\/joist.eu\/ch\/wp-json\/wp\/v2\/comments?post=686"}],"version-history":[{"count":0,"href":"https:\/\/joist.eu\/ch\/wp-json\/wp\/v2\/pages\/686\/revisions"}],"wp:attachment":[{"href":"https:\/\/joist.eu\/ch\/wp-json\/wp\/v2\/media?parent=686"}],"curies":[{"name":"wp","href":"https:\/\/api.w.org\/{rel}","templated":true}]}}