
{"id":490,"date":"2016-04-06T15:21:52","date_gmt":"2016-04-06T13:21:52","guid":{"rendered":"http:\/\/joist.eu\/cms\/?page_id=490&#038;lang=fr"},"modified":"2016-05-31T16:52:25","modified_gmt":"2016-05-31T14:52:25","slug":"joist-service-auf-einen-blick","status":"publish","type":"page","link":"https:\/\/joist.eu\/ch\/joist-service-auf-einen-blick?lang=fr","title":{"rendered":"Service JOIST"},"content":{"rendered":"<h2 class=\"green\">Toujours \u00e0 votre disposition!<img loading=\"lazy\" decoding=\"async\" class=\"alignleft size-medium wp-image-486\" src=\"http:\/\/joist.eu\/cms\/wp-content\/uploads\/2016\/04\/joist_lager_046-300x200.jpg\" alt=\"joist_lager_046\" width=\"300\" height=\"200\" srcset=\"https:\/\/joist.eu\/ch\/wp-content\/uploads\/2016\/04\/joist_lager_046-300x200.jpg 300w, https:\/\/joist.eu\/ch\/wp-content\/uploads\/2016\/04\/joist_lager_046-768x512.jpg 768w, https:\/\/joist.eu\/ch\/wp-content\/uploads\/2016\/04\/joist_lager_046-1024x682.jpg 1024w\" sizes=\"auto, (max-width: 300px) 100vw, 300px\" \/><\/h2>\n<p>Nous sommes joignables du lundi au vendredi de 08h00 \u00e0 17h30 non stop.<br \/>\nT\u00e9l\u00e9phone : +41 (0) 61 &#8211; 601 55 44<br \/>\nFax : +41 (0) 61 &#8211; 601 55 45<br \/>\nEmail : info@joist.ch<\/p>\n<p>&nbsp;<br \/>\n&nbsp;<br \/>\n&nbsp;<\/p>\n<h2 class=\"green\">1.800.000 pi\u00e8ces d\u00e9tach\u00e9es d\u2019origine et moteurs<\/h2>\n<p>Nous avons 1.800.000 r\u00e9f\u00e9rences de plus de 60 fabricants de marque dans notre assortiment et nous avons constamment environs 90.000 pi\u00e8ces d\u00e9tach\u00e9es et moteurs en stock.<\/p>\n<p><strong>Nous livrons<\/strong><\/p>\n<p style=\"padding-left: 30px;\">&#8211; contre facture<br \/>\n&#8211; par paiement \u00e0 l\u2019avance<\/p>\n<h2 class=\"green\">Une r\u00e9f\u00e9rence manquante?<\/h2>\n<p>Pas de probl\u00e8me! L\u2019\u00e9quipe accueillante et professionnelle JOIST vous aide volontairement.<\/p>\n","protected":false},"excerpt":{"rendered":"<p>Toujours \u00e0 votre disposition! Nous sommes joignables du lundi au vendredi de 08h00 \u00e0 17h30 non stop. T\u00e9l\u00e9phone : +41 (0) 61 &#8211; 601 55 44 Fax : +41 (0) 61 &#8211; 601 55 45 Email : info@joist.ch &nbsp; &nbsp; &nbsp; 1.800.000 pi\u00e8ces d\u00e9tach\u00e9es d\u2019origine et moteurs Nous avons 1.800.000 r\u00e9f\u00e9rences de plus de 60 [&hellip;]<\/p>\n","protected":false},"author":2,"featured_media":0,"parent":0,"menu_order":0,"comment_status":"closed","ping_status":"closed","template":"","meta":{"_acf_changed":false,"footnotes":""},"class_list":["post-490","page","type-page","status-publish","hentry"],"acf":[],"yoast_head":"<!-- This site is optimized with the Yoast SEO plugin v24.0 - https:\/\/yoast.com\/wordpress\/plugins\/seo\/ -->\n<title>Service JOIST - Joist Swiss GmbH<\/title>\n<meta name=\"robots\" content=\"index, follow, max-snippet:-1, max-image-preview:large, max-video-preview:-1\" \/>\n<link rel=\"canonical\" href=\"https:\/\/joist.eu\/ch\/joist-service-auf-einen-blick\" \/>\n<meta property=\"og:locale\" content=\"de_DE\" \/>\n<meta property=\"og:type\" content=\"article\" \/>\n<meta property=\"og:title\" content=\"Service JOIST - Joist Swiss GmbH\" \/>\n<meta property=\"og:description\" content=\"Toujours \u00e0 votre disposition! Nous sommes joignables du lundi au vendredi de 08h00 \u00e0 17h30 non stop. T\u00e9l\u00e9phone : +41 (0) 61 &#8211; 601 55 44 Fax : +41 (0) 61 &#8211; 601 55 45 Email : info@joist.ch &nbsp; &nbsp; &nbsp; 1.800.000 pi\u00e8ces d\u00e9tach\u00e9es d\u2019origine et moteurs Nous avons 1.800.000 r\u00e9f\u00e9rences de plus de 60 [&hellip;]\" \/>\n<meta property=\"og:url\" content=\"https:\/\/joist.eu\/ch\/joist-service-auf-einen-blick\" \/>\n<meta property=\"og:site_name\" content=\"Joist Swiss GmbH\" \/>\n<meta property=\"article:modified_time\" content=\"2016-05-31T14:52:25+00:00\" \/>\n<meta property=\"og:image\" content=\"https:\/\/joist.eu\/ch\/wp-content\/uploads\/2016\/04\/joist_lager_046.jpg\" \/>\n\t<meta property=\"og:image:width\" content=\"3370\" \/>\n\t<meta property=\"og:image:height\" content=\"2246\" \/>\n\t<meta property=\"og:image:type\" content=\"image\/jpeg\" \/>\n<meta name=\"twitter:card\" content=\"summary_large_image\" \/>\n<script type=\"application\/ld+json\" class=\"yoast-schema-graph\">{\"@context\":\"https:\/\/schema.org\",\"@graph\":[{\"@type\":\"WebPage\",\"@id\":\"https:\/\/joist.eu\/ch\/joist-service-auf-einen-blick\",\"url\":\"https:\/\/joist.eu\/ch\/joist-service-auf-einen-blick\",\"name\":\"Service JOIST - Joist Swiss GmbH\",\"isPartOf\":{\"@id\":\"https:\/\/joist.eu\/ch\/#website\"},\"primaryImageOfPage\":{\"@id\":\"https:\/\/joist.eu\/ch\/joist-service-auf-einen-blick#primaryimage\"},\"image\":{\"@id\":\"https:\/\/joist.eu\/ch\/joist-service-auf-einen-blick#primaryimage\"},\"thumbnailUrl\":\"http:\/\/joist.eu\/cms\/wp-content\/uploads\/2016\/04\/joist_lager_046-300x200.jpg\",\"datePublished\":\"2016-04-06T13:21:52+00:00\",\"dateModified\":\"2016-05-31T14:52:25+00:00\",\"breadcrumb\":{\"@id\":\"https:\/\/joist.eu\/ch\/joist-service-auf-einen-blick#breadcrumb\"},\"inLanguage\":\"de\",\"potentialAction\":[{\"@type\":\"ReadAction\",\"target\":[\"https:\/\/joist.eu\/ch\/joist-service-auf-einen-blick\"]}]},{\"@type\":\"ImageObject\",\"inLanguage\":\"de\",\"@id\":\"https:\/\/joist.eu\/ch\/joist-service-auf-einen-blick#primaryimage\",\"url\":\"http:\/\/joist.eu\/cms\/wp-content\/uploads\/2016\/04\/joist_lager_046-300x200.jpg\",\"contentUrl\":\"http:\/\/joist.eu\/cms\/wp-content\/uploads\/2016\/04\/joist_lager_046-300x200.jpg\"},{\"@type\":\"BreadcrumbList\",\"@id\":\"https:\/\/joist.eu\/ch\/joist-service-auf-einen-blick#breadcrumb\",\"itemListElement\":[{\"@type\":\"ListItem\",\"position\":1,\"name\":\"Home\",\"item\":\"https:\/\/joist.eu\/ch\"},{\"@type\":\"ListItem\",\"position\":2,\"name\":\"Service JOIST\"}]},{\"@type\":\"WebSite\",\"@id\":\"https:\/\/joist.eu\/ch\/#website\",\"url\":\"https:\/\/joist.eu\/ch\/\",\"name\":\"Joist Swiss GmbH\",\"description\":\"\",\"potentialAction\":[{\"@type\":\"SearchAction\",\"target\":{\"@type\":\"EntryPoint\",\"urlTemplate\":\"https:\/\/joist.eu\/ch\/?s={search_term_string}\"},\"query-input\":{\"@type\":\"PropertyValueSpecification\",\"valueRequired\":true,\"valueName\":\"search_term_string\"}}],\"inLanguage\":\"de\"}]}<\/script>\n<!-- \/ Yoast SEO plugin. -->","yoast_head_json":{"title":"Service JOIST - Joist Swiss GmbH","robots":{"index":"index","follow":"follow","max-snippet":"max-snippet:-1","max-image-preview":"max-image-preview:large","max-video-preview":"max-video-preview:-1"},"canonical":"https:\/\/joist.eu\/ch\/joist-service-auf-einen-blick","og_locale":"de_DE","og_type":"article","og_title":"Service JOIST - Joist Swiss GmbH","og_description":"Toujours \u00e0 votre disposition! Nous sommes joignables du lundi au vendredi de 08h00 \u00e0 17h30 non stop. T\u00e9l\u00e9phone : +41 (0) 61 &#8211; 601 55 44 Fax : +41 (0) 61 &#8211; 601 55 45 Email : info@joist.ch &nbsp; &nbsp; &nbsp; 1.800.000 pi\u00e8ces d\u00e9tach\u00e9es d\u2019origine et moteurs Nous avons 1.800.000 r\u00e9f\u00e9rences de plus de 60 [&hellip;]","og_url":"https:\/\/joist.eu\/ch\/joist-service-auf-einen-blick","og_site_name":"Joist Swiss GmbH","article_modified_time":"2016-05-31T14:52:25+00:00","og_image":[{"width":3370,"height":2246,"url":"https:\/\/joist.eu\/ch\/wp-content\/uploads\/2016\/04\/joist_lager_046.jpg","type":"image\/jpeg"}],"twitter_card":"summary_large_image","schema":{"@context":"https:\/\/schema.org","@graph":[{"@type":"WebPage","@id":"https:\/\/joist.eu\/ch\/joist-service-auf-einen-blick","url":"https:\/\/joist.eu\/ch\/joist-service-auf-einen-blick","name":"Service JOIST - Joist Swiss GmbH","isPartOf":{"@id":"https:\/\/joist.eu\/ch\/#website"},"primaryImageOfPage":{"@id":"https:\/\/joist.eu\/ch\/joist-service-auf-einen-blick#primaryimage"},"image":{"@id":"https:\/\/joist.eu\/ch\/joist-service-auf-einen-blick#primaryimage"},"thumbnailUrl":"http:\/\/joist.eu\/cms\/wp-content\/uploads\/2016\/04\/joist_lager_046-300x200.jpg","datePublished":"2016-04-06T13:21:52+00:00","dateModified":"2016-05-31T14:52:25+00:00","breadcrumb":{"@id":"https:\/\/joist.eu\/ch\/joist-service-auf-einen-blick#breadcrumb"},"inLanguage":"de","potentialAction":[{"@type":"ReadAction","target":["https:\/\/joist.eu\/ch\/joist-service-auf-einen-blick"]}]},{"@type":"ImageObject","inLanguage":"de","@id":"https:\/\/joist.eu\/ch\/joist-service-auf-einen-blick#primaryimage","url":"http:\/\/joist.eu\/cms\/wp-content\/uploads\/2016\/04\/joist_lager_046-300x200.jpg","contentUrl":"http:\/\/joist.eu\/cms\/wp-content\/uploads\/2016\/04\/joist_lager_046-300x200.jpg"},{"@type":"BreadcrumbList","@id":"https:\/\/joist.eu\/ch\/joist-service-auf-einen-blick#breadcrumb","itemListElement":[{"@type":"ListItem","position":1,"name":"Home","item":"https:\/\/joist.eu\/ch"},{"@type":"ListItem","position":2,"name":"Service JOIST"}]},{"@type":"WebSite","@id":"https:\/\/joist.eu\/ch\/#website","url":"https:\/\/joist.eu\/ch\/","name":"Joist Swiss GmbH","description":"","potentialAction":[{"@type":"SearchAction","target":{"@type":"EntryPoint","urlTemplate":"https:\/\/joist.eu\/ch\/?s={search_term_string}"},"query-input":{"@type":"PropertyValueSpecification","valueRequired":true,"valueName":"search_term_string"}}],"inLanguage":"de"}]}},"_links":{"self":[{"href":"https:\/\/joist.eu\/ch\/wp-json\/wp\/v2\/pages\/490","targetHints":{"allow":["GET"]}}],"collection":[{"href":"https:\/\/joist.eu\/ch\/wp-json\/wp\/v2\/pages"}],"about":[{"href":"https:\/\/joist.eu\/ch\/wp-json\/wp\/v2\/types\/page"}],"author":[{"embeddable":true,"href":"https:\/\/joist.eu\/ch\/wp-json\/wp\/v2\/users\/2"}],"replies":[{"embeddable":true,"href":"https:\/\/joist.eu\/ch\/wp-json\/wp\/v2\/comments?post=490"}],"version-history":[{"count":0,"href":"https:\/\/joist.eu\/ch\/wp-json\/wp\/v2\/pages\/490\/revisions"}],"wp:attachment":[{"href":"https:\/\/joist.eu\/ch\/wp-json\/wp\/v2\/media?parent=490"}],"curies":[{"name":"wp","href":"https:\/\/api.w.org\/{rel}","templated":true}]}}