
{"id":482,"date":"2016-04-06T14:14:07","date_gmt":"2016-04-06T12:14:07","guid":{"rendered":"http:\/\/joist.eu\/cms\/?page_id=482&#038;lang=fr"},"modified":"2016-06-01T13:44:02","modified_gmt":"2016-06-01T11:44:02","slug":"service-tipps-technik-infos","status":"publish","type":"page","link":"https:\/\/joist.eu\/ch\/service-tipps-technik-infos?lang=fr","title":{"rendered":"Service \/ Information technique"},"content":{"rendered":"<h2 class=\"green\"><img loading=\"lazy\" decoding=\"async\" class=\"size-medium wp-image-476 alignright\" src=\"http:\/\/joist.eu\/cms\/wp-content\/uploads\/2016\/04\/joist_werkstatt_071-300x200.jpg\" alt=\"joist_werkstatt_071\" width=\"300\" height=\"200\" srcset=\"https:\/\/joist.eu\/ch\/wp-content\/uploads\/2016\/04\/joist_werkstatt_071-300x200.jpg 300w, https:\/\/joist.eu\/ch\/wp-content\/uploads\/2016\/04\/joist_werkstatt_071-768x512.jpg 768w, https:\/\/joist.eu\/ch\/wp-content\/uploads\/2016\/04\/joist_werkstatt_071-1024x682.jpg 1024w\" sizes=\"auto, (max-width: 300px) 100vw, 300px\" \/><\/h2>\n<h2 class=\"green\">Questions sur des sujets sp\u00e9cifiques ou besoin de conseils techniques?<\/h2>\n<p>Comment purger une boite \u00e0 vitesse? Comment puis-je trouver la bonne cha\u00eene pour ma tron\u00e7onneuse?<br \/>\nAlors vous \u00eates ici \u00e0 la bonne adresse. Plus d\u2019information prochainement!<\/p>\n<p>&nbsp;<\/p>\n<p>&nbsp;<\/p>\n<p>&nbsp;<\/p>\n","protected":false},"excerpt":{"rendered":"<p>Questions sur des sujets sp\u00e9cifiques ou besoin de conseils techniques? Comment purger une boite \u00e0 vitesse? Comment puis-je trouver la bonne cha\u00eene pour ma tron\u00e7onneuse? Alors vous \u00eates ici \u00e0 la bonne adresse. Plus d\u2019information prochainement! &nbsp; &nbsp; &nbsp;<\/p>\n","protected":false},"author":2,"featured_media":0,"parent":0,"menu_order":0,"comment_status":"closed","ping_status":"closed","template":"","meta":{"_acf_changed":false,"footnotes":""},"class_list":["post-482","page","type-page","status-publish","hentry"],"acf":[],"yoast_head":"<!-- This site is optimized with the Yoast SEO plugin v24.0 - https:\/\/yoast.com\/wordpress\/plugins\/seo\/ -->\n<title>Service \/ Information technique - Joist Swiss GmbH<\/title>\n<meta name=\"robots\" content=\"index, follow, max-snippet:-1, max-image-preview:large, max-video-preview:-1\" \/>\n<link rel=\"canonical\" href=\"https:\/\/joist.eu\/ch\/service-tipps-technik-infos\" \/>\n<meta property=\"og:locale\" content=\"de_DE\" \/>\n<meta property=\"og:type\" content=\"article\" \/>\n<meta property=\"og:title\" content=\"Service \/ Information technique - Joist Swiss GmbH\" \/>\n<meta property=\"og:description\" content=\"Questions sur des sujets sp\u00e9cifiques ou besoin de conseils techniques? Comment purger une boite \u00e0 vitesse? Comment puis-je trouver la bonne cha\u00eene pour ma tron\u00e7onneuse? Alors vous \u00eates ici \u00e0 la bonne adresse. Plus d\u2019information prochainement! &nbsp; &nbsp; &nbsp;\" \/>\n<meta property=\"og:url\" content=\"https:\/\/joist.eu\/ch\/service-tipps-technik-infos\" \/>\n<meta property=\"og:site_name\" content=\"Joist Swiss GmbH\" \/>\n<meta property=\"article:modified_time\" content=\"2016-06-01T11:44:02+00:00\" \/>\n<meta property=\"og:image\" content=\"https:\/\/joist.eu\/ch\/wp-content\/uploads\/2016\/04\/joist_werkstatt_071.jpg\" \/>\n\t<meta property=\"og:image:width\" content=\"3370\" \/>\n\t<meta property=\"og:image:height\" content=\"2246\" \/>\n\t<meta property=\"og:image:type\" content=\"image\/jpeg\" \/>\n<meta name=\"twitter:card\" content=\"summary_large_image\" \/>\n<script type=\"application\/ld+json\" class=\"yoast-schema-graph\">{\"@context\":\"https:\/\/schema.org\",\"@graph\":[{\"@type\":\"WebPage\",\"@id\":\"https:\/\/joist.eu\/ch\/service-tipps-technik-infos\",\"url\":\"https:\/\/joist.eu\/ch\/service-tipps-technik-infos\",\"name\":\"Service \/ Information technique - Joist Swiss GmbH\",\"isPartOf\":{\"@id\":\"https:\/\/joist.eu\/ch\/#website\"},\"primaryImageOfPage\":{\"@id\":\"https:\/\/joist.eu\/ch\/service-tipps-technik-infos#primaryimage\"},\"image\":{\"@id\":\"https:\/\/joist.eu\/ch\/service-tipps-technik-infos#primaryimage\"},\"thumbnailUrl\":\"http:\/\/joist.eu\/cms\/wp-content\/uploads\/2016\/04\/joist_werkstatt_071-300x200.jpg\",\"datePublished\":\"2016-04-06T12:14:07+00:00\",\"dateModified\":\"2016-06-01T11:44:02+00:00\",\"breadcrumb\":{\"@id\":\"https:\/\/joist.eu\/ch\/service-tipps-technik-infos#breadcrumb\"},\"inLanguage\":\"de\",\"potentialAction\":[{\"@type\":\"ReadAction\",\"target\":[\"https:\/\/joist.eu\/ch\/service-tipps-technik-infos\"]}]},{\"@type\":\"ImageObject\",\"inLanguage\":\"de\",\"@id\":\"https:\/\/joist.eu\/ch\/service-tipps-technik-infos#primaryimage\",\"url\":\"http:\/\/joist.eu\/cms\/wp-content\/uploads\/2016\/04\/joist_werkstatt_071-300x200.jpg\",\"contentUrl\":\"http:\/\/joist.eu\/cms\/wp-content\/uploads\/2016\/04\/joist_werkstatt_071-300x200.jpg\"},{\"@type\":\"BreadcrumbList\",\"@id\":\"https:\/\/joist.eu\/ch\/service-tipps-technik-infos#breadcrumb\",\"itemListElement\":[{\"@type\":\"ListItem\",\"position\":1,\"name\":\"Home\",\"item\":\"https:\/\/joist.eu\/ch\"},{\"@type\":\"ListItem\",\"position\":2,\"name\":\"Service \/ Information technique\"}]},{\"@type\":\"WebSite\",\"@id\":\"https:\/\/joist.eu\/ch\/#website\",\"url\":\"https:\/\/joist.eu\/ch\/\",\"name\":\"Joist Swiss GmbH\",\"description\":\"\",\"potentialAction\":[{\"@type\":\"SearchAction\",\"target\":{\"@type\":\"EntryPoint\",\"urlTemplate\":\"https:\/\/joist.eu\/ch\/?s={search_term_string}\"},\"query-input\":{\"@type\":\"PropertyValueSpecification\",\"valueRequired\":true,\"valueName\":\"search_term_string\"}}],\"inLanguage\":\"de\"}]}<\/script>\n<!-- \/ Yoast SEO plugin. -->","yoast_head_json":{"title":"Service \/ Information technique - Joist Swiss GmbH","robots":{"index":"index","follow":"follow","max-snippet":"max-snippet:-1","max-image-preview":"max-image-preview:large","max-video-preview":"max-video-preview:-1"},"canonical":"https:\/\/joist.eu\/ch\/service-tipps-technik-infos","og_locale":"de_DE","og_type":"article","og_title":"Service \/ Information technique - Joist Swiss GmbH","og_description":"Questions sur des sujets sp\u00e9cifiques ou besoin de conseils techniques? Comment purger une boite \u00e0 vitesse? Comment puis-je trouver la bonne cha\u00eene pour ma tron\u00e7onneuse? Alors vous \u00eates ici \u00e0 la bonne adresse. Plus d\u2019information prochainement! &nbsp; &nbsp; &nbsp;","og_url":"https:\/\/joist.eu\/ch\/service-tipps-technik-infos","og_site_name":"Joist Swiss GmbH","article_modified_time":"2016-06-01T11:44:02+00:00","og_image":[{"width":3370,"height":2246,"url":"https:\/\/joist.eu\/ch\/wp-content\/uploads\/2016\/04\/joist_werkstatt_071.jpg","type":"image\/jpeg"}],"twitter_card":"summary_large_image","schema":{"@context":"https:\/\/schema.org","@graph":[{"@type":"WebPage","@id":"https:\/\/joist.eu\/ch\/service-tipps-technik-infos","url":"https:\/\/joist.eu\/ch\/service-tipps-technik-infos","name":"Service \/ Information technique - Joist Swiss GmbH","isPartOf":{"@id":"https:\/\/joist.eu\/ch\/#website"},"primaryImageOfPage":{"@id":"https:\/\/joist.eu\/ch\/service-tipps-technik-infos#primaryimage"},"image":{"@id":"https:\/\/joist.eu\/ch\/service-tipps-technik-infos#primaryimage"},"thumbnailUrl":"http:\/\/joist.eu\/cms\/wp-content\/uploads\/2016\/04\/joist_werkstatt_071-300x200.jpg","datePublished":"2016-04-06T12:14:07+00:00","dateModified":"2016-06-01T11:44:02+00:00","breadcrumb":{"@id":"https:\/\/joist.eu\/ch\/service-tipps-technik-infos#breadcrumb"},"inLanguage":"de","potentialAction":[{"@type":"ReadAction","target":["https:\/\/joist.eu\/ch\/service-tipps-technik-infos"]}]},{"@type":"ImageObject","inLanguage":"de","@id":"https:\/\/joist.eu\/ch\/service-tipps-technik-infos#primaryimage","url":"http:\/\/joist.eu\/cms\/wp-content\/uploads\/2016\/04\/joist_werkstatt_071-300x200.jpg","contentUrl":"http:\/\/joist.eu\/cms\/wp-content\/uploads\/2016\/04\/joist_werkstatt_071-300x200.jpg"},{"@type":"BreadcrumbList","@id":"https:\/\/joist.eu\/ch\/service-tipps-technik-infos#breadcrumb","itemListElement":[{"@type":"ListItem","position":1,"name":"Home","item":"https:\/\/joist.eu\/ch"},{"@type":"ListItem","position":2,"name":"Service \/ Information technique"}]},{"@type":"WebSite","@id":"https:\/\/joist.eu\/ch\/#website","url":"https:\/\/joist.eu\/ch\/","name":"Joist Swiss GmbH","description":"","potentialAction":[{"@type":"SearchAction","target":{"@type":"EntryPoint","urlTemplate":"https:\/\/joist.eu\/ch\/?s={search_term_string}"},"query-input":{"@type":"PropertyValueSpecification","valueRequired":true,"valueName":"search_term_string"}}],"inLanguage":"de"}]}},"_links":{"self":[{"href":"https:\/\/joist.eu\/ch\/wp-json\/wp\/v2\/pages\/482","targetHints":{"allow":["GET"]}}],"collection":[{"href":"https:\/\/joist.eu\/ch\/wp-json\/wp\/v2\/pages"}],"about":[{"href":"https:\/\/joist.eu\/ch\/wp-json\/wp\/v2\/types\/page"}],"author":[{"embeddable":true,"href":"https:\/\/joist.eu\/ch\/wp-json\/wp\/v2\/users\/2"}],"replies":[{"embeddable":true,"href":"https:\/\/joist.eu\/ch\/wp-json\/wp\/v2\/comments?post=482"}],"version-history":[{"count":0,"href":"https:\/\/joist.eu\/ch\/wp-json\/wp\/v2\/pages\/482\/revisions"}],"wp:attachment":[{"href":"https:\/\/joist.eu\/ch\/wp-json\/wp\/v2\/media?parent=482"}],"curies":[{"name":"wp","href":"https:\/\/api.w.org\/{rel}","templated":true}]}}