
{"id":474,"date":"2016-04-06T13:23:00","date_gmt":"2016-04-06T11:23:00","guid":{"rendered":"http:\/\/joist.eu\/cms\/?page_id=474&#038;lang=fr"},"modified":"2016-06-01T16:04:11","modified_gmt":"2016-06-01T14:04:11","slug":"ueber-uns","status":"publish","type":"page","link":"https:\/\/joist.eu\/ch\/ueber-uns?lang=fr","title":{"rendered":"Qui sommes nous"},"content":{"rendered":"<h2 class=\"green\"><img loading=\"lazy\" decoding=\"async\" class=\"size-medium wp-image-468 alignright\" src=\"http:\/\/joist.eu\/cms\/wp-content\/uploads\/2016\/04\/joist_aussen_002-300x200.jpg\" alt=\"joist_aussen_002\" width=\"300\" height=\"200\" srcset=\"https:\/\/joist.eu\/ch\/wp-content\/uploads\/2016\/04\/joist_aussen_002-300x200.jpg 300w, https:\/\/joist.eu\/ch\/wp-content\/uploads\/2016\/04\/joist_aussen_002-768x512.jpg 768w, https:\/\/joist.eu\/ch\/wp-content\/uploads\/2016\/04\/joist_aussen_002-1024x682.jpg 1024w\" sizes=\"auto, (max-width: 300px) 100vw, 300px\" \/><\/h2>\n<h2 class=\"green\">Nous mettons l&#8217;accent sur le service, la rapidit\u00e9 et la fiabilit\u00e9.<\/h2>\n<p>Nous savons ce qui motive nos clients et quels sont les d\u00e9veloppements de produits les plus actuels sur le march\u00e9.<br \/>\nEtant un des leaders des fournisseurs du commerce sp\u00e9cialis\u00e9 en Europe, nous soutenons nos clients avec des solutions individuelles et nous garantissons la qualit\u00e9 de chaque article que nous distribuons.<\/p>\n<p>Notre personnel qualifi\u00e9 et exp\u00e9riment\u00e9 vous conseille professionnellement au-del\u00e0 des produits individuels. En liaison avec notre grande capacit\u00e9 de stockage et l&#8217;infrastructure moderne nous garantissons toujours une livraison fiable, rapide et dans les meilleures d\u00e9lais.<\/p>\n","protected":false},"excerpt":{"rendered":"<p>Nous mettons l&#8217;accent sur le service, la rapidit\u00e9 et la fiabilit\u00e9. Nous savons ce qui motive nos clients et quels sont les d\u00e9veloppements de produits les plus actuels sur le march\u00e9. Etant un des leaders des fournisseurs du commerce sp\u00e9cialis\u00e9 en Europe, nous soutenons nos clients avec des solutions individuelles et nous garantissons la qualit\u00e9 [&hellip;]<\/p>\n","protected":false},"author":2,"featured_media":0,"parent":0,"menu_order":0,"comment_status":"closed","ping_status":"closed","template":"","meta":{"_acf_changed":false,"footnotes":""},"class_list":["post-474","page","type-page","status-publish","hentry"],"acf":[],"yoast_head":"<!-- This site is optimized with the Yoast SEO plugin v24.0 - https:\/\/yoast.com\/wordpress\/plugins\/seo\/ -->\n<title>Qui sommes nous - Joist Swiss GmbH<\/title>\n<meta name=\"robots\" content=\"index, follow, max-snippet:-1, max-image-preview:large, max-video-preview:-1\" \/>\n<link rel=\"canonical\" href=\"https:\/\/joist.eu\/ch\/ueber-uns\" \/>\n<meta property=\"og:locale\" content=\"de_DE\" \/>\n<meta property=\"og:type\" content=\"article\" \/>\n<meta property=\"og:title\" content=\"Qui sommes nous - Joist Swiss GmbH\" \/>\n<meta property=\"og:description\" content=\"Nous mettons l&#8217;accent sur le service, la rapidit\u00e9 et la fiabilit\u00e9. Nous savons ce qui motive nos clients et quels sont les d\u00e9veloppements de produits les plus actuels sur le march\u00e9. Etant un des leaders des fournisseurs du commerce sp\u00e9cialis\u00e9 en Europe, nous soutenons nos clients avec des solutions individuelles et nous garantissons la qualit\u00e9 [&hellip;]\" \/>\n<meta property=\"og:url\" content=\"https:\/\/joist.eu\/ch\/ueber-uns\" \/>\n<meta property=\"og:site_name\" content=\"Joist Swiss GmbH\" \/>\n<meta property=\"article:modified_time\" content=\"2016-06-01T14:04:11+00:00\" \/>\n<meta property=\"og:image\" content=\"https:\/\/joist.eu\/ch\/wp-content\/uploads\/2016\/04\/joist_aussen_002.jpg\" \/>\n\t<meta property=\"og:image:width\" content=\"3370\" \/>\n\t<meta property=\"og:image:height\" content=\"2246\" \/>\n\t<meta property=\"og:image:type\" content=\"image\/jpeg\" \/>\n<meta name=\"twitter:card\" content=\"summary_large_image\" \/>\n<meta name=\"twitter:label1\" content=\"Gesch\u00e4tzte Lesezeit\" \/>\n\t<meta name=\"twitter:data1\" content=\"1\u00a0Minute\" \/>\n<script type=\"application\/ld+json\" class=\"yoast-schema-graph\">{\"@context\":\"https:\/\/schema.org\",\"@graph\":[{\"@type\":\"WebPage\",\"@id\":\"https:\/\/joist.eu\/ch\/ueber-uns\",\"url\":\"https:\/\/joist.eu\/ch\/ueber-uns\",\"name\":\"Qui sommes nous - Joist Swiss GmbH\",\"isPartOf\":{\"@id\":\"https:\/\/joist.eu\/ch\/#website\"},\"primaryImageOfPage\":{\"@id\":\"https:\/\/joist.eu\/ch\/ueber-uns#primaryimage\"},\"image\":{\"@id\":\"https:\/\/joist.eu\/ch\/ueber-uns#primaryimage\"},\"thumbnailUrl\":\"http:\/\/joist.eu\/cms\/wp-content\/uploads\/2016\/04\/joist_aussen_002-300x200.jpg\",\"datePublished\":\"2016-04-06T11:23:00+00:00\",\"dateModified\":\"2016-06-01T14:04:11+00:00\",\"breadcrumb\":{\"@id\":\"https:\/\/joist.eu\/ch\/ueber-uns#breadcrumb\"},\"inLanguage\":\"de\",\"potentialAction\":[{\"@type\":\"ReadAction\",\"target\":[\"https:\/\/joist.eu\/ch\/ueber-uns\"]}]},{\"@type\":\"ImageObject\",\"inLanguage\":\"de\",\"@id\":\"https:\/\/joist.eu\/ch\/ueber-uns#primaryimage\",\"url\":\"http:\/\/joist.eu\/cms\/wp-content\/uploads\/2016\/04\/joist_aussen_002-300x200.jpg\",\"contentUrl\":\"http:\/\/joist.eu\/cms\/wp-content\/uploads\/2016\/04\/joist_aussen_002-300x200.jpg\"},{\"@type\":\"BreadcrumbList\",\"@id\":\"https:\/\/joist.eu\/ch\/ueber-uns#breadcrumb\",\"itemListElement\":[{\"@type\":\"ListItem\",\"position\":1,\"name\":\"Home\",\"item\":\"https:\/\/joist.eu\/ch\"},{\"@type\":\"ListItem\",\"position\":2,\"name\":\"Qui sommes nous\"}]},{\"@type\":\"WebSite\",\"@id\":\"https:\/\/joist.eu\/ch\/#website\",\"url\":\"https:\/\/joist.eu\/ch\/\",\"name\":\"Joist Swiss GmbH\",\"description\":\"\",\"potentialAction\":[{\"@type\":\"SearchAction\",\"target\":{\"@type\":\"EntryPoint\",\"urlTemplate\":\"https:\/\/joist.eu\/ch\/?s={search_term_string}\"},\"query-input\":{\"@type\":\"PropertyValueSpecification\",\"valueRequired\":true,\"valueName\":\"search_term_string\"}}],\"inLanguage\":\"de\"}]}<\/script>\n<!-- \/ Yoast SEO plugin. -->","yoast_head_json":{"title":"Qui sommes nous - Joist Swiss GmbH","robots":{"index":"index","follow":"follow","max-snippet":"max-snippet:-1","max-image-preview":"max-image-preview:large","max-video-preview":"max-video-preview:-1"},"canonical":"https:\/\/joist.eu\/ch\/ueber-uns","og_locale":"de_DE","og_type":"article","og_title":"Qui sommes nous - Joist Swiss GmbH","og_description":"Nous mettons l&#8217;accent sur le service, la rapidit\u00e9 et la fiabilit\u00e9. Nous savons ce qui motive nos clients et quels sont les d\u00e9veloppements de produits les plus actuels sur le march\u00e9. Etant un des leaders des fournisseurs du commerce sp\u00e9cialis\u00e9 en Europe, nous soutenons nos clients avec des solutions individuelles et nous garantissons la qualit\u00e9 [&hellip;]","og_url":"https:\/\/joist.eu\/ch\/ueber-uns","og_site_name":"Joist Swiss GmbH","article_modified_time":"2016-06-01T14:04:11+00:00","og_image":[{"width":3370,"height":2246,"url":"https:\/\/joist.eu\/ch\/wp-content\/uploads\/2016\/04\/joist_aussen_002.jpg","type":"image\/jpeg"}],"twitter_card":"summary_large_image","twitter_misc":{"Gesch\u00e4tzte Lesezeit":"1\u00a0Minute"},"schema":{"@context":"https:\/\/schema.org","@graph":[{"@type":"WebPage","@id":"https:\/\/joist.eu\/ch\/ueber-uns","url":"https:\/\/joist.eu\/ch\/ueber-uns","name":"Qui sommes nous - Joist Swiss GmbH","isPartOf":{"@id":"https:\/\/joist.eu\/ch\/#website"},"primaryImageOfPage":{"@id":"https:\/\/joist.eu\/ch\/ueber-uns#primaryimage"},"image":{"@id":"https:\/\/joist.eu\/ch\/ueber-uns#primaryimage"},"thumbnailUrl":"http:\/\/joist.eu\/cms\/wp-content\/uploads\/2016\/04\/joist_aussen_002-300x200.jpg","datePublished":"2016-04-06T11:23:00+00:00","dateModified":"2016-06-01T14:04:11+00:00","breadcrumb":{"@id":"https:\/\/joist.eu\/ch\/ueber-uns#breadcrumb"},"inLanguage":"de","potentialAction":[{"@type":"ReadAction","target":["https:\/\/joist.eu\/ch\/ueber-uns"]}]},{"@type":"ImageObject","inLanguage":"de","@id":"https:\/\/joist.eu\/ch\/ueber-uns#primaryimage","url":"http:\/\/joist.eu\/cms\/wp-content\/uploads\/2016\/04\/joist_aussen_002-300x200.jpg","contentUrl":"http:\/\/joist.eu\/cms\/wp-content\/uploads\/2016\/04\/joist_aussen_002-300x200.jpg"},{"@type":"BreadcrumbList","@id":"https:\/\/joist.eu\/ch\/ueber-uns#breadcrumb","itemListElement":[{"@type":"ListItem","position":1,"name":"Home","item":"https:\/\/joist.eu\/ch"},{"@type":"ListItem","position":2,"name":"Qui sommes nous"}]},{"@type":"WebSite","@id":"https:\/\/joist.eu\/ch\/#website","url":"https:\/\/joist.eu\/ch\/","name":"Joist Swiss GmbH","description":"","potentialAction":[{"@type":"SearchAction","target":{"@type":"EntryPoint","urlTemplate":"https:\/\/joist.eu\/ch\/?s={search_term_string}"},"query-input":{"@type":"PropertyValueSpecification","valueRequired":true,"valueName":"search_term_string"}}],"inLanguage":"de"}]}},"_links":{"self":[{"href":"https:\/\/joist.eu\/ch\/wp-json\/wp\/v2\/pages\/474","targetHints":{"allow":["GET"]}}],"collection":[{"href":"https:\/\/joist.eu\/ch\/wp-json\/wp\/v2\/pages"}],"about":[{"href":"https:\/\/joist.eu\/ch\/wp-json\/wp\/v2\/types\/page"}],"author":[{"embeddable":true,"href":"https:\/\/joist.eu\/ch\/wp-json\/wp\/v2\/users\/2"}],"replies":[{"embeddable":true,"href":"https:\/\/joist.eu\/ch\/wp-json\/wp\/v2\/comments?post=474"}],"version-history":[{"count":0,"href":"https:\/\/joist.eu\/ch\/wp-json\/wp\/v2\/pages\/474\/revisions"}],"wp:attachment":[{"href":"https:\/\/joist.eu\/ch\/wp-json\/wp\/v2\/media?parent=474"}],"curies":[{"name":"wp","href":"https:\/\/api.w.org\/{rel}","templated":true}]}}