
{"id":409,"date":"2016-04-04T17:15:57","date_gmt":"2016-04-04T15:15:57","guid":{"rendered":"http:\/\/joist.eu\/?page_id=409"},"modified":"2019-12-06T15:14:24","modified_gmt":"2019-12-06T14:14:24","slug":"unternehmensvision","status":"publish","type":"page","link":"https:\/\/joist.eu\/ch\/unternehmensvision","title":{"rendered":"Unternehmensvision"},"content":{"rendered":"<h2 class=\"green\">Der Bestellprozess<img loading=\"lazy\" decoding=\"async\" class=\"alignright wp-image-592 size-medium\" src=\"http:\/\/joist.eu\/cms\/wp-content\/uploads\/2016\/04\/joist_aussen_004-300x200.jpg\" alt=\"joist_aussen_004\" width=\"300\" height=\"200\" srcset=\"https:\/\/joist.eu\/ch\/wp-content\/uploads\/2016\/04\/joist_aussen_004-300x200.jpg 300w, https:\/\/joist.eu\/ch\/wp-content\/uploads\/2016\/04\/joist_aussen_004-768x512.jpg 768w, https:\/\/joist.eu\/ch\/wp-content\/uploads\/2016\/04\/joist_aussen_004-1024x682.jpg 1024w\" sizes=\"auto, (max-width: 300px) 100vw, 300px\" \/><\/h2>\n<p>Zeit ist im Gesch\u00e4ftsleben ein knappes Gut. Aus diesem Grund m\u00f6chten wir den Bestellprozess f\u00fcr unsere Kunden optimieren und an digitale Neuerungen anpassen. Je einfacher und schneller dieser abl\u00e4uft, desto mehr Zeit k\u00f6nnen unsere Kunden in Ihr Tagesgesch\u00e4ft investieren.<\/p>\n<h2 class=\"green\">Das Sortiment<\/h2>\n<p>In regelm\u00e4\u00dfigen Zeitabst\u00e4nden gibt es neue Produkte auf dem Markt. Wir m\u00f6chten unser Sortiment laufend erweitern, um unseren Kunden neue Produktgruppen anzubieten. Immer auf dem neusten<br \/>\nStand des Angebots, das ist unser Ziel.<\/p>\n<h2 class=\"green\">International verf\u00fcgbar sein<\/h2>\n<p>Neue L\u00e4nder mit neuen M\u00e4rkten. Die Erweiterung unseres Unternehmens in europ\u00e4ische Nachbarl\u00e4nder<br \/>\nwar bereits erfolgreich, jedoch sehen wir uns langfristig nicht nur auf europ\u00e4ischer Ebene, sondern<br \/>\nm\u00f6chten uns als Marke auch international etablieren.<\/p>\n","protected":false},"excerpt":{"rendered":"<p>Der Bestellprozess Zeit ist im Gesch\u00e4ftsleben ein knappes Gut. Aus diesem Grund m\u00f6chten wir den Bestellprozess f\u00fcr unsere Kunden optimieren und an digitale Neuerungen anpassen. Je einfacher und schneller dieser abl\u00e4uft, desto mehr Zeit k\u00f6nnen unsere Kunden in Ihr Tagesgesch\u00e4ft investieren. Das Sortiment In regelm\u00e4\u00dfigen Zeitabst\u00e4nden gibt es neue Produkte auf dem Markt. Wir m\u00f6chten [&hellip;]<\/p>\n","protected":false},"author":2,"featured_media":0,"parent":0,"menu_order":0,"comment_status":"closed","ping_status":"closed","template":"","meta":{"_acf_changed":false,"footnotes":""},"class_list":["post-409","page","type-page","status-publish","hentry"],"acf":[],"yoast_head":"<!-- This site is optimized with the Yoast SEO plugin v24.0 - https:\/\/yoast.com\/wordpress\/plugins\/seo\/ -->\n<title>Unternehmensvision - Joist Swiss GmbH<\/title>\n<meta name=\"robots\" content=\"index, follow, max-snippet:-1, max-image-preview:large, max-video-preview:-1\" \/>\n<link rel=\"canonical\" href=\"https:\/\/joist.eu\/ch\/unternehmensvision\" \/>\n<meta property=\"og:locale\" content=\"de_DE\" \/>\n<meta property=\"og:type\" content=\"article\" \/>\n<meta property=\"og:title\" content=\"Unternehmensvision - Joist Swiss GmbH\" \/>\n<meta property=\"og:description\" content=\"Der Bestellprozess Zeit ist im Gesch\u00e4ftsleben ein knappes Gut. Aus diesem Grund m\u00f6chten wir den Bestellprozess f\u00fcr unsere Kunden optimieren und an digitale Neuerungen anpassen. Je einfacher und schneller dieser abl\u00e4uft, desto mehr Zeit k\u00f6nnen unsere Kunden in Ihr Tagesgesch\u00e4ft investieren. Das Sortiment In regelm\u00e4\u00dfigen Zeitabst\u00e4nden gibt es neue Produkte auf dem Markt. Wir m\u00f6chten [&hellip;]\" \/>\n<meta property=\"og:url\" content=\"https:\/\/joist.eu\/ch\/unternehmensvision\" \/>\n<meta property=\"og:site_name\" content=\"Joist Swiss GmbH\" \/>\n<meta property=\"article:modified_time\" content=\"2019-12-06T14:14:24+00:00\" \/>\n<meta property=\"og:image\" content=\"https:\/\/joist.eu\/ch\/wp-content\/uploads\/2016\/04\/joist_aussen_004.jpg\" \/>\n\t<meta property=\"og:image:width\" content=\"3370\" \/>\n\t<meta property=\"og:image:height\" content=\"2246\" \/>\n\t<meta property=\"og:image:type\" content=\"image\/jpeg\" \/>\n<meta name=\"twitter:card\" content=\"summary_large_image\" \/>\n<meta name=\"twitter:label1\" content=\"Gesch\u00e4tzte Lesezeit\" \/>\n\t<meta name=\"twitter:data1\" content=\"1\u00a0Minute\" \/>\n<script type=\"application\/ld+json\" class=\"yoast-schema-graph\">{\"@context\":\"https:\/\/schema.org\",\"@graph\":[{\"@type\":\"WebPage\",\"@id\":\"https:\/\/joist.eu\/ch\/unternehmensvision\",\"url\":\"https:\/\/joist.eu\/ch\/unternehmensvision\",\"name\":\"Unternehmensvision - Joist Swiss GmbH\",\"isPartOf\":{\"@id\":\"https:\/\/joist.eu\/ch\/#website\"},\"primaryImageOfPage\":{\"@id\":\"https:\/\/joist.eu\/ch\/unternehmensvision#primaryimage\"},\"image\":{\"@id\":\"https:\/\/joist.eu\/ch\/unternehmensvision#primaryimage\"},\"thumbnailUrl\":\"http:\/\/joist.eu\/cms\/wp-content\/uploads\/2016\/04\/joist_aussen_004-300x200.jpg\",\"datePublished\":\"2016-04-04T15:15:57+00:00\",\"dateModified\":\"2019-12-06T14:14:24+00:00\",\"breadcrumb\":{\"@id\":\"https:\/\/joist.eu\/ch\/unternehmensvision#breadcrumb\"},\"inLanguage\":\"de\",\"potentialAction\":[{\"@type\":\"ReadAction\",\"target\":[\"https:\/\/joist.eu\/ch\/unternehmensvision\"]}]},{\"@type\":\"ImageObject\",\"inLanguage\":\"de\",\"@id\":\"https:\/\/joist.eu\/ch\/unternehmensvision#primaryimage\",\"url\":\"http:\/\/joist.eu\/cms\/wp-content\/uploads\/2016\/04\/joist_aussen_004-300x200.jpg\",\"contentUrl\":\"http:\/\/joist.eu\/cms\/wp-content\/uploads\/2016\/04\/joist_aussen_004-300x200.jpg\"},{\"@type\":\"BreadcrumbList\",\"@id\":\"https:\/\/joist.eu\/ch\/unternehmensvision#breadcrumb\",\"itemListElement\":[{\"@type\":\"ListItem\",\"position\":1,\"name\":\"Home\",\"item\":\"https:\/\/joist.eu\/ch\"},{\"@type\":\"ListItem\",\"position\":2,\"name\":\"Unternehmensvision\"}]},{\"@type\":\"WebSite\",\"@id\":\"https:\/\/joist.eu\/ch\/#website\",\"url\":\"https:\/\/joist.eu\/ch\/\",\"name\":\"Joist Swiss GmbH\",\"description\":\"\",\"potentialAction\":[{\"@type\":\"SearchAction\",\"target\":{\"@type\":\"EntryPoint\",\"urlTemplate\":\"https:\/\/joist.eu\/ch\/?s={search_term_string}\"},\"query-input\":{\"@type\":\"PropertyValueSpecification\",\"valueRequired\":true,\"valueName\":\"search_term_string\"}}],\"inLanguage\":\"de\"}]}<\/script>\n<!-- \/ Yoast SEO plugin. -->","yoast_head_json":{"title":"Unternehmensvision - Joist Swiss GmbH","robots":{"index":"index","follow":"follow","max-snippet":"max-snippet:-1","max-image-preview":"max-image-preview:large","max-video-preview":"max-video-preview:-1"},"canonical":"https:\/\/joist.eu\/ch\/unternehmensvision","og_locale":"de_DE","og_type":"article","og_title":"Unternehmensvision - Joist Swiss GmbH","og_description":"Der Bestellprozess Zeit ist im Gesch\u00e4ftsleben ein knappes Gut. Aus diesem Grund m\u00f6chten wir den Bestellprozess f\u00fcr unsere Kunden optimieren und an digitale Neuerungen anpassen. Je einfacher und schneller dieser abl\u00e4uft, desto mehr Zeit k\u00f6nnen unsere Kunden in Ihr Tagesgesch\u00e4ft investieren. Das Sortiment In regelm\u00e4\u00dfigen Zeitabst\u00e4nden gibt es neue Produkte auf dem Markt. Wir m\u00f6chten [&hellip;]","og_url":"https:\/\/joist.eu\/ch\/unternehmensvision","og_site_name":"Joist Swiss GmbH","article_modified_time":"2019-12-06T14:14:24+00:00","og_image":[{"width":3370,"height":2246,"url":"https:\/\/joist.eu\/ch\/wp-content\/uploads\/2016\/04\/joist_aussen_004.jpg","type":"image\/jpeg"}],"twitter_card":"summary_large_image","twitter_misc":{"Gesch\u00e4tzte Lesezeit":"1\u00a0Minute"},"schema":{"@context":"https:\/\/schema.org","@graph":[{"@type":"WebPage","@id":"https:\/\/joist.eu\/ch\/unternehmensvision","url":"https:\/\/joist.eu\/ch\/unternehmensvision","name":"Unternehmensvision - Joist Swiss GmbH","isPartOf":{"@id":"https:\/\/joist.eu\/ch\/#website"},"primaryImageOfPage":{"@id":"https:\/\/joist.eu\/ch\/unternehmensvision#primaryimage"},"image":{"@id":"https:\/\/joist.eu\/ch\/unternehmensvision#primaryimage"},"thumbnailUrl":"http:\/\/joist.eu\/cms\/wp-content\/uploads\/2016\/04\/joist_aussen_004-300x200.jpg","datePublished":"2016-04-04T15:15:57+00:00","dateModified":"2019-12-06T14:14:24+00:00","breadcrumb":{"@id":"https:\/\/joist.eu\/ch\/unternehmensvision#breadcrumb"},"inLanguage":"de","potentialAction":[{"@type":"ReadAction","target":["https:\/\/joist.eu\/ch\/unternehmensvision"]}]},{"@type":"ImageObject","inLanguage":"de","@id":"https:\/\/joist.eu\/ch\/unternehmensvision#primaryimage","url":"http:\/\/joist.eu\/cms\/wp-content\/uploads\/2016\/04\/joist_aussen_004-300x200.jpg","contentUrl":"http:\/\/joist.eu\/cms\/wp-content\/uploads\/2016\/04\/joist_aussen_004-300x200.jpg"},{"@type":"BreadcrumbList","@id":"https:\/\/joist.eu\/ch\/unternehmensvision#breadcrumb","itemListElement":[{"@type":"ListItem","position":1,"name":"Home","item":"https:\/\/joist.eu\/ch"},{"@type":"ListItem","position":2,"name":"Unternehmensvision"}]},{"@type":"WebSite","@id":"https:\/\/joist.eu\/ch\/#website","url":"https:\/\/joist.eu\/ch\/","name":"Joist Swiss GmbH","description":"","potentialAction":[{"@type":"SearchAction","target":{"@type":"EntryPoint","urlTemplate":"https:\/\/joist.eu\/ch\/?s={search_term_string}"},"query-input":{"@type":"PropertyValueSpecification","valueRequired":true,"valueName":"search_term_string"}}],"inLanguage":"de"}]}},"_links":{"self":[{"href":"https:\/\/joist.eu\/ch\/wp-json\/wp\/v2\/pages\/409","targetHints":{"allow":["GET"]}}],"collection":[{"href":"https:\/\/joist.eu\/ch\/wp-json\/wp\/v2\/pages"}],"about":[{"href":"https:\/\/joist.eu\/ch\/wp-json\/wp\/v2\/types\/page"}],"author":[{"embeddable":true,"href":"https:\/\/joist.eu\/ch\/wp-json\/wp\/v2\/users\/2"}],"replies":[{"embeddable":true,"href":"https:\/\/joist.eu\/ch\/wp-json\/wp\/v2\/comments?post=409"}],"version-history":[{"count":0,"href":"https:\/\/joist.eu\/ch\/wp-json\/wp\/v2\/pages\/409\/revisions"}],"wp:attachment":[{"href":"https:\/\/joist.eu\/ch\/wp-json\/wp\/v2\/media?parent=409"}],"curies":[{"name":"wp","href":"https:\/\/api.w.org\/{rel}","templated":true}]}}