
{"id":406,"date":"2016-04-04T17:09:41","date_gmt":"2016-04-04T15:09:41","guid":{"rendered":"http:\/\/joist.eu\/?page_id=406"},"modified":"2019-12-06T15:10:31","modified_gmt":"2019-12-06T14:10:31","slug":"unternehmenswerte","status":"publish","type":"page","link":"https:\/\/joist.eu\/ch\/unternehmenswerte","title":{"rendered":"Unternehmenswerte"},"content":{"rendered":"<h2 class=\"green\">Vertrauen schaffen<img loading=\"lazy\" decoding=\"async\" class=\"wp-image-581 size-thumbnail alignleft\" src=\"http:\/\/joist.eu\/cms\/wp-content\/uploads\/2016\/04\/joist_aussen_003-150x150.jpg\" alt=\"joist_aussen_003\" width=\"150\" height=\"150\" \/><\/h2>\n<p style=\"padding-right: 170px;\">Wir sehen uns nicht nur als Lieferanten, sondern als zuverl\u00e4ssigen und kompetenten Partner<br \/>\nf\u00fcr unsere Kunden. Bereits Cornelius und Marianne Joist legten bei der Gr\u00fcndung der Joist GmbH vor mehr als 40 Jahren gro\u00dfen Wert auf eine pers\u00f6nliche Beziehung zu unseren Kunden. Diese individuelle Betreuung und der pers\u00f6nliche Kontakt sind f\u00fcr uns als Unternehmen heute noch ma\u00dfgeblich, um eine erfolgreiche Gesch\u00e4ftsbeziehung zu schaffen und nachhaltig zu erhalten.<\/p>\n<p>&nbsp;<br \/>\n&nbsp;<\/p>\n<h2 class=\"green\" style=\"padding-left: 170px;\">Mitarbeiter wertsch\u00e4tzen<img loading=\"lazy\" decoding=\"async\" class=\"wp-image-583 size-thumbnail alignright\" src=\"http:\/\/joist.eu\/cms\/wp-content\/uploads\/2016\/04\/joist_lager_026-150x150.jpg\" alt=\"joist_lager_026\" width=\"150\" height=\"150\" \/><\/h2>\n<p style=\"padding-left: 170px;\">Unsere Mitarbeiter sind unsere wichtigste Ressource, daher liegt eine unserer Priorit\u00e4ten bei<br \/>\nder Ausbildung, F\u00f6rderung und Motivation, um ein angenehmes Arbeitsumfeld zu schaffen. Eine erfolgreiche Arbeitsleistung kann nur aus Zufriedenheit und Selbstverwirklichung entstehen, deshalb z\u00e4hlt f\u00fcr uns die Meinung unserer Mitarbeiter und wir beziehen sie in t\u00e4gliche Entscheidungspro-<br \/>\nzesse mit ein. Die unterschiedlichen Sichtweisen von Einzelnen, kann neue Blickwinkel er\u00f6ffnen<br \/>\nund so f\u00fcr den Kunden die perfekte L\u00f6sung sein.<\/p>\n<p>&nbsp;<\/p>\n<h2 class=\"green\"><img loading=\"lazy\" decoding=\"async\" class=\"wp-image-584 size-thumbnail alignleft\" style=\"margin-top: 10px;\" src=\"http:\/\/joist.eu\/cms\/wp-content\/uploads\/2016\/04\/joist_lager_038-150x150.jpg\" alt=\"joist_lager_038\" width=\"150\" height=\"150\" \/><\/h2>\n<h2 class=\"green\">Erfahrungen einsetzen<\/h2>\n<p style=\"padding-right: 170px;\">Wir m\u00f6chten unseren Kunden zu jedem Zeitpunkt die optimale Beratung und die besten Produkte bieten. Aus diesem Grund haben wir es uns zur Aufgabe gemacht, unser Sortiment kontinuierlich auszubauen und zu erweitern. Durch mehr als 40 Jahre Branchenerfahrung haben wir viele Innova-<br \/>\ntionen im Bereich Garten- und Landschaftstechnik miterlebt und k\u00f6nnen dem Kunden auch bei kom-<br \/>\nplexen Herausforderungen die individuell passende Beratung und die geeigneten Produkte bieten.<\/p>\n<p>&nbsp;<\/p>\n","protected":false},"excerpt":{"rendered":"<p>Vertrauen schaffen Wir sehen uns nicht nur als Lieferanten, sondern als zuverl\u00e4ssigen und kompetenten Partner f\u00fcr unsere Kunden. Bereits Cornelius und Marianne Joist legten bei der Gr\u00fcndung der Joist GmbH vor mehr als 40 Jahren gro\u00dfen Wert auf eine pers\u00f6nliche Beziehung zu unseren Kunden. Diese individuelle Betreuung und der pers\u00f6nliche Kontakt sind f\u00fcr uns als [&hellip;]<\/p>\n","protected":false},"author":2,"featured_media":0,"parent":0,"menu_order":0,"comment_status":"closed","ping_status":"closed","template":"","meta":{"_acf_changed":false,"footnotes":""},"class_list":["post-406","page","type-page","status-publish","hentry"],"acf":[],"yoast_head":"<!-- This site is optimized with the Yoast SEO plugin v24.0 - https:\/\/yoast.com\/wordpress\/plugins\/seo\/ -->\n<title>Unternehmenswerte - Joist Swiss GmbH<\/title>\n<meta name=\"robots\" content=\"index, follow, max-snippet:-1, max-image-preview:large, max-video-preview:-1\" \/>\n<link rel=\"canonical\" href=\"https:\/\/joist.eu\/ch\/unternehmenswerte\" \/>\n<meta property=\"og:locale\" content=\"de_DE\" \/>\n<meta property=\"og:type\" content=\"article\" \/>\n<meta property=\"og:title\" content=\"Unternehmenswerte - Joist Swiss GmbH\" \/>\n<meta property=\"og:description\" content=\"Vertrauen schaffen Wir sehen uns nicht nur als Lieferanten, sondern als zuverl\u00e4ssigen und kompetenten Partner f\u00fcr unsere Kunden. Bereits Cornelius und Marianne Joist legten bei der Gr\u00fcndung der Joist GmbH vor mehr als 40 Jahren gro\u00dfen Wert auf eine pers\u00f6nliche Beziehung zu unseren Kunden. Diese individuelle Betreuung und der pers\u00f6nliche Kontakt sind f\u00fcr uns als [&hellip;]\" \/>\n<meta property=\"og:url\" content=\"https:\/\/joist.eu\/ch\/unternehmenswerte\" \/>\n<meta property=\"og:site_name\" content=\"Joist Swiss GmbH\" \/>\n<meta property=\"article:modified_time\" content=\"2019-12-06T14:10:31+00:00\" \/>\n<meta property=\"og:image\" content=\"https:\/\/joist.eu\/ch\/wp-content\/uploads\/2016\/04\/joist_aussen_003.jpg\" \/>\n\t<meta property=\"og:image:width\" content=\"3370\" \/>\n\t<meta property=\"og:image:height\" content=\"2246\" \/>\n\t<meta property=\"og:image:type\" content=\"image\/jpeg\" \/>\n<meta name=\"twitter:card\" content=\"summary_large_image\" \/>\n<meta name=\"twitter:label1\" content=\"Gesch\u00e4tzte Lesezeit\" \/>\n\t<meta name=\"twitter:data1\" content=\"1\u00a0Minute\" \/>\n<script type=\"application\/ld+json\" class=\"yoast-schema-graph\">{\"@context\":\"https:\/\/schema.org\",\"@graph\":[{\"@type\":\"WebPage\",\"@id\":\"https:\/\/joist.eu\/ch\/unternehmenswerte\",\"url\":\"https:\/\/joist.eu\/ch\/unternehmenswerte\",\"name\":\"Unternehmenswerte - Joist Swiss GmbH\",\"isPartOf\":{\"@id\":\"https:\/\/joist.eu\/ch\/#website\"},\"primaryImageOfPage\":{\"@id\":\"https:\/\/joist.eu\/ch\/unternehmenswerte#primaryimage\"},\"image\":{\"@id\":\"https:\/\/joist.eu\/ch\/unternehmenswerte#primaryimage\"},\"thumbnailUrl\":\"http:\/\/joist.eu\/cms\/wp-content\/uploads\/2016\/04\/joist_aussen_003-150x150.jpg\",\"datePublished\":\"2016-04-04T15:09:41+00:00\",\"dateModified\":\"2019-12-06T14:10:31+00:00\",\"breadcrumb\":{\"@id\":\"https:\/\/joist.eu\/ch\/unternehmenswerte#breadcrumb\"},\"inLanguage\":\"de\",\"potentialAction\":[{\"@type\":\"ReadAction\",\"target\":[\"https:\/\/joist.eu\/ch\/unternehmenswerte\"]}]},{\"@type\":\"ImageObject\",\"inLanguage\":\"de\",\"@id\":\"https:\/\/joist.eu\/ch\/unternehmenswerte#primaryimage\",\"url\":\"http:\/\/joist.eu\/cms\/wp-content\/uploads\/2016\/04\/joist_aussen_003-150x150.jpg\",\"contentUrl\":\"http:\/\/joist.eu\/cms\/wp-content\/uploads\/2016\/04\/joist_aussen_003-150x150.jpg\"},{\"@type\":\"BreadcrumbList\",\"@id\":\"https:\/\/joist.eu\/ch\/unternehmenswerte#breadcrumb\",\"itemListElement\":[{\"@type\":\"ListItem\",\"position\":1,\"name\":\"Home\",\"item\":\"https:\/\/joist.eu\/ch\"},{\"@type\":\"ListItem\",\"position\":2,\"name\":\"Unternehmenswerte\"}]},{\"@type\":\"WebSite\",\"@id\":\"https:\/\/joist.eu\/ch\/#website\",\"url\":\"https:\/\/joist.eu\/ch\/\",\"name\":\"Joist Swiss GmbH\",\"description\":\"\",\"potentialAction\":[{\"@type\":\"SearchAction\",\"target\":{\"@type\":\"EntryPoint\",\"urlTemplate\":\"https:\/\/joist.eu\/ch\/?s={search_term_string}\"},\"query-input\":{\"@type\":\"PropertyValueSpecification\",\"valueRequired\":true,\"valueName\":\"search_term_string\"}}],\"inLanguage\":\"de\"}]}<\/script>\n<!-- \/ Yoast SEO plugin. -->","yoast_head_json":{"title":"Unternehmenswerte - Joist Swiss GmbH","robots":{"index":"index","follow":"follow","max-snippet":"max-snippet:-1","max-image-preview":"max-image-preview:large","max-video-preview":"max-video-preview:-1"},"canonical":"https:\/\/joist.eu\/ch\/unternehmenswerte","og_locale":"de_DE","og_type":"article","og_title":"Unternehmenswerte - Joist Swiss GmbH","og_description":"Vertrauen schaffen Wir sehen uns nicht nur als Lieferanten, sondern als zuverl\u00e4ssigen und kompetenten Partner f\u00fcr unsere Kunden. Bereits Cornelius und Marianne Joist legten bei der Gr\u00fcndung der Joist GmbH vor mehr als 40 Jahren gro\u00dfen Wert auf eine pers\u00f6nliche Beziehung zu unseren Kunden. Diese individuelle Betreuung und der pers\u00f6nliche Kontakt sind f\u00fcr uns als [&hellip;]","og_url":"https:\/\/joist.eu\/ch\/unternehmenswerte","og_site_name":"Joist Swiss GmbH","article_modified_time":"2019-12-06T14:10:31+00:00","og_image":[{"width":3370,"height":2246,"url":"https:\/\/joist.eu\/ch\/wp-content\/uploads\/2016\/04\/joist_aussen_003.jpg","type":"image\/jpeg"}],"twitter_card":"summary_large_image","twitter_misc":{"Gesch\u00e4tzte Lesezeit":"1\u00a0Minute"},"schema":{"@context":"https:\/\/schema.org","@graph":[{"@type":"WebPage","@id":"https:\/\/joist.eu\/ch\/unternehmenswerte","url":"https:\/\/joist.eu\/ch\/unternehmenswerte","name":"Unternehmenswerte - Joist Swiss GmbH","isPartOf":{"@id":"https:\/\/joist.eu\/ch\/#website"},"primaryImageOfPage":{"@id":"https:\/\/joist.eu\/ch\/unternehmenswerte#primaryimage"},"image":{"@id":"https:\/\/joist.eu\/ch\/unternehmenswerte#primaryimage"},"thumbnailUrl":"http:\/\/joist.eu\/cms\/wp-content\/uploads\/2016\/04\/joist_aussen_003-150x150.jpg","datePublished":"2016-04-04T15:09:41+00:00","dateModified":"2019-12-06T14:10:31+00:00","breadcrumb":{"@id":"https:\/\/joist.eu\/ch\/unternehmenswerte#breadcrumb"},"inLanguage":"de","potentialAction":[{"@type":"ReadAction","target":["https:\/\/joist.eu\/ch\/unternehmenswerte"]}]},{"@type":"ImageObject","inLanguage":"de","@id":"https:\/\/joist.eu\/ch\/unternehmenswerte#primaryimage","url":"http:\/\/joist.eu\/cms\/wp-content\/uploads\/2016\/04\/joist_aussen_003-150x150.jpg","contentUrl":"http:\/\/joist.eu\/cms\/wp-content\/uploads\/2016\/04\/joist_aussen_003-150x150.jpg"},{"@type":"BreadcrumbList","@id":"https:\/\/joist.eu\/ch\/unternehmenswerte#breadcrumb","itemListElement":[{"@type":"ListItem","position":1,"name":"Home","item":"https:\/\/joist.eu\/ch"},{"@type":"ListItem","position":2,"name":"Unternehmenswerte"}]},{"@type":"WebSite","@id":"https:\/\/joist.eu\/ch\/#website","url":"https:\/\/joist.eu\/ch\/","name":"Joist Swiss GmbH","description":"","potentialAction":[{"@type":"SearchAction","target":{"@type":"EntryPoint","urlTemplate":"https:\/\/joist.eu\/ch\/?s={search_term_string}"},"query-input":{"@type":"PropertyValueSpecification","valueRequired":true,"valueName":"search_term_string"}}],"inLanguage":"de"}]}},"_links":{"self":[{"href":"https:\/\/joist.eu\/ch\/wp-json\/wp\/v2\/pages\/406","targetHints":{"allow":["GET"]}}],"collection":[{"href":"https:\/\/joist.eu\/ch\/wp-json\/wp\/v2\/pages"}],"about":[{"href":"https:\/\/joist.eu\/ch\/wp-json\/wp\/v2\/types\/page"}],"author":[{"embeddable":true,"href":"https:\/\/joist.eu\/ch\/wp-json\/wp\/v2\/users\/2"}],"replies":[{"embeddable":true,"href":"https:\/\/joist.eu\/ch\/wp-json\/wp\/v2\/comments?post=406"}],"version-history":[{"count":0,"href":"https:\/\/joist.eu\/ch\/wp-json\/wp\/v2\/pages\/406\/revisions"}],"wp:attachment":[{"href":"https:\/\/joist.eu\/ch\/wp-json\/wp\/v2\/media?parent=406"}],"curies":[{"name":"wp","href":"https:\/\/api.w.org\/{rel}","templated":true}]}}