
{"id":378,"date":"2016-04-04T15:30:51","date_gmt":"2016-04-04T13:30:51","guid":{"rendered":"http:\/\/joist.eu\/?page_id=378"},"modified":"2019-12-06T15:31:42","modified_gmt":"2019-12-06T14:31:42","slug":"buchhaltung","status":"publish","type":"page","link":"https:\/\/joist.eu\/ch\/buchhaltung","title":{"rendered":"Buchhaltung"},"content":{"rendered":"<h2 class=\"green\"><img loading=\"lazy\" decoding=\"async\" class=\"size-medium wp-image-1630 alignright\" src=\"http:\/\/joist.eu\/cms\/wp-content\/uploads\/2016\/04\/joist_still_115-300x200.jpg\" alt=\"joist_still_115\" width=\"300\" height=\"200\" srcset=\"https:\/\/joist.eu\/ch\/wp-content\/uploads\/2016\/04\/joist_still_115-300x200.jpg 300w, https:\/\/joist.eu\/ch\/wp-content\/uploads\/2016\/04\/joist_still_115-768x512.jpg 768w, https:\/\/joist.eu\/ch\/wp-content\/uploads\/2016\/04\/joist_still_115-1024x683.jpg 1024w\" sizes=\"auto, (max-width: 300px) 100vw, 300px\" \/><\/h2>\n<h2 class=\"green\">JOIST &#8211; Ihr Partner<\/h2>\n<p>JOIST versteht sich als Partner des Kunden. Deshalb ist ein vertrauensvoller Umgang mit Ihnen und Ihren pers\u00f6nlichen Daten ein absolutes Muss f\u00fcr uns. Unsere kompetenten Ansprechpartnerinnen<br \/>\nhelfen Ihnen bei allen Fragen zu Zahlungsvorg\u00e4ngen, Rechnungen und Gutschriften.<\/p>\n<p>&nbsp;<br \/>\n&nbsp;<br \/>\n&nbsp;<\/p>\n","protected":false},"excerpt":{"rendered":"<p>JOIST &#8211; Ihr Partner JOIST versteht sich als Partner des Kunden. Deshalb ist ein vertrauensvoller Umgang mit Ihnen und Ihren pers\u00f6nlichen Daten ein absolutes Muss f\u00fcr uns. Unsere kompetenten Ansprechpartnerinnen helfen Ihnen bei allen Fragen zu Zahlungsvorg\u00e4ngen, Rechnungen und Gutschriften. &nbsp; &nbsp; &nbsp;<\/p>\n","protected":false},"author":2,"featured_media":0,"parent":0,"menu_order":0,"comment_status":"closed","ping_status":"closed","template":"","meta":{"_acf_changed":false,"footnotes":""},"class_list":["post-378","page","type-page","status-publish","hentry"],"acf":[],"yoast_head":"<!-- This site is optimized with the Yoast SEO plugin v24.0 - https:\/\/yoast.com\/wordpress\/plugins\/seo\/ -->\n<title>Buchhaltung - Joist Swiss GmbH<\/title>\n<meta name=\"robots\" content=\"index, follow, max-snippet:-1, max-image-preview:large, max-video-preview:-1\" \/>\n<link rel=\"canonical\" href=\"https:\/\/joist.eu\/ch\/buchhaltung\" \/>\n<meta property=\"og:locale\" content=\"de_DE\" \/>\n<meta property=\"og:type\" content=\"article\" \/>\n<meta property=\"og:title\" content=\"Buchhaltung - Joist Swiss GmbH\" \/>\n<meta property=\"og:description\" content=\"JOIST &#8211; Ihr Partner JOIST versteht sich als Partner des Kunden. Deshalb ist ein vertrauensvoller Umgang mit Ihnen und Ihren pers\u00f6nlichen Daten ein absolutes Muss f\u00fcr uns. Unsere kompetenten Ansprechpartnerinnen helfen Ihnen bei allen Fragen zu Zahlungsvorg\u00e4ngen, Rechnungen und Gutschriften. &nbsp; &nbsp; &nbsp;\" \/>\n<meta property=\"og:url\" content=\"https:\/\/joist.eu\/ch\/buchhaltung\" \/>\n<meta property=\"og:site_name\" content=\"Joist Swiss GmbH\" \/>\n<meta property=\"article:modified_time\" content=\"2019-12-06T14:31:42+00:00\" \/>\n<meta property=\"og:image\" content=\"https:\/\/joist.eu\/ch\/wp-content\/uploads\/2016\/04\/joist_still_115-1024x683.jpg\" \/>\n\t<meta property=\"og:image:width\" content=\"1024\" \/>\n\t<meta property=\"og:image:height\" content=\"683\" \/>\n\t<meta property=\"og:image:type\" content=\"image\/jpeg\" \/>\n<meta name=\"twitter:card\" content=\"summary_large_image\" \/>\n<script type=\"application\/ld+json\" class=\"yoast-schema-graph\">{\"@context\":\"https:\/\/schema.org\",\"@graph\":[{\"@type\":\"WebPage\",\"@id\":\"https:\/\/joist.eu\/ch\/buchhaltung\",\"url\":\"https:\/\/joist.eu\/ch\/buchhaltung\",\"name\":\"Buchhaltung - Joist Swiss GmbH\",\"isPartOf\":{\"@id\":\"https:\/\/joist.eu\/ch\/#website\"},\"primaryImageOfPage\":{\"@id\":\"https:\/\/joist.eu\/ch\/buchhaltung#primaryimage\"},\"image\":{\"@id\":\"https:\/\/joist.eu\/ch\/buchhaltung#primaryimage\"},\"thumbnailUrl\":\"http:\/\/joist.eu\/cms\/wp-content\/uploads\/2016\/04\/joist_still_115-300x200.jpg\",\"datePublished\":\"2016-04-04T13:30:51+00:00\",\"dateModified\":\"2019-12-06T14:31:42+00:00\",\"breadcrumb\":{\"@id\":\"https:\/\/joist.eu\/ch\/buchhaltung#breadcrumb\"},\"inLanguage\":\"de\",\"potentialAction\":[{\"@type\":\"ReadAction\",\"target\":[\"https:\/\/joist.eu\/ch\/buchhaltung\"]}]},{\"@type\":\"ImageObject\",\"inLanguage\":\"de\",\"@id\":\"https:\/\/joist.eu\/ch\/buchhaltung#primaryimage\",\"url\":\"http:\/\/joist.eu\/cms\/wp-content\/uploads\/2016\/04\/joist_still_115-300x200.jpg\",\"contentUrl\":\"http:\/\/joist.eu\/cms\/wp-content\/uploads\/2016\/04\/joist_still_115-300x200.jpg\"},{\"@type\":\"BreadcrumbList\",\"@id\":\"https:\/\/joist.eu\/ch\/buchhaltung#breadcrumb\",\"itemListElement\":[{\"@type\":\"ListItem\",\"position\":1,\"name\":\"Home\",\"item\":\"https:\/\/joist.eu\/ch\"},{\"@type\":\"ListItem\",\"position\":2,\"name\":\"Buchhaltung\"}]},{\"@type\":\"WebSite\",\"@id\":\"https:\/\/joist.eu\/ch\/#website\",\"url\":\"https:\/\/joist.eu\/ch\/\",\"name\":\"Joist Swiss GmbH\",\"description\":\"\",\"potentialAction\":[{\"@type\":\"SearchAction\",\"target\":{\"@type\":\"EntryPoint\",\"urlTemplate\":\"https:\/\/joist.eu\/ch\/?s={search_term_string}\"},\"query-input\":{\"@type\":\"PropertyValueSpecification\",\"valueRequired\":true,\"valueName\":\"search_term_string\"}}],\"inLanguage\":\"de\"}]}<\/script>\n<!-- \/ Yoast SEO plugin. -->","yoast_head_json":{"title":"Buchhaltung - Joist Swiss GmbH","robots":{"index":"index","follow":"follow","max-snippet":"max-snippet:-1","max-image-preview":"max-image-preview:large","max-video-preview":"max-video-preview:-1"},"canonical":"https:\/\/joist.eu\/ch\/buchhaltung","og_locale":"de_DE","og_type":"article","og_title":"Buchhaltung - Joist Swiss GmbH","og_description":"JOIST &#8211; Ihr Partner JOIST versteht sich als Partner des Kunden. Deshalb ist ein vertrauensvoller Umgang mit Ihnen und Ihren pers\u00f6nlichen Daten ein absolutes Muss f\u00fcr uns. Unsere kompetenten Ansprechpartnerinnen helfen Ihnen bei allen Fragen zu Zahlungsvorg\u00e4ngen, Rechnungen und Gutschriften. &nbsp; &nbsp; &nbsp;","og_url":"https:\/\/joist.eu\/ch\/buchhaltung","og_site_name":"Joist Swiss GmbH","article_modified_time":"2019-12-06T14:31:42+00:00","og_image":[{"width":1024,"height":683,"url":"https:\/\/joist.eu\/ch\/wp-content\/uploads\/2016\/04\/joist_still_115-1024x683.jpg","type":"image\/jpeg"}],"twitter_card":"summary_large_image","schema":{"@context":"https:\/\/schema.org","@graph":[{"@type":"WebPage","@id":"https:\/\/joist.eu\/ch\/buchhaltung","url":"https:\/\/joist.eu\/ch\/buchhaltung","name":"Buchhaltung - Joist Swiss GmbH","isPartOf":{"@id":"https:\/\/joist.eu\/ch\/#website"},"primaryImageOfPage":{"@id":"https:\/\/joist.eu\/ch\/buchhaltung#primaryimage"},"image":{"@id":"https:\/\/joist.eu\/ch\/buchhaltung#primaryimage"},"thumbnailUrl":"http:\/\/joist.eu\/cms\/wp-content\/uploads\/2016\/04\/joist_still_115-300x200.jpg","datePublished":"2016-04-04T13:30:51+00:00","dateModified":"2019-12-06T14:31:42+00:00","breadcrumb":{"@id":"https:\/\/joist.eu\/ch\/buchhaltung#breadcrumb"},"inLanguage":"de","potentialAction":[{"@type":"ReadAction","target":["https:\/\/joist.eu\/ch\/buchhaltung"]}]},{"@type":"ImageObject","inLanguage":"de","@id":"https:\/\/joist.eu\/ch\/buchhaltung#primaryimage","url":"http:\/\/joist.eu\/cms\/wp-content\/uploads\/2016\/04\/joist_still_115-300x200.jpg","contentUrl":"http:\/\/joist.eu\/cms\/wp-content\/uploads\/2016\/04\/joist_still_115-300x200.jpg"},{"@type":"BreadcrumbList","@id":"https:\/\/joist.eu\/ch\/buchhaltung#breadcrumb","itemListElement":[{"@type":"ListItem","position":1,"name":"Home","item":"https:\/\/joist.eu\/ch"},{"@type":"ListItem","position":2,"name":"Buchhaltung"}]},{"@type":"WebSite","@id":"https:\/\/joist.eu\/ch\/#website","url":"https:\/\/joist.eu\/ch\/","name":"Joist Swiss GmbH","description":"","potentialAction":[{"@type":"SearchAction","target":{"@type":"EntryPoint","urlTemplate":"https:\/\/joist.eu\/ch\/?s={search_term_string}"},"query-input":{"@type":"PropertyValueSpecification","valueRequired":true,"valueName":"search_term_string"}}],"inLanguage":"de"}]}},"_links":{"self":[{"href":"https:\/\/joist.eu\/ch\/wp-json\/wp\/v2\/pages\/378","targetHints":{"allow":["GET"]}}],"collection":[{"href":"https:\/\/joist.eu\/ch\/wp-json\/wp\/v2\/pages"}],"about":[{"href":"https:\/\/joist.eu\/ch\/wp-json\/wp\/v2\/types\/page"}],"author":[{"embeddable":true,"href":"https:\/\/joist.eu\/ch\/wp-json\/wp\/v2\/users\/2"}],"replies":[{"embeddable":true,"href":"https:\/\/joist.eu\/ch\/wp-json\/wp\/v2\/comments?post=378"}],"version-history":[{"count":0,"href":"https:\/\/joist.eu\/ch\/wp-json\/wp\/v2\/pages\/378\/revisions"}],"wp:attachment":[{"href":"https:\/\/joist.eu\/ch\/wp-json\/wp\/v2\/media?parent=378"}],"curies":[{"name":"wp","href":"https:\/\/api.w.org\/{rel}","templated":true}]}}