
{"id":327,"date":"2016-04-04T13:59:52","date_gmt":"2016-04-04T11:59:52","guid":{"rendered":"http:\/\/joist.eu\/?page_id=327"},"modified":"2021-01-28T16:55:25","modified_gmt":"2021-01-28T15:55:25","slug":"service-tipps-technik-infos","status":"publish","type":"page","link":"https:\/\/joist.eu\/ch\/service-tipps-technik-infos","title":{"rendered":"Service-Tipps \/ Technik-Infos"},"content":{"rendered":"<p><!--\n\n\n<h2 class=\"green\"><span data-mce-type=\"bookmark\" style=\"display: inline-block; width: 0px; overflow: hidden; line-height: 0;\" class=\"mce_SELRES_start\"><\/span><span data-mce-type=\"bookmark\" style=\"display: inline-block; width: 0px; overflow: hidden; line-height: 0;\" class=\"mce_SELRES_start\"><\/span><span data-mce-type=\"bookmark\" style=\"display: inline-block; width: 0px; overflow: hidden; line-height: 0;\" class=\"mce_SELRES_start\"><\/span>Sie haben Fragen zu bestimmten Themen oder brauchen Technik Tipps? <img loading=\"lazy\" decoding=\"async\" class=\"size-medium wp-image-476 alignright\" src=\"http:\/\/joist.eu\/cms\/wp-content\/uploads\/2016\/04\/joist_werkstatt_071-300x200.jpg\" alt=\"joist_werkstatt_071\" width=\"300\" height=\"200\" srcset=\"https:\/\/joist.eu\/ch\/wp-content\/uploads\/2016\/04\/joist_werkstatt_071-300x200.jpg 300w, https:\/\/joist.eu\/ch\/wp-content\/uploads\/2016\/04\/joist_werkstatt_071-768x512.jpg 768w, https:\/\/joist.eu\/ch\/wp-content\/uploads\/2016\/04\/joist_werkstatt_071-1024x682.jpg 1024w\" sizes=\"auto, (max-width: 300px) 100vw, 300px\" \/><\/h2>\n\n\nWie entl\u00fcfte ich ein Getriebe? Wie finde ich die richtige Kette f\u00fcr meine Kettens\u00e4ge?<span data-mce-type=\"bookmark\" style=\"display: inline-block; width: 0px; overflow: hidden; line-height: 0;\" class=\"mce_SELRES_start\"><\/span>\n\nDann sind Sie hier\u00a0richtig. Mehr in K\u00fcrze! --><\/p>\n<h2 class=\"green\">Orange Gashebellasche an Husqvarna K970 anbauen<\/h2>\n<p>Eine leichte \u00c4nderung an der Griffform des Husqvarna K970 Motors erschwert die Montage<br \/>\nder orangen Gashebellasche des EZ-Karts.<\/p>\n<p><iframe loading=\"lazy\" src=\"https:\/\/www.youtube.com\/embed\/5scc0Tey7Kk\" width=\"560\" height=\"315\" frameborder=\"0\" allowfullscreen=\"allowfullscreen\"><\/iframe><\/p>\n<h2 class=\"green\">Wissenswertes bei einem Briggs &amp; Stratton Motor:<\/h2>\n<p>Wo finden Sie die Modell Nr. Ihres Motors von Briggs &amp; Stratton.<\/p>\n<p><iframe loading=\"lazy\" src=\"https:\/\/www.youtube.com\/embed\/tAA55bq8yrY\" width=\"560\" height=\"315\" frameborder=\"0\" allowfullscreen=\"allowfullscreen\"><\/iframe><\/p>\n<h2 class=\"green\">Briggs &amp; Stratton:<\/h2>\n<p>Die Platzsparende Innovation von Briggs &amp; Stratton.<\/p>\n<p><iframe loading=\"lazy\" src=\"https:\/\/www.youtube.com\/embed\/wJsMCeoZsW0\" width=\"560\" height=\"315\" frameborder=\"0\" allowfullscreen=\"allowfullscreen\"><\/iframe><\/p>\n<h2 class=\"green\">Motorenpflege: So erreichen Sie die beste Leistung bei einem Briggs &amp; Stratton Motor<\/h2>\n<p>Wie Sie den besten Kundenservice f\u00fcr Ihre Kunden anbieten k\u00f6nnen mit den Originalteilen von Briggs &amp; Stratton.<\/p>\n<p><iframe loading=\"lazy\" src=\"https:\/\/www.youtube.com\/embed\/Nq2y7FepzDE\" width=\"560\" height=\"315\" frameborder=\"0\" allowfullscreen=\"allowfullscreen\"><\/iframe><\/p>\n<h2 class=\"green\">Winterzeit: Zeit f\u00fcr die richtige Wartung der Gartenger\u00e4te.<\/h2>\n<p>Welchen Nutzen die Verwendung von Fuel Fit hat, sehen Sie hier im Video von Briggs &amp; Straton.<\/p>\n<p><iframe loading=\"lazy\" src=\"https:\/\/www.youtube.com\/embed\/Aa34znm57i4\" width=\"560\" height=\"315\" frameborder=\"0\" allowfullscreen=\"allowfullscreen\"><\/iframe><\/p>\n<p>&nbsp;<\/p>\n","protected":false},"excerpt":{"rendered":"<p>Orange Gashebellasche an Husqvarna K970 anbauen Eine leichte \u00c4nderung an der Griffform des Husqvarna K970 Motors erschwert die Montage der orangen Gashebellasche des EZ-Karts. Wissenswertes bei einem Briggs &amp; Stratton Motor: Wo finden Sie die Modell Nr. Ihres Motors von Briggs &amp; Stratton. Briggs &amp; Stratton: Die Platzsparende Innovation von Briggs &amp; Stratton. Motorenpflege: So [&hellip;]<\/p>\n","protected":false},"author":2,"featured_media":0,"parent":0,"menu_order":0,"comment_status":"closed","ping_status":"closed","template":"","meta":{"_acf_changed":false,"footnotes":""},"class_list":["post-327","page","type-page","status-publish","hentry"],"acf":[],"yoast_head":"<!-- This site is optimized with the Yoast SEO plugin v24.0 - https:\/\/yoast.com\/wordpress\/plugins\/seo\/ -->\n<title>Service-Tipps \/ Technik-Infos - Joist Swiss GmbH<\/title>\n<meta name=\"robots\" content=\"index, follow, max-snippet:-1, max-image-preview:large, max-video-preview:-1\" \/>\n<link rel=\"canonical\" href=\"https:\/\/joist.eu\/ch\/service-tipps-technik-infos\" \/>\n<meta property=\"og:locale\" content=\"de_DE\" \/>\n<meta property=\"og:type\" content=\"article\" \/>\n<meta property=\"og:title\" content=\"Service-Tipps \/ Technik-Infos - Joist Swiss GmbH\" \/>\n<meta property=\"og:description\" content=\"Orange Gashebellasche an Husqvarna K970 anbauen Eine leichte \u00c4nderung an der Griffform des Husqvarna K970 Motors erschwert die Montage der orangen Gashebellasche des EZ-Karts. Wissenswertes bei einem Briggs &amp; Stratton Motor: Wo finden Sie die Modell Nr. Ihres Motors von Briggs &amp; Stratton. Briggs &amp; Stratton: Die Platzsparende Innovation von Briggs &amp; Stratton. Motorenpflege: So [&hellip;]\" \/>\n<meta property=\"og:url\" content=\"https:\/\/joist.eu\/ch\/service-tipps-technik-infos\" \/>\n<meta property=\"og:site_name\" content=\"Joist Swiss GmbH\" \/>\n<meta property=\"article:modified_time\" content=\"2021-01-28T15:55:25+00:00\" \/>\n<meta property=\"og:image\" content=\"http:\/\/joist.eu\/cms\/wp-content\/uploads\/2016\/04\/joist_werkstatt_071-300x200.jpg\" \/>\n<meta name=\"twitter:card\" content=\"summary_large_image\" \/>\n<meta name=\"twitter:label1\" content=\"Gesch\u00e4tzte Lesezeit\" \/>\n\t<meta name=\"twitter:data1\" content=\"1\u00a0Minute\" \/>\n<script type=\"application\/ld+json\" class=\"yoast-schema-graph\">{\"@context\":\"https:\/\/schema.org\",\"@graph\":[{\"@type\":\"WebPage\",\"@id\":\"https:\/\/joist.eu\/ch\/service-tipps-technik-infos\",\"url\":\"https:\/\/joist.eu\/ch\/service-tipps-technik-infos\",\"name\":\"Service-Tipps \/ Technik-Infos - Joist Swiss GmbH\",\"isPartOf\":{\"@id\":\"https:\/\/joist.eu\/ch\/#website\"},\"primaryImageOfPage\":{\"@id\":\"https:\/\/joist.eu\/ch\/service-tipps-technik-infos#primaryimage\"},\"image\":{\"@id\":\"https:\/\/joist.eu\/ch\/service-tipps-technik-infos#primaryimage\"},\"thumbnailUrl\":\"http:\/\/joist.eu\/cms\/wp-content\/uploads\/2016\/04\/joist_werkstatt_071-300x200.jpg\",\"datePublished\":\"2016-04-04T11:59:52+00:00\",\"dateModified\":\"2021-01-28T15:55:25+00:00\",\"breadcrumb\":{\"@id\":\"https:\/\/joist.eu\/ch\/service-tipps-technik-infos#breadcrumb\"},\"inLanguage\":\"de\",\"potentialAction\":[{\"@type\":\"ReadAction\",\"target\":[\"https:\/\/joist.eu\/ch\/service-tipps-technik-infos\"]}]},{\"@type\":\"ImageObject\",\"inLanguage\":\"de\",\"@id\":\"https:\/\/joist.eu\/ch\/service-tipps-technik-infos#primaryimage\",\"url\":\"http:\/\/joist.eu\/cms\/wp-content\/uploads\/2016\/04\/joist_werkstatt_071-300x200.jpg\",\"contentUrl\":\"http:\/\/joist.eu\/cms\/wp-content\/uploads\/2016\/04\/joist_werkstatt_071-300x200.jpg\"},{\"@type\":\"BreadcrumbList\",\"@id\":\"https:\/\/joist.eu\/ch\/service-tipps-technik-infos#breadcrumb\",\"itemListElement\":[{\"@type\":\"ListItem\",\"position\":1,\"name\":\"Home\",\"item\":\"https:\/\/joist.eu\/ch\"},{\"@type\":\"ListItem\",\"position\":2,\"name\":\"Service-Tipps \/ Technik-Infos\"}]},{\"@type\":\"WebSite\",\"@id\":\"https:\/\/joist.eu\/ch\/#website\",\"url\":\"https:\/\/joist.eu\/ch\/\",\"name\":\"Joist Swiss GmbH\",\"description\":\"\",\"potentialAction\":[{\"@type\":\"SearchAction\",\"target\":{\"@type\":\"EntryPoint\",\"urlTemplate\":\"https:\/\/joist.eu\/ch\/?s={search_term_string}\"},\"query-input\":{\"@type\":\"PropertyValueSpecification\",\"valueRequired\":true,\"valueName\":\"search_term_string\"}}],\"inLanguage\":\"de\"}]}<\/script>\n<!-- \/ Yoast SEO plugin. -->","yoast_head_json":{"title":"Service-Tipps \/ Technik-Infos - Joist Swiss GmbH","robots":{"index":"index","follow":"follow","max-snippet":"max-snippet:-1","max-image-preview":"max-image-preview:large","max-video-preview":"max-video-preview:-1"},"canonical":"https:\/\/joist.eu\/ch\/service-tipps-technik-infos","og_locale":"de_DE","og_type":"article","og_title":"Service-Tipps \/ Technik-Infos - Joist Swiss GmbH","og_description":"Orange Gashebellasche an Husqvarna K970 anbauen Eine leichte \u00c4nderung an der Griffform des Husqvarna K970 Motors erschwert die Montage der orangen Gashebellasche des EZ-Karts. Wissenswertes bei einem Briggs &amp; Stratton Motor: Wo finden Sie die Modell Nr. Ihres Motors von Briggs &amp; Stratton. Briggs &amp; Stratton: Die Platzsparende Innovation von Briggs &amp; Stratton. Motorenpflege: So [&hellip;]","og_url":"https:\/\/joist.eu\/ch\/service-tipps-technik-infos","og_site_name":"Joist Swiss GmbH","article_modified_time":"2021-01-28T15:55:25+00:00","og_image":[{"url":"http:\/\/joist.eu\/cms\/wp-content\/uploads\/2016\/04\/joist_werkstatt_071-300x200.jpg","type":"","width":"","height":""}],"twitter_card":"summary_large_image","twitter_misc":{"Gesch\u00e4tzte Lesezeit":"1\u00a0Minute"},"schema":{"@context":"https:\/\/schema.org","@graph":[{"@type":"WebPage","@id":"https:\/\/joist.eu\/ch\/service-tipps-technik-infos","url":"https:\/\/joist.eu\/ch\/service-tipps-technik-infos","name":"Service-Tipps \/ Technik-Infos - Joist Swiss GmbH","isPartOf":{"@id":"https:\/\/joist.eu\/ch\/#website"},"primaryImageOfPage":{"@id":"https:\/\/joist.eu\/ch\/service-tipps-technik-infos#primaryimage"},"image":{"@id":"https:\/\/joist.eu\/ch\/service-tipps-technik-infos#primaryimage"},"thumbnailUrl":"http:\/\/joist.eu\/cms\/wp-content\/uploads\/2016\/04\/joist_werkstatt_071-300x200.jpg","datePublished":"2016-04-04T11:59:52+00:00","dateModified":"2021-01-28T15:55:25+00:00","breadcrumb":{"@id":"https:\/\/joist.eu\/ch\/service-tipps-technik-infos#breadcrumb"},"inLanguage":"de","potentialAction":[{"@type":"ReadAction","target":["https:\/\/joist.eu\/ch\/service-tipps-technik-infos"]}]},{"@type":"ImageObject","inLanguage":"de","@id":"https:\/\/joist.eu\/ch\/service-tipps-technik-infos#primaryimage","url":"http:\/\/joist.eu\/cms\/wp-content\/uploads\/2016\/04\/joist_werkstatt_071-300x200.jpg","contentUrl":"http:\/\/joist.eu\/cms\/wp-content\/uploads\/2016\/04\/joist_werkstatt_071-300x200.jpg"},{"@type":"BreadcrumbList","@id":"https:\/\/joist.eu\/ch\/service-tipps-technik-infos#breadcrumb","itemListElement":[{"@type":"ListItem","position":1,"name":"Home","item":"https:\/\/joist.eu\/ch"},{"@type":"ListItem","position":2,"name":"Service-Tipps \/ Technik-Infos"}]},{"@type":"WebSite","@id":"https:\/\/joist.eu\/ch\/#website","url":"https:\/\/joist.eu\/ch\/","name":"Joist Swiss GmbH","description":"","potentialAction":[{"@type":"SearchAction","target":{"@type":"EntryPoint","urlTemplate":"https:\/\/joist.eu\/ch\/?s={search_term_string}"},"query-input":{"@type":"PropertyValueSpecification","valueRequired":true,"valueName":"search_term_string"}}],"inLanguage":"de"}]}},"_links":{"self":[{"href":"https:\/\/joist.eu\/ch\/wp-json\/wp\/v2\/pages\/327","targetHints":{"allow":["GET"]}}],"collection":[{"href":"https:\/\/joist.eu\/ch\/wp-json\/wp\/v2\/pages"}],"about":[{"href":"https:\/\/joist.eu\/ch\/wp-json\/wp\/v2\/types\/page"}],"author":[{"embeddable":true,"href":"https:\/\/joist.eu\/ch\/wp-json\/wp\/v2\/users\/2"}],"replies":[{"embeddable":true,"href":"https:\/\/joist.eu\/ch\/wp-json\/wp\/v2\/comments?post=327"}],"version-history":[{"count":0,"href":"https:\/\/joist.eu\/ch\/wp-json\/wp\/v2\/pages\/327\/revisions"}],"wp:attachment":[{"href":"https:\/\/joist.eu\/ch\/wp-json\/wp\/v2\/media?parent=327"}],"curies":[{"name":"wp","href":"https:\/\/api.w.org\/{rel}","templated":true}]}}