
{"id":3245,"date":"2020-01-31T16:52:38","date_gmt":"2020-01-31T15:52:38","guid":{"rendered":"http:\/\/joist.eu\/ch?page_id=3245"},"modified":"2025-11-26T14:35:24","modified_gmt":"2025-11-26T13:35:24","slug":"aktuelles","status":"publish","type":"page","link":"https:\/\/joist.eu\/ch\/aktuelles","title":{"rendered":"Aktuelles\/Termine"},"content":{"rendered":"<h2><strong>Termine 2025\/2026<\/strong><\/h2>\n<hr \/>\n<p>\u200b<\/p>\n<table style=\"height: auto; width: 600px;\">\n<tbody>\n<tr>\n<td style=\"width: 2.28238%; text-align: right; vertical-align: middle;\"><\/td>\n<td style=\"width: 51.0786%; height: 175px; text-align: right; vertical-align: middle;\">26.02.-01.03.2026 <strong>Agrimesse\u00a0<\/strong> Thun<br \/>\nSchweizerische Messe f\u00fcr<br \/>\nLandwirtschaft, Wald &amp; Forstz<\/td>\n<td style=\"width: 6.93763%;\"><\/td>\n<td style=\"width: 43.8103%; text-align: left; vertical-align: middle;\"><a href=\"https:\/\/www.agrimesse.ch\/\" target=\"_blank\" rel=\"noopener noreferrer\"><img loading=\"lazy\" decoding=\"async\" class=\"wp-image-3517 alignnone\" src=\"https:\/\/joist.eu\/cms\/wp-content\/uploads\/2019\/12\/agri-messe-thun.png\" alt=\"\" width=\"283\" height=\"100\" \/><\/a><\/td>\n<\/tr>\n<tr>\n<td style=\"width: 2.28238%; text-align: right; vertical-align: middle;\"><\/td>\n<td style=\"width: 51.0786%; height: 175px; text-align: right; vertical-align: middle;\">04.03.-08.03.2026 <strong>Internationale Handwerksmesse <\/strong>M\u00fcnchen<br \/>\nMesse f\u00fcr Bauen,Sanieren<br \/>\n&amp; Modernisieren<\/td>\n<td style=\"width: 6.93763%;\"><\/td>\n<td style=\"width: 43.8103%; text-align: left; vertical-align: middle;\"><a href=\"https:\/\/www.ihm.de\/\" target=\"_blank\" rel=\"noopener noreferrer\"><img loading=\"lazy\" decoding=\"async\" class=\"alignnone wp-image-3517\" src=\"https:\/\/joist.eu\/cms\/wp-content\/uploads\/2019\/12\/IHM-Muenchen.png\" alt=\"\" width=\"124\" height=\"151\" \/><\/a><\/td>\n<\/tr>\n<tr>\n<td style=\"width: 2.28238%; text-align: right; vertical-align: middle;\"><\/td>\n<td style=\"width: 51.0786%; height: 175px; text-align: right; vertical-align: middle;\">26.03.-29.03.2026 <strong>Forst3\u00a0<\/strong> Erfurt<br \/>\nMesse f\u00fcr Wald, Forst &amp; Holz<\/td>\n<td style=\"width: 6.93763%;\"><\/td>\n<td style=\"width: 43.8103%; text-align: left; vertical-align: middle;\"><a href=\"https:\/\/www.messe-erfurt.de\/besucher\/veranstaltungskalender\/veranstaltung\/forst%C2%B3-662\/#:~:text=Reiten%2DJagen%2DFischen%20%E2%80%93%20Messe,in%20die%20Erfurter%20Messehallen%20ein.\" target=\"_blank\" rel=\"noopener noreferrer\"><img loading=\"lazy\" decoding=\"async\" class=\"wp-image-3517 alignnone\" src=\"https:\/\/joist.eu\/cms\/wp-content\/uploads\/2024\/04\/Forst3_Termine.png\" alt=\"\" width=\"283\" height=\"100\" \/><\/a><\/td>\n<\/tr>\n<tr>\n<td style=\"width: 2.28238%; text-align: right; vertical-align: middle;\"><\/td>\n<td style=\"width: 51.0786%; height: 175px; text-align: right; vertical-align: middle;\">27.03.-29.03.2026 <strong>Forst live<\/strong> Offenburg<br \/>\nDemoshow f\u00fcr Forsttechnik, Erneuerbare Energien und Outdoor<\/td>\n<td style=\"width: 6.93763%;\"><\/td>\n<td style=\"width: 43.8103%; text-align: left; vertical-align: middle;\"><a href=\"https:\/\/www.forst-live.de\/\" target=\"_blank\" rel=\"noopener noreferrer\"><img loading=\"lazy\" decoding=\"async\" class=\"alignnone size-full wp-image-4243\" src=\"https:\/\/joist.eu\/cms\/wp-content\/uploads\/2019\/12\/Forst-Live.png\" alt=\"\" width=\"251\" height=\"100\" \/><\/a><\/td>\n<\/tr>\n<tr>\n<td style=\"width: 2.28238%; text-align: right; vertical-align: middle;\"><\/td>\n<td style=\"width: 51.0786%; height: 175px; text-align: right; vertical-align: middle;\">20.04-24.04.2026 <strong>Hannover Messe<\/strong> Hannover<br \/>\nHome of\u00a0 Industrial Pioneers<\/td>\n<td style=\"width: 6.93763%;\"><\/td>\n<td style=\"width: 43.8103%; text-align: left; vertical-align: middle;\"><a href=\"https:\/\/www.hannovermesse.de\/\" target=\"_blank\" rel=\"noopener noreferrer\"><img loading=\"lazy\" decoding=\"async\" class=\" wp-image-4255 alignnone\" src=\"https:\/\/joist.eu\/cms\/wp-content\/uploads\/2019\/12\/Hannover-Messe.png\" alt=\"\" width=\"129\" height=\"129\" \/><\/a><\/td>\n<\/tr>\n<tr>\n<td style=\"width: 2.28238%; text-align: right; vertical-align: middle;\"><\/td>\n<td style=\"width: 51.0786%; height: 175px; text-align: right; vertical-align: middle;\">15.09.-18.09.2026 <b>GaLaBau <\/b>N\u00fcrnberg<br \/>\nInternationale Leitmesse f\u00fcr<br \/>\nUrbanes Gr\u00fcn und Freir\u00e4ume<\/td>\n<td style=\"width: 6.93763%;\"><\/td>\n<td style=\"width: 43.8103%; text-align: left; vertical-align: middle;\"><a href=\"https:\/\/www.galabau-messe.com\/de-DE\" target=\"_blank\" rel=\"noopener noreferrer\"><img loading=\"lazy\" decoding=\"async\" class=\"alignnone wp-image-4255\" src=\"https:\/\/joist.eu\/cms\/wp-content\/uploads\/2019\/07\/WpGalaBau2020-1-e1662987710428.png\" alt=\"\" width=\"313\" height=\"119\" \/><\/a><\/td>\n<\/tr>\n<tr>\n<td style=\"width: 2.28238%; text-align: right; vertical-align: middle;\"><\/td>\n<td style=\"width: 51.0786%; height: 175px; text-align: right; vertical-align: middle;\">10.11.-14.11.2026 <strong>Eima Bologna<\/strong> (Italien)<br \/>\nInternationale Ausstellung<br \/>\nvon Maschinen f\u00fcr<br \/>\nLandwirtshaft und Gartenbau<\/td>\n<td style=\"width: 6.93763%;\"><\/td>\n<td style=\"width: 43.8103%; height: 150px; text-align: left; vertical-align: middle;\"><a href=\"https:\/\/www.eima.it\/it\/index.php\"><img loading=\"lazy\" decoding=\"async\" class=\"alignnone\" src=\"https:\/\/joist.eu\/cms\/wp-content\/uploads\/2019\/07\/eima-e1673270857362.png\" alt=\"\" width=\"221\" height=\"114\" \/><\/a><\/td>\n<\/tr>\n<tr>\n<td style=\"width: 2.28238%; text-align: right; vertical-align: middle;\"><\/td>\n<td style=\"width: 51.0786%; height: 175px; text-align: right; vertical-align: middle;\">14.11.-20.11.2027 <strong>Agritechnica<\/strong> Hannover<br \/>\nWeltmesse f\u00fcr Landtechnik<\/td>\n<td style=\"width: 6.93763%;\"><\/td>\n<td style=\"width: 43.8103%; text-align: left; vertical-align: middle;\"><a href=\"https:\/\/www.agritechnica.com\/de\/\" target=\"_blank\" rel=\"noopener noreferrer\"><img loading=\"lazy\" decoding=\"async\" class=\"wp-image-3517 alignnone\" src=\"https:\/\/joist.eu\/cms\/wp-content\/uploads\/2019\/07\/AgriTechnika.png\" alt=\"\" width=\"283\" height=\"100\" \/><\/a><\/td>\n<\/tr>\n<\/tbody>\n<\/table>\n<p>&nbsp;<\/p>\n<p>&nbsp;<\/p>\n","protected":false},"excerpt":{"rendered":"<p>Termine 2025\/2026 \u200b 26.02.-01.03.2026 Agrimesse\u00a0 Thun Schweizerische Messe f\u00fcr Landwirtschaft, Wald &amp; Forstz 04.03.-08.03.2026 Internationale Handwerksmesse M\u00fcnchen Messe f\u00fcr Bauen,Sanieren &amp; Modernisieren 26.03.-29.03.2026 Forst3\u00a0 Erfurt Messe f\u00fcr Wald, Forst &amp; Holz 27.03.-29.03.2026 Forst live Offenburg Demoshow f\u00fcr Forsttechnik, Erneuerbare Energien und Outdoor 20.04-24.04.2026 Hannover Messe Hannover Home of\u00a0 Industrial Pioneers 15.09.-18.09.2026 GaLaBau N\u00fcrnberg Internationale Leitmesse [&hellip;]<\/p>\n","protected":false},"author":10,"featured_media":0,"parent":0,"menu_order":0,"comment_status":"closed","ping_status":"closed","template":"","meta":{"_acf_changed":false,"footnotes":""},"class_list":["post-3245","page","type-page","status-publish","hentry"],"acf":[],"yoast_head":"<!-- This site is optimized with the Yoast SEO plugin v24.0 - https:\/\/yoast.com\/wordpress\/plugins\/seo\/ -->\n<title>Aktuelles\/Termine - Joist Swiss GmbH<\/title>\n<meta name=\"robots\" content=\"index, follow, max-snippet:-1, max-image-preview:large, max-video-preview:-1\" \/>\n<link rel=\"canonical\" href=\"https:\/\/joist.eu\/ch\/aktuelles\" \/>\n<meta property=\"og:locale\" content=\"de_DE\" \/>\n<meta property=\"og:type\" content=\"article\" \/>\n<meta property=\"og:title\" content=\"Aktuelles\/Termine - Joist Swiss GmbH\" \/>\n<meta property=\"og:description\" content=\"Termine 2025\/2026 \u200b 26.02.-01.03.2026 Agrimesse\u00a0 Thun Schweizerische Messe f\u00fcr Landwirtschaft, Wald &amp; Forstz 04.03.-08.03.2026 Internationale Handwerksmesse M\u00fcnchen Messe f\u00fcr Bauen,Sanieren &amp; Modernisieren 26.03.-29.03.2026 Forst3\u00a0 Erfurt Messe f\u00fcr Wald, Forst &amp; Holz 27.03.-29.03.2026 Forst live Offenburg Demoshow f\u00fcr Forsttechnik, Erneuerbare Energien und Outdoor 20.04-24.04.2026 Hannover Messe Hannover Home of\u00a0 Industrial Pioneers 15.09.-18.09.2026 GaLaBau N\u00fcrnberg Internationale Leitmesse [&hellip;]\" \/>\n<meta property=\"og:url\" content=\"https:\/\/joist.eu\/ch\/aktuelles\" \/>\n<meta property=\"og:site_name\" content=\"Joist Swiss GmbH\" \/>\n<meta property=\"article:modified_time\" content=\"2025-11-26T13:35:24+00:00\" \/>\n<meta name=\"twitter:card\" content=\"summary_large_image\" \/>\n<meta name=\"twitter:label1\" content=\"Gesch\u00e4tzte Lesezeit\" \/>\n\t<meta name=\"twitter:data1\" content=\"3\u00a0Minuten\" \/>\n<script type=\"application\/ld+json\" class=\"yoast-schema-graph\">{\"@context\":\"https:\/\/schema.org\",\"@graph\":[{\"@type\":\"WebPage\",\"@id\":\"https:\/\/joist.eu\/ch\/aktuelles\",\"url\":\"https:\/\/joist.eu\/ch\/aktuelles\",\"name\":\"Aktuelles\/Termine - Joist Swiss GmbH\",\"isPartOf\":{\"@id\":\"https:\/\/joist.eu\/ch\/#website\"},\"primaryImageOfPage\":{\"@id\":\"https:\/\/joist.eu\/ch\/aktuelles#primaryimage\"},\"image\":{\"@id\":\"https:\/\/joist.eu\/ch\/aktuelles#primaryimage\"},\"thumbnailUrl\":\"https:\/\/joist.eu\/cms\/wp-content\/uploads\/2019\/12\/agri-messe-thun.png\",\"datePublished\":\"2020-01-31T15:52:38+00:00\",\"dateModified\":\"2025-11-26T13:35:24+00:00\",\"breadcrumb\":{\"@id\":\"https:\/\/joist.eu\/ch\/aktuelles#breadcrumb\"},\"inLanguage\":\"de\",\"potentialAction\":[{\"@type\":\"ReadAction\",\"target\":[\"https:\/\/joist.eu\/ch\/aktuelles\"]}]},{\"@type\":\"ImageObject\",\"inLanguage\":\"de\",\"@id\":\"https:\/\/joist.eu\/ch\/aktuelles#primaryimage\",\"url\":\"https:\/\/joist.eu\/cms\/wp-content\/uploads\/2019\/12\/agri-messe-thun.png\",\"contentUrl\":\"https:\/\/joist.eu\/cms\/wp-content\/uploads\/2019\/12\/agri-messe-thun.png\"},{\"@type\":\"BreadcrumbList\",\"@id\":\"https:\/\/joist.eu\/ch\/aktuelles#breadcrumb\",\"itemListElement\":[{\"@type\":\"ListItem\",\"position\":1,\"name\":\"Home\",\"item\":\"https:\/\/joist.eu\/ch\"},{\"@type\":\"ListItem\",\"position\":2,\"name\":\"Aktuelles\/Termine\"}]},{\"@type\":\"WebSite\",\"@id\":\"https:\/\/joist.eu\/ch\/#website\",\"url\":\"https:\/\/joist.eu\/ch\/\",\"name\":\"Joist Swiss GmbH\",\"description\":\"\",\"potentialAction\":[{\"@type\":\"SearchAction\",\"target\":{\"@type\":\"EntryPoint\",\"urlTemplate\":\"https:\/\/joist.eu\/ch\/?s={search_term_string}\"},\"query-input\":{\"@type\":\"PropertyValueSpecification\",\"valueRequired\":true,\"valueName\":\"search_term_string\"}}],\"inLanguage\":\"de\"}]}<\/script>\n<!-- \/ Yoast SEO plugin. -->","yoast_head_json":{"title":"Aktuelles\/Termine - Joist Swiss GmbH","robots":{"index":"index","follow":"follow","max-snippet":"max-snippet:-1","max-image-preview":"max-image-preview:large","max-video-preview":"max-video-preview:-1"},"canonical":"https:\/\/joist.eu\/ch\/aktuelles","og_locale":"de_DE","og_type":"article","og_title":"Aktuelles\/Termine - Joist Swiss GmbH","og_description":"Termine 2025\/2026 \u200b 26.02.-01.03.2026 Agrimesse\u00a0 Thun Schweizerische Messe f\u00fcr Landwirtschaft, Wald &amp; Forstz 04.03.-08.03.2026 Internationale Handwerksmesse M\u00fcnchen Messe f\u00fcr Bauen,Sanieren &amp; Modernisieren 26.03.-29.03.2026 Forst3\u00a0 Erfurt Messe f\u00fcr Wald, Forst &amp; Holz 27.03.-29.03.2026 Forst live Offenburg Demoshow f\u00fcr Forsttechnik, Erneuerbare Energien und Outdoor 20.04-24.04.2026 Hannover Messe Hannover Home of\u00a0 Industrial Pioneers 15.09.-18.09.2026 GaLaBau N\u00fcrnberg Internationale Leitmesse [&hellip;]","og_url":"https:\/\/joist.eu\/ch\/aktuelles","og_site_name":"Joist Swiss GmbH","article_modified_time":"2025-11-26T13:35:24+00:00","twitter_card":"summary_large_image","twitter_misc":{"Gesch\u00e4tzte Lesezeit":"3\u00a0Minuten"},"schema":{"@context":"https:\/\/schema.org","@graph":[{"@type":"WebPage","@id":"https:\/\/joist.eu\/ch\/aktuelles","url":"https:\/\/joist.eu\/ch\/aktuelles","name":"Aktuelles\/Termine - Joist Swiss GmbH","isPartOf":{"@id":"https:\/\/joist.eu\/ch\/#website"},"primaryImageOfPage":{"@id":"https:\/\/joist.eu\/ch\/aktuelles#primaryimage"},"image":{"@id":"https:\/\/joist.eu\/ch\/aktuelles#primaryimage"},"thumbnailUrl":"https:\/\/joist.eu\/cms\/wp-content\/uploads\/2019\/12\/agri-messe-thun.png","datePublished":"2020-01-31T15:52:38+00:00","dateModified":"2025-11-26T13:35:24+00:00","breadcrumb":{"@id":"https:\/\/joist.eu\/ch\/aktuelles#breadcrumb"},"inLanguage":"de","potentialAction":[{"@type":"ReadAction","target":["https:\/\/joist.eu\/ch\/aktuelles"]}]},{"@type":"ImageObject","inLanguage":"de","@id":"https:\/\/joist.eu\/ch\/aktuelles#primaryimage","url":"https:\/\/joist.eu\/cms\/wp-content\/uploads\/2019\/12\/agri-messe-thun.png","contentUrl":"https:\/\/joist.eu\/cms\/wp-content\/uploads\/2019\/12\/agri-messe-thun.png"},{"@type":"BreadcrumbList","@id":"https:\/\/joist.eu\/ch\/aktuelles#breadcrumb","itemListElement":[{"@type":"ListItem","position":1,"name":"Home","item":"https:\/\/joist.eu\/ch"},{"@type":"ListItem","position":2,"name":"Aktuelles\/Termine"}]},{"@type":"WebSite","@id":"https:\/\/joist.eu\/ch\/#website","url":"https:\/\/joist.eu\/ch\/","name":"Joist Swiss GmbH","description":"","potentialAction":[{"@type":"SearchAction","target":{"@type":"EntryPoint","urlTemplate":"https:\/\/joist.eu\/ch\/?s={search_term_string}"},"query-input":{"@type":"PropertyValueSpecification","valueRequired":true,"valueName":"search_term_string"}}],"inLanguage":"de"}]}},"_links":{"self":[{"href":"https:\/\/joist.eu\/ch\/wp-json\/wp\/v2\/pages\/3245","targetHints":{"allow":["GET"]}}],"collection":[{"href":"https:\/\/joist.eu\/ch\/wp-json\/wp\/v2\/pages"}],"about":[{"href":"https:\/\/joist.eu\/ch\/wp-json\/wp\/v2\/types\/page"}],"author":[{"embeddable":true,"href":"https:\/\/joist.eu\/ch\/wp-json\/wp\/v2\/users\/10"}],"replies":[{"embeddable":true,"href":"https:\/\/joist.eu\/ch\/wp-json\/wp\/v2\/comments?post=3245"}],"version-history":[{"count":0,"href":"https:\/\/joist.eu\/ch\/wp-json\/wp\/v2\/pages\/3245\/revisions"}],"wp:attachment":[{"href":"https:\/\/joist.eu\/ch\/wp-json\/wp\/v2\/media?parent=3245"}],"curies":[{"name":"wp","href":"https:\/\/api.w.org\/{rel}","templated":true}]}}