
{"id":316,"date":"2016-04-04T13:10:39","date_gmt":"2016-04-04T11:10:39","guid":{"rendered":"http:\/\/joist.eu\/?page_id=316"},"modified":"2024-12-18T14:07:43","modified_gmt":"2024-12-18T13:07:43","slug":"joist-service-auf-einen-blick","status":"publish","type":"page","link":"https:\/\/joist.eu\/ch\/joist-service-auf-einen-blick","title":{"rendered":"JOIST-Service auf einen Blick"},"content":{"rendered":"<h2 class=\"green\">Immer f\u00fcr Sie da!<img loading=\"lazy\" decoding=\"async\" class=\"alignleft size-medium wp-image-486\" src=\"http:\/\/joist.eu\/cms\/wp-content\/uploads\/2016\/04\/joist_lager_046-300x200.jpg\" alt=\"joist_lager_046\" width=\"300\" height=\"200\" srcset=\"https:\/\/joist.eu\/ch\/wp-content\/uploads\/2016\/04\/joist_lager_046-300x200.jpg 300w, https:\/\/joist.eu\/ch\/wp-content\/uploads\/2016\/04\/joist_lager_046-768x512.jpg 768w, https:\/\/joist.eu\/ch\/wp-content\/uploads\/2016\/04\/joist_lager_046-1024x682.jpg 1024w\" sizes=\"auto, (max-width: 300px) 100vw, 300px\" \/><\/h2>\n<p>Pers\u00f6nlich erreichen Sie uns montags bis freitags<br \/>\ndurchg\u00e4ngig von 8:00 Uhr bis 17:30 Uhr.<\/p>\n<p>Telefonnummer: <strong>+41 (0) 61 &#8211; 601 55 44<\/strong><br \/>\nFaxnummer: <strong>+41 (0) 61 &#8211; 601 55 45<\/strong><\/p>\n<p>E-Mail: <strong>info@joist.ch<\/strong><\/p>\n<p>&nbsp;<\/p>\n<h2 class=\"green\">Wirtschaftlich Effizient<\/h2>\n<p>Logistisch optimiert &#8211; die effektivsten Versandarten, die JOIST zu bieten hat!<br \/>\nWir wollen Ihnen den besten JOIST-SERVICE aller Zeiten bieten.<br \/>\nDas ist der Grund, weshalb wir unsere Versandarten st\u00e4ndig optimieren und die<br \/>\nVersandkosten immer im Blick halten.<\/p>\n<h2 class=\"green\">1,8 Millionen Originalersatzteile und Motoren<\/h2>\n<p>Wir haben \u00fcber 1,8 millionen Artikel von \u00fcber 60 namhaften Herstellern im<br \/>\nSortiment und st\u00e4ndig ca. 90.000 Originalersatzteile und Motoren auf Lager.<\/p>\n<p><strong>Wir liefern<\/strong><br \/>\n\u2022 gegen Rechnung,<br \/>\n\u2022 per Firmenlastschriftverfahren,<br \/>\n\u2022 per Nachnahme,<br \/>\n\u2022 per Vorauszahlung.<\/p>\n<h2 class=\"green\">Keine Teilenummer?<\/h2>\n<p>Kein Problem! Das kompetente und freundliche JOIST-Team hilft Ihnen gerne weiter.<\/p>\n","protected":false},"excerpt":{"rendered":"<p>Immer f\u00fcr Sie da! Pers\u00f6nlich erreichen Sie uns montags bis freitags durchg\u00e4ngig von 8:00 Uhr bis 17:30 Uhr. Telefonnummer: +41 (0) 61 &#8211; 601 55 44 Faxnummer: +41 (0) 61 &#8211; 601 55 45 E-Mail: info@joist.ch &nbsp; Wirtschaftlich Effizient Logistisch optimiert &#8211; die effektivsten Versandarten, die JOIST zu bieten hat! Wir wollen Ihnen den besten [&hellip;]<\/p>\n","protected":false},"author":2,"featured_media":0,"parent":0,"menu_order":0,"comment_status":"closed","ping_status":"closed","template":"","meta":{"_acf_changed":false,"footnotes":""},"class_list":["post-316","page","type-page","status-publish","hentry"],"acf":[],"yoast_head":"<!-- This site is optimized with the Yoast SEO plugin v24.0 - https:\/\/yoast.com\/wordpress\/plugins\/seo\/ -->\n<title>JOIST-Service auf einen Blick - Joist Swiss GmbH<\/title>\n<meta name=\"robots\" content=\"index, follow, max-snippet:-1, max-image-preview:large, max-video-preview:-1\" \/>\n<link rel=\"canonical\" href=\"https:\/\/joist.eu\/ch\/joist-service-auf-einen-blick\" \/>\n<meta property=\"og:locale\" content=\"de_DE\" \/>\n<meta property=\"og:type\" content=\"article\" \/>\n<meta property=\"og:title\" content=\"JOIST-Service auf einen Blick - Joist Swiss GmbH\" \/>\n<meta property=\"og:description\" content=\"Immer f\u00fcr Sie da! Pers\u00f6nlich erreichen Sie uns montags bis freitags durchg\u00e4ngig von 8:00 Uhr bis 17:30 Uhr. Telefonnummer: +41 (0) 61 &#8211; 601 55 44 Faxnummer: +41 (0) 61 &#8211; 601 55 45 E-Mail: info@joist.ch &nbsp; Wirtschaftlich Effizient Logistisch optimiert &#8211; die effektivsten Versandarten, die JOIST zu bieten hat! Wir wollen Ihnen den besten [&hellip;]\" \/>\n<meta property=\"og:url\" content=\"https:\/\/joist.eu\/ch\/joist-service-auf-einen-blick\" \/>\n<meta property=\"og:site_name\" content=\"Joist Swiss GmbH\" \/>\n<meta property=\"article:modified_time\" content=\"2024-12-18T13:07:43+00:00\" \/>\n<meta property=\"og:image\" content=\"https:\/\/joist.eu\/ch\/wp-content\/uploads\/2016\/04\/joist_lager_046.jpg\" \/>\n\t<meta property=\"og:image:width\" content=\"3370\" \/>\n\t<meta property=\"og:image:height\" content=\"2246\" \/>\n\t<meta property=\"og:image:type\" content=\"image\/jpeg\" \/>\n<meta name=\"twitter:card\" content=\"summary_large_image\" \/>\n<meta name=\"twitter:label1\" content=\"Gesch\u00e4tzte Lesezeit\" \/>\n\t<meta name=\"twitter:data1\" content=\"1\u00a0Minute\" \/>\n<script type=\"application\/ld+json\" class=\"yoast-schema-graph\">{\"@context\":\"https:\/\/schema.org\",\"@graph\":[{\"@type\":\"WebPage\",\"@id\":\"https:\/\/joist.eu\/ch\/joist-service-auf-einen-blick\",\"url\":\"https:\/\/joist.eu\/ch\/joist-service-auf-einen-blick\",\"name\":\"JOIST-Service auf einen Blick - Joist Swiss GmbH\",\"isPartOf\":{\"@id\":\"https:\/\/joist.eu\/ch\/#website\"},\"primaryImageOfPage\":{\"@id\":\"https:\/\/joist.eu\/ch\/joist-service-auf-einen-blick#primaryimage\"},\"image\":{\"@id\":\"https:\/\/joist.eu\/ch\/joist-service-auf-einen-blick#primaryimage\"},\"thumbnailUrl\":\"http:\/\/joist.eu\/cms\/wp-content\/uploads\/2016\/04\/joist_lager_046-300x200.jpg\",\"datePublished\":\"2016-04-04T11:10:39+00:00\",\"dateModified\":\"2024-12-18T13:07:43+00:00\",\"breadcrumb\":{\"@id\":\"https:\/\/joist.eu\/ch\/joist-service-auf-einen-blick#breadcrumb\"},\"inLanguage\":\"de\",\"potentialAction\":[{\"@type\":\"ReadAction\",\"target\":[\"https:\/\/joist.eu\/ch\/joist-service-auf-einen-blick\"]}]},{\"@type\":\"ImageObject\",\"inLanguage\":\"de\",\"@id\":\"https:\/\/joist.eu\/ch\/joist-service-auf-einen-blick#primaryimage\",\"url\":\"http:\/\/joist.eu\/cms\/wp-content\/uploads\/2016\/04\/joist_lager_046-300x200.jpg\",\"contentUrl\":\"http:\/\/joist.eu\/cms\/wp-content\/uploads\/2016\/04\/joist_lager_046-300x200.jpg\"},{\"@type\":\"BreadcrumbList\",\"@id\":\"https:\/\/joist.eu\/ch\/joist-service-auf-einen-blick#breadcrumb\",\"itemListElement\":[{\"@type\":\"ListItem\",\"position\":1,\"name\":\"Home\",\"item\":\"https:\/\/joist.eu\/ch\"},{\"@type\":\"ListItem\",\"position\":2,\"name\":\"JOIST-Service auf einen Blick\"}]},{\"@type\":\"WebSite\",\"@id\":\"https:\/\/joist.eu\/ch\/#website\",\"url\":\"https:\/\/joist.eu\/ch\/\",\"name\":\"Joist Swiss GmbH\",\"description\":\"\",\"potentialAction\":[{\"@type\":\"SearchAction\",\"target\":{\"@type\":\"EntryPoint\",\"urlTemplate\":\"https:\/\/joist.eu\/ch\/?s={search_term_string}\"},\"query-input\":{\"@type\":\"PropertyValueSpecification\",\"valueRequired\":true,\"valueName\":\"search_term_string\"}}],\"inLanguage\":\"de\"}]}<\/script>\n<!-- \/ Yoast SEO plugin. -->","yoast_head_json":{"title":"JOIST-Service auf einen Blick - Joist Swiss GmbH","robots":{"index":"index","follow":"follow","max-snippet":"max-snippet:-1","max-image-preview":"max-image-preview:large","max-video-preview":"max-video-preview:-1"},"canonical":"https:\/\/joist.eu\/ch\/joist-service-auf-einen-blick","og_locale":"de_DE","og_type":"article","og_title":"JOIST-Service auf einen Blick - Joist Swiss GmbH","og_description":"Immer f\u00fcr Sie da! Pers\u00f6nlich erreichen Sie uns montags bis freitags durchg\u00e4ngig von 8:00 Uhr bis 17:30 Uhr. Telefonnummer: +41 (0) 61 &#8211; 601 55 44 Faxnummer: +41 (0) 61 &#8211; 601 55 45 E-Mail: info@joist.ch &nbsp; Wirtschaftlich Effizient Logistisch optimiert &#8211; die effektivsten Versandarten, die JOIST zu bieten hat! Wir wollen Ihnen den besten [&hellip;]","og_url":"https:\/\/joist.eu\/ch\/joist-service-auf-einen-blick","og_site_name":"Joist Swiss GmbH","article_modified_time":"2024-12-18T13:07:43+00:00","og_image":[{"width":3370,"height":2246,"url":"https:\/\/joist.eu\/ch\/wp-content\/uploads\/2016\/04\/joist_lager_046.jpg","type":"image\/jpeg"}],"twitter_card":"summary_large_image","twitter_misc":{"Gesch\u00e4tzte Lesezeit":"1\u00a0Minute"},"schema":{"@context":"https:\/\/schema.org","@graph":[{"@type":"WebPage","@id":"https:\/\/joist.eu\/ch\/joist-service-auf-einen-blick","url":"https:\/\/joist.eu\/ch\/joist-service-auf-einen-blick","name":"JOIST-Service auf einen Blick - Joist Swiss GmbH","isPartOf":{"@id":"https:\/\/joist.eu\/ch\/#website"},"primaryImageOfPage":{"@id":"https:\/\/joist.eu\/ch\/joist-service-auf-einen-blick#primaryimage"},"image":{"@id":"https:\/\/joist.eu\/ch\/joist-service-auf-einen-blick#primaryimage"},"thumbnailUrl":"http:\/\/joist.eu\/cms\/wp-content\/uploads\/2016\/04\/joist_lager_046-300x200.jpg","datePublished":"2016-04-04T11:10:39+00:00","dateModified":"2024-12-18T13:07:43+00:00","breadcrumb":{"@id":"https:\/\/joist.eu\/ch\/joist-service-auf-einen-blick#breadcrumb"},"inLanguage":"de","potentialAction":[{"@type":"ReadAction","target":["https:\/\/joist.eu\/ch\/joist-service-auf-einen-blick"]}]},{"@type":"ImageObject","inLanguage":"de","@id":"https:\/\/joist.eu\/ch\/joist-service-auf-einen-blick#primaryimage","url":"http:\/\/joist.eu\/cms\/wp-content\/uploads\/2016\/04\/joist_lager_046-300x200.jpg","contentUrl":"http:\/\/joist.eu\/cms\/wp-content\/uploads\/2016\/04\/joist_lager_046-300x200.jpg"},{"@type":"BreadcrumbList","@id":"https:\/\/joist.eu\/ch\/joist-service-auf-einen-blick#breadcrumb","itemListElement":[{"@type":"ListItem","position":1,"name":"Home","item":"https:\/\/joist.eu\/ch"},{"@type":"ListItem","position":2,"name":"JOIST-Service auf einen Blick"}]},{"@type":"WebSite","@id":"https:\/\/joist.eu\/ch\/#website","url":"https:\/\/joist.eu\/ch\/","name":"Joist Swiss GmbH","description":"","potentialAction":[{"@type":"SearchAction","target":{"@type":"EntryPoint","urlTemplate":"https:\/\/joist.eu\/ch\/?s={search_term_string}"},"query-input":{"@type":"PropertyValueSpecification","valueRequired":true,"valueName":"search_term_string"}}],"inLanguage":"de"}]}},"_links":{"self":[{"href":"https:\/\/joist.eu\/ch\/wp-json\/wp\/v2\/pages\/316","targetHints":{"allow":["GET"]}}],"collection":[{"href":"https:\/\/joist.eu\/ch\/wp-json\/wp\/v2\/pages"}],"about":[{"href":"https:\/\/joist.eu\/ch\/wp-json\/wp\/v2\/types\/page"}],"author":[{"embeddable":true,"href":"https:\/\/joist.eu\/ch\/wp-json\/wp\/v2\/users\/2"}],"replies":[{"embeddable":true,"href":"https:\/\/joist.eu\/ch\/wp-json\/wp\/v2\/comments?post=316"}],"version-history":[{"count":0,"href":"https:\/\/joist.eu\/ch\/wp-json\/wp\/v2\/pages\/316\/revisions"}],"wp:attachment":[{"href":"https:\/\/joist.eu\/ch\/wp-json\/wp\/v2\/media?parent=316"}],"curies":[{"name":"wp","href":"https:\/\/api.w.org\/{rel}","templated":true}]}}