
{"id":313,"date":"2016-04-04T12:26:41","date_gmt":"2016-04-04T10:26:41","guid":{"rendered":"http:\/\/joist.eu\/?page_id=313"},"modified":"2023-11-13T14:51:41","modified_gmt":"2023-11-13T13:51:41","slug":"joist-qualitaetsteile","status":"publish","type":"page","link":"https:\/\/joist.eu\/ch\/joist-qualitaetsteile","title":{"rendered":"JOIST-Qualit\u00e4tsteile"},"content":{"rendered":"<h2 class=\"green\">JOIST Qualit\u00e4tsteile \u2013 die Alternative ist ROT <img loading=\"lazy\" decoding=\"async\" class=\"alignnone wp-image-314 size-full alignright\" style=\"border: solid #3C3C3C 1px;\" src=\"https:\/\/joist.eu\/cms\/wp-content\/uploads\/2016\/04\/JOIST-Qualitaet.png\" alt=\"JOIST-Qualitaet\" width=\"410\" height=\"266\" \/><\/h2>\n<p>Unsere Qualit\u00e4tsteile sind hochwertige Ident-Ersatzteile, die sorgf\u00e4ltig von<br \/>\nuns ausgew\u00e4hlt werden und den hohen Anspr\u00fcchen der JOIST-Qualit\u00e4t und Sicherheit gen\u00fcgen m\u00fcssen.<\/p>\n<p>Mit den von uns gepr\u00fcften JOIST Qualit\u00e4tsteilen sind Sie immer auf der sicheren Seite. Das macht Sie bei Reparaturen unabh\u00e4ngig vom Hersteller<br \/>\nund erm\u00f6glicht Ihnen ein kosteneffizientes Handeln.<\/p>\n<p>&nbsp;<\/p>\n","protected":false},"excerpt":{"rendered":"<p>JOIST Qualit\u00e4tsteile \u2013 die Alternative ist ROT Unsere Qualit\u00e4tsteile sind hochwertige Ident-Ersatzteile, die sorgf\u00e4ltig von uns ausgew\u00e4hlt werden und den hohen Anspr\u00fcchen der JOIST-Qualit\u00e4t und Sicherheit gen\u00fcgen m\u00fcssen. Mit den von uns gepr\u00fcften JOIST Qualit\u00e4tsteilen sind Sie immer auf der sicheren Seite. Das macht Sie bei Reparaturen unabh\u00e4ngig vom Hersteller und erm\u00f6glicht Ihnen ein kosteneffizientes [&hellip;]<\/p>\n","protected":false},"author":2,"featured_media":0,"parent":0,"menu_order":0,"comment_status":"closed","ping_status":"closed","template":"","meta":{"_acf_changed":false,"footnotes":""},"class_list":["post-313","page","type-page","status-publish","hentry"],"acf":[],"yoast_head":"<!-- This site is optimized with the Yoast SEO plugin v24.0 - https:\/\/yoast.com\/wordpress\/plugins\/seo\/ -->\n<title>JOIST-Qualit\u00e4tsteile - Joist Swiss GmbH<\/title>\n<meta name=\"robots\" content=\"index, follow, max-snippet:-1, max-image-preview:large, max-video-preview:-1\" \/>\n<link rel=\"canonical\" href=\"https:\/\/joist.eu\/ch\/joist-qualitaetsteile\" \/>\n<meta property=\"og:locale\" content=\"de_DE\" \/>\n<meta property=\"og:type\" content=\"article\" \/>\n<meta property=\"og:title\" content=\"JOIST-Qualit\u00e4tsteile - Joist Swiss GmbH\" \/>\n<meta property=\"og:description\" content=\"JOIST Qualit\u00e4tsteile \u2013 die Alternative ist ROT Unsere Qualit\u00e4tsteile sind hochwertige Ident-Ersatzteile, die sorgf\u00e4ltig von uns ausgew\u00e4hlt werden und den hohen Anspr\u00fcchen der JOIST-Qualit\u00e4t und Sicherheit gen\u00fcgen m\u00fcssen. Mit den von uns gepr\u00fcften JOIST Qualit\u00e4tsteilen sind Sie immer auf der sicheren Seite. Das macht Sie bei Reparaturen unabh\u00e4ngig vom Hersteller und erm\u00f6glicht Ihnen ein kosteneffizientes [&hellip;]\" \/>\n<meta property=\"og:url\" content=\"https:\/\/joist.eu\/ch\/joist-qualitaetsteile\" \/>\n<meta property=\"og:site_name\" content=\"Joist Swiss GmbH\" \/>\n<meta property=\"article:modified_time\" content=\"2023-11-13T13:51:41+00:00\" \/>\n<meta property=\"og:image\" content=\"https:\/\/joist.eu\/ch\/wp-content\/uploads\/2016\/04\/JOIST-Qualitaet.png\" \/>\n\t<meta property=\"og:image:width\" content=\"400\" \/>\n\t<meta property=\"og:image:height\" content=\"233\" \/>\n\t<meta property=\"og:image:type\" content=\"image\/png\" \/>\n<meta name=\"twitter:card\" content=\"summary_large_image\" \/>\n<script type=\"application\/ld+json\" class=\"yoast-schema-graph\">{\"@context\":\"https:\/\/schema.org\",\"@graph\":[{\"@type\":\"WebPage\",\"@id\":\"https:\/\/joist.eu\/ch\/joist-qualitaetsteile\",\"url\":\"https:\/\/joist.eu\/ch\/joist-qualitaetsteile\",\"name\":\"JOIST-Qualit\u00e4tsteile - Joist Swiss GmbH\",\"isPartOf\":{\"@id\":\"https:\/\/joist.eu\/ch\/#website\"},\"primaryImageOfPage\":{\"@id\":\"https:\/\/joist.eu\/ch\/joist-qualitaetsteile#primaryimage\"},\"image\":{\"@id\":\"https:\/\/joist.eu\/ch\/joist-qualitaetsteile#primaryimage\"},\"thumbnailUrl\":\"https:\/\/joist.eu\/cms\/wp-content\/uploads\/2016\/04\/JOIST-Qualitaet.png\",\"datePublished\":\"2016-04-04T10:26:41+00:00\",\"dateModified\":\"2023-11-13T13:51:41+00:00\",\"breadcrumb\":{\"@id\":\"https:\/\/joist.eu\/ch\/joist-qualitaetsteile#breadcrumb\"},\"inLanguage\":\"de\",\"potentialAction\":[{\"@type\":\"ReadAction\",\"target\":[\"https:\/\/joist.eu\/ch\/joist-qualitaetsteile\"]}]},{\"@type\":\"ImageObject\",\"inLanguage\":\"de\",\"@id\":\"https:\/\/joist.eu\/ch\/joist-qualitaetsteile#primaryimage\",\"url\":\"https:\/\/joist.eu\/cms\/wp-content\/uploads\/2016\/04\/JOIST-Qualitaet.png\",\"contentUrl\":\"https:\/\/joist.eu\/cms\/wp-content\/uploads\/2016\/04\/JOIST-Qualitaet.png\"},{\"@type\":\"BreadcrumbList\",\"@id\":\"https:\/\/joist.eu\/ch\/joist-qualitaetsteile#breadcrumb\",\"itemListElement\":[{\"@type\":\"ListItem\",\"position\":1,\"name\":\"Home\",\"item\":\"https:\/\/joist.eu\/ch\"},{\"@type\":\"ListItem\",\"position\":2,\"name\":\"JOIST-Qualit\u00e4tsteile\"}]},{\"@type\":\"WebSite\",\"@id\":\"https:\/\/joist.eu\/ch\/#website\",\"url\":\"https:\/\/joist.eu\/ch\/\",\"name\":\"Joist Swiss GmbH\",\"description\":\"\",\"potentialAction\":[{\"@type\":\"SearchAction\",\"target\":{\"@type\":\"EntryPoint\",\"urlTemplate\":\"https:\/\/joist.eu\/ch\/?s={search_term_string}\"},\"query-input\":{\"@type\":\"PropertyValueSpecification\",\"valueRequired\":true,\"valueName\":\"search_term_string\"}}],\"inLanguage\":\"de\"}]}<\/script>\n<!-- \/ Yoast SEO plugin. -->","yoast_head_json":{"title":"JOIST-Qualit\u00e4tsteile - Joist Swiss GmbH","robots":{"index":"index","follow":"follow","max-snippet":"max-snippet:-1","max-image-preview":"max-image-preview:large","max-video-preview":"max-video-preview:-1"},"canonical":"https:\/\/joist.eu\/ch\/joist-qualitaetsteile","og_locale":"de_DE","og_type":"article","og_title":"JOIST-Qualit\u00e4tsteile - Joist Swiss GmbH","og_description":"JOIST Qualit\u00e4tsteile \u2013 die Alternative ist ROT Unsere Qualit\u00e4tsteile sind hochwertige Ident-Ersatzteile, die sorgf\u00e4ltig von uns ausgew\u00e4hlt werden und den hohen Anspr\u00fcchen der JOIST-Qualit\u00e4t und Sicherheit gen\u00fcgen m\u00fcssen. Mit den von uns gepr\u00fcften JOIST Qualit\u00e4tsteilen sind Sie immer auf der sicheren Seite. Das macht Sie bei Reparaturen unabh\u00e4ngig vom Hersteller und erm\u00f6glicht Ihnen ein kosteneffizientes [&hellip;]","og_url":"https:\/\/joist.eu\/ch\/joist-qualitaetsteile","og_site_name":"Joist Swiss GmbH","article_modified_time":"2023-11-13T13:51:41+00:00","og_image":[{"width":400,"height":233,"url":"https:\/\/joist.eu\/ch\/wp-content\/uploads\/2016\/04\/JOIST-Qualitaet.png","type":"image\/png"}],"twitter_card":"summary_large_image","schema":{"@context":"https:\/\/schema.org","@graph":[{"@type":"WebPage","@id":"https:\/\/joist.eu\/ch\/joist-qualitaetsteile","url":"https:\/\/joist.eu\/ch\/joist-qualitaetsteile","name":"JOIST-Qualit\u00e4tsteile - Joist Swiss GmbH","isPartOf":{"@id":"https:\/\/joist.eu\/ch\/#website"},"primaryImageOfPage":{"@id":"https:\/\/joist.eu\/ch\/joist-qualitaetsteile#primaryimage"},"image":{"@id":"https:\/\/joist.eu\/ch\/joist-qualitaetsteile#primaryimage"},"thumbnailUrl":"https:\/\/joist.eu\/cms\/wp-content\/uploads\/2016\/04\/JOIST-Qualitaet.png","datePublished":"2016-04-04T10:26:41+00:00","dateModified":"2023-11-13T13:51:41+00:00","breadcrumb":{"@id":"https:\/\/joist.eu\/ch\/joist-qualitaetsteile#breadcrumb"},"inLanguage":"de","potentialAction":[{"@type":"ReadAction","target":["https:\/\/joist.eu\/ch\/joist-qualitaetsteile"]}]},{"@type":"ImageObject","inLanguage":"de","@id":"https:\/\/joist.eu\/ch\/joist-qualitaetsteile#primaryimage","url":"https:\/\/joist.eu\/cms\/wp-content\/uploads\/2016\/04\/JOIST-Qualitaet.png","contentUrl":"https:\/\/joist.eu\/cms\/wp-content\/uploads\/2016\/04\/JOIST-Qualitaet.png"},{"@type":"BreadcrumbList","@id":"https:\/\/joist.eu\/ch\/joist-qualitaetsteile#breadcrumb","itemListElement":[{"@type":"ListItem","position":1,"name":"Home","item":"https:\/\/joist.eu\/ch"},{"@type":"ListItem","position":2,"name":"JOIST-Qualit\u00e4tsteile"}]},{"@type":"WebSite","@id":"https:\/\/joist.eu\/ch\/#website","url":"https:\/\/joist.eu\/ch\/","name":"Joist Swiss GmbH","description":"","potentialAction":[{"@type":"SearchAction","target":{"@type":"EntryPoint","urlTemplate":"https:\/\/joist.eu\/ch\/?s={search_term_string}"},"query-input":{"@type":"PropertyValueSpecification","valueRequired":true,"valueName":"search_term_string"}}],"inLanguage":"de"}]}},"_links":{"self":[{"href":"https:\/\/joist.eu\/ch\/wp-json\/wp\/v2\/pages\/313","targetHints":{"allow":["GET"]}}],"collection":[{"href":"https:\/\/joist.eu\/ch\/wp-json\/wp\/v2\/pages"}],"about":[{"href":"https:\/\/joist.eu\/ch\/wp-json\/wp\/v2\/types\/page"}],"author":[{"embeddable":true,"href":"https:\/\/joist.eu\/ch\/wp-json\/wp\/v2\/users\/2"}],"replies":[{"embeddable":true,"href":"https:\/\/joist.eu\/ch\/wp-json\/wp\/v2\/comments?post=313"}],"version-history":[{"count":0,"href":"https:\/\/joist.eu\/ch\/wp-json\/wp\/v2\/pages\/313\/revisions"}],"wp:attachment":[{"href":"https:\/\/joist.eu\/ch\/wp-json\/wp\/v2\/media?parent=313"}],"curies":[{"name":"wp","href":"https:\/\/api.w.org\/{rel}","templated":true}]}}