
{"id":305,"date":"2016-04-04T12:12:56","date_gmt":"2016-04-04T10:12:56","guid":{"rendered":"http:\/\/joist.eu\/?page_id=305"},"modified":"2019-12-06T15:04:25","modified_gmt":"2019-12-06T14:04:25","slug":"joist-fahrzeugteile","status":"publish","type":"page","link":"https:\/\/joist.eu\/ch\/joist-fahrzeugteile","title":{"rendered":"JOIST-Fahrzeugteile"},"content":{"rendered":"<h2 class=\"green\">JOIST Fahrzeugteile &#8211; BLAU ist der Fahrzeugbau<img loading=\"lazy\" decoding=\"async\" class=\"alignright wp-image-3181\" style=\"border: solid #3C3C3C 1px;\" src=\"https:\/\/joist.eu\/cms\/wp-content\/uploads\/2018\/10\/Joist-Sortiment_18_Fahrzeugteile2.png\" alt=\"\" width=\"440\" height=\"266\" \/><\/h2>\n<p style=\"text-align: left;\">Die M\u00f6glichkeit, Ihre Ersatzteile f\u00fcr den blauen Bereich \u00bbFahrzeugbau &amp; Zubeh\u00f6r\u00ab \u00fcber uns zu beziehen, besteht seit 2010. Das Sortiment umfasst mittlerweile \u00fcber 4.000 Ersatz- und Zubeh\u00f6rteile f\u00fcr den Fahrzeugbau.<br \/>\nAlle Ersatz- und Zubeh\u00f6rteile entsprechen selbstverst\u00e4ndlich der bekannten JOIST-Qualit\u00e4t.<\/p>\n<p>&nbsp;<\/p>\n<p>&nbsp;<\/p>\n<p>&nbsp;<\/p>\n","protected":false},"excerpt":{"rendered":"<p>JOIST Fahrzeugteile &#8211; BLAU ist der Fahrzeugbau Die M\u00f6glichkeit, Ihre Ersatzteile f\u00fcr den blauen Bereich \u00bbFahrzeugbau &amp; Zubeh\u00f6r\u00ab \u00fcber uns zu beziehen, besteht seit 2010. Das Sortiment umfasst mittlerweile \u00fcber 4.000 Ersatz- und Zubeh\u00f6rteile f\u00fcr den Fahrzeugbau. Alle Ersatz- und Zubeh\u00f6rteile entsprechen selbstverst\u00e4ndlich der bekannten JOIST-Qualit\u00e4t. &nbsp; &nbsp; &nbsp;<\/p>\n","protected":false},"author":2,"featured_media":0,"parent":0,"menu_order":0,"comment_status":"closed","ping_status":"closed","template":"","meta":{"_acf_changed":false,"footnotes":""},"class_list":["post-305","page","type-page","status-publish","hentry"],"acf":[],"yoast_head":"<!-- This site is optimized with the Yoast SEO plugin v24.0 - https:\/\/yoast.com\/wordpress\/plugins\/seo\/ -->\n<title>JOIST-Fahrzeugteile - Joist Swiss GmbH<\/title>\n<meta name=\"robots\" content=\"index, nofollow, max-snippet:-1, max-image-preview:large, max-video-preview:-1\" \/>\n<link rel=\"canonical\" href=\"https:\/\/joist.eu\/ch\/joist-fahrzeugteile\" \/>\n<meta property=\"og:locale\" content=\"de_DE\" \/>\n<meta property=\"og:type\" content=\"article\" \/>\n<meta property=\"og:title\" content=\"JOIST-Fahrzeugteile - Joist Swiss GmbH\" \/>\n<meta property=\"og:description\" content=\"JOIST Fahrzeugteile &#8211; BLAU ist der Fahrzeugbau Die M\u00f6glichkeit, Ihre Ersatzteile f\u00fcr den blauen Bereich \u00bbFahrzeugbau &amp; Zubeh\u00f6r\u00ab \u00fcber uns zu beziehen, besteht seit 2010. Das Sortiment umfasst mittlerweile \u00fcber 4.000 Ersatz- und Zubeh\u00f6rteile f\u00fcr den Fahrzeugbau. Alle Ersatz- und Zubeh\u00f6rteile entsprechen selbstverst\u00e4ndlich der bekannten JOIST-Qualit\u00e4t. &nbsp; &nbsp; &nbsp;\" \/>\n<meta property=\"og:url\" content=\"https:\/\/joist.eu\/ch\/joist-fahrzeugteile\" \/>\n<meta property=\"og:site_name\" content=\"Joist Swiss GmbH\" \/>\n<meta property=\"article:modified_time\" content=\"2019-12-06T14:04:25+00:00\" \/>\n<meta name=\"twitter:card\" content=\"summary_large_image\" \/>\n<script type=\"application\/ld+json\" class=\"yoast-schema-graph\">{\"@context\":\"https:\/\/schema.org\",\"@graph\":[{\"@type\":\"WebPage\",\"@id\":\"https:\/\/joist.eu\/ch\/joist-fahrzeugteile\",\"url\":\"https:\/\/joist.eu\/ch\/joist-fahrzeugteile\",\"name\":\"JOIST-Fahrzeugteile - Joist Swiss GmbH\",\"isPartOf\":{\"@id\":\"https:\/\/joist.eu\/ch\/#website\"},\"primaryImageOfPage\":{\"@id\":\"https:\/\/joist.eu\/ch\/joist-fahrzeugteile#primaryimage\"},\"image\":{\"@id\":\"https:\/\/joist.eu\/ch\/joist-fahrzeugteile#primaryimage\"},\"thumbnailUrl\":\"https:\/\/joist.eu\/cms\/wp-content\/uploads\/2018\/10\/Joist-Sortiment_18_Fahrzeugteile2.png\",\"datePublished\":\"2016-04-04T10:12:56+00:00\",\"dateModified\":\"2019-12-06T14:04:25+00:00\",\"breadcrumb\":{\"@id\":\"https:\/\/joist.eu\/ch\/joist-fahrzeugteile#breadcrumb\"},\"inLanguage\":\"de\",\"potentialAction\":[{\"@type\":\"ReadAction\",\"target\":[\"https:\/\/joist.eu\/ch\/joist-fahrzeugteile\"]}]},{\"@type\":\"ImageObject\",\"inLanguage\":\"de\",\"@id\":\"https:\/\/joist.eu\/ch\/joist-fahrzeugteile#primaryimage\",\"url\":\"https:\/\/joist.eu\/cms\/wp-content\/uploads\/2018\/10\/Joist-Sortiment_18_Fahrzeugteile2.png\",\"contentUrl\":\"https:\/\/joist.eu\/cms\/wp-content\/uploads\/2018\/10\/Joist-Sortiment_18_Fahrzeugteile2.png\"},{\"@type\":\"BreadcrumbList\",\"@id\":\"https:\/\/joist.eu\/ch\/joist-fahrzeugteile#breadcrumb\",\"itemListElement\":[{\"@type\":\"ListItem\",\"position\":1,\"name\":\"Home\",\"item\":\"https:\/\/joist.eu\/ch\"},{\"@type\":\"ListItem\",\"position\":2,\"name\":\"JOIST-Fahrzeugteile\"}]},{\"@type\":\"WebSite\",\"@id\":\"https:\/\/joist.eu\/ch\/#website\",\"url\":\"https:\/\/joist.eu\/ch\/\",\"name\":\"Joist Swiss GmbH\",\"description\":\"\",\"potentialAction\":[{\"@type\":\"SearchAction\",\"target\":{\"@type\":\"EntryPoint\",\"urlTemplate\":\"https:\/\/joist.eu\/ch\/?s={search_term_string}\"},\"query-input\":{\"@type\":\"PropertyValueSpecification\",\"valueRequired\":true,\"valueName\":\"search_term_string\"}}],\"inLanguage\":\"de\"}]}<\/script>\n<!-- \/ Yoast SEO plugin. -->","yoast_head_json":{"title":"JOIST-Fahrzeugteile - Joist Swiss GmbH","robots":{"index":"index","follow":"nofollow","max-snippet":"max-snippet:-1","max-image-preview":"max-image-preview:large","max-video-preview":"max-video-preview:-1"},"canonical":"https:\/\/joist.eu\/ch\/joist-fahrzeugteile","og_locale":"de_DE","og_type":"article","og_title":"JOIST-Fahrzeugteile - Joist Swiss GmbH","og_description":"JOIST Fahrzeugteile &#8211; BLAU ist der Fahrzeugbau Die M\u00f6glichkeit, Ihre Ersatzteile f\u00fcr den blauen Bereich \u00bbFahrzeugbau &amp; Zubeh\u00f6r\u00ab \u00fcber uns zu beziehen, besteht seit 2010. Das Sortiment umfasst mittlerweile \u00fcber 4.000 Ersatz- und Zubeh\u00f6rteile f\u00fcr den Fahrzeugbau. Alle Ersatz- und Zubeh\u00f6rteile entsprechen selbstverst\u00e4ndlich der bekannten JOIST-Qualit\u00e4t. &nbsp; &nbsp; &nbsp;","og_url":"https:\/\/joist.eu\/ch\/joist-fahrzeugteile","og_site_name":"Joist Swiss GmbH","article_modified_time":"2019-12-06T14:04:25+00:00","twitter_card":"summary_large_image","schema":{"@context":"https:\/\/schema.org","@graph":[{"@type":"WebPage","@id":"https:\/\/joist.eu\/ch\/joist-fahrzeugteile","url":"https:\/\/joist.eu\/ch\/joist-fahrzeugteile","name":"JOIST-Fahrzeugteile - Joist Swiss GmbH","isPartOf":{"@id":"https:\/\/joist.eu\/ch\/#website"},"primaryImageOfPage":{"@id":"https:\/\/joist.eu\/ch\/joist-fahrzeugteile#primaryimage"},"image":{"@id":"https:\/\/joist.eu\/ch\/joist-fahrzeugteile#primaryimage"},"thumbnailUrl":"https:\/\/joist.eu\/cms\/wp-content\/uploads\/2018\/10\/Joist-Sortiment_18_Fahrzeugteile2.png","datePublished":"2016-04-04T10:12:56+00:00","dateModified":"2019-12-06T14:04:25+00:00","breadcrumb":{"@id":"https:\/\/joist.eu\/ch\/joist-fahrzeugteile#breadcrumb"},"inLanguage":"de","potentialAction":[{"@type":"ReadAction","target":["https:\/\/joist.eu\/ch\/joist-fahrzeugteile"]}]},{"@type":"ImageObject","inLanguage":"de","@id":"https:\/\/joist.eu\/ch\/joist-fahrzeugteile#primaryimage","url":"https:\/\/joist.eu\/cms\/wp-content\/uploads\/2018\/10\/Joist-Sortiment_18_Fahrzeugteile2.png","contentUrl":"https:\/\/joist.eu\/cms\/wp-content\/uploads\/2018\/10\/Joist-Sortiment_18_Fahrzeugteile2.png"},{"@type":"BreadcrumbList","@id":"https:\/\/joist.eu\/ch\/joist-fahrzeugteile#breadcrumb","itemListElement":[{"@type":"ListItem","position":1,"name":"Home","item":"https:\/\/joist.eu\/ch"},{"@type":"ListItem","position":2,"name":"JOIST-Fahrzeugteile"}]},{"@type":"WebSite","@id":"https:\/\/joist.eu\/ch\/#website","url":"https:\/\/joist.eu\/ch\/","name":"Joist Swiss GmbH","description":"","potentialAction":[{"@type":"SearchAction","target":{"@type":"EntryPoint","urlTemplate":"https:\/\/joist.eu\/ch\/?s={search_term_string}"},"query-input":{"@type":"PropertyValueSpecification","valueRequired":true,"valueName":"search_term_string"}}],"inLanguage":"de"}]}},"_links":{"self":[{"href":"https:\/\/joist.eu\/ch\/wp-json\/wp\/v2\/pages\/305","targetHints":{"allow":["GET"]}}],"collection":[{"href":"https:\/\/joist.eu\/ch\/wp-json\/wp\/v2\/pages"}],"about":[{"href":"https:\/\/joist.eu\/ch\/wp-json\/wp\/v2\/types\/page"}],"author":[{"embeddable":true,"href":"https:\/\/joist.eu\/ch\/wp-json\/wp\/v2\/users\/2"}],"replies":[{"embeddable":true,"href":"https:\/\/joist.eu\/ch\/wp-json\/wp\/v2\/comments?post=305"}],"version-history":[{"count":0,"href":"https:\/\/joist.eu\/ch\/wp-json\/wp\/v2\/pages\/305\/revisions"}],"wp:attachment":[{"href":"https:\/\/joist.eu\/ch\/wp-json\/wp\/v2\/media?parent=305"}],"curies":[{"name":"wp","href":"https:\/\/api.w.org\/{rel}","templated":true}]}}