
{"id":211,"date":"2016-04-02T18:41:30","date_gmt":"2016-04-02T16:41:30","guid":{"rendered":"http:\/\/joist.eu\/?page_id=211"},"modified":"2019-12-06T15:30:38","modified_gmt":"2019-12-06T14:30:38","slug":"joist-serviceteam","status":"publish","type":"page","link":"https:\/\/joist.eu\/ch\/joist-serviceteam","title":{"rendered":"JOIST-Serviceteam"},"content":{"rendered":"<p><img loading=\"lazy\" decoding=\"async\" class=\"size-medium wp-image-1565 alignright\" src=\"http:\/\/joist.eu\/cms\/wp-content\/uploads\/2016\/04\/joist_vertrieb_107-300x200.jpg\" alt=\"joist_vertrieb_107\" width=\"300\" height=\"200\" srcset=\"https:\/\/joist.eu\/ch\/wp-content\/uploads\/2016\/04\/joist_vertrieb_107-300x200.jpg 300w, https:\/\/joist.eu\/ch\/wp-content\/uploads\/2016\/04\/joist_vertrieb_107-768x512.jpg 768w, https:\/\/joist.eu\/ch\/wp-content\/uploads\/2016\/04\/joist_vertrieb_107-1024x683.jpg 1024w\" sizes=\"auto, (max-width: 300px) 100vw, 300px\" \/>Geschwindigkeit und maximale Verf\u00fcgbarkeit unseres Sortiments sind f\u00fcr uns die Basis eines guten Service. Mit 90.000 Artikeln von rund 60 Marken-Herstellern auf Lager sind wir einer der gr\u00f6\u00dften Fachhandelslieferanten f\u00fcr Originalersatzteile auf dem\u00a0 europ\u00e4ischen Markt. Unser Serviceteam ber\u00e4t Sie mit technischer Kompetenz und jahrelanger Erfahrung. Dabei ist es f\u00fcr uns selbstverst\u00e4ndlich, Sie mit unserem Know-how zu unterst\u00fctzen.<\/p>\n<p>&nbsp;<\/p>\n<h2 class=\"green\">Ihre Bestellungen werden bei uns schnell<br \/>\nund zuverl\u00e4ssig bearbeitet.<\/h2>\n<p style=\"padding-left: 30px;\">Sie\u2026<br \/>\n\u2026haben Fragen zu unserem Shop?<br \/>\n\u2026ben\u00f6tigen eine Ersatzteilzeichnung?<br \/>\n\u2026m\u00f6chten etwas bestellen?<\/p>\n<p>&nbsp;<\/p>\n<h2 class=\"green\">Rufen Sie unser Serviceteam an!<\/h2>\n<p style=\"padding-left: 30px;\">montags bis freitags<br \/>\nvon 8:00 \u2013 17:30 Uhr<br \/>\nunter der Telefonnummer <strong>+41 (0) 61 &#8211; 601 55 44<\/strong><br \/>\noder per E-Mail unter <strong>info@joist.ch<\/strong><\/p>\n<p>&nbsp;<\/p>\n","protected":false},"excerpt":{"rendered":"<p>Geschwindigkeit und maximale Verf\u00fcgbarkeit unseres Sortiments sind f\u00fcr uns die Basis eines guten Service. Mit 90.000 Artikeln von rund 60 Marken-Herstellern auf Lager sind wir einer der gr\u00f6\u00dften Fachhandelslieferanten f\u00fcr Originalersatzteile auf dem\u00a0 europ\u00e4ischen Markt. Unser Serviceteam ber\u00e4t Sie mit technischer Kompetenz und jahrelanger Erfahrung. Dabei ist es f\u00fcr uns selbstverst\u00e4ndlich, Sie mit unserem Know-how [&hellip;]<\/p>\n","protected":false},"author":1,"featured_media":0,"parent":0,"menu_order":0,"comment_status":"closed","ping_status":"closed","template":"page-abteilung.php","meta":{"_acf_changed":false,"footnotes":""},"class_list":["post-211","page","type-page","status-publish","hentry"],"acf":[],"yoast_head":"<!-- This site is optimized with the Yoast SEO plugin v24.0 - https:\/\/yoast.com\/wordpress\/plugins\/seo\/ -->\n<title>JOIST-Serviceteam - Joist Swiss GmbH<\/title>\n<meta name=\"robots\" content=\"index, follow, max-snippet:-1, max-image-preview:large, max-video-preview:-1\" \/>\n<link rel=\"canonical\" href=\"https:\/\/joist.eu\/ch\/joist-serviceteam\" \/>\n<meta property=\"og:locale\" content=\"de_DE\" \/>\n<meta property=\"og:type\" content=\"article\" \/>\n<meta property=\"og:title\" content=\"JOIST-Serviceteam - Joist Swiss GmbH\" \/>\n<meta property=\"og:description\" content=\"Geschwindigkeit und maximale Verf\u00fcgbarkeit unseres Sortiments sind f\u00fcr uns die Basis eines guten Service. Mit 90.000 Artikeln von rund 60 Marken-Herstellern auf Lager sind wir einer der gr\u00f6\u00dften Fachhandelslieferanten f\u00fcr Originalersatzteile auf dem\u00a0 europ\u00e4ischen Markt. Unser Serviceteam ber\u00e4t Sie mit technischer Kompetenz und jahrelanger Erfahrung. Dabei ist es f\u00fcr uns selbstverst\u00e4ndlich, Sie mit unserem Know-how [&hellip;]\" \/>\n<meta property=\"og:url\" content=\"https:\/\/joist.eu\/ch\/joist-serviceteam\" \/>\n<meta property=\"og:site_name\" content=\"Joist Swiss GmbH\" \/>\n<meta property=\"article:modified_time\" content=\"2019-12-06T14:30:38+00:00\" \/>\n<meta property=\"og:image\" content=\"https:\/\/joist.eu\/ch\/wp-content\/uploads\/2016\/04\/joist_vertrieb_107-1024x683.jpg\" \/>\n\t<meta property=\"og:image:width\" content=\"1024\" \/>\n\t<meta property=\"og:image:height\" content=\"683\" \/>\n\t<meta property=\"og:image:type\" content=\"image\/jpeg\" \/>\n<meta name=\"twitter:card\" content=\"summary_large_image\" \/>\n<meta name=\"twitter:label1\" content=\"Gesch\u00e4tzte Lesezeit\" \/>\n\t<meta name=\"twitter:data1\" content=\"1\u00a0Minute\" \/>\n<script type=\"application\/ld+json\" class=\"yoast-schema-graph\">{\"@context\":\"https:\/\/schema.org\",\"@graph\":[{\"@type\":\"WebPage\",\"@id\":\"https:\/\/joist.eu\/ch\/joist-serviceteam\",\"url\":\"https:\/\/joist.eu\/ch\/joist-serviceteam\",\"name\":\"JOIST-Serviceteam - Joist Swiss GmbH\",\"isPartOf\":{\"@id\":\"https:\/\/joist.eu\/ch\/#website\"},\"primaryImageOfPage\":{\"@id\":\"https:\/\/joist.eu\/ch\/joist-serviceteam#primaryimage\"},\"image\":{\"@id\":\"https:\/\/joist.eu\/ch\/joist-serviceteam#primaryimage\"},\"thumbnailUrl\":\"http:\/\/joist.eu\/cms\/wp-content\/uploads\/2016\/04\/joist_vertrieb_107-300x200.jpg\",\"datePublished\":\"2016-04-02T16:41:30+00:00\",\"dateModified\":\"2019-12-06T14:30:38+00:00\",\"breadcrumb\":{\"@id\":\"https:\/\/joist.eu\/ch\/joist-serviceteam#breadcrumb\"},\"inLanguage\":\"de\",\"potentialAction\":[{\"@type\":\"ReadAction\",\"target\":[\"https:\/\/joist.eu\/ch\/joist-serviceteam\"]}]},{\"@type\":\"ImageObject\",\"inLanguage\":\"de\",\"@id\":\"https:\/\/joist.eu\/ch\/joist-serviceteam#primaryimage\",\"url\":\"http:\/\/joist.eu\/cms\/wp-content\/uploads\/2016\/04\/joist_vertrieb_107-300x200.jpg\",\"contentUrl\":\"http:\/\/joist.eu\/cms\/wp-content\/uploads\/2016\/04\/joist_vertrieb_107-300x200.jpg\"},{\"@type\":\"BreadcrumbList\",\"@id\":\"https:\/\/joist.eu\/ch\/joist-serviceteam#breadcrumb\",\"itemListElement\":[{\"@type\":\"ListItem\",\"position\":1,\"name\":\"Home\",\"item\":\"https:\/\/joist.eu\/ch\"},{\"@type\":\"ListItem\",\"position\":2,\"name\":\"JOIST-Serviceteam\"}]},{\"@type\":\"WebSite\",\"@id\":\"https:\/\/joist.eu\/ch\/#website\",\"url\":\"https:\/\/joist.eu\/ch\/\",\"name\":\"Joist Swiss GmbH\",\"description\":\"\",\"potentialAction\":[{\"@type\":\"SearchAction\",\"target\":{\"@type\":\"EntryPoint\",\"urlTemplate\":\"https:\/\/joist.eu\/ch\/?s={search_term_string}\"},\"query-input\":{\"@type\":\"PropertyValueSpecification\",\"valueRequired\":true,\"valueName\":\"search_term_string\"}}],\"inLanguage\":\"de\"}]}<\/script>\n<!-- \/ Yoast SEO plugin. -->","yoast_head_json":{"title":"JOIST-Serviceteam - Joist Swiss GmbH","robots":{"index":"index","follow":"follow","max-snippet":"max-snippet:-1","max-image-preview":"max-image-preview:large","max-video-preview":"max-video-preview:-1"},"canonical":"https:\/\/joist.eu\/ch\/joist-serviceteam","og_locale":"de_DE","og_type":"article","og_title":"JOIST-Serviceteam - Joist Swiss GmbH","og_description":"Geschwindigkeit und maximale Verf\u00fcgbarkeit unseres Sortiments sind f\u00fcr uns die Basis eines guten Service. Mit 90.000 Artikeln von rund 60 Marken-Herstellern auf Lager sind wir einer der gr\u00f6\u00dften Fachhandelslieferanten f\u00fcr Originalersatzteile auf dem\u00a0 europ\u00e4ischen Markt. Unser Serviceteam ber\u00e4t Sie mit technischer Kompetenz und jahrelanger Erfahrung. Dabei ist es f\u00fcr uns selbstverst\u00e4ndlich, Sie mit unserem Know-how [&hellip;]","og_url":"https:\/\/joist.eu\/ch\/joist-serviceteam","og_site_name":"Joist Swiss GmbH","article_modified_time":"2019-12-06T14:30:38+00:00","og_image":[{"width":1024,"height":683,"url":"https:\/\/joist.eu\/ch\/wp-content\/uploads\/2016\/04\/joist_vertrieb_107-1024x683.jpg","type":"image\/jpeg"}],"twitter_card":"summary_large_image","twitter_misc":{"Gesch\u00e4tzte Lesezeit":"1\u00a0Minute"},"schema":{"@context":"https:\/\/schema.org","@graph":[{"@type":"WebPage","@id":"https:\/\/joist.eu\/ch\/joist-serviceteam","url":"https:\/\/joist.eu\/ch\/joist-serviceteam","name":"JOIST-Serviceteam - Joist Swiss GmbH","isPartOf":{"@id":"https:\/\/joist.eu\/ch\/#website"},"primaryImageOfPage":{"@id":"https:\/\/joist.eu\/ch\/joist-serviceteam#primaryimage"},"image":{"@id":"https:\/\/joist.eu\/ch\/joist-serviceteam#primaryimage"},"thumbnailUrl":"http:\/\/joist.eu\/cms\/wp-content\/uploads\/2016\/04\/joist_vertrieb_107-300x200.jpg","datePublished":"2016-04-02T16:41:30+00:00","dateModified":"2019-12-06T14:30:38+00:00","breadcrumb":{"@id":"https:\/\/joist.eu\/ch\/joist-serviceteam#breadcrumb"},"inLanguage":"de","potentialAction":[{"@type":"ReadAction","target":["https:\/\/joist.eu\/ch\/joist-serviceteam"]}]},{"@type":"ImageObject","inLanguage":"de","@id":"https:\/\/joist.eu\/ch\/joist-serviceteam#primaryimage","url":"http:\/\/joist.eu\/cms\/wp-content\/uploads\/2016\/04\/joist_vertrieb_107-300x200.jpg","contentUrl":"http:\/\/joist.eu\/cms\/wp-content\/uploads\/2016\/04\/joist_vertrieb_107-300x200.jpg"},{"@type":"BreadcrumbList","@id":"https:\/\/joist.eu\/ch\/joist-serviceteam#breadcrumb","itemListElement":[{"@type":"ListItem","position":1,"name":"Home","item":"https:\/\/joist.eu\/ch"},{"@type":"ListItem","position":2,"name":"JOIST-Serviceteam"}]},{"@type":"WebSite","@id":"https:\/\/joist.eu\/ch\/#website","url":"https:\/\/joist.eu\/ch\/","name":"Joist Swiss GmbH","description":"","potentialAction":[{"@type":"SearchAction","target":{"@type":"EntryPoint","urlTemplate":"https:\/\/joist.eu\/ch\/?s={search_term_string}"},"query-input":{"@type":"PropertyValueSpecification","valueRequired":true,"valueName":"search_term_string"}}],"inLanguage":"de"}]}},"_links":{"self":[{"href":"https:\/\/joist.eu\/ch\/wp-json\/wp\/v2\/pages\/211","targetHints":{"allow":["GET"]}}],"collection":[{"href":"https:\/\/joist.eu\/ch\/wp-json\/wp\/v2\/pages"}],"about":[{"href":"https:\/\/joist.eu\/ch\/wp-json\/wp\/v2\/types\/page"}],"author":[{"embeddable":true,"href":"https:\/\/joist.eu\/ch\/wp-json\/wp\/v2\/users\/1"}],"replies":[{"embeddable":true,"href":"https:\/\/joist.eu\/ch\/wp-json\/wp\/v2\/comments?post=211"}],"version-history":[{"count":0,"href":"https:\/\/joist.eu\/ch\/wp-json\/wp\/v2\/pages\/211\/revisions"}],"wp:attachment":[{"href":"https:\/\/joist.eu\/ch\/wp-json\/wp\/v2\/media?parent=211"}],"curies":[{"name":"wp","href":"https:\/\/api.w.org\/{rel}","templated":true}]}}